{"id":920,"date":"2024-04-09T22:00:17","date_gmt":"2024-04-09T22:00:17","guid":{"rendered":"https:\/\/www.huettenpartner.eu\/?page_id=920"},"modified":"2024-04-25T22:16:43","modified_gmt":"2024-04-25T20:16:43","slug":"anfrageformular-fur-vermieter","status":"publish","type":"page","link":"https:\/\/www.bold-black.109-235-60-67.plesk.page\/nl\/huetten-vermieten\/anfrageformular-fur-vermieter\/","title":{"rendered":"Aanvraagformulier voor verhuurders"},"content":{"rendered":"<div data-elementor-type=\"wp-page\" data-elementor-id=\"920\" class=\"elementor elementor-920\">\n\t\t\t\t<div class=\"elementor-element elementor-element-21890e0 e-flex e-con-boxed e-con e-parent\" data-id=\"21890e0\" data-element_type=\"container\">\n\t\t\t\t\t<div class=\"e-con-inner\">\n\t\t\t\t<div class=\"elementor-element elementor-element-6fb49e1 elementor-widget elementor-widget-heading\" data-id=\"6fb49e1\" data-element_type=\"widget\" data-widget_type=\"heading.default\">\n\t\t\t\t<div class=\"elementor-widget-container\">\n\t\t\t\t\t<h2 class=\"elementor-heading-title elementor-size-default\">H\u00fcttenpartner \u2013 Anfrageformular f\u00fcr Vermieter<\/h2>\t\t\t\t<\/div>\n\t\t\t\t<\/div>\n\t\t\t\t<div class=\"elementor-element elementor-element-51e273e elementor-widget elementor-widget-heading\" data-id=\"51e273e\" data-element_type=\"widget\" data-widget_type=\"heading.default\">\n\t\t\t\t<div class=\"elementor-widget-container\">\n\t\t\t\t\t<h2 class=\"elementor-heading-title elementor-size-default\">Profitieren Sie von einer Partnerschaft mit H\u00fcttenpartner<\/h2>\t\t\t\t<\/div>\n\t\t\t\t<\/div>\n\t\t\t\t\t<\/div>\n\t\t\t\t<\/div>\n\t\t<div class=\"elementor-element elementor-element-96c0e89 e-flex e-con-boxed e-con e-parent\" data-id=\"96c0e89\" data-element_type=\"container\">\n\t\t\t\t\t<div class=\"e-con-inner\">\n\t\t\t\t<div class=\"elementor-element elementor-element-b263a21 elementor-widget elementor-widget-text-editor\" data-id=\"b263a21\" data-element_type=\"widget\" data-widget_type=\"text-editor.default\">\n\t\t\t\t<div class=\"elementor-widget-container\">\n\t\t\t\t\t\t\t\t\t<div class=\"ce_text block\"><p>Sie besitzen eine H\u00fctte oder ein Ferienhaus in der herrlichen Natur, m\u00f6chten Ihr Domizil Urlaubern zur Verf\u00fcgung stellen und finanziell davon profitieren? F\u00fcllen Sie das Anfrageformular f\u00fcr Vermieter aus und wir setzen uns umgehend mit Ihnen in Verbindung, um die weiteren Details zu besprechen.\u00a0Sie haben vorab Fragen? <span class=\"ce_tel\">Rufen Sie uns einfach an: +43 2243 316 89<\/span>.<\/p><\/div><div class=\"ce_form tableless block\"><form id=\"vermieterkontakt\" action=\"https:\/\/www.huettenpartner.com\/anfrageformular-fuer-vermieter.html\" enctype=\"application\/x-www-form-urlencoded\" method=\"post\"><div class=\"formbody\"><div class=\"widget widget-explanation explanation\"><p>Mit einem * markierte Felder sind Pflichtfelder.<\/p><\/div><\/div><\/form><\/div>\t\t\t\t\t\t\t\t<\/div>\n\t\t\t\t<\/div>\n\t\t\t\t<div class=\"elementor-element elementor-element-8313bf8 elementor-widget__width-initial elementor-widget elementor-widget-shortcode\" data-id=\"8313bf8\" data-element_type=\"widget\" data-widget_type=\"shortcode.default\">\n\t\t\t\t<div class=\"elementor-widget-container\">\n\t\t\t\t\t\t\t<div class=\"elementor-shortcode\">[contact-form-7 id=\"62323c3\" title=\"Anfrageformular f\u00fcr Vermieter\"]<\/div>\n\t\t\t\t\t\t<\/div>\n\t\t\t\t<\/div>\n\t\t\t\t\t<\/div>\n\t\t\t\t<\/div>\n\t\t\t\t<\/div>","protected":false},"excerpt":{"rendered":"<p>H\u00fcttenpartner \u2013 Anfrageformular f\u00fcr Vermieter Profitieren Sie von einer Partnerschaft mit H\u00fcttenpartner Sie besitzen eine H\u00fctte oder ein Ferienhaus in der herrlichen Natur, m\u00f6chten Ihr Domizil Urlaubern zur Verf\u00fcgung stellen und finanziell davon profitieren? F\u00fcllen Sie das Anfrageformular f\u00fcr Vermieter aus und wir setzen uns umgehend mit Ihnen in Verbindung, um die weiteren Details zu [&hellip;]<\/p>","protected":false},"author":2,"featured_media":0,"parent":914,"menu_order":0,"comment_status":"closed","ping_status":"closed","template":"","meta":{"inline_featured_image":false,"footnotes":""},"class_list":["post-920","page","type-page","status-publish","hentry"],"acf":[],"_links":{"self":[{"href":"https:\/\/www.bold-black.109-235-60-67.plesk.page\/nl\/wp-json\/wp\/v2\/pages\/920","targetHints":{"allow":["GET"]}}],"collection":[{"href":"https:\/\/www.bold-black.109-235-60-67.plesk.page\/nl\/wp-json\/wp\/v2\/pages"}],"about":[{"href":"https:\/\/www.bold-black.109-235-60-67.plesk.page\/nl\/wp-json\/wp\/v2\/types\/page"}],"author":[{"embeddable":true,"href":"https:\/\/www.bold-black.109-235-60-67.plesk.page\/nl\/wp-json\/wp\/v2\/users\/2"}],"replies":[{"embeddable":true,"href":"https:\/\/www.bold-black.109-235-60-67.plesk.page\/nl\/wp-json\/wp\/v2\/comments?post=920"}],"version-history":[{"count":10,"href":"https:\/\/www.bold-black.109-235-60-67.plesk.page\/nl\/wp-json\/wp\/v2\/pages\/920\/revisions"}],"predecessor-version":[{"id":8280,"href":"https:\/\/www.bold-black.109-235-60-67.plesk.page\/nl\/wp-json\/wp\/v2\/pages\/920\/revisions\/8280"}],"up":[{"embeddable":true,"href":"https:\/\/www.bold-black.109-235-60-67.plesk.page\/nl\/wp-json\/wp\/v2\/pages\/914"}],"wp:attachment":[{"href":"https:\/\/www.bold-black.109-235-60-67.plesk.page\/nl\/wp-json\/wp\/v2\/media?parent=920"}],"curies":[{"name":"wp","href":"https:\/\/api.w.org\/{rel}","templated":true}]}}