{"id":912,"date":"2024-04-09T21:56:38","date_gmt":"2024-04-09T21:56:38","guid":{"rendered":"https:\/\/www.huettenpartner.eu\/?page_id=912"},"modified":"2024-04-24T18:09:42","modified_gmt":"2024-04-24T16:09:42","slug":"gutschein","status":"publish","type":"page","link":"https:\/\/www.bold-black.109-235-60-67.plesk.page\/nl\/service\/gutschein\/","title":{"rendered":"Coupon"},"content":{"rendered":"<div data-elementor-type=\"wp-page\" data-elementor-id=\"912\" class=\"elementor elementor-912\">\n\t\t\t\t<div class=\"elementor-element elementor-element-1af6193 e-flex e-con-boxed e-con e-parent\" data-id=\"1af6193\" data-element_type=\"container\">\n\t\t\t\t\t<div class=\"e-con-inner\">\n\t\t\t\t<div class=\"elementor-element elementor-element-066d3ff elementor-widget elementor-widget-heading\" data-id=\"066d3ff\" data-element_type=\"widget\" data-widget_type=\"heading.default\">\n\t\t\t\t<div class=\"elementor-widget-container\">\n\t\t\t\t\t<h2 class=\"elementor-heading-title elementor-size-default\">Gutschein von H\u00fcttenpartner<\/h2>\t\t\t\t<\/div>\n\t\t\t\t<\/div>\n\t\t\t\t<div class=\"elementor-element elementor-element-afca1e0 elementor-widget elementor-widget-heading\" data-id=\"afca1e0\" data-element_type=\"widget\" data-widget_type=\"heading.default\">\n\t\t\t\t<div class=\"elementor-widget-container\">\n\t\t\t\t\t<h2 class=\"elementor-heading-title elementor-size-default\">Schenken Sie ein einzigartiges Erlebnis!<\/h2>\t\t\t\t<\/div>\n\t\t\t\t<\/div>\n\t\t\t\t<div class=\"elementor-element elementor-element-8d0e393 elementor-widget elementor-widget-text-editor\" data-id=\"8d0e393\" data-element_type=\"widget\" data-widget_type=\"text-editor.default\">\n\t\t\t\t<div class=\"elementor-widget-container\">\n\t\t\t\t\t\t\t\t\t<div class=\"ce_text block\"><p>Sie wollen jemandem eine Freude machen oder sich bedanken? Ein Gutschein von H\u00fcttenpartner ist das passende Geschenk f\u00fcr jeden Anlass. Ein Gutschein kann in jeder beliebigen H\u00f6he ab \u20ac 50,\u2013 ausgestellt werden. Um einen Gutschein zu bestellen, f\u00fcllen Sie bitte das folgende Formular aus. Verschenken Sie unbezahlbare Momente <a title=\"H\u00fcttensuche H\u00fcttenpartner\" href=\"https:\/\/www.huettenpartner.com\/huetten-mieten\/huette-finden-urlaub.html\">auf einer der vielen H\u00fctten<\/a>.<\/p><p>Bei Fragen und f\u00fcr weitere Informationen kontaktieren Sie uns jederzeit auch <span class=\"ce_tel\">per telefoon: +43 2243 316 89<\/span>.<\/p><\/div><div class=\"ce_form tableless block\"><form id=\"gutscheinkontakt\" action=\"https:\/\/www.huettenpartner.com\/gutschein.html\" enctype=\"application\/x-www-form-urlencoded\" method=\"post\"><div class=\"formbody\"><div class=\"widget widget-explanation explanation\"><p>Mit einem * markierte Felder sind Pflichtfelder.<\/p><\/div><\/div><\/form><\/div>\t\t\t\t\t\t\t\t<\/div>\n\t\t\t\t<\/div>\n\t\t\t\t\t<\/div>\n\t\t\t\t<\/div>\n\t\t<div class=\"elementor-element elementor-element-45a5e89 e-flex e-con-boxed e-con e-parent\" data-id=\"45a5e89\" data-element_type=\"container\">\n\t\t\t\t\t<div class=\"e-con-inner\">\n\t\t\t\t<div class=\"elementor-element elementor-element-68b52ca elementor-widget elementor-widget-shortcode\" data-id=\"68b52ca\" data-element_type=\"widget\" data-widget_type=\"shortcode.default\">\n\t\t\t\t<div class=\"elementor-widget-container\">\n\t\t\t\t\t\t\t<div class=\"elementor-shortcode\">[contact-form-7 id=\"77f7a7c\" title=\"Gutschein\"]<\/div>\n\t\t\t\t\t\t<\/div>\n\t\t\t\t<\/div>\n\t\t\t\t\t<\/div>\n\t\t\t\t<\/div>\n\t\t\t\t<\/div>","protected":false},"excerpt":{"rendered":"<p>Gutschein von H\u00fcttenpartner Schenken Sie ein einzigartiges Erlebnis! Sie wollen jemandem eine Freude machen oder sich bedanken? Ein Gutschein von H\u00fcttenpartner ist das passende Geschenk f\u00fcr jeden Anlass. Ein Gutschein kann in jeder beliebigen H\u00f6he ab \u20ac 50,\u2013 ausgestellt werden. Um einen Gutschein zu bestellen, f\u00fcllen Sie bitte das folgende Formular aus. Verschenken Sie unbezahlbare [&hellip;]<\/p>","protected":false},"author":2,"featured_media":0,"parent":890,"menu_order":0,"comment_status":"closed","ping_status":"closed","template":"","meta":{"inline_featured_image":false,"footnotes":""},"class_list":["post-912","page","type-page","status-publish","hentry"],"acf":[],"_links":{"self":[{"href":"https:\/\/www.bold-black.109-235-60-67.plesk.page\/nl\/wp-json\/wp\/v2\/pages\/912","targetHints":{"allow":["GET"]}}],"collection":[{"href":"https:\/\/www.bold-black.109-235-60-67.plesk.page\/nl\/wp-json\/wp\/v2\/pages"}],"about":[{"href":"https:\/\/www.bold-black.109-235-60-67.plesk.page\/nl\/wp-json\/wp\/v2\/types\/page"}],"author":[{"embeddable":true,"href":"https:\/\/www.bold-black.109-235-60-67.plesk.page\/nl\/wp-json\/wp\/v2\/users\/2"}],"replies":[{"embeddable":true,"href":"https:\/\/www.bold-black.109-235-60-67.plesk.page\/nl\/wp-json\/wp\/v2\/comments?post=912"}],"version-history":[{"count":4,"href":"https:\/\/www.bold-black.109-235-60-67.plesk.page\/nl\/wp-json\/wp\/v2\/pages\/912\/revisions"}],"predecessor-version":[{"id":6969,"href":"https:\/\/www.bold-black.109-235-60-67.plesk.page\/nl\/wp-json\/wp\/v2\/pages\/912\/revisions\/6969"}],"up":[{"embeddable":true,"href":"https:\/\/www.bold-black.109-235-60-67.plesk.page\/nl\/wp-json\/wp\/v2\/pages\/890"}],"wp:attachment":[{"href":"https:\/\/www.bold-black.109-235-60-67.plesk.page\/nl\/wp-json\/wp\/v2\/media?parent=912"}],"curies":[{"name":"wp","href":"https:\/\/api.w.org\/{rel}","templated":true}]}}