{"id":908,"date":"2024-04-09T21:56:00","date_gmt":"2024-04-09T21:56:00","guid":{"rendered":"https:\/\/www.huettenpartner.eu\/?page_id=908"},"modified":"2024-04-24T17:48:01","modified_gmt":"2024-04-24T15:48:01","slug":"stornopaket","status":"publish","type":"page","link":"https:\/\/www.bold-black.109-235-60-67.plesk.page\/nl\/service\/stornopaket\/","title":{"rendered":"Annuleringspakket"},"content":{"rendered":"<div data-elementor-type=\"wp-page\" data-elementor-id=\"908\" class=\"elementor elementor-908\">\n\t\t\t\t<div class=\"elementor-element elementor-element-f2192a7 e-flex e-con-boxed e-con e-parent\" data-id=\"f2192a7\" data-element_type=\"container\">\n\t\t\t\t\t<div class=\"e-con-inner\">\n\t\t\t\t<div class=\"elementor-element elementor-element-4bd3cb1 elementor-widget elementor-widget-heading\" data-id=\"4bd3cb1\" data-element_type=\"widget\" data-widget_type=\"heading.default\">\n\t\t\t\t<div class=\"elementor-widget-container\">\n\t\t\t\t\t<h2 class=\"elementor-heading-title elementor-size-default\">H\u00fcttenpartner \u2013 Stornopaket<\/h2>\t\t\t\t<\/div>\n\t\t\t\t<\/div>\n\t\t\t\t<div class=\"elementor-element elementor-element-98845d0 elementor-widget elementor-widget-heading\" data-id=\"98845d0\" data-element_type=\"widget\" data-widget_type=\"heading.default\">\n\t\t\t\t<div class=\"elementor-widget-container\">\n\t\t\t\t\t<h2 class=\"elementor-heading-title elementor-size-default\">Annullierungsvertrag\n\n<\/h2>\t\t\t\t<\/div>\n\t\t\t\t<\/div>\n\t\t\t\t<div class=\"elementor-element elementor-element-087115e elementor-widget elementor-widget-text-editor\" data-id=\"087115e\" data-element_type=\"widget\" data-widget_type=\"text-editor.default\">\n\t\t\t\t<div class=\"elementor-widget-container\">\n\t\t\t\t\t\t\t\t\t<p>Vor Ihrem Aufenthalt kann viel passieren, deshalb bieten wir Ihnen zu Ihrer Buchung bei H\u00fcttenpartner einen Annullierungsvertrag an, mit dem Sie nach Ma\u00dfgabe der nachfolgenden Bedingungen Stornokosten vermeiden oder reduzieren k\u00f6nnen! Die Stornokosten k\u00f6nnen einen beachtlichen Teil der Mietkosten betragen. Dies ist unser Angebot darauf gegen eine erheblich niedrigere Geb\u00fchr ganz oder teilweise zu verzichten, wenn Sie aus bestimmten, in Ihrer Sph\u00e4re gelegenen, Umst\u00e4nden zur\u00fccktreten.<\/p><ul><li><a title=\"Stornopaket - Annulierungsgeb\u00fchren\" href=\"https:\/\/www.huettenpartner.com\/service\/storno-paket.html#gebuehren\">Geb\u00fchren<\/a><\/li><li><a title=\"H\u00fcttenpartner Stornopaket - zu beachten\" href=\"https:\/\/www.huettenpartner.com\/service\/storno-paket.html#beachten\">Zu beachten<\/a><\/li><li><a href=\"https:\/\/www.huettenpartner.com\/service\/storno-paket.html#gruende\">R\u00fccktrittsgr\u00fcnde<\/a><\/li><li><a href=\"https:\/\/www.huettenpartner.com\/service\/storno-paket.html#gueltigkeit\">Vertragsg\u00fcltigkeit<\/a><\/li><li><a href=\"https:\/\/www.huettenpartner.com\/service\/storno-paket.html#schadenfall\">Was ist im Stornofall zu tun?<\/a><\/li><li><a href=\"https:\/\/www.huettenpartner.com\/service\/storno-paket.html#rueckerstattung\">Kosten-R\u00fcckerstattung<\/a><\/li><\/ul>\t\t\t\t\t\t\t\t<\/div>\n\t\t\t\t<\/div>\n\t\t\t\t<div class=\"elementor-element elementor-element-74bc093 elementor-widget elementor-widget-heading\" data-id=\"74bc093\" data-element_type=\"widget\" data-widget_type=\"heading.default\">\n\t\t\t\t<div class=\"elementor-widget-container\">\n\t\t\t\t\t<h2 class=\"elementor-heading-title elementor-size-default\">Stornopaket - Annullierungsvertragsgeb\u00fchren<\/h2>\t\t\t\t<\/div>\n\t\t\t\t<\/div>\n\t\t\t\t<div class=\"elementor-element elementor-element-32de184 elementor-widget elementor-widget-text-editor\" data-id=\"32de184\" data-element_type=\"widget\" data-widget_type=\"text-editor.default\">\n\t\t\t\t<div class=\"elementor-widget-container\">\n\t\t\t\t\t\t\t\t\t<p><strong>Mietpreis bis:<\/strong> Suchen Sie den Betrag in der Tabelle, der Ihren Mietkosten entspricht.<\/p><p><strong>Geb\u00fchren:<\/strong> Hier finden Sie die entsprechende Annullierungsvertragsgeb\u00fchr<\/p><div class=\"content-table-container col-6\"><table class=\"content-table\"><thead><tr><th style=\"text-align: center;\">MIETKOSTEN\u00a0BIS<\/th><th style=\"text-align: center;\">GEB\u00dcHR<\/th><th style=\"text-align: center;\">MIETKOSTEN\u00a0BIS<\/th><th style=\"text-align: center;\">GEB\u00dcHR<\/th><th style=\"text-align: center;\">MIETKOSTEN\u00a0BIS<\/th><th style=\"text-align: center;\">GEB\u00dcHR<\/th><\/tr><\/thead><tbody><tr class=\"color1\"><td style=\"text-align: center;\">\u20ac 300 ,-<\/td><td style=\"text-align: center;\">\u20ac 15 ,-<\/td><td style=\"text-align: center;\">\u20ac 2.100 ,-<\/td><td style=\"text-align: center;\">\u20ac 105 ,-<\/td><td style=\"text-align: center;\">\u20ac 6.000 ,-<\/td><td style=\"text-align: center;\">\u20ac 300 ,-<\/td><\/tr><tr class=\"color2\"><td style=\"text-align: center;\">\u20ac 600 ,-<\/td><td style=\"text-align: center;\">\u20ac 30 ,-<\/td><td style=\"text-align: center;\">\u20ac 2.400 ,-<\/td><td style=\"text-align: center;\">\u20ac 120 ,-<\/td><td style=\"text-align: center;\">\u20ac 7.000 ,-<\/td><td style=\"text-align: center;\">\u20ac 350 ,-<\/td><\/tr><tr class=\"color1\"><td style=\"text-align: center;\">\u20ac 900 ,-<\/td><td style=\"text-align: center;\">\u20ac 45 ,-<\/td><td style=\"text-align: center;\">\u20ac 2.700 ,-<\/td><td style=\"text-align: center;\">\u20ac 135 ,-<\/td><td style=\"text-align: center;\">\u20ac 8.000 ,-<\/td><td style=\"text-align: center;\">\u20ac 400 ,-<\/td><\/tr><tr class=\"color2\"><td style=\"text-align: center;\">\u20ac 1.200 ,-<\/td><td style=\"text-align: center;\">\u20ac 60 ,-<\/td><td style=\"text-align: center;\">\u20ac 3.000 ,-<\/td><td style=\"text-align: center;\">\u20ac 150 ,-<\/td><td style=\"text-align: center;\">\u20ac 9.000 ,-<\/td><td style=\"text-align: center;\">\u20ac 450 ,-<\/td><\/tr><tr class=\"color1\"><td style=\"text-align: center;\">\u20ac 1.500 ,-<\/td><td style=\"text-align: center;\">\u20ac 75 ,-<\/td><td style=\"text-align: center;\">\u20ac 4.000 ,-<\/td><td style=\"text-align: center;\">\u20ac 200 ,-<\/td><td style=\"text-align: center;\">\u20ac 10.000 ,-<\/td><td style=\"text-align: center;\">\u20ac 500 ,-<\/td><\/tr><tr class=\"color2\"><td style=\"text-align: center;\">\u20ac 1.800 ,-<\/td><td style=\"text-align: center;\">\u20ac 90 ,-<\/td><td style=\"text-align: center;\">\u20ac 5.000 ,-<\/td><td style=\"text-align: center;\">\u20ac 250 ,-<\/td><td style=\"text-align: center;\">&gt; \u20ac 10.000,-<\/td><td style=\"text-align: center;\">5% vom Mietpreis<\/td><\/tr><\/tbody><\/table><\/div>\t\t\t\t\t\t\t\t<\/div>\n\t\t\t\t<\/div>\n\t\t\t\t<div class=\"elementor-element elementor-element-9d87c29 elementor-widget elementor-widget-heading\" data-id=\"9d87c29\" data-element_type=\"widget\" data-widget_type=\"heading.default\">\n\t\t\t\t<div class=\"elementor-widget-container\">\n\t\t\t\t\t<h2 class=\"elementor-heading-title elementor-size-default\">Zu beachten<\/h2>\t\t\t\t<\/div>\n\t\t\t\t<\/div>\n\t\t\t\t<div class=\"elementor-element elementor-element-17e427d elementor-widget elementor-widget-text-editor\" data-id=\"17e427d\" data-element_type=\"widget\" data-widget_type=\"text-editor.default\">\n\t\t\t\t<div class=\"elementor-widget-container\">\n\t\t\t\t\t\t\t\t\t<p>Bei Gruppen \u00fcber 6 Personen wird die Geb\u00fchr mit einem Zuschlag von 1 % der Mietkosten berechnet, bei Gruppen ab 15 Personen wird ein Zuschlag von 2 % der Mietkosten berechnet.\u00a0<\/p>\t\t\t\t\t\t\t\t<\/div>\n\t\t\t\t<\/div>\n\t\t\t\t<div class=\"elementor-element elementor-element-4dfc961 elementor-widget elementor-widget-heading\" data-id=\"4dfc961\" data-element_type=\"widget\" data-widget_type=\"heading.default\">\n\t\t\t\t<div class=\"elementor-widget-container\">\n\t\t\t\t\t<h2 class=\"elementor-heading-title elementor-size-default\">Annullierungsvertrag \u2013 Informationen<\/h2>\t\t\t\t<\/div>\n\t\t\t\t<\/div>\n\t\t\t\t<div class=\"elementor-element elementor-element-3120eac elementor-widget elementor-widget-text-editor\" data-id=\"3120eac\" data-element_type=\"widget\" data-widget_type=\"text-editor.default\">\n\t\t\t\t<div class=\"elementor-widget-container\">\n\t\t\t\t\t\t\t\t\t<p>Wenn Sie von einer gebuchten Miete zur\u00fccktreten, k\u00f6nnen Stornogeb\u00fchren f\u00e4llig werden. Mit Abschluss eines Annullierungsvertrages verzichten wir ganz oder teilweise auf die Stornogeb\u00fchren, wenn die Annullierung aus einem der folgenden, erst nach Abschluss des Mietvertrages und dieses Annullierungsvertrages eingetretenen Gr\u00fcnden erfolgt:<\/p>\t\t\t\t\t\t\t\t<\/div>\n\t\t\t\t<\/div>\n\t\t\t\t<div class=\"elementor-element elementor-element-6496688 elementor-widget elementor-widget-heading\" data-id=\"6496688\" data-element_type=\"widget\" data-widget_type=\"heading.default\">\n\t\t\t\t<div class=\"elementor-widget-container\">\n\t\t\t\t\t<h2 class=\"elementor-heading-title elementor-size-default\">Gr\u00fcnde<\/h2>\t\t\t\t<\/div>\n\t\t\t\t<\/div>\n\t\t\t\t<div class=\"elementor-element elementor-element-5db7e91 elementor-widget elementor-widget-text-editor\" data-id=\"5db7e91\" data-element_type=\"widget\" data-widget_type=\"text-editor.default\">\n\t\t\t\t<div class=\"elementor-widget-container\">\n\t\t\t\t\t\t\t\t\t<ul><li>Pl\u00f6tzliche, schwere Krankheit, schwere gesundheitliche Unfallfolgen oder pl\u00f6tzlicher Tod des Mieters oder dessen Ehepartners, Kindes, Eltern oder einer in der Teilnehmerliste namentlich genannten Person, die einen Antritt des Aufenthalts im Mietobjekt unm\u00f6glich machen.<\/li><li>Bei Schwangerschaft des Mieters oder einer in der Teilnehmerliste namentlich genannten Person, die einen Antritt des Aufenthalts im Mietobjekt\u00a0 unm\u00f6glich macht.<\/li><li>Unverschuldeter Verlust des Arbeitsplatzes zufolge K\u00fcndigung des Mieters oder einer in der Teilnehmerliste namentlich genannten Person durch den Arbeitgeber.<h3>\u00a0<\/h3><\/li><\/ul>\t\t\t\t\t\t\t\t<\/div>\n\t\t\t\t<\/div>\n\t\t\t\t<div class=\"elementor-element elementor-element-cd42d17 elementor-widget elementor-widget-heading\" data-id=\"cd42d17\" data-element_type=\"widget\" data-widget_type=\"heading.default\">\n\t\t\t\t<div class=\"elementor-widget-container\">\n\t\t\t\t\t<h2 class=\"elementor-heading-title elementor-size-default\">G\u00fcltigkeit des Annullierungsvertrags<\/h2>\t\t\t\t<\/div>\n\t\t\t\t<\/div>\n\t\t\t\t<div class=\"elementor-element elementor-element-270c92b elementor-widget elementor-widget-text-editor\" data-id=\"270c92b\" data-element_type=\"widget\" data-widget_type=\"text-editor.default\">\n\t\t\t\t<div class=\"elementor-widget-container\">\n\t\t\t\t\t\t\t\t\t<p>Der Vertrag wird g\u00fcltig, wenn die Geb\u00fchr \u00fcberwiesen und die ausgef\u00fcllte Teilnehmerliste retourniert wurde. Die Zahlung ist gleichzeitig mit der Anzahlung f\u00fcr den Mietvertrag f\u00e4llig. Liegt der Vertragsabschluss mehr als 301 Tage vor Mietbeginn muss die Teilnehmerliste sp\u00e4testens binnen 4 Wochen ab Buchungsdatum bei uns einlangen, sonst binnen einer Woche. Die G\u00fcltigkeit endet mit dem Tag vor Beginn des gebuchten Aufenthalts im Mietobjekt. Der Annullierungsvertrag umfasst nur Umst\u00e4nde, die bei einer auf der Teilnehmerliste genannten Person eintreten. \u00c4ndern sich die Teilnehmer nachtr\u00e4glich, so sind Umst\u00e4nde, die neu hinzugekommene Personen betreffen, daher nicht vom Annullierungsvertrag umfasst.<\/p>\t\t\t\t\t\t\t\t<\/div>\n\t\t\t\t<\/div>\n\t\t\t\t<div class=\"elementor-element elementor-element-26a4f0b elementor-widget elementor-widget-heading\" data-id=\"26a4f0b\" data-element_type=\"widget\" data-widget_type=\"heading.default\">\n\t\t\t\t<div class=\"elementor-widget-container\">\n\t\t\t\t\t<h2 class=\"elementor-heading-title elementor-size-default\">Was ist bei Eintritt eines der vom Annullierungsvertrag umfassten Ereignisse zu tun?<\/h2>\t\t\t\t<\/div>\n\t\t\t\t<\/div>\n\t\t\t\t<div class=\"elementor-element elementor-element-adaa024 elementor-widget elementor-widget-text-editor\" data-id=\"adaa024\" data-element_type=\"widget\" data-widget_type=\"text-editor.default\">\n\t\t\t\t<div class=\"elementor-widget-container\">\n\t\t\t\t\t\t\t\t\t<p>Benachrichtigen Sie uns umgehend schriftlich von Ihrem R\u00fccktritt und den daf\u00fcr ma\u00dfgeblichen Gr\u00fcnden und senden Sie uns unverz\u00fcglich die Bescheinigung f\u00fcr den Eintritt des f\u00fcr den R\u00fccktritt urs\u00e4chlichen Ereignisses (Arztattest mit Diagnose und\/oder sonstige Belege) zu, sp\u00e4testens jedoch einen Werktag vor dem Anreisetag.\u00a0<\/p><p>R\u00fccktrittserkl\u00e4rungen werden erst mit dem Tag wirksam, an dem sie uns schriftlich zugehen. Erkl\u00e4rungen, die au\u00dferhalb unserer auf der Homepage angef\u00fchrten B\u00fcrozeiten einlangen, gelten erst am Beginn des n\u00e4chsten Arbeitstages als zugegangen. Der letzte Tag zum Annullieren der H\u00fctte ist 1 Werktag vor Anreise. Bei schuldhaft versp\u00e4teter R\u00fccktrittserkl\u00e4rung oder Bescheinigung des R\u00fccktrittsgrundes verlieren Sie die Rechte aus dem Annullierungsvertrag.<\/p><p><strong>Achtung!<\/strong>\u00a0Ein teilweises Storno ist nicht m\u00f6glich, Sie m\u00fcssen die H\u00fctte komplett zur\u00fcckgeben und den Vertrag annullieren.<\/p>\t\t\t\t\t\t\t\t<\/div>\n\t\t\t\t<\/div>\n\t\t\t\t<div class=\"elementor-element elementor-element-22de206 elementor-widget elementor-widget-heading\" data-id=\"22de206\" data-element_type=\"widget\" data-widget_type=\"heading.default\">\n\t\t\t\t<div class=\"elementor-widget-container\">\n\t\t\t\t\t<h2 class=\"elementor-heading-title elementor-size-default\">Rechte aus dem Annullierungsvertrag<\/h2>\t\t\t\t<\/div>\n\t\t\t\t<\/div>\n\t\t\t\t<div class=\"elementor-element elementor-element-1240e6d elementor-widget elementor-widget-text-editor\" data-id=\"1240e6d\" data-element_type=\"widget\" data-widget_type=\"text-editor.default\">\n\t\t\t\t<div class=\"elementor-widget-container\">\n\t\t\t\t\t\t\t\t\t<ul><li>Bei Annullierung bis sp\u00e4testens\u00a056 Tage vor Beginn des gebuchten Aufenthalts im Mietobjekt verzichten wir zur G\u00e4nze auf die vertragliche Stornogeb\u00fchr und erstatten die f\u00fcr die Miete bereits geleisteten Zahlungen (die Buchungsgeb\u00fchr und die Annullierungsvertragsgeb\u00fchr werden nicht r\u00fcckerstattet).<\/li><li>Bei Annullierung innerhalb der letzten 55 Tage vor Beginn des gebuchten Aufenthalts im Mietobjekt reduzieren wir Ihre Stornogeb\u00fchr auf 20% des Mietpreises und erstatten f\u00fcr die Miete geleisteten Zahlungen, soweit sie den reduzierten Stornosatz \u00fcbersteigen (die Buchungsgeb\u00fchr und die Annullierungsvertragsgeb\u00fchr werden nicht r\u00fcckerstattet).<\/li><\/ul>\t\t\t\t\t\t\t\t<\/div>\n\t\t\t\t<\/div>\n\t\t\t\t<div class=\"elementor-element elementor-element-9e3817d elementor-widget elementor-widget-heading\" data-id=\"9e3817d\" data-element_type=\"widget\" data-widget_type=\"heading.default\">\n\t\t\t\t<div class=\"elementor-widget-container\">\n\t\t\t\t\t<h2 class=\"elementor-heading-title elementor-size-default\">Planen Sie Ihren H\u00fcttenurlaub in \u00d6sterreich<\/h2>\t\t\t\t<\/div>\n\t\t\t\t<\/div>\n\t\t\t\t<div class=\"elementor-element elementor-element-f63563e elementor-widget elementor-widget-text-editor\" data-id=\"f63563e\" data-element_type=\"widget\" data-widget_type=\"text-editor.default\">\n\t\t\t\t<div class=\"elementor-widget-container\">\n\t\t\t\t\t\t\t\t\t<p>H\u00fcttenpartner ist Ihr erster Ansprechpartner f\u00fcr H\u00fcttenurlaub in den \u00f6sterreichischen Bergen. Hier finden Sie weit \u00fcber 250 <a title=\"Urige Bergh\u00fctte oder gro\u00dfe Almh\u00fctte mieten | Alpen \u00d6sterreichs\" href=\"https:\/\/www.huettenpartner.com\/huetten-mieten\/almhuetten-berg-natur.html\">Alpenhutten<\/a>, <a title=\"Skih\u00fctte in \u00d6sterreich mieten | Winterurlaub in den Alpen\" href=\"https:\/\/www.huettenpartner.com\/huetten-mieten\/skihuetten-oesterreich-berge.html\">Skihutten<\/a> und <a title=\"Chalets &amp; Ferienh\u00e4user in \u00d6sterreich mieten | H\u00fcttenurlaub\" href=\"https:\/\/www.huettenpartner.com\/huetten-mieten\/chalet-ferienhaus-berg.html\">Chalets<\/a> in jeder Gr\u00f6\u00dfe in ganz \u00d6sterreich. <a title=\"Finden Sie Ihre passende H\u00fctte\" href=\"https:\/\/www.huettenpartner.com\/huetten-mieten\/huette-finden-urlaub.html\">St\u00f6bern Sie durch unser Angebot<\/a>\u00a0und lassen Sie sich inspirieren. Mit dem H\u00fcttenpartner-Stornopaket freuen Sie sich auf unvergessliche Tage in den Alpen und sind f\u00fcr alle Eventualit\u00e4ten ger\u00fcstet. Bei Fragen <span class=\"ce_tel\">wenden Sie sich jederzeit an uns: +43 2243 316 89<\/span>.<\/p>\t\t\t\t\t\t\t\t<\/div>\n\t\t\t\t<\/div>\n\t\t\t\t\t<\/div>\n\t\t\t\t<\/div>\n\t\t\t\t<\/div>","protected":false},"excerpt":{"rendered":"<p>H\u00fcttenpartner \u2013 Stornopaket Annullierungsvertrag Vor Ihrem Aufenthalt kann viel passieren, deshalb bieten wir Ihnen zu Ihrer Buchung bei H\u00fcttenpartner einen Annullierungsvertrag an, mit dem Sie nach Ma\u00dfgabe der nachfolgenden Bedingungen Stornokosten vermeiden oder reduzieren k\u00f6nnen! Die Stornokosten k\u00f6nnen einen beachtlichen Teil der Mietkosten betragen. Dies ist unser Angebot darauf gegen eine erheblich niedrigere Geb\u00fchr ganz [&hellip;]<\/p>","protected":false},"author":2,"featured_media":0,"parent":890,"menu_order":0,"comment_status":"closed","ping_status":"closed","template":"","meta":{"inline_featured_image":false,"footnotes":""},"class_list":["post-908","page","type-page","status-publish","hentry"],"acf":[],"_links":{"self":[{"href":"https:\/\/www.bold-black.109-235-60-67.plesk.page\/nl\/wp-json\/wp\/v2\/pages\/908","targetHints":{"allow":["GET"]}}],"collection":[{"href":"https:\/\/www.bold-black.109-235-60-67.plesk.page\/nl\/wp-json\/wp\/v2\/pages"}],"about":[{"href":"https:\/\/www.bold-black.109-235-60-67.plesk.page\/nl\/wp-json\/wp\/v2\/types\/page"}],"author":[{"embeddable":true,"href":"https:\/\/www.bold-black.109-235-60-67.plesk.page\/nl\/wp-json\/wp\/v2\/users\/2"}],"replies":[{"embeddable":true,"href":"https:\/\/www.bold-black.109-235-60-67.plesk.page\/nl\/wp-json\/wp\/v2\/comments?post=908"}],"version-history":[{"count":4,"href":"https:\/\/www.bold-black.109-235-60-67.plesk.page\/nl\/wp-json\/wp\/v2\/pages\/908\/revisions"}],"predecessor-version":[{"id":6919,"href":"https:\/\/www.bold-black.109-235-60-67.plesk.page\/nl\/wp-json\/wp\/v2\/pages\/908\/revisions\/6919"}],"up":[{"embeddable":true,"href":"https:\/\/www.bold-black.109-235-60-67.plesk.page\/nl\/wp-json\/wp\/v2\/pages\/890"}],"wp:attachment":[{"href":"https:\/\/www.bold-black.109-235-60-67.plesk.page\/nl\/wp-json\/wp\/v2\/media?parent=908"}],"curies":[{"name":"wp","href":"https:\/\/api.w.org\/{rel}","templated":true}]}}