{"id":872,"date":"2024-04-09T21:36:08","date_gmt":"2024-04-09T21:36:08","guid":{"rendered":"https:\/\/www.huettenpartner.eu\/?page_id=872"},"modified":"2024-04-24T14:07:15","modified_gmt":"2024-04-24T12:07:15","slug":"linseneintopf","status":"publish","type":"page","link":"https:\/\/www.bold-black.109-235-60-67.plesk.page\/nl\/nuetzliches\/huettenrezepte\/linseneintopf\/","title":{"rendered":"linzenstoofpot"},"content":{"rendered":"<div data-elementor-type=\"wp-page\" data-elementor-id=\"872\" class=\"elementor elementor-872\">\n\t\t\t\t<div class=\"elementor-element elementor-element-94159b0 e-flex e-con-boxed e-con e-parent\" data-id=\"94159b0\" data-element_type=\"container\">\n\t\t\t\t\t<div class=\"e-con-inner\">\n\t\t\t\t<div class=\"elementor-element elementor-element-6177bc1 elementor-widget elementor-widget-heading\" data-id=\"6177bc1\" data-element_type=\"widget\" data-widget_type=\"heading.default\">\n\t\t\t\t<div class=\"elementor-widget-container\">\n\t\t\t\t\t<h2 class=\"elementor-heading-title elementor-size-default\">linzenstoofpot<\/h2>\t\t\t\t<\/div>\n\t\t\t\t<\/div>\n\t\t\t\t<div class=\"elementor-element elementor-element-d25e020 elementor-widget elementor-widget-heading\" data-id=\"d25e020\" data-element_type=\"widget\" data-widget_type=\"heading.default\">\n\t\t\t\t<div class=\"elementor-widget-container\">\n\t\t\t\t\t<h2 class=\"elementor-heading-title elementor-size-default\">Abwechslung im H\u00fcttenurlaub bringt der herzhafte Linseneintopf<\/h2>\t\t\t\t<\/div>\n\t\t\t\t<\/div>\n\t\t\t\t<div class=\"elementor-element elementor-element-603298b elementor-widget elementor-widget-text-editor\" data-id=\"603298b\" data-element_type=\"widget\" data-widget_type=\"text-editor.default\">\n\t\t\t\t<div class=\"elementor-widget-container\">\n\t\t\t\t\t\t\t\t\t<p><strong>F\u00fcr\u00a0einen H\u00fcttenaufenthalt eignen sich Eint\u00f6pfe einfach perfekt. Die passende Abwechslung bringt dabei der leckere\u00a0Linseneintopf.\u00a0Egal ob frisch zubereitet oder\u00a0vorgekocht, der Linseneintopf kann ganz ohne Mehraufwand in gro\u00dfen Mengen\u00a0vorbereitet werden.\u00a0<\/strong><\/p><p>Tipp: Eint\u00f6pfe schmecken umso besser, wenn sie ein paar Stunden gestanden sind und aufgew\u00e4rmt werden!<\/p>\t\t\t\t\t\t\t\t<\/div>\n\t\t\t\t<\/div>\n\t\t\t\t\t<\/div>\n\t\t\t\t<\/div>\n\t\t<div class=\"elementor-element elementor-element-fbba87b e-flex e-con-boxed e-con e-parent\" data-id=\"fbba87b\" data-element_type=\"container\">\n\t\t\t\t\t<div class=\"e-con-inner\">\n\t\t<div class=\"elementor-element elementor-element-3326cb3 e-con-full e-flex e-con e-child\" data-id=\"3326cb3\" data-element_type=\"container\">\n\t\t\t\t<div class=\"elementor-element elementor-element-316862e elementor-widget elementor-widget-heading\" data-id=\"316862e\" data-element_type=\"widget\" data-widget_type=\"heading.default\">\n\t\t\t\t<div class=\"elementor-widget-container\">\n\t\t\t\t\t<h2 class=\"elementor-heading-title elementor-size-default\">Linseneintopf Rezept<\/h2>\t\t\t\t<\/div>\n\t\t\t\t<\/div>\n\t\t\t\t<div class=\"elementor-element elementor-element-8222c2d elementor-widget elementor-widget-text-editor\" data-id=\"8222c2d\" data-element_type=\"widget\" data-widget_type=\"text-editor.default\">\n\t\t\t\t<div class=\"elementor-widget-container\">\n\t\t\t\t\t\t\t\t\t<ul><li>3 Zwiebeln<\/li><li>7 Karotten<\/li><li>7 Kartoffeln<\/li><li>1 Stange Sellerie<\/li><li>6 EL \u00d6l<\/li><li>2,5 l Gem\u00fcsebr\u00fche<\/li><li>7 EL Tomatenmark<\/li><li>700 g rote Linsen<\/li><li>3 TL Currypulver<\/li><li>3 Lorbeerbl\u00e4tter<\/li><li>3 EL Aceto Balsamico<\/li><li>Salz<\/li><li>Pfeffer<\/li><li>Evtl. Sauerrahm<\/li><li>Evtl. gehackte Petersilie<\/li><\/ul>\t\t\t\t\t\t\t\t<\/div>\n\t\t\t\t<\/div>\n\t\t\t\t<\/div>\n\t\t<div class=\"elementor-element elementor-element-a5749f3 e-con-full e-flex e-con e-child\" data-id=\"a5749f3\" data-element_type=\"container\">\n\t\t\t\t<div class=\"elementor-element elementor-element-9d72f6b elementor-widget elementor-widget-image\" data-id=\"9d72f6b\" data-element_type=\"widget\" data-widget_type=\"image.default\">\n\t\t\t\t<div class=\"elementor-widget-container\">\n\t\t\t\t\t\t\t\t\t\t\t\t\t\t\t<img fetchpriority=\"high\" decoding=\"async\" width=\"768\" height=\"512\" src=\"https:\/\/www.bold-black.109-235-60-67.plesk.page\/wp-content\/uploads\/2024\/04\/huettenaufenthalt-rezept-linseneintopf.jpg\" class=\"attachment-large size-large wp-image-6223\" alt=\"\" srcset=\"https:\/\/www.bold-black.109-235-60-67.plesk.page\/wp-content\/uploads\/2024\/04\/huettenaufenthalt-rezept-linseneintopf.jpg 900w, https:\/\/www.bold-black.109-235-60-67.plesk.page\/wp-content\/uploads\/2024\/04\/huettenaufenthalt-rezept-linseneintopf-300x200.jpg 300w, https:\/\/www.bold-black.109-235-60-67.plesk.page\/wp-content\/uploads\/2024\/04\/huettenaufenthalt-rezept-linseneintopf-768x512.jpg 768w, https:\/\/www.bold-black.109-235-60-67.plesk.page\/wp-content\/uploads\/2024\/04\/huettenaufenthalt-rezept-linseneintopf-18x12.jpg 18w, https:\/\/www.bold-black.109-235-60-67.plesk.page\/wp-content\/uploads\/2024\/04\/huettenaufenthalt-rezept-linseneintopf-405x270.jpg 405w\" sizes=\"(max-width: 768px) 100vw, 768px\" \/>\t\t\t\t\t\t\t\t\t\t\t\t\t\t\t<\/div>\n\t\t\t\t<\/div>\n\t\t\t\t<\/div>\n\t\t\t\t\t<\/div>\n\t\t\t\t<\/div>\n\t\t<div class=\"elementor-element elementor-element-c5d0c2c e-flex e-con-boxed e-con e-parent\" data-id=\"c5d0c2c\" data-element_type=\"container\">\n\t\t\t\t\t<div class=\"e-con-inner\">\n\t\t\t\t<div class=\"elementor-element elementor-element-4bf98f1 elementor-widget elementor-widget-heading\" data-id=\"4bf98f1\" data-element_type=\"widget\" data-widget_type=\"heading.default\">\n\t\t\t\t<div class=\"elementor-widget-container\">\n\t\t\t\t\t<h2 class=\"elementor-heading-title elementor-size-default\">Zubereitung des Linseneintopfs<\/h2>\t\t\t\t<\/div>\n\t\t\t\t<\/div>\n\t\t\t\t<div class=\"elementor-element elementor-element-e4a2f4a elementor-widget elementor-widget-text-editor\" data-id=\"e4a2f4a\" data-element_type=\"widget\" data-widget_type=\"text-editor.default\">\n\t\t\t\t<div class=\"elementor-widget-container\">\n\t\t\t\t\t\t\t\t\t<p>Linsen unter flie\u00dfendem Wasser waschen, Zwiebeln und Gem\u00fcse w\u00fcrfeln. Zwiebeln in einem gro\u00dfen Topf glasig anbraten, Gem\u00fcse und Currypulver dazugeben und das Tomatenmark kurz mitr\u00f6sten. Das Ganze mit der Gem\u00fcsebr\u00fche abl\u00f6schen. Lorbeerbl\u00e4tter zugeben und zum Kochen bringen. Nach ca. 5 Minuten Kochzeit Linsen dazugeben und weitere 10 Minuten kochen lassen. Sollte der Eintopf zu fest werden, Wasser hinzugeben. Zum Schluss mit Essig, Pfeffer und Salz abschmecken, auf Tellern anrichten und eventuell mit Sauerrahm und Petersilie garnieren.<\/p><p>Dazu passen Kn\u00f6del oder Brot besonders gut.<\/p>\t\t\t\t\t\t\t\t<\/div>\n\t\t\t\t<\/div>\n\t\t\t\t<div class=\"elementor-element elementor-element-c73e6ca elementor-widget elementor-widget-heading\" data-id=\"c73e6ca\" data-element_type=\"widget\" data-widget_type=\"heading.default\">\n\t\t\t\t<div class=\"elementor-widget-container\">\n\t\t\t\t\t<h2 class=\"elementor-heading-title elementor-size-default\">N\u00fctzliche Informationen rund um Ihren H\u00fcttenaufenthalt<\/h2>\t\t\t\t<\/div>\n\t\t\t\t<\/div>\n\t\t\t\t<div class=\"elementor-element elementor-element-3220ac9 elementor-widget elementor-widget-text-editor\" data-id=\"3220ac9\" data-element_type=\"widget\" data-widget_type=\"text-editor.default\">\n\t\t\t\t<div class=\"elementor-widget-container\">\n\t\t\t\t\t\t\t\t\t<p>Sie sehen, auch im H\u00fcttenurlaub gibt es viele kulinarische M\u00f6glichkeiten. Bl\u00e4ttern Sie <a title=\"Hier finden Sie die passende H\u00fctte f\u00fcr Ihren Urlaub\" href=\"https:\/\/www.huettenpartner.com\/huetten-mieten\/huette-finden-urlaub.html\">durch das H\u00fcttenangebot von H\u00fcttenpartner<\/a> und entscheiden Sie sich f\u00fcr Ihr liebstes Urlaubsziel in den Bergen. Gut vorbereitet steht Ihrem Traumurlaub mitten in der Natur nichts mehr im Wege, lesen Sie deshalb auch unsere <a title=\"Tipps f\u00fcr Ihre Aktivit\u00e4ten in den Bergen\" href=\"https:\/\/www.huettenpartner.com\/huettenaufenthalt\/wandern-bergsteigen-tipps.html\">Ratschl\u00e4ge zum Wandern und Bergsteigen<\/a>, <a title=\"Hier erfahren Sie den richtigen Umgang mit Weiderrindern und Weidetieren\" href=\"https:\/\/www.huettenpartner.com\/huettenaufenthalt\/kuehe-wildtiere-umgang.html\">zum Umgang mit Weiderindern<\/a>\u00a0und zum <a title=\"Reisersicherheit im Urlaub in den Bergen\" href=\"https:\/\/www.huettenpartner.com\/huettenaufenthalt\/sicherer-urlaub-reisesicherheit.html\">richtigen Verhalten im Notfall<\/a>. Au\u00dferdem haben wir <a title=\"Schlechtwetterprogramm f\u00fcr Ihren H\u00fcttenurlaub in den \u00f6sterreichischen Bergen\" href=\"https:\/\/www.huettenpartner.com\/huettenaufenthalt\/schlechtwettertipps-programm-spiele.html\">Tips voor slecht weer<\/a>\u00a0f\u00fcr Sie und eine kleine\u00a0<a title=\"Checkliste f\u00fcr Ihren H\u00fcttenurlaub in den \u00f6sterreichischen Bergen\" href=\"https:\/\/www.huettenpartner.com\/huettenaufenthalt\/packliste-checkliste-einpacken.html\">Packliste f\u00fcr Ihren H\u00fcttenurlaub<\/a>.<\/p>\t\t\t\t\t\t\t\t<\/div>\n\t\t\t\t<\/div>\n\t\t\t\t\t<\/div>\n\t\t\t\t<\/div>\n\t\t\t\t<\/div>","protected":false},"excerpt":{"rendered":"<p>Linseneintopf Abwechslung im H\u00fcttenurlaub bringt der herzhafte Linseneintopf F\u00fcr\u00a0einen H\u00fcttenaufenthalt eignen sich Eint\u00f6pfe einfach perfekt. Die passende Abwechslung bringt dabei der leckere\u00a0Linseneintopf.\u00a0Egal ob frisch zubereitet oder\u00a0vorgekocht, der Linseneintopf kann ganz ohne Mehraufwand in gro\u00dfen Mengen\u00a0vorbereitet werden.\u00a0 Tipp: Eint\u00f6pfe schmecken umso besser, wenn sie ein paar Stunden gestanden sind und aufgew\u00e4rmt werden! Linseneintopf Rezept 3 Zwiebeln [&hellip;]<\/p>","protected":false},"author":2,"featured_media":0,"parent":869,"menu_order":0,"comment_status":"closed","ping_status":"closed","template":"","meta":{"inline_featured_image":false,"footnotes":""},"class_list":["post-872","page","type-page","status-publish","hentry"],"acf":[],"_links":{"self":[{"href":"https:\/\/www.bold-black.109-235-60-67.plesk.page\/nl\/wp-json\/wp\/v2\/pages\/872","targetHints":{"allow":["GET"]}}],"collection":[{"href":"https:\/\/www.bold-black.109-235-60-67.plesk.page\/nl\/wp-json\/wp\/v2\/pages"}],"about":[{"href":"https:\/\/www.bold-black.109-235-60-67.plesk.page\/nl\/wp-json\/wp\/v2\/types\/page"}],"author":[{"embeddable":true,"href":"https:\/\/www.bold-black.109-235-60-67.plesk.page\/nl\/wp-json\/wp\/v2\/users\/2"}],"replies":[{"embeddable":true,"href":"https:\/\/www.bold-black.109-235-60-67.plesk.page\/nl\/wp-json\/wp\/v2\/comments?post=872"}],"version-history":[{"count":4,"href":"https:\/\/www.bold-black.109-235-60-67.plesk.page\/nl\/wp-json\/wp\/v2\/pages\/872\/revisions"}],"predecessor-version":[{"id":6243,"href":"https:\/\/www.bold-black.109-235-60-67.plesk.page\/nl\/wp-json\/wp\/v2\/pages\/872\/revisions\/6243"}],"up":[{"embeddable":true,"href":"https:\/\/www.bold-black.109-235-60-67.plesk.page\/nl\/wp-json\/wp\/v2\/pages\/869"}],"wp:attachment":[{"href":"https:\/\/www.bold-black.109-235-60-67.plesk.page\/nl\/wp-json\/wp\/v2\/media?parent=872"}],"curies":[{"name":"wp","href":"https:\/\/api.w.org\/{rel}","templated":true}]}}