{"id":847,"date":"2024-04-09T21:28:13","date_gmt":"2024-04-09T21:28:13","guid":{"rendered":"https:\/\/www.huettenpartner.eu\/?page_id=847"},"modified":"2024-04-24T12:35:34","modified_gmt":"2024-04-24T10:35:34","slug":"mountainbike-urlaub","status":"publish","type":"page","link":"https:\/\/www.bold-black.109-235-60-67.plesk.page\/nl\/huettenurlaub\/mountainbike-urlaub\/","title":{"rendered":"Mountainbike vakantie"},"content":{"rendered":"<div data-elementor-type=\"wp-page\" data-elementor-id=\"847\" class=\"elementor elementor-847\">\n\t\t\t\t<div class=\"elementor-element elementor-element-0caaa35 e-flex e-con-boxed e-con e-parent\" data-id=\"0caaa35\" data-element_type=\"container\">\n\t\t\t\t\t<div class=\"e-con-inner\">\n\t\t\t\t<div class=\"elementor-element elementor-element-107d67b elementor-widget elementor-widget-heading\" data-id=\"107d67b\" data-element_type=\"widget\" data-widget_type=\"heading.default\">\n\t\t\t\t<div class=\"elementor-widget-container\">\n\t\t\t\t\t<h2 class=\"elementor-heading-title elementor-size-default\">Mountainbiken in den \u00f6sterreichischen Alpen<\/h2>\t\t\t\t<\/div>\n\t\t\t\t<\/div>\n\t\t\t\t<div class=\"elementor-element elementor-element-5e0d777 elementor-widget elementor-widget-heading\" data-id=\"5e0d777\" data-element_type=\"widget\" data-widget_type=\"heading.default\">\n\t\t\t\t<div class=\"elementor-widget-container\">\n\t\t\t\t\t<h2 class=\"elementor-heading-title elementor-size-default\">Entdecken Sie die sch\u00f6nsten Mountainbike Trails &amp; spannende Momente beim E-Mountainbiken<\/h2>\t\t\t\t<\/div>\n\t\t\t\t<\/div>\n\t\t\t\t<div class=\"elementor-element elementor-element-be4e5ae elementor-widget elementor-widget-text-editor\" data-id=\"be4e5ae\" data-element_type=\"widget\" data-widget_type=\"text-editor.default\">\n\t\t\t\t<div class=\"elementor-widget-container\">\n\t\t\t\t\t\t\t\t\t<p>Ein Urlaub in einer echten \u00f6sterreichischen H\u00fctte und Mountainbiken zusammen? Erleben Sie einen unvergesslichen Mountainbike-Urlaub\u00a0in \u00d6sterreich und wohnen Sie in Ihrer eigenen H\u00fctte oder <a title=\"Chalets Schladming | Luxe vakantie direct aan de piste\" href=\"https:\/\/www.chalets-schladming.com\/chalets-schladming.html\" target=\"_blank\" rel=\"noopener\">Chalet<\/a>. So k\u00f6nnen Sie Ihren Urlaub, Ihre Mountainbike-Touren und alles Weitere so planen, wie Sie es sich w\u00fcnschen.<\/p>\t\t\t\t\t\t\t\t<\/div>\n\t\t\t\t<\/div>\n\t\t\t\t\t<\/div>\n\t\t\t\t<\/div>\n\t\t<div class=\"elementor-element elementor-element-318e78b e-flex e-con-boxed e-con e-parent\" data-id=\"318e78b\" data-element_type=\"container\">\n\t\t\t\t\t<div class=\"e-con-inner\">\n\t\t<div class=\"elementor-element elementor-element-a200374 e-con-full e-flex e-con e-child\" data-id=\"a200374\" data-element_type=\"container\">\n\t\t\t\t<div class=\"elementor-element elementor-element-3cb10de elementor-widget elementor-widget-heading\" data-id=\"3cb10de\" data-element_type=\"widget\" data-widget_type=\"heading.default\">\n\t\t\t\t<div class=\"elementor-widget-container\">\n\t\t\t\t\t<h2 class=\"elementor-heading-title elementor-size-default\">Wie schaut Ihr perfekter Mountainbike Tag aus?<\/h2>\t\t\t\t<\/div>\n\t\t\t\t<\/div>\n\t\t\t\t<div class=\"elementor-element elementor-element-51b1d5a elementor-widget elementor-widget-text-editor\" data-id=\"51b1d5a\" data-element_type=\"widget\" data-widget_type=\"text-editor.default\">\n\t\t\t\t<div class=\"elementor-widget-container\">\n\t\t\t\t\t\t\t\t\t<p>Ein Urlaub im Hotel ist nichts f\u00fcr Sie? Sie haben ganz bestimmte Vorstellungen, wie ein perfekter Urlaub ausschaut? Und Sie fahren leidenschaftlich gerne mit Ihrem Mountainbike oder E-Mountainbike? Dann sind Sie in den Mountainbike H\u00fctten von H\u00fcttenpartner genau richtig. Hier haben Sie die Chance Ihren Urlaub so zu planen, wie Sie es sich w\u00fcnschen.<\/p>\t\t\t\t\t\t\t\t<\/div>\n\t\t\t\t<\/div>\n\t\t\t\t<\/div>\n\t\t<div class=\"elementor-element elementor-element-99ad5cc e-con-full e-flex e-con e-child\" data-id=\"99ad5cc\" data-element_type=\"container\">\n\t\t\t\t<div class=\"elementor-element elementor-element-cd7daa4 elementor-widget elementor-widget-image\" data-id=\"cd7daa4\" data-element_type=\"widget\" data-widget_type=\"image.default\">\n\t\t\t\t<div class=\"elementor-widget-container\">\n\t\t\t\t\t\t\t\t\t\t\t\t\t\t\t<img fetchpriority=\"high\" decoding=\"async\" width=\"768\" height=\"512\" src=\"https:\/\/www.bold-black.109-235-60-67.plesk.page\/wp-content\/uploads\/2024\/04\/mountainbiken-schladming-dachstein-raffalt.jpg\" class=\"attachment-large size-large wp-image-5963\" alt=\"\" srcset=\"https:\/\/www.bold-black.109-235-60-67.plesk.page\/wp-content\/uploads\/2024\/04\/mountainbiken-schladming-dachstein-raffalt.jpg 900w, https:\/\/www.bold-black.109-235-60-67.plesk.page\/wp-content\/uploads\/2024\/04\/mountainbiken-schladming-dachstein-raffalt-300x200.jpg 300w, https:\/\/www.bold-black.109-235-60-67.plesk.page\/wp-content\/uploads\/2024\/04\/mountainbiken-schladming-dachstein-raffalt-768x512.jpg 768w, https:\/\/www.bold-black.109-235-60-67.plesk.page\/wp-content\/uploads\/2024\/04\/mountainbiken-schladming-dachstein-raffalt-18x12.jpg 18w, https:\/\/www.bold-black.109-235-60-67.plesk.page\/wp-content\/uploads\/2024\/04\/mountainbiken-schladming-dachstein-raffalt-405x270.jpg 405w\" sizes=\"(max-width: 768px) 100vw, 768px\" \/>\t\t\t\t\t\t\t\t\t\t\t\t\t\t\t<\/div>\n\t\t\t\t<\/div>\n\t\t\t\t<\/div>\n\t\t\t\t\t<\/div>\n\t\t\t\t<\/div>\n\t\t<div class=\"elementor-element elementor-element-3e52c22 e-flex e-con-boxed e-con e-parent\" data-id=\"3e52c22\" data-element_type=\"container\">\n\t\t\t\t\t<div class=\"e-con-inner\">\n\t\t\t\t<div class=\"elementor-element elementor-element-a8265ef elementor-widget elementor-widget-spacer\" data-id=\"a8265ef\" data-element_type=\"widget\" data-widget_type=\"spacer.default\">\n\t\t\t\t<div class=\"elementor-widget-container\">\n\t\t\t\t\t\t\t<div class=\"elementor-spacer\">\n\t\t\t<div class=\"elementor-spacer-inner\"><\/div>\n\t\t<\/div>\n\t\t\t\t\t\t<\/div>\n\t\t\t\t<\/div>\n\t\t\t\t\t<\/div>\n\t\t\t\t<\/div>\n\t\t\t\t<\/div>","protected":false},"excerpt":{"rendered":"<p>Mountainbiken in den \u00f6sterreichischen Alpen Entdecken Sie die sch\u00f6nsten Mountainbike Trails &#038; spannende Momente beim E-Mountainbiken Ein Urlaub in einer echten \u00f6sterreichischen H\u00fctte und Mountainbiken zusammen? Erleben Sie einen unvergesslichen Mountainbike-Urlaub\u00a0in \u00d6sterreich und wohnen Sie in Ihrer eigenen H\u00fctte oder Chalet. So k\u00f6nnen Sie Ihren Urlaub, Ihre Mountainbike-Touren und alles Weitere so planen, wie Sie [&hellip;]<\/p>","protected":false},"author":2,"featured_media":0,"parent":827,"menu_order":0,"comment_status":"closed","ping_status":"closed","template":"","meta":{"inline_featured_image":false,"footnotes":""},"class_list":["post-847","page","type-page","status-publish","hentry"],"acf":[],"_links":{"self":[{"href":"https:\/\/www.bold-black.109-235-60-67.plesk.page\/nl\/wp-json\/wp\/v2\/pages\/847","targetHints":{"allow":["GET"]}}],"collection":[{"href":"https:\/\/www.bold-black.109-235-60-67.plesk.page\/nl\/wp-json\/wp\/v2\/pages"}],"about":[{"href":"https:\/\/www.bold-black.109-235-60-67.plesk.page\/nl\/wp-json\/wp\/v2\/types\/page"}],"author":[{"embeddable":true,"href":"https:\/\/www.bold-black.109-235-60-67.plesk.page\/nl\/wp-json\/wp\/v2\/users\/2"}],"replies":[{"embeddable":true,"href":"https:\/\/www.bold-black.109-235-60-67.plesk.page\/nl\/wp-json\/wp\/v2\/comments?post=847"}],"version-history":[{"count":7,"href":"https:\/\/www.bold-black.109-235-60-67.plesk.page\/nl\/wp-json\/wp\/v2\/pages\/847\/revisions"}],"predecessor-version":[{"id":5974,"href":"https:\/\/www.bold-black.109-235-60-67.plesk.page\/nl\/wp-json\/wp\/v2\/pages\/847\/revisions\/5974"}],"up":[{"embeddable":true,"href":"https:\/\/www.bold-black.109-235-60-67.plesk.page\/nl\/wp-json\/wp\/v2\/pages\/827"}],"wp:attachment":[{"href":"https:\/\/www.bold-black.109-235-60-67.plesk.page\/nl\/wp-json\/wp\/v2\/media?parent=847"}],"curies":[{"name":"wp","href":"https:\/\/api.w.org\/{rel}","templated":true}]}}