{"id":840,"date":"2024-04-09T21:26:17","date_gmt":"2024-04-09T21:26:17","guid":{"rendered":"https:\/\/www.huettenpartner.eu\/?page_id=840"},"modified":"2024-04-24T12:05:09","modified_gmt":"2024-04-24T10:05:09","slug":"huettenfeiern","status":"publish","type":"page","link":"https:\/\/www.bold-black.109-235-60-67.plesk.page\/nl\/huettenurlaub\/huettenfeiern\/","title":{"rendered":"Hutfeesten"},"content":{"rendered":"<div data-elementor-type=\"wp-page\" data-elementor-id=\"840\" class=\"elementor elementor-840\">\n\t\t\t\t<div class=\"elementor-element elementor-element-d594047 e-flex e-con-boxed e-con e-parent\" data-id=\"d594047\" data-element_type=\"container\">\n\t\t\t\t\t<div class=\"e-con-inner\">\n\t\t\t\t<div class=\"elementor-element elementor-element-03d93a1 elementor-widget elementor-widget-heading\" data-id=\"03d93a1\" data-element_type=\"widget\" data-widget_type=\"heading.default\">\n\t\t\t\t<div class=\"elementor-widget-container\">\n\t\t\t\t\t<h2 class=\"elementor-heading-title elementor-size-default\">Ein Fest feiern im Urlaub auf der Skih\u00fctte oder auf der Alm<\/h2>\t\t\t\t<\/div>\n\t\t\t\t<\/div>\n\t\t\t\t<div class=\"elementor-element elementor-element-5203313 elementor-widget elementor-widget-heading\" data-id=\"5203313\" data-element_type=\"widget\" data-widget_type=\"heading.default\">\n\t\t\t\t<div class=\"elementor-widget-container\">\n\t\t\t\t\t<h2 class=\"elementor-heading-title elementor-size-default\">Erleben Sie ein unvergessliches Fest auf einer H\u00fctte Ihrer Wahl<\/h2>\t\t\t\t<\/div>\n\t\t\t\t<\/div>\n\t\t\t\t<div class=\"elementor-element elementor-element-f8be4f6 elementor-widget elementor-widget-text-editor\" data-id=\"f8be4f6\" data-element_type=\"widget\" data-widget_type=\"text-editor.default\">\n\t\t\t\t<div class=\"elementor-widget-container\">\n\t\t\t\t\t\t\t\t\t<p>Die au\u00dfergew\u00f6hnliche Atmosph\u00e4re von Bergh\u00fctten ist wie daf\u00fcr gemacht, besondere Ereignisse in malerischer Kulisse der \u00f6sterreichischen Berge zu feiern. Verbringen Sie besinnliche Weihnachten und ein rauschendes Silvester auf einer H\u00fctte mitten im Skigebiet. Oder feiern Sie in einer herrlichen Umgebung in den Bergen ein sch\u00f6nes Fest &#8211; ob zu Ihrem runden Geburtstag, zum Hochzeitstag oder zum Jubil\u00e4um. Bei H\u00fcttenpartner \u2013 dem gr\u00f6\u00dften Anbieter von H\u00fcttenurlaub in \u00d6sterreich \u2013 werden Sie bestimmt f\u00fcndig.<\/p>\t\t\t\t\t\t\t\t<\/div>\n\t\t\t\t<\/div>\n\t\t\t\t\t<\/div>\n\t\t\t\t<\/div>\n\t\t<div class=\"elementor-element elementor-element-4cc35da e-flex e-con-boxed e-con e-parent\" data-id=\"4cc35da\" data-element_type=\"container\">\n\t\t\t\t\t<div class=\"e-con-inner\">\n\t\t<div class=\"elementor-element elementor-element-0c883c3 e-con-full e-flex e-con e-child\" data-id=\"0c883c3\" data-element_type=\"container\">\n\t\t\t\t<div class=\"elementor-element elementor-element-b992264 elementor-widget elementor-widget-heading\" data-id=\"b992264\" data-element_type=\"widget\" data-widget_type=\"heading.default\">\n\t\t\t\t<div class=\"elementor-widget-container\">\n\t\t\t\t\t<h2 class=\"elementor-heading-title elementor-size-default\">Den Geburtstag mit Freunden in einer gem\u00fctlichen Runde feiern<\/h2>\t\t\t\t<\/div>\n\t\t\t\t<\/div>\n\t\t\t\t<div class=\"elementor-element elementor-element-e96ef57 elementor-widget elementor-widget-text-editor\" data-id=\"e96ef57\" data-element_type=\"widget\" data-widget_type=\"text-editor.default\">\n\t\t\t\t<div class=\"elementor-widget-container\">\n\t\t\t\t\t\t\t\t\t<p>Nehmen Sie den Geburtstag zum Anlass, f\u00fcr sich oder jemand anderen etwas Besonderes zu organisieren. Fahren Sie mit einer Gruppe guter Freunde f\u00fcr einige Tage in die Berge. Ob\u00a0<a title=\"Wandern &amp; Co. im Partyurlaub im Sommer\" href=\"https:\/\/www.huettenpartner.com\/huettenurlaub\/sommerurlaub-berge-natur.html\">Sommer<\/a>\u00a0of\u00a0<a title=\"Schneeaction mit Freunden im H\u00fcttenurlaub\" href=\"https:\/\/www.huettenpartner.com\/huettenurlaub\/winterurlaub-skifahren-schnee.html\">Winter<\/a>\u00a0&#8211; gehen Sie gemeinsam Skifahren, Rodeln, Wandern oder Bergsteigen. Feiern Sie auf einer urigen Bergh\u00fctte mit besonderen Menschen einen besonderen Anlass!<\/p>\t\t\t\t\t\t\t\t<\/div>\n\t\t\t\t<\/div>\n\t\t\t\t<div class=\"elementor-element elementor-element-f4a151d elementor-widget elementor-widget-heading\" data-id=\"f4a151d\" data-element_type=\"widget\" data-widget_type=\"heading.default\">\n\t\t\t\t<div class=\"elementor-widget-container\">\n\t\t\t\t\t<h2 class=\"elementor-heading-title elementor-size-default\">Besinnliche &amp; wei\u00dfe Weihnachten in den \u00f6sterreichischen Bergen<\/h2>\t\t\t\t<\/div>\n\t\t\t\t<\/div>\n\t\t\t\t<div class=\"elementor-element elementor-element-40629ef elementor-widget elementor-widget-text-editor\" data-id=\"40629ef\" data-element_type=\"widget\" data-widget_type=\"text-editor.default\">\n\t\t\t\t<div class=\"elementor-widget-container\">\n\t\t\t\t\t\t\t\t\t<p>Erleben Sie besinnliche Weihnachten in den verschneiten Bergen \u00d6sterreichs. Die Ruhe und die Stille der Natur, die klare Luft, die weite Landschaft und die Geborgenheit des prasselnden Feuers in Ihrer H\u00fctte sorgen im Winter f\u00fcr eine unvergleichliche Atmosph\u00e4re. Sp\u00fcren Sie den Geist von Weihnachten in seiner urspr\u00fcnglichen Form. Stapfen Sie durch den glitzernden\u00a0Schnee und lassen Sie sich verzaubern. Verl\u00e4ngern Sie doch Ihren Weihnachtsurlaub und verbringen Sie auch Silvester in Ihrer Berg- oder Skih\u00fctte.<\/p>\t\t\t\t\t\t\t\t<\/div>\n\t\t\t\t<\/div>\n\t\t\t\t<\/div>\n\t\t<div class=\"elementor-element elementor-element-b8a0bd0 e-con-full e-flex e-con e-child\" data-id=\"b8a0bd0\" data-element_type=\"container\">\n\t\t\t\t<div class=\"elementor-element elementor-element-8174d6c elementor-widget elementor-widget-image\" data-id=\"8174d6c\" data-element_type=\"widget\" data-widget_type=\"image.default\">\n\t\t\t\t<div class=\"elementor-widget-container\">\n\t\t\t\t\t\t\t\t\t\t\t\t\t\t\t<img fetchpriority=\"high\" decoding=\"async\" width=\"768\" height=\"512\" src=\"https:\/\/www.bold-black.109-235-60-67.plesk.page\/wp-content\/uploads\/2024\/04\/jazz-skiregion-oesterreich.jpg\" class=\"attachment-large size-large wp-image-5812\" alt=\"\" srcset=\"https:\/\/www.bold-black.109-235-60-67.plesk.page\/wp-content\/uploads\/2024\/04\/jazz-skiregion-oesterreich.jpg 900w, https:\/\/www.bold-black.109-235-60-67.plesk.page\/wp-content\/uploads\/2024\/04\/jazz-skiregion-oesterreich-300x200.jpg 300w, https:\/\/www.bold-black.109-235-60-67.plesk.page\/wp-content\/uploads\/2024\/04\/jazz-skiregion-oesterreich-768x512.jpg 768w, https:\/\/www.bold-black.109-235-60-67.plesk.page\/wp-content\/uploads\/2024\/04\/jazz-skiregion-oesterreich-18x12.jpg 18w, https:\/\/www.bold-black.109-235-60-67.plesk.page\/wp-content\/uploads\/2024\/04\/jazz-skiregion-oesterreich-405x270.jpg 405w\" sizes=\"(max-width: 768px) 100vw, 768px\" \/>\t\t\t\t\t\t\t\t\t\t\t\t\t\t\t<\/div>\n\t\t\t\t<\/div>\n\t\t\t\t<\/div>\n\t\t\t\t\t<\/div>\n\t\t\t\t<\/div>\n\t\t<div class=\"elementor-element elementor-element-9ff77d3 e-flex e-con-boxed e-con e-parent\" data-id=\"9ff77d3\" data-element_type=\"container\">\n\t\t\t\t\t<div class=\"e-con-inner\">\n\t\t\t\t<div class=\"elementor-element elementor-element-9f7a345 elementor-widget elementor-widget-heading\" data-id=\"9f7a345\" data-element_type=\"widget\" data-widget_type=\"heading.default\">\n\t\t\t\t<div class=\"elementor-widget-container\">\n\t\t\t\t\t<h2 class=\"elementor-heading-title elementor-size-default\">Unvergesslicher Jahreswechsel - Silvester auf einer H\u00fctte<\/h2>\t\t\t\t<\/div>\n\t\t\t\t<\/div>\n\t\t\t\t<div class=\"elementor-element elementor-element-ed60efc elementor-widget elementor-widget-text-editor\" data-id=\"ed60efc\" data-element_type=\"widget\" data-widget_type=\"text-editor.default\">\n\t\t\t\t<div class=\"elementor-widget-container\">\n\t\t\t\t\t\t\t\t\t<p>Silvester ist vielleicht auf der Alm weniger besinnlich als Weihnachten, dennoch wird die verschneite Berglandschaft zu einer festlichen Stimmung beitragen. Feiern Sie den Jahreswechsel in einer gem\u00fctlichen Runde in einer urigen H\u00fctte mit traumhafter Landschaft vor der T\u00fcre. Wenn Sie sich f\u00fcr eine <a title=\"Idyllischer Winterurlaub in der Skih\u00fctte\" href=\"https:\/\/www.huettenpartner.com\/huetten-mieten\/skihuetten-oesterreich-berge.html\">H\u00fctte im Skigebiet<\/a>entschieden haben, sind die Chancen gut, dass Sie im neuen Jahr der erste sind, der die Pisten unsicher macht. Unsere Ski- und Almh\u00fctten hei\u00dfen Sie zu Silvester herzlich willkommen!<\/p>\t\t\t\t\t\t\t\t<\/div>\n\t\t\t\t<\/div>\n\t\t\t\t\t<\/div>\n\t\t\t\t<\/div>\n\t\t<div class=\"elementor-element elementor-element-6a0011b e-flex e-con-boxed e-con e-parent\" data-id=\"6a0011b\" data-element_type=\"container\">\n\t\t\t\t\t<div class=\"e-con-inner\">\n\t\t<div class=\"elementor-element elementor-element-289ccec e-con-full e-flex e-con e-child\" data-id=\"289ccec\" data-element_type=\"container\">\n\t\t\t\t<div class=\"elementor-element elementor-element-8d94414 elementor-widget elementor-widget-image\" data-id=\"8d94414\" data-element_type=\"widget\" data-widget_type=\"image.default\">\n\t\t\t\t<div class=\"elementor-widget-container\">\n\t\t\t\t\t\t\t\t\t\t\t\t\t\t\t<img decoding=\"async\" width=\"768\" height=\"512\" src=\"https:\/\/www.bold-black.109-235-60-67.plesk.page\/wp-content\/uploads\/2024\/04\/oesterreich-sommer-paar.jpg\" class=\"attachment-large size-large wp-image-5813\" alt=\"\" srcset=\"https:\/\/www.bold-black.109-235-60-67.plesk.page\/wp-content\/uploads\/2024\/04\/oesterreich-sommer-paar.jpg 900w, https:\/\/www.bold-black.109-235-60-67.plesk.page\/wp-content\/uploads\/2024\/04\/oesterreich-sommer-paar-300x200.jpg 300w, https:\/\/www.bold-black.109-235-60-67.plesk.page\/wp-content\/uploads\/2024\/04\/oesterreich-sommer-paar-768x512.jpg 768w, https:\/\/www.bold-black.109-235-60-67.plesk.page\/wp-content\/uploads\/2024\/04\/oesterreich-sommer-paar-18x12.jpg 18w, https:\/\/www.bold-black.109-235-60-67.plesk.page\/wp-content\/uploads\/2024\/04\/oesterreich-sommer-paar-405x270.jpg 405w\" sizes=\"(max-width: 768px) 100vw, 768px\" \/>\t\t\t\t\t\t\t\t\t\t\t\t\t\t\t<\/div>\n\t\t\t\t<\/div>\n\t\t\t\t<\/div>\n\t\t<div class=\"elementor-element elementor-element-f8e9b27 e-con-full e-flex e-con e-child\" data-id=\"f8e9b27\" data-element_type=\"container\">\n\t\t\t\t<div class=\"elementor-element elementor-element-b751cd1 elementor-widget elementor-widget-heading\" data-id=\"b751cd1\" data-element_type=\"widget\" data-widget_type=\"heading.default\">\n\t\t\t\t<div class=\"elementor-widget-container\">\n\t\t\t\t\t<h2 class=\"elementor-heading-title elementor-size-default\">Romantik zu zweit zum Hochzeitstag<\/h2>\t\t\t\t<\/div>\n\t\t\t\t<\/div>\n\t\t\t\t<div class=\"elementor-element elementor-element-135f512 elementor-widget elementor-widget-text-editor\" data-id=\"135f512\" data-element_type=\"widget\" data-widget_type=\"text-editor.default\">\n\t\t\t\t<div class=\"elementor-widget-container\">\n\t\t\t\t\t\t\t\t\t<p>Oder \u00fcberraschen Sie Ihren Partner oder Ihre Partnerin mit etwas ganz Besonderem zum Hochzeitstag. Zu zweit genie\u00dfen Sie die unverwechselbare Idylle auf der Alm oder kuscheln gemeinsam im h\u00f6chst komfortablen Ambiente Ihres <a title=\"H\u00fcttenurlaub de luxe\" href=\"https:\/\/www.chalets-schladming.com\/chalets-schladming.html\" target=\"_blank\" rel=\"noopener\">Chalets<\/a>. Ein <a title=\"Romantikurlaub auf einer einsamen Almh\u00fctte\" href=\"https:\/\/www.huettenpartner.com\/huettenurlaub\/romantikurlaub-zu-zweit.html\">romantischer Urlaub<\/a>\u00a0auf einer einsamen Bergh\u00fctte l\u00e4sst nicht nur die Herzen von frisch Verliebten h\u00f6her schlagen.<\/p>\t\t\t\t\t\t\t\t<\/div>\n\t\t\t\t<\/div>\n\t\t\t\t<div class=\"elementor-element elementor-element-aa65565 elementor-widget elementor-widget-heading\" data-id=\"aa65565\" data-element_type=\"widget\" data-widget_type=\"heading.default\">\n\t\t\t\t<div class=\"elementor-widget-container\">\n\t\t\t\t\t<h2 class=\"elementor-heading-title elementor-size-default\">Planen Sie Ihren Urlaub auf einer einzigartigen Bergh\u00fctte<\/h2>\t\t\t\t<\/div>\n\t\t\t\t<\/div>\n\t\t\t\t<div class=\"elementor-element elementor-element-74dc2c3 elementor-widget elementor-widget-text-editor\" data-id=\"74dc2c3\" data-element_type=\"widget\" data-widget_type=\"text-editor.default\">\n\t\t\t\t<div class=\"elementor-widget-container\">\n\t\t\t\t\t\t\t\t\t<p>Sind Sie auf der Suche nach einer ganz besonderen Location f\u00fcr Ihr Fest? Wie w\u00e4re es mit einer urigen Almh\u00fctte in den Bergen \u00d6sterreichs? Schm\u00f6kern\u00a0Sie hierf\u00fcr durch unser <a title=\"Finden Sie Ihre passende H\u00fctte\" href=\"https:\/\/www.huettenpartner.com\/huetten-mieten\/huette-finden-urlaub.html\">H\u00fctten-Angebot<\/a>: Bei den etwa 300 H\u00fctten, die wir Ihnen in \u00d6sterreich anbieten, finden Sie mit Sicherheit genau die richtige f\u00fcr Ihr Event!<\/p>\t\t\t\t\t\t\t\t<\/div>\n\t\t\t\t<\/div>\n\t\t\t\t<\/div>\n\t\t\t\t\t<\/div>\n\t\t\t\t<\/div>\n\t\t<div class=\"elementor-element elementor-element-63a136d e-flex e-con-boxed e-con e-parent\" data-id=\"63a136d\" data-element_type=\"container\">\n\t\t\t\t\t<div class=\"e-con-inner\">\n\t\t\t\t<div class=\"elementor-element elementor-element-efccf1c elementor-widget elementor-widget-text-editor\" data-id=\"efccf1c\" data-element_type=\"widget\" data-widget_type=\"text-editor.default\">\n\t\t\t\t<div class=\"elementor-widget-container\">\n\t\t\t\t\t\t\t\t\t<p><a title=\"Anfrageformular f\u00fcr Ihren H\u00fcttenurlaub\" href=\"https:\/\/www.huettenpartner.com\/service\/kontakt-fragen-informationen.html\">Kontaktieren Sie uns<\/a>\u00a0f\u00fcr Ihren H\u00fcttenurlaub rechtzeitig, um sicherzugehen, dass Ihre Lieblingsh\u00fctte zu Ihrem Wunschtermin verf\u00fcgbar ist. Bei Fragen und f\u00fcr weitere Informationen kontaktieren Sie uns jederzeit auch <span class=\"ce_tel\">per telefoon: +43 2243 316 89<\/span>! Wir freuen uns, von Ihnen zu h\u00f6ren.<\/p>\t\t\t\t\t\t\t\t<\/div>\n\t\t\t\t<\/div>\n\t\t\t\t\t<\/div>\n\t\t\t\t<\/div>\n\t\t<div class=\"elementor-element elementor-element-a0b25dd e-flex e-con-boxed e-con e-parent\" data-id=\"a0b25dd\" data-element_type=\"container\">\n\t\t\t\t\t<div class=\"e-con-inner\">\n\t\t\t\t\t<\/div>\n\t\t\t\t<\/div>\n\t\t\t\t<\/div>","protected":false},"excerpt":{"rendered":"<p>Ein Fest feiern im Urlaub auf der Skih\u00fctte oder auf der Alm Erleben Sie ein unvergessliches Fest auf einer H\u00fctte Ihrer Wahl Die au\u00dfergew\u00f6hnliche Atmosph\u00e4re von Bergh\u00fctten ist wie daf\u00fcr gemacht, besondere Ereignisse in malerischer Kulisse der \u00f6sterreichischen Berge zu feiern. Verbringen Sie besinnliche Weihnachten und ein rauschendes Silvester auf einer H\u00fctte mitten im Skigebiet. [&hellip;]<\/p>","protected":false},"author":2,"featured_media":0,"parent":827,"menu_order":0,"comment_status":"closed","ping_status":"closed","template":"","meta":{"inline_featured_image":false,"footnotes":""},"class_list":["post-840","page","type-page","status-publish","hentry"],"acf":[],"_links":{"self":[{"href":"https:\/\/www.bold-black.109-235-60-67.plesk.page\/nl\/wp-json\/wp\/v2\/pages\/840","targetHints":{"allow":["GET"]}}],"collection":[{"href":"https:\/\/www.bold-black.109-235-60-67.plesk.page\/nl\/wp-json\/wp\/v2\/pages"}],"about":[{"href":"https:\/\/www.bold-black.109-235-60-67.plesk.page\/nl\/wp-json\/wp\/v2\/types\/page"}],"author":[{"embeddable":true,"href":"https:\/\/www.bold-black.109-235-60-67.plesk.page\/nl\/wp-json\/wp\/v2\/users\/2"}],"replies":[{"embeddable":true,"href":"https:\/\/www.bold-black.109-235-60-67.plesk.page\/nl\/wp-json\/wp\/v2\/comments?post=840"}],"version-history":[{"count":8,"href":"https:\/\/www.bold-black.109-235-60-67.plesk.page\/nl\/wp-json\/wp\/v2\/pages\/840\/revisions"}],"predecessor-version":[{"id":5878,"href":"https:\/\/www.bold-black.109-235-60-67.plesk.page\/nl\/wp-json\/wp\/v2\/pages\/840\/revisions\/5878"}],"up":[{"embeddable":true,"href":"https:\/\/www.bold-black.109-235-60-67.plesk.page\/nl\/wp-json\/wp\/v2\/pages\/827"}],"wp:attachment":[{"href":"https:\/\/www.bold-black.109-235-60-67.plesk.page\/nl\/wp-json\/wp\/v2\/media?parent=840"}],"curies":[{"name":"wp","href":"https:\/\/api.w.org\/{rel}","templated":true}]}}