{"id":838,"date":"2024-04-09T21:25:10","date_gmt":"2024-04-09T21:25:10","guid":{"rendered":"https:\/\/www.huettenpartner.eu\/?page_id=838"},"modified":"2024-04-24T11:31:19","modified_gmt":"2024-04-24T09:31:19","slug":"seminare-und-firmenevents","status":"publish","type":"page","link":"https:\/\/www.bold-black.109-235-60-67.plesk.page\/nl\/huettenurlaub\/seminare-und-firmenevents\/","title":{"rendered":"Seminars en bedrijfsevenementen"},"content":{"rendered":"<div data-elementor-type=\"wp-page\" data-elementor-id=\"838\" class=\"elementor elementor-838\">\n\t\t\t\t<div class=\"elementor-element elementor-element-fb7ab15 e-flex e-con-boxed e-con e-parent\" data-id=\"fb7ab15\" data-element_type=\"container\">\n\t\t\t\t\t<div class=\"e-con-inner\">\n\t\t\t\t<div class=\"elementor-element elementor-element-1ae17a4 elementor-widget elementor-widget-heading\" data-id=\"1ae17a4\" data-element_type=\"widget\" data-widget_type=\"heading.default\">\n\t\t\t\t<div class=\"elementor-widget-container\">\n\t\t\t\t\t<h2 class=\"elementor-heading-title elementor-size-default\">Seminare und Firmenevents auf einer Bergh\u00fctte in \u00d6sterreich<\/h2>\t\t\t\t<\/div>\n\t\t\t\t<\/div>\n\t\t\t\t<div class=\"elementor-element elementor-element-d3051f4 elementor-widget elementor-widget-heading\" data-id=\"d3051f4\" data-element_type=\"widget\" data-widget_type=\"heading.default\">\n\t\t\t\t<div class=\"elementor-widget-container\">\n\t\t\t\t\t<h2 class=\"elementor-heading-title elementor-size-default\">Mieten Sie eine ganz spezielle Location f\u00fcr Ihr n\u00e4chstes Businessevent<\/h2>\t\t\t\t<\/div>\n\t\t\t\t<\/div>\n\t\t\t\t<div class=\"elementor-element elementor-element-5b412aa elementor-widget elementor-widget-text-editor\" data-id=\"5b412aa\" data-element_type=\"widget\" data-widget_type=\"text-editor.default\">\n\t\t\t\t<div class=\"elementor-widget-container\">\n\t\t\t\t\t\t\t\t\t<p>Eine gut erreichbare Almh\u00fctte oder eine abgelegene Bergh\u00fctte sind einzigartige Orte f\u00fcr Ihr Firmenevent. Ihre Mitarbeiter, Kunden und Partner werden noch lange an eine ganz besondere Veranstaltung zur\u00fcckdenken. Auch f\u00fcr Seminare, Fortbildungen und zum Teambuilding sind viele H\u00fctten und Ferienh\u00e4user von H\u00fcttenpartner gut geeignet. Vor allem in der Nebensaison sind die H\u00fctten flexibel buchbar und k\u00f6nnen auch k\u00fcrzer als eine Woche gemietet werden, fragen Sie uns einfach!<\/p>\t\t\t\t\t\t\t\t<\/div>\n\t\t\t\t<\/div>\n\t\t\t\t\t<\/div>\n\t\t\t\t<\/div>\n\t\t<div class=\"elementor-element elementor-element-2872577 e-flex e-con-boxed e-con e-parent\" data-id=\"2872577\" data-element_type=\"container\">\n\t\t\t\t\t<div class=\"e-con-inner\">\n\t\t<div class=\"elementor-element elementor-element-8c88c5b e-con-full e-flex e-con e-child\" data-id=\"8c88c5b\" data-element_type=\"container\">\n\t\t\t\t<div class=\"elementor-element elementor-element-ccf0c3e elementor-widget elementor-widget-image\" data-id=\"ccf0c3e\" data-element_type=\"widget\" data-widget_type=\"image.default\">\n\t\t\t\t<div class=\"elementor-widget-container\">\n\t\t\t\t\t\t\t\t\t\t\t\t\t\t\t<img fetchpriority=\"high\" decoding=\"async\" width=\"768\" height=\"576\" src=\"https:\/\/www.bold-black.109-235-60-67.plesk.page\/wp-content\/uploads\/2024\/04\/langlauf-winter-oesterreich-59932582.jpg\" class=\"attachment-full size-full wp-image-5719\" alt=\"\" srcset=\"https:\/\/www.bold-black.109-235-60-67.plesk.page\/wp-content\/uploads\/2024\/04\/langlauf-winter-oesterreich-59932582.jpg 768w, https:\/\/www.bold-black.109-235-60-67.plesk.page\/wp-content\/uploads\/2024\/04\/langlauf-winter-oesterreich-59932582-300x225.jpg 300w, https:\/\/www.bold-black.109-235-60-67.plesk.page\/wp-content\/uploads\/2024\/04\/langlauf-winter-oesterreich-59932582-16x12.jpg 16w, https:\/\/www.bold-black.109-235-60-67.plesk.page\/wp-content\/uploads\/2024\/04\/langlauf-winter-oesterreich-59932582-405x304.jpg 405w\" sizes=\"(max-width: 768px) 100vw, 768px\" \/>\t\t\t\t\t\t\t\t\t\t\t\t\t\t\t<\/div>\n\t\t\t\t<\/div>\n\t\t\t\t<\/div>\n\t\t<div class=\"elementor-element elementor-element-1e3e480 e-con-full e-flex e-con e-child\" data-id=\"1e3e480\" data-element_type=\"container\">\n\t\t\t\t<div class=\"elementor-element elementor-element-28155a5 elementor-widget elementor-widget-image\" data-id=\"28155a5\" data-element_type=\"widget\" data-widget_type=\"image.default\">\n\t\t\t\t<div class=\"elementor-widget-container\">\n\t\t\t\t\t\t\t\t\t\t\t\t\t\t\t<img decoding=\"async\" width=\"768\" height=\"576\" src=\"https:\/\/www.bold-black.109-235-60-67.plesk.page\/wp-content\/uploads\/2024\/04\/huettenurlaub-holz-hacken-2bb70135.jpg\" class=\"attachment-full size-full wp-image-5745\" alt=\"\" srcset=\"https:\/\/www.bold-black.109-235-60-67.plesk.page\/wp-content\/uploads\/2024\/04\/huettenurlaub-holz-hacken-2bb70135.jpg 768w, https:\/\/www.bold-black.109-235-60-67.plesk.page\/wp-content\/uploads\/2024\/04\/huettenurlaub-holz-hacken-2bb70135-300x225.jpg 300w, https:\/\/www.bold-black.109-235-60-67.plesk.page\/wp-content\/uploads\/2024\/04\/huettenurlaub-holz-hacken-2bb70135-16x12.jpg 16w, https:\/\/www.bold-black.109-235-60-67.plesk.page\/wp-content\/uploads\/2024\/04\/huettenurlaub-holz-hacken-2bb70135-405x304.jpg 405w\" sizes=\"(max-width: 768px) 100vw, 768px\" \/>\t\t\t\t\t\t\t\t\t\t\t\t\t\t\t<\/div>\n\t\t\t\t<\/div>\n\t\t\t\t<\/div>\n\t\t\t\t\t<\/div>\n\t\t\t\t<\/div>\n\t\t<div class=\"elementor-element elementor-element-03c4211 e-flex e-con-boxed e-con e-parent\" data-id=\"03c4211\" data-element_type=\"container\">\n\t\t\t\t\t<div class=\"e-con-inner\">\n\t\t\t\t<div class=\"elementor-element elementor-element-e887785 elementor-widget elementor-widget-heading\" data-id=\"e887785\" data-element_type=\"widget\" data-widget_type=\"heading.default\">\n\t\t\t\t<div class=\"elementor-widget-container\">\n\t\t\t\t\t<h2 class=\"elementor-heading-title elementor-size-default\">Firmenfest auf der Bergh\u00fctte<\/h2>\t\t\t\t<\/div>\n\t\t\t\t<\/div>\n\t\t\t\t<div class=\"elementor-element elementor-element-35240d8 elementor-widget elementor-widget-text-editor\" data-id=\"35240d8\" data-element_type=\"widget\" data-widget_type=\"text-editor.default\">\n\t\t\t\t<div class=\"elementor-widget-container\">\n\t\t\t\t\t\t\t\t\t<p>Ab und zu ist es wichtig, sich bei den Mitarbeitern, Gesch\u00e4ftspartnern und Kunden mit einem Fest zu bedanken. Organisieren Sie Ihre Feier auf einer gut erreichbaren <a title=\"Urige Bergh\u00fctte oder gro\u00dfe Almh\u00fctte mieten | Alpen \u00d6sterreichs\" href=\"https:\/\/www.huettenpartner.com\/huetten-mieten\/almhuetten-berg-natur.html\">Bergh\u00fctte <\/a>of <a title=\"Chalets Schladming | Luxe vakantie direct aan de piste\" href=\"https:\/\/www.chalets-schladming.com\/chalets-schladming.html\" target=\"_blank\" rel=\"noopener\">Chalets<\/a> von H\u00fcttenpartner und bieten Sie Ihren G\u00e4sten damit etwas ganz Besonderes. Die einmalige Location tr\u00e4gt viel bei zu einem gelungenen Event und sorgt daf\u00fcr, dass Ihre Feier noch lange in Erinnerung bleibt.<\/p>\t\t\t\t\t\t\t\t<\/div>\n\t\t\t\t<\/div>\n\t\t\t\t<div class=\"elementor-element elementor-element-d7e78ea elementor-widget elementor-widget-heading\" data-id=\"d7e78ea\" data-element_type=\"widget\" data-widget_type=\"heading.default\">\n\t\t\t\t<div class=\"elementor-widget-container\">\n\t\t\t\t\t<h2 class=\"elementor-heading-title elementor-size-default\">Seminare und Fortbildungen auf der Alm<\/h2>\t\t\t\t<\/div>\n\t\t\t\t<\/div>\n\t\t\t\t<div class=\"elementor-element elementor-element-c12db9d elementor-widget elementor-widget-text-editor\" data-id=\"c12db9d\" data-element_type=\"widget\" data-widget_type=\"text-editor.default\">\n\t\t\t\t<div class=\"elementor-widget-container\">\n\t\t\t\t\t\t\t\t\t<p>Bieten Sie den Seminarteilnehmern etwas Au\u00dfergew\u00f6hnliches. Planen Sie Ihr Seminar oder Ihre Fortbildungsveranstaltung auf einer Almh\u00fctte in den Bergen. Die Ruhe in der Natur sorgt f\u00fcr ein besonders produktives Arbeitsklima und die Pausen mit frischer Bergluft und dem Blick auf schroffe Gipfel geben Kraft und neue Motivation und steigern die Konzentrationsf\u00e4higkeit.<\/p>\t\t\t\t\t\t\t\t<\/div>\n\t\t\t\t<\/div>\n\t\t\t\t<div class=\"elementor-element elementor-element-a221220 elementor-widget elementor-widget-heading\" data-id=\"a221220\" data-element_type=\"widget\" data-widget_type=\"heading.default\">\n\t\t\t\t<div class=\"elementor-widget-container\">\n\t\t\t\t\t<h2 class=\"elementor-heading-title elementor-size-default\">Teambuilding in der Bergh\u00fctte\n<\/h2>\t\t\t\t<\/div>\n\t\t\t\t<\/div>\n\t\t\t\t<div class=\"elementor-element elementor-element-2f12878 elementor-widget elementor-widget-text-editor\" data-id=\"2f12878\" data-element_type=\"widget\" data-widget_type=\"text-editor.default\">\n\t\t\t\t<div class=\"elementor-widget-container\">\n\t\t\t\t\t\t\t\t\t<p>Ein gemeinsamer Aufenthalt in der Natur schwei\u00dft Kollegen zusammen. Gemeinsame Verantwortung f\u00fcr die Mahlzeiten, unterhaltsame H\u00fcttenabende und gemeinsame Erlebnisse in der umgebenden Bergwelt schaffen ein tiefes Gemeinschaftsgef\u00fchl. Arbeitskollegen lernen sich auf ganz neue Art kennen und die Stimmung im Team verbessert sich markant. Ein positives Klima am Arbeitsplatz und zwischen Kollegen f\u00f6rdert die Produktivit\u00e4t und wirkt sich positiv auf die Gesundheit der Mitarbeiter aus. Von einem Incentive-Wochenende in den Bergen profitieren alle Seiten.<\/p>\t\t\t\t\t\t\t\t<\/div>\n\t\t\t\t<\/div>\n\t\t\t\t\t<\/div>\n\t\t\t\t<\/div>\n\t\t<div class=\"elementor-element elementor-element-5c0aafd e-flex e-con-boxed e-con e-parent\" data-id=\"5c0aafd\" data-element_type=\"container\">\n\t\t\t\t\t<div class=\"e-con-inner\">\n\t\t\t\t\t<\/div>\n\t\t\t\t<\/div>\n\t\t\t\t<\/div>","protected":false},"excerpt":{"rendered":"<p>Seminare und Firmenevents auf einer Bergh\u00fctte in \u00d6sterreich Mieten Sie eine ganz spezielle Location f\u00fcr Ihr n\u00e4chstes Businessevent Eine gut erreichbare Almh\u00fctte oder eine abgelegene Bergh\u00fctte sind einzigartige Orte f\u00fcr Ihr Firmenevent. Ihre Mitarbeiter, Kunden und Partner werden noch lange an eine ganz besondere Veranstaltung zur\u00fcckdenken. Auch f\u00fcr Seminare, Fortbildungen und zum Teambuilding sind viele [&hellip;]<\/p>","protected":false},"author":2,"featured_media":0,"parent":827,"menu_order":0,"comment_status":"closed","ping_status":"closed","template":"","meta":{"inline_featured_image":false,"footnotes":""},"class_list":["post-838","page","type-page","status-publish","hentry"],"acf":[],"_links":{"self":[{"href":"https:\/\/www.bold-black.109-235-60-67.plesk.page\/nl\/wp-json\/wp\/v2\/pages\/838","targetHints":{"allow":["GET"]}}],"collection":[{"href":"https:\/\/www.bold-black.109-235-60-67.plesk.page\/nl\/wp-json\/wp\/v2\/pages"}],"about":[{"href":"https:\/\/www.bold-black.109-235-60-67.plesk.page\/nl\/wp-json\/wp\/v2\/types\/page"}],"author":[{"embeddable":true,"href":"https:\/\/www.bold-black.109-235-60-67.plesk.page\/nl\/wp-json\/wp\/v2\/users\/2"}],"replies":[{"embeddable":true,"href":"https:\/\/www.bold-black.109-235-60-67.plesk.page\/nl\/wp-json\/wp\/v2\/comments?post=838"}],"version-history":[{"count":4,"href":"https:\/\/www.bold-black.109-235-60-67.plesk.page\/nl\/wp-json\/wp\/v2\/pages\/838\/revisions"}],"predecessor-version":[{"id":5748,"href":"https:\/\/www.bold-black.109-235-60-67.plesk.page\/nl\/wp-json\/wp\/v2\/pages\/838\/revisions\/5748"}],"up":[{"embeddable":true,"href":"https:\/\/www.bold-black.109-235-60-67.plesk.page\/nl\/wp-json\/wp\/v2\/pages\/827"}],"wp:attachment":[{"href":"https:\/\/www.bold-black.109-235-60-67.plesk.page\/nl\/wp-json\/wp\/v2\/media?parent=838"}],"curies":[{"name":"wp","href":"https:\/\/api.w.org\/{rel}","templated":true}]}}