{"id":814,"date":"2024-04-09T21:09:44","date_gmt":"2024-04-09T21:09:44","guid":{"rendered":"https:\/\/www.huettenpartner.eu\/?page_id=814"},"modified":"2024-04-23T21:59:13","modified_gmt":"2024-04-23T19:59:13","slug":"almhuetten","status":"publish","type":"page","link":"https:\/\/www.bold-black.109-235-60-67.plesk.page\/nl\/huette-mieten\/almhuetten\/","title":{"rendered":"Alpenhutten"},"content":{"rendered":"<div data-elementor-type=\"wp-page\" data-elementor-id=\"814\" class=\"elementor elementor-814\">\n\t\t\t\t<div class=\"elementor-element elementor-element-bfb6b1c e-flex e-con-boxed e-con e-parent\" data-id=\"bfb6b1c\" data-element_type=\"container\">\n\t\t\t\t\t<div class=\"e-con-inner\">\n\t\t\t\t<div class=\"elementor-element elementor-element-9b53fec elementor-widget elementor-widget-heading\" data-id=\"9b53fec\" data-element_type=\"widget\" data-widget_type=\"heading.default\">\n\t\t\t\t<div class=\"elementor-widget-container\">\n\t\t\t\t\t<h2 class=\"elementor-heading-title elementor-size-default\">Almh\u00fctte mieten \u2013 H\u00fcttenpartner ist die perfekte Plattform f\u00fcr Ihre H\u00fctten in den Alpen<\/h2>\t\t\t\t<\/div>\n\t\t\t\t<\/div>\n\t\t\t\t<div class=\"elementor-element elementor-element-c38901b elementor-widget elementor-widget-heading\" data-id=\"c38901b\" data-element_type=\"widget\" data-widget_type=\"heading.default\">\n\t\t\t\t<div class=\"elementor-widget-container\">\n\t\t\t\t\t<h2 class=\"elementor-heading-title elementor-size-default\">Bergh\u00fctte f\u00fcr jeden Geschmack in ganz \u00d6sterreich. Von urig bis luxuri\u00f6s.<\/h2>\t\t\t\t<\/div>\n\t\t\t\t<\/div>\n\t\t\t\t<div class=\"elementor-element elementor-element-1f17458 elementor-widget elementor-widget-text-editor\" data-id=\"1f17458\" data-element_type=\"widget\" data-widget_type=\"text-editor.default\">\n\t\t\t\t<div class=\"elementor-widget-container\">\n\t\t\t\t\t\t\t\t\t<p>Genie\u00dfen Sie die herrliche Natur der \u00f6sterreichischen Alpen im Sommer und auch im Winter. Wie? Indem Sie eine der urigen und gem\u00fctlichen Bergh\u00fctten mieten. Die knapp 300 H\u00fctten in Alleinlage, die das <a title=\"Hier finden Sie Ihre passende H\u00fctte\" href=\"https:\/\/www.huettenpartner.com\/huetten-mieten\/huette-finden-urlaub.html\">Angebot von H\u00fcttenpartner<\/a>\u00a0umfasst, <a title=\"Die drei H\u00fcttend\u00f6rfer in \u00d6sterreich\" href=\"https:\/\/www.huettenpartner.com\/huetten-mieten\/huettendoerfer-urlaub-oesterreich.html\">die drei H\u00fcttend\u00f6rfer<\/a>\u00a0und die <a title=\"Wanderurlaub Chalet in \u00d6sterreich | Wanderreise Dachstein\" href=\"https:\/\/www.chalets-schladming.com\/wanderurlaub-chalet-dachstein.html\" target=\"_blank\" rel=\"noopener\">Chalets in Schladming<\/a> in den Alpen erm\u00f6glichen Ihnen das ganze Jahr Almh\u00fctten Urlaub in einer einzigartigen Landschaft. Bei den zahlreichen M\u00f6glichkeiten, die Ihnen H\u00fcttenpartner bietet, finden auch Sie garantiert das richtige Domizil f\u00fcr Ihren H\u00fcttenurlaub in \u00d6sterreich. Egal ob Steiermark, Salzburg, K\u00e4rnten oder Tirol. Egal ob mit oder ohne Haustiere. Hier bekommen Sie alle Details und Infos.<\/p>\t\t\t\t\t\t\t\t<\/div>\n\t\t\t\t<\/div>\n\t\t\t\t\t<\/div>\n\t\t\t\t<\/div>\n\t\t<div class=\"elementor-element elementor-element-05ffba0 e-flex e-con-boxed e-con e-parent\" data-id=\"05ffba0\" data-element_type=\"container\">\n\t\t\t\t\t<div class=\"e-con-inner\">\n\t\t<div class=\"elementor-element elementor-element-a05746c e-con-full e-flex e-con e-child\" data-id=\"a05746c\" data-element_type=\"container\">\n\t\t\t\t<div class=\"elementor-element elementor-element-aece7c4 elementor-widget elementor-widget-heading\" data-id=\"aece7c4\" data-element_type=\"widget\" data-widget_type=\"heading.default\">\n\t\t\t\t<div class=\"elementor-widget-container\">\n\t\t\t\t\t<h2 class=\"elementor-heading-title elementor-size-default\">Urlaub auf einer Almh\u00fctte in den Bergen in jedem Alter<\/h2>\t\t\t\t<\/div>\n\t\t\t\t<\/div>\n\t\t\t\t<div class=\"elementor-element elementor-element-0c5e696 elementor-widget elementor-widget-text-editor\" data-id=\"0c5e696\" data-element_type=\"widget\" data-widget_type=\"text-editor.default\">\n\t\t\t\t<div class=\"elementor-widget-container\">\n\t\t\t\t\t\t\t\t\t<p>Nirgendwo k\u00f6nnen Sie Natur so hautnah erleben, wie bei einem Aufenthalt in einer einsamen Bergh\u00fctte. Abgeschieden vom Rest der Welt, sp\u00fcren Sie die Ruhe und die Kraft. <a title=\"H\u00fcttenurlaub mit Kindern\" href=\"https:\/\/www.huettenpartner.com\/huettenurlaub\/familienurlaub-kinder-ferien.html\">Familien mit Kindern<\/a> genie\u00dfen die Freiheit der Berge im Urlaub ebenso wie \u00e4ltere Semester, wie <a title=\"Romantikurlaub auf der Almh\u00fctte\" href=\"https:\/\/www.huettenpartner.com\/huettenurlaub\/romantikurlaub-zu-zweit.html\">Paare<\/a>\u00a0of <a title=\"H\u00fcttenurlaub mit Freunden\" href=\"https:\/\/www.huettenpartner.com\/huettenurlaub\/gruppenurlaub-gruppenreisen-berge.html\">Gruppen<\/a>.\u00a0Freuen Sie sich darauf, eine Bergh\u00fctte zu mieten.<\/p><p>Neben der einsamen Bergh\u00fctte hat H\u00fcttenpartner auch weitere H\u00fctten oder <a title=\"Chalets und Ferienh\u00e4user in \u00d6sterreich mieten\" href=\"https:\/\/www.huettenpartner.com\/huetten-mieten\/chalet-ferienhaus-berg.html\">luxuri\u00f6se Chalets<\/a> im Programm, mit Doppelbett, Zapfanlage, SAT-TV, eigener Sauna und gut mit dem PKW erreichbar. Aber auch gro\u00dfe Gruppenunterk\u00fcnfte und Ferienh\u00e4user mit gro\u00dfen Stuben, mehreren Schlafzimmern und Platz f\u00fcr bis zu 24 Personen werden angeboten. Es ist also mit den H\u00fctten der Alpen in Alleinlage sicherlich etwas f\u00fcr jeden dabei.<\/p>\t\t\t\t\t\t\t\t<\/div>\n\t\t\t\t<\/div>\n\t\t\t\t<\/div>\n\t\t<div class=\"elementor-element elementor-element-ac21e2d e-con-full e-flex e-con e-child\" data-id=\"ac21e2d\" data-element_type=\"container\">\n\t\t\t\t<div class=\"elementor-element elementor-element-fc90d21 elementor-widget elementor-widget-image\" data-id=\"fc90d21\" data-element_type=\"widget\" data-widget_type=\"image.default\">\n\t\t\t\t<div class=\"elementor-widget-container\">\n\t\t\t\t\t\t\t\t\t\t\t\t\t\t\t<img fetchpriority=\"high\" decoding=\"async\" width=\"768\" height=\"512\" src=\"https:\/\/www.bold-black.109-235-60-67.plesk.page\/wp-content\/uploads\/2024\/04\/schlafzimmer-huette-oesterreich.jpg\" class=\"attachment-large size-large wp-image-5240\" alt=\"\" srcset=\"https:\/\/www.bold-black.109-235-60-67.plesk.page\/wp-content\/uploads\/2024\/04\/schlafzimmer-huette-oesterreich.jpg 900w, https:\/\/www.bold-black.109-235-60-67.plesk.page\/wp-content\/uploads\/2024\/04\/schlafzimmer-huette-oesterreich-300x200.jpg 300w, https:\/\/www.bold-black.109-235-60-67.plesk.page\/wp-content\/uploads\/2024\/04\/schlafzimmer-huette-oesterreich-768x512.jpg 768w, https:\/\/www.bold-black.109-235-60-67.plesk.page\/wp-content\/uploads\/2024\/04\/schlafzimmer-huette-oesterreich-18x12.jpg 18w, https:\/\/www.bold-black.109-235-60-67.plesk.page\/wp-content\/uploads\/2024\/04\/schlafzimmer-huette-oesterreich-405x270.jpg 405w\" sizes=\"(max-width: 768px) 100vw, 768px\" \/>\t\t\t\t\t\t\t\t\t\t\t\t\t\t\t<\/div>\n\t\t\t\t<\/div>\n\t\t\t\t<\/div>\n\t\t\t\t\t<\/div>\n\t\t\t\t<\/div>\n\t\t<div class=\"elementor-element elementor-element-d05433e e-flex e-con-boxed e-con e-parent\" data-id=\"d05433e\" data-element_type=\"container\">\n\t\t\t\t\t<div class=\"e-con-inner\">\n\t\t\t\t<div class=\"elementor-element elementor-element-2f6b7e2 elementor-widget elementor-widget-heading\" data-id=\"2f6b7e2\" data-element_type=\"widget\" data-widget_type=\"heading.default\">\n\t\t\t\t<div class=\"elementor-widget-container\">\n\t\t\t\t\t<h2 class=\"elementor-heading-title elementor-size-default\">Naturparadies Alpen vor der T\u00fcre<\/h2>\t\t\t\t<\/div>\n\t\t\t\t<\/div>\n\t\t\t\t<div class=\"elementor-element elementor-element-8e63d16 elementor-widget elementor-widget-text-editor\" data-id=\"8e63d16\" data-element_type=\"widget\" data-widget_type=\"text-editor.default\">\n\t\t\t\t<div class=\"elementor-widget-container\">\n\t\t\t\t\t\t\t\t\t<p>Direkt vor der T\u00fcre Ihrer Almh\u00fctte beginnt ein riesiges Naturparadies. Kinder finden hier von fr\u00fch bis sp\u00e4t spannende Dinge, die es zu entdecken gilt und die sie abends m\u00fcde und zufrieden ins Bett fallen lassen. Und auch f\u00fcr <a title=\"Urlaub mit Ihren Haustier\" href=\"https:\/\/www.huettenpartner.com\/huettenurlaub\/urlaub-hund-haustier.html\">Personen mit einem Haustier<\/a> sind ein H\u00fcttenurlaub optimal.<\/p>\t\t\t\t\t\t\t\t<\/div>\n\t\t\t\t<\/div>\n\t\t\t\t\t<\/div>\n\t\t\t\t<\/div>\n\t\t<div class=\"elementor-element elementor-element-fca90d9 e-flex e-con-boxed e-con e-parent\" data-id=\"fca90d9\" data-element_type=\"container\">\n\t\t\t\t\t<div class=\"e-con-inner\">\n\t\t<div class=\"elementor-element elementor-element-1e80ccb e-con-full e-flex e-con e-child\" data-id=\"1e80ccb\" data-element_type=\"container\">\n\t\t\t\t<div class=\"elementor-element elementor-element-f4e2a77 elementor-widget elementor-widget-image\" data-id=\"f4e2a77\" data-element_type=\"widget\" data-widget_type=\"image.default\">\n\t\t\t\t<div class=\"elementor-widget-container\">\n\t\t\t\t\t\t\t\t\t\t\t\t\t\t\t<img decoding=\"async\" width=\"768\" height=\"512\" src=\"https:\/\/www.bold-black.109-235-60-67.plesk.page\/wp-content\/uploads\/2024\/04\/tracht-sommer-kinder.jpg\" class=\"attachment-large size-large wp-image-5241\" alt=\"\" srcset=\"https:\/\/www.bold-black.109-235-60-67.plesk.page\/wp-content\/uploads\/2024\/04\/tracht-sommer-kinder.jpg 900w, https:\/\/www.bold-black.109-235-60-67.plesk.page\/wp-content\/uploads\/2024\/04\/tracht-sommer-kinder-300x200.jpg 300w, https:\/\/www.bold-black.109-235-60-67.plesk.page\/wp-content\/uploads\/2024\/04\/tracht-sommer-kinder-768x512.jpg 768w, https:\/\/www.bold-black.109-235-60-67.plesk.page\/wp-content\/uploads\/2024\/04\/tracht-sommer-kinder-18x12.jpg 18w, https:\/\/www.bold-black.109-235-60-67.plesk.page\/wp-content\/uploads\/2024\/04\/tracht-sommer-kinder-405x270.jpg 405w\" sizes=\"(max-width: 768px) 100vw, 768px\" \/>\t\t\t\t\t\t\t\t\t\t\t\t\t\t\t<\/div>\n\t\t\t\t<\/div>\n\t\t\t\t<\/div>\n\t\t<div class=\"elementor-element elementor-element-96b1c0d e-con-full e-flex e-con e-child\" data-id=\"96b1c0d\" data-element_type=\"container\">\n\t\t\t\t<div class=\"elementor-element elementor-element-c940d05 elementor-widget elementor-widget-text-editor\" data-id=\"c940d05\" data-element_type=\"widget\" data-widget_type=\"text-editor.default\">\n\t\t\t\t<div class=\"elementor-widget-container\">\n\t\t\t\t\t\t\t\t\t<p>Sie k\u00f6nnen im Almh\u00fctten Urlaub die Almwiesen, den Wald und die Berge erkunden. Sanfte H\u00e4nge im Sonnenschein, mit saftigem Gras und schattige W\u00e4lder \u2013 herrlich angenehm an hei\u00dfen Sommertagen \u2013 lassen jedes Urlauberherz h\u00f6her schlagen. Starten Sie ohne lange Anfahrt in der Fr\u00fch direkt von Ihrer Bergh\u00fctte in den Tag. Wandern Sie auf die nahen Gipfel, genie\u00dfen Sie das herrliche Gef\u00fchl und den Blick \u00fcber sommerliche T\u00e4ler tief unter Ihnen. Freuen Sie sich auf gem\u00fctliche H\u00fcttenabende und das prasselnde Feuer im Ofen oder auf einen lauen Sommerabend beim Grillplatz neben Ihrer Unterkunft in den Bergen oder am Schwimmteich. Urlaub auf einer echten Bergh\u00fctte erm\u00f6glicht Ihnen eine echte Auszeit vom Alltag und verspricht Erholung pur. Denn direkt vor der T\u00fcr Ihrer H\u00fctten beginnt der gr\u00f6\u00dfte und sch\u00f6nste Garten, den Sie sich im Urlaub in Almh\u00fctten vorstellen k\u00f6nnen, die malerische Landschaft \u00d6sterreichs mit ihrer einzigartigen alpinen Tier- und Pflanzenwelt.<\/p><p>Das Naturparadies der \u00f6sterreichischen Alpen interessiert Sie besonders zur schneebeschienenen Zeit des Winters? Dann sollten Sie unsere <a title=\"Skih\u00fctte in \u00d6sterreich mieten | Winterurlaub in den Alpen\" href=\"https:\/\/www.huettenpartner.com\/huetten-mieten\/skihuetten-oesterreich-berge.html\">Skihutten<\/a>genauer betrachten.\u00a0Auch die eignen sich bestens f\u00fcr Familien, Personen mit Haustieren, aber auch f\u00fcr Gruppen mit unterschiedlich vielen Personen.<\/p>\t\t\t\t\t\t\t\t<\/div>\n\t\t\t\t<\/div>\n\t\t\t\t<\/div>\n\t\t\t\t\t<\/div>\n\t\t\t\t<\/div>\n\t\t<div class=\"elementor-element elementor-element-639125d e-flex e-con-boxed e-con e-parent\" data-id=\"639125d\" data-element_type=\"container\">\n\t\t\t\t\t<div class=\"e-con-inner\">\n\t\t\t\t<div class=\"elementor-element elementor-element-62f793d elementor-widget elementor-widget-heading\" data-id=\"62f793d\" data-element_type=\"widget\" data-widget_type=\"heading.default\">\n\t\t\t\t<div class=\"elementor-widget-container\">\n\t\t\t\t\t<h2 class=\"elementor-heading-title elementor-size-default\">Planen Sie Ihren H\u00fcttenurlaub in den \u00f6sterreichischen Alpen<\/h2>\t\t\t\t<\/div>\n\t\t\t\t<\/div>\n\t\t\t\t<div class=\"elementor-element elementor-element-0ffd912 elementor-widget elementor-widget-text-editor\" data-id=\"0ffd912\" data-element_type=\"widget\" data-widget_type=\"text-editor.default\">\n\t\t\t\t<div class=\"elementor-widget-container\">\n\t\t\t\t\t\t\t\t\t<p>Bei H\u00fcttenpartner\u00a0finden Sie alle <a title=\"alle wichtigen Informationen f\u00fcr Ihren H\u00fcttenurlaub\" href=\"https:\/\/www.huettenpartner.com\/huettenaufenthalt\/packliste-checkliste-einpacken.html\">wichtigen Informationen<\/a> zu Ihrem Urlaub in Almh\u00fctten, Selbstversorgerh\u00fctte oder andern H\u00fctten in den \u00f6sterreichischen Alpen. Au\u00dferdem profitieren Sie von dem hervorragenden Service, der Erfahrung und dem Know-how des gr\u00f6\u00dften H\u00fcttenanbieters in \u00d6sterreich.<\/p><p>Bei Fragen kontaktieren Sie uns jederzeit per <a title=\"Neem contact op met H\u00fcttenpartner\" href=\"https:\/\/www.huettenpartner.com\/service\/kontakt-fragen-informationen.html\">Contact Formulier<\/a>, <a class=\"ce_em\" title=\"Schrijf een e-mail naar H\u00fcttenpartner\" href=\"mailto:info@huettenpartner.at\">e-mail<\/a> of <span class=\"ce_tel\">per telefoon: +43 2243 316 89 <\/span>\u2013 Ihr H\u00fcttenpartner steht Ihnen f\u00fcr Informationen zur Verf\u00fcgung und ber\u00e4t Sie zu den H\u00fctten in den Alpen immer gerne!<\/p>\t\t\t\t\t\t\t\t<\/div>\n\t\t\t\t<\/div>\n\t\t\t\t\t<\/div>\n\t\t\t\t<\/div>\n\t\t<div class=\"elementor-element elementor-element-114a941 e-flex e-con-boxed e-con e-parent\" data-id=\"114a941\" data-element_type=\"container\">\n\t\t\t\t\t<div class=\"e-con-inner\">\n\t\t\t\t\t<\/div>\n\t\t\t\t<\/div>\n\t\t\t\t<\/div>","protected":false},"excerpt":{"rendered":"<p>Almh\u00fctte mieten \u2013 H\u00fcttenpartner ist die perfekte Plattform f\u00fcr Ihre H\u00fctten in den Alpen Bergh\u00fctte f\u00fcr jeden Geschmack in ganz \u00d6sterreich. Von urig bis luxuri\u00f6s. Genie\u00dfen Sie die herrliche Natur der \u00f6sterreichischen Alpen im Sommer und auch im Winter. Wie? Indem Sie eine der urigen und gem\u00fctlichen Bergh\u00fctten mieten. Die knapp 300 H\u00fctten in Alleinlage, [&hellip;]<\/p>","protected":false},"author":2,"featured_media":0,"parent":809,"menu_order":0,"comment_status":"closed","ping_status":"closed","template":"","meta":{"inline_featured_image":false,"footnotes":""},"class_list":["post-814","page","type-page","status-publish","hentry"],"acf":[],"_links":{"self":[{"href":"https:\/\/www.bold-black.109-235-60-67.plesk.page\/nl\/wp-json\/wp\/v2\/pages\/814","targetHints":{"allow":["GET"]}}],"collection":[{"href":"https:\/\/www.bold-black.109-235-60-67.plesk.page\/nl\/wp-json\/wp\/v2\/pages"}],"about":[{"href":"https:\/\/www.bold-black.109-235-60-67.plesk.page\/nl\/wp-json\/wp\/v2\/types\/page"}],"author":[{"embeddable":true,"href":"https:\/\/www.bold-black.109-235-60-67.plesk.page\/nl\/wp-json\/wp\/v2\/users\/2"}],"replies":[{"embeddable":true,"href":"https:\/\/www.bold-black.109-235-60-67.plesk.page\/nl\/wp-json\/wp\/v2\/comments?post=814"}],"version-history":[{"count":9,"href":"https:\/\/www.bold-black.109-235-60-67.plesk.page\/nl\/wp-json\/wp\/v2\/pages\/814\/revisions"}],"predecessor-version":[{"id":8170,"href":"https:\/\/www.bold-black.109-235-60-67.plesk.page\/nl\/wp-json\/wp\/v2\/pages\/814\/revisions\/8170"}],"up":[{"embeddable":true,"href":"https:\/\/www.bold-black.109-235-60-67.plesk.page\/nl\/wp-json\/wp\/v2\/pages\/809"}],"wp:attachment":[{"href":"https:\/\/www.bold-black.109-235-60-67.plesk.page\/nl\/wp-json\/wp\/v2\/media?parent=814"}],"curies":[{"name":"wp","href":"https:\/\/api.w.org\/{rel}","templated":true}]}}