{"id":812,"date":"2024-04-09T21:09:14","date_gmt":"2024-04-09T21:09:14","guid":{"rendered":"https:\/\/www.huettenpartner.eu\/?page_id=812"},"modified":"2024-04-23T20:16:45","modified_gmt":"2024-04-23T18:16:45","slug":"skihuetten","status":"publish","type":"page","link":"https:\/\/www.bold-black.109-235-60-67.plesk.page\/nl\/huette-mieten\/skihuetten\/","title":{"rendered":"Skihutten"},"content":{"rendered":"<div data-elementor-type=\"wp-page\" data-elementor-id=\"812\" class=\"elementor elementor-812\">\n\t\t\t\t<div class=\"elementor-element elementor-element-6a36708 e-flex e-con-boxed e-con e-parent\" data-id=\"6a36708\" data-element_type=\"container\">\n\t\t\t\t\t<div class=\"e-con-inner\">\n\t\t\t\t<div class=\"elementor-element elementor-element-aa7e895 elementor-widget elementor-widget-heading\" data-id=\"aa7e895\" data-element_type=\"widget\" data-widget_type=\"heading.default\">\n\t\t\t\t<div class=\"elementor-widget-container\">\n\t\t\t\t\t<h2 class=\"elementor-heading-title elementor-size-default\">Skih\u00fctte mieten in \u00d6sterreich - Winterurlaub in den Alpen<\/h2>\t\t\t\t<\/div>\n\t\t\t\t<\/div>\n\t\t\t\t<div class=\"elementor-element elementor-element-09bfb97 elementor-widget elementor-widget-heading\" data-id=\"09bfb97\" data-element_type=\"widget\" data-widget_type=\"heading.default\">\n\t\t\t\t<div class=\"elementor-widget-container\">\n\t\t\t\t\t<h2 class=\"elementor-heading-title elementor-size-default\">Aktiver H\u00fcttenurlaub im Winter: Private und exklusive H\u00fctten<\/h2>\t\t\t\t<\/div>\n\t\t\t\t<\/div>\n\t\t\t\t<div class=\"elementor-element elementor-element-20d081f elementor-widget elementor-widget-text-editor\" data-id=\"20d081f\" data-element_type=\"widget\" data-widget_type=\"text-editor.default\">\n\t\t\t\t<div class=\"elementor-widget-container\">\n\t\t\t\t\t\t\t\t\t<p>H\u00fcttenurlaub ist Urlaub mitten in der Natur. Im Winter ist der Aufenthalt in der malerischen winterlichen Berglandschaft der Alpen ein wunderbares Erlebnis. Bei H\u00fcttenpartner finden Sie etwa 300 Schih\u00fctten und <a title=\"Chalet an der Skipiste | Winterurlaub in Schladming\" href=\"https:\/\/www.chalets-schladming.com\/chalet-skipiste-schladming.html\" target=\"_blank\" rel=\"noopener\">Chalets<\/a> in \u00d6sterreich, die Sie f\u00fcr Ihren <a title=\"Winterurlaub in \u00d6sterreich | Skih\u00fctte direkt an der Piste\" href=\"https:\/\/www.huettenpartner.com\/huettenurlaub\/winterurlaub-skifahren-schnee.html\">Winter vakantie<\/a> mieten k\u00f6nnen. Genie\u00dfen Sie die herrliche Winterlandschaft vor Ihrer T\u00fcre. Nutzen Sie sie zum Skifahren und f\u00fcr andere <a title=\"Langlaufen im Winterurlaub | Langlaufen in den Alpen\" href=\"https:\/\/www.huettenpartner.com\/huettenurlaub\/winter-langlaufen-urlaub.html\">sportliche Aktivit\u00e4ten<\/a>, <a title=\"H\u00fcttenfeiern | Partyurlaub in den Bergen\" href=\"https:\/\/www.huettenpartner.com\/huettenurlaub\/huette-feiern-partyurlaub.html\">feiern Sie Silvester<\/a> auf der Skih\u00fctte und freuen Sie sich auf unterhaltsame Abende am warmen Ofen. Selbstversorgerh\u00fctten geben Ihnen au\u00dferdem viel Freiheit und Flexibilit\u00e4t in Ihrem Skiurlaub.<\/p>\t\t\t\t\t\t\t\t<\/div>\n\t\t\t\t<\/div>\n\t\t\t\t\t<\/div>\n\t\t\t\t<\/div>\n\t\t<div class=\"elementor-element elementor-element-dd0e637 e-flex e-con-boxed e-con e-parent\" data-id=\"dd0e637\" data-element_type=\"container\">\n\t\t\t\t\t<div class=\"e-con-inner\">\n\t\t<div class=\"elementor-element elementor-element-30ac677 e-con-full e-flex e-con e-child\" data-id=\"30ac677\" data-element_type=\"container\">\n\t\t\t\t<div class=\"elementor-element elementor-element-ea40177 elementor-widget elementor-widget-image\" data-id=\"ea40177\" data-element_type=\"widget\" data-widget_type=\"image.default\">\n\t\t\t\t<div class=\"elementor-widget-container\">\n\t\t\t\t\t\t\t\t\t\t\t\t\t\t\t<img fetchpriority=\"high\" decoding=\"async\" width=\"768\" height=\"576\" src=\"https:\/\/www.bold-black.109-235-60-67.plesk.page\/wp-content\/uploads\/2024\/04\/02IMG_4516.JPG-29b528fa.jpg\" class=\"attachment-large size-large wp-image-5190\" alt=\"\" srcset=\"https:\/\/www.bold-black.109-235-60-67.plesk.page\/wp-content\/uploads\/2024\/04\/02IMG_4516.JPG-29b528fa.jpg 768w, https:\/\/www.bold-black.109-235-60-67.plesk.page\/wp-content\/uploads\/2024\/04\/02IMG_4516.JPG-29b528fa-300x225.jpg 300w, https:\/\/www.bold-black.109-235-60-67.plesk.page\/wp-content\/uploads\/2024\/04\/02IMG_4516.JPG-29b528fa-16x12.jpg 16w, https:\/\/www.bold-black.109-235-60-67.plesk.page\/wp-content\/uploads\/2024\/04\/02IMG_4516.JPG-29b528fa-405x304.jpg 405w\" sizes=\"(max-width: 768px) 100vw, 768px\" \/>\t\t\t\t\t\t\t\t\t\t\t\t\t\t\t<\/div>\n\t\t\t\t<\/div>\n\t\t\t\t<\/div>\n\t\t<div class=\"elementor-element elementor-element-e331925 e-con-full e-flex e-con e-child\" data-id=\"e331925\" data-element_type=\"container\">\n\t\t\t\t<div class=\"elementor-element elementor-element-5fbc7c3 elementor-widget elementor-widget-image\" data-id=\"5fbc7c3\" data-element_type=\"widget\" data-widget_type=\"image.default\">\n\t\t\t\t<div class=\"elementor-widget-container\">\n\t\t\t\t\t\t\t\t\t\t\t\t\t\t\t<img decoding=\"async\" width=\"768\" height=\"576\" src=\"https:\/\/www.bold-black.109-235-60-67.plesk.page\/wp-content\/uploads\/2024\/04\/winterlandschaft-schnee-berge-5a8a2da1.jpg\" class=\"attachment-large size-large wp-image-5187\" alt=\"\" srcset=\"https:\/\/www.bold-black.109-235-60-67.plesk.page\/wp-content\/uploads\/2024\/04\/winterlandschaft-schnee-berge-5a8a2da1.jpg 768w, https:\/\/www.bold-black.109-235-60-67.plesk.page\/wp-content\/uploads\/2024\/04\/winterlandschaft-schnee-berge-5a8a2da1-300x225.jpg 300w, https:\/\/www.bold-black.109-235-60-67.plesk.page\/wp-content\/uploads\/2024\/04\/winterlandschaft-schnee-berge-5a8a2da1-16x12.jpg 16w, https:\/\/www.bold-black.109-235-60-67.plesk.page\/wp-content\/uploads\/2024\/04\/winterlandschaft-schnee-berge-5a8a2da1-405x304.jpg 405w\" sizes=\"(max-width: 768px) 100vw, 768px\" \/>\t\t\t\t\t\t\t\t\t\t\t\t\t\t\t<\/div>\n\t\t\t\t<\/div>\n\t\t\t\t<\/div>\n\t\t\t\t\t<\/div>\n\t\t\t\t<\/div>\n\t\t<div class=\"elementor-element elementor-element-f4a293f e-flex e-con-boxed e-con e-parent\" data-id=\"f4a293f\" data-element_type=\"container\">\n\t\t\t\t\t<div class=\"e-con-inner\">\n\t\t\t\t<div class=\"elementor-element elementor-element-1fba058 elementor-widget elementor-widget-heading\" data-id=\"1fba058\" data-element_type=\"widget\" data-widget_type=\"heading.default\">\n\t\t\t\t<div class=\"elementor-widget-container\">\n\t\t\t\t\t<h2 class=\"elementor-heading-title elementor-size-default\">Herrliche Winterlandschaft an Ihrer Skih\u00fctte<\/h2>\t\t\t\t<\/div>\n\t\t\t\t<\/div>\n\t\t\t\t<div class=\"elementor-element elementor-element-bd63165 elementor-widget elementor-widget-text-editor\" data-id=\"bd63165\" data-element_type=\"widget\" data-widget_type=\"text-editor.default\">\n\t\t\t\t<div class=\"elementor-widget-container\">\n\t\t\t\t\t\t\t\t\t<p>Schneebedeckte Gipfel, die in der Sonne strahlen, verschneite Wiesen und W\u00e4lder \u2013 eine traumhafte Winterlandschaft wartet vor Ihrer H\u00fcttent\u00fcre auf Sie. Gehen Sie aus den Schih\u00fctten hinaus, stapfen Sie durch den glitzernden Schnee und erleben Sie die einmalige Ruhe und Stille dieser Winterwunderwelt w\u00e4hrend Ihres H\u00fcttenurlaubs in \u00d6sterreich. Freuen Sie sich jetzt schon auf den Winter? Dann mieten Sie schon jetzt Ihre Bergh\u00fctten in \u00d6sterreich.<\/p>\t\t\t\t\t\t\t\t<\/div>\n\t\t\t\t<\/div>\n\t\t\t\t<div class=\"elementor-element elementor-element-d682b3e elementor-widget elementor-widget-heading\" data-id=\"d682b3e\" data-element_type=\"widget\" data-widget_type=\"heading.default\">\n\t\t\t\t<div class=\"elementor-widget-container\">\n\t\t\t\t\t<h2 class=\"elementor-heading-title elementor-size-default\">Skifahren und andere sportliche Aktivit\u00e4ten<\/h2>\t\t\t\t<\/div>\n\t\t\t\t<\/div>\n\t\t\t\t<div class=\"elementor-element elementor-element-e430ced elementor-widget elementor-widget-text-editor\" data-id=\"e430ced\" data-element_type=\"widget\" data-widget_type=\"text-editor.default\">\n\t\t\t\t<div class=\"elementor-widget-container\">\n\t\t\t\t\t\t\t\t\t<p>Diese traumhafte Landschaft l\u00e4dt f\u00f6rmlich ein zu sportlichen Aktivit\u00e4ten und Naturgenuss. Von Ihrer Skih\u00fctte direkt im Skigebiet starten Sie in der Fr\u00fch auf die menschenleere Piste in den unverspurten Schnee. Die \u00f6sterreichischen Berge sind ein Eldorado des Wintersports. Abseits der Piste herrschen perfekte Bedingungen zum <a title=\"Skitochten in Oostenrijk | Skitochten op wintervakantie\" href=\"https:\/\/www.huettenpartner.com\/huettenurlaub\/berge-schnee-skitouren.html\">Skitouren gehen<\/a>,\u00a0<a title=\"Langlaufen im Winterurlaub | Langlaufen in den Alpen\" href=\"https:\/\/www.huettenpartner.com\/huettenurlaub\/winter-langlaufen-urlaub.html\">Langlaufen<\/a>, Rodeln, Eisklettern, Eislaufen, Winter- und Schneeschuhwandern oder was Ihnen sonst so einf\u00e4llt. Au\u00dferdem gibt es in vielen Regionen in \u00d6sterreich Thermen und Schwimmb\u00e4der, in denen Sie den ganzen Tag entspannen k\u00f6nnen.<\/p>\t\t\t\t\t\t\t\t<\/div>\n\t\t\t\t<\/div>\n\t\t\t\t<div class=\"elementor-element elementor-element-5597934 elementor-widget elementor-widget-heading\" data-id=\"5597934\" data-element_type=\"widget\" data-widget_type=\"heading.default\">\n\t\t\t\t<div class=\"elementor-widget-container\">\n\t\t\t\t\t<h2 class=\"elementor-heading-title elementor-size-default\">Gem\u00fctliche Abende in der Bergh\u00fctte<\/h2>\t\t\t\t<\/div>\n\t\t\t\t<\/div>\n\t\t\t\t<div class=\"elementor-element elementor-element-ea99062 elementor-widget elementor-widget-text-editor\" data-id=\"ea99062\" data-element_type=\"widget\" data-widget_type=\"text-editor.default\">\n\t\t\t\t<div class=\"elementor-widget-container\">\n\t\t\t\t\t\t\t\t\t<p>Nach einem anstrengenden Tag im Freien wartet Ihre wohlig warme Skih\u00fctte auf Sie. St\u00e4rken Sie sich mit einem <a href=\"https:\/\/www.huettenpartner.com\/huettenaufenthalt\/huettenrezepte-essen-kochen.html\">deftigen H\u00fcttenrezept<\/a>, bevor Sie es sich beim prasselnden Feuer gem\u00fctlich machen. Das eine oder andere Glas Wein kann den Abend vers\u00fc\u00dfen, auch wenn Sie beim Spieleabend mit Ihren Kindern oder Freunden den K\u00fcrzeren ziehen.<\/p><p>Wenn Sie sich f\u00fcr eine Skih\u00fctte mit Wohlf\u00fchlbereich entschieden haben, dann nutzen Sie das Wellnessangebot, genie\u00dfen Sie ein Bad in der Wanne, ein Dampfbad, die Sauna oder Infrarotkabine und sp\u00fcren Sie, wie der Alltagsstress von Ihnen abf\u00e4llt. Und keine Sorge, mit dem vielf\u00e4ltigen Angebot an Skih\u00fctten ist f\u00fcr jeden das Richtige dabei!<\/p>\t\t\t\t\t\t\t\t<\/div>\n\t\t\t\t<\/div>\n\t\t\t\t<div class=\"elementor-element elementor-element-83ac6be elementor-widget elementor-widget-spacer\" data-id=\"83ac6be\" data-element_type=\"widget\" data-widget_type=\"spacer.default\">\n\t\t\t\t<div class=\"elementor-widget-container\">\n\t\t\t\t\t\t\t<div class=\"elementor-spacer\">\n\t\t\t<div class=\"elementor-spacer-inner\"><\/div>\n\t\t<\/div>\n\t\t\t\t\t\t<\/div>\n\t\t\t\t<\/div>\n\t\t\t\t\t<\/div>\n\t\t\t\t<\/div>\n\t\t<div class=\"elementor-element elementor-element-dc625b7 e-flex e-con-boxed e-con e-parent\" data-id=\"dc625b7\" data-element_type=\"container\">\n\t\t\t\t\t<div class=\"e-con-inner\">\n\t\t<div class=\"elementor-element elementor-element-46849ed e-con-full e-flex e-con e-child\" data-id=\"46849ed\" data-element_type=\"container\">\n\t\t\t\t<div class=\"elementor-element elementor-element-8f0b2a7 elementor-widget elementor-widget-image\" data-id=\"8f0b2a7\" data-element_type=\"widget\" data-widget_type=\"image.default\">\n\t\t\t\t<div class=\"elementor-widget-container\">\n\t\t\t\t\t\t\t\t\t\t\t\t\t\t\t<img decoding=\"async\" width=\"768\" height=\"576\" src=\"https:\/\/www.bold-black.109-235-60-67.plesk.page\/wp-content\/uploads\/2024\/04\/13IMG_5226-c722d436.jpg\" class=\"attachment-large size-large wp-image-5189\" alt=\"\" srcset=\"https:\/\/www.bold-black.109-235-60-67.plesk.page\/wp-content\/uploads\/2024\/04\/13IMG_5226-c722d436.jpg 768w, https:\/\/www.bold-black.109-235-60-67.plesk.page\/wp-content\/uploads\/2024\/04\/13IMG_5226-c722d436-300x225.jpg 300w, https:\/\/www.bold-black.109-235-60-67.plesk.page\/wp-content\/uploads\/2024\/04\/13IMG_5226-c722d436-16x12.jpg 16w, https:\/\/www.bold-black.109-235-60-67.plesk.page\/wp-content\/uploads\/2024\/04\/13IMG_5226-c722d436-405x304.jpg 405w\" sizes=\"(max-width: 768px) 100vw, 768px\" \/>\t\t\t\t\t\t\t\t\t\t\t\t\t\t\t<\/div>\n\t\t\t\t<\/div>\n\t\t\t\t<\/div>\n\t\t<div class=\"elementor-element elementor-element-1879500 e-con-full e-flex e-con e-child\" data-id=\"1879500\" data-element_type=\"container\">\n\t\t\t\t<div class=\"elementor-element elementor-element-d05bb81 elementor-widget elementor-widget-image\" data-id=\"d05bb81\" data-element_type=\"widget\" data-widget_type=\"image.default\">\n\t\t\t\t<div class=\"elementor-widget-container\">\n\t\t\t\t\t\t\t\t\t\t\t\t\t\t\t<img loading=\"lazy\" decoding=\"async\" width=\"768\" height=\"576\" src=\"https:\/\/www.bold-black.109-235-60-67.plesk.page\/wp-content\/uploads\/2024\/04\/huettenrezepte-urlaub-rindsgulasch-83556b16.jpg\" class=\"attachment-large size-large wp-image-5188\" alt=\"\" srcset=\"https:\/\/www.bold-black.109-235-60-67.plesk.page\/wp-content\/uploads\/2024\/04\/huettenrezepte-urlaub-rindsgulasch-83556b16.jpg 768w, https:\/\/www.bold-black.109-235-60-67.plesk.page\/wp-content\/uploads\/2024\/04\/huettenrezepte-urlaub-rindsgulasch-83556b16-300x225.jpg 300w, https:\/\/www.bold-black.109-235-60-67.plesk.page\/wp-content\/uploads\/2024\/04\/huettenrezepte-urlaub-rindsgulasch-83556b16-16x12.jpg 16w, https:\/\/www.bold-black.109-235-60-67.plesk.page\/wp-content\/uploads\/2024\/04\/huettenrezepte-urlaub-rindsgulasch-83556b16-405x304.jpg 405w\" sizes=\"(max-width: 768px) 100vw, 768px\" \/>\t\t\t\t\t\t\t\t\t\t\t\t\t\t\t<\/div>\n\t\t\t\t<\/div>\n\t\t\t\t<\/div>\n\t\t\t\t\t<\/div>\n\t\t\t\t<\/div>\n\t\t<div class=\"elementor-element elementor-element-b4612ae e-flex e-con-boxed e-con e-parent\" data-id=\"b4612ae\" data-element_type=\"container\">\n\t\t\t\t\t<div class=\"e-con-inner\">\n\t\t\t\t\t<\/div>\n\t\t\t\t<\/div>\n\t\t\t\t<\/div>","protected":false},"excerpt":{"rendered":"<p>Skih\u00fctte mieten in \u00d6sterreich &#8211; Winterurlaub in den Alpen Aktiver H\u00fcttenurlaub im Winter: Private und exklusive H\u00fctten H\u00fcttenurlaub ist Urlaub mitten in der Natur. Im Winter ist der Aufenthalt in der malerischen winterlichen Berglandschaft der Alpen ein wunderbares Erlebnis. Bei H\u00fcttenpartner finden Sie etwa 300 Schih\u00fctten und Chalets in \u00d6sterreich, die Sie f\u00fcr Ihren Winterurlaub [&hellip;]<\/p>","protected":false},"author":2,"featured_media":0,"parent":809,"menu_order":0,"comment_status":"closed","ping_status":"closed","template":"","meta":{"inline_featured_image":false,"footnotes":""},"class_list":["post-812","page","type-page","status-publish","hentry"],"acf":[],"_links":{"self":[{"href":"https:\/\/www.bold-black.109-235-60-67.plesk.page\/nl\/wp-json\/wp\/v2\/pages\/812","targetHints":{"allow":["GET"]}}],"collection":[{"href":"https:\/\/www.bold-black.109-235-60-67.plesk.page\/nl\/wp-json\/wp\/v2\/pages"}],"about":[{"href":"https:\/\/www.bold-black.109-235-60-67.plesk.page\/nl\/wp-json\/wp\/v2\/types\/page"}],"author":[{"embeddable":true,"href":"https:\/\/www.bold-black.109-235-60-67.plesk.page\/nl\/wp-json\/wp\/v2\/users\/2"}],"replies":[{"embeddable":true,"href":"https:\/\/www.bold-black.109-235-60-67.plesk.page\/nl\/wp-json\/wp\/v2\/comments?post=812"}],"version-history":[{"count":14,"href":"https:\/\/www.bold-black.109-235-60-67.plesk.page\/nl\/wp-json\/wp\/v2\/pages\/812\/revisions"}],"predecessor-version":[{"id":5232,"href":"https:\/\/www.bold-black.109-235-60-67.plesk.page\/nl\/wp-json\/wp\/v2\/pages\/812\/revisions\/5232"}],"up":[{"embeddable":true,"href":"https:\/\/www.bold-black.109-235-60-67.plesk.page\/nl\/wp-json\/wp\/v2\/pages\/809"}],"wp:attachment":[{"href":"https:\/\/www.bold-black.109-235-60-67.plesk.page\/nl\/wp-json\/wp\/v2\/media?parent=812"}],"curies":[{"name":"wp","href":"https:\/\/api.w.org\/{rel}","templated":true}]}}