{"id":809,"date":"2024-04-09T21:07:30","date_gmt":"2024-04-09T21:07:30","guid":{"rendered":"https:\/\/www.huettenpartner.eu\/?page_id=809"},"modified":"2024-04-25T12:06:50","modified_gmt":"2024-04-25T10:06:50","slug":"huette-mieten","status":"publish","type":"page","link":"https:\/\/www.bold-black.109-235-60-67.plesk.page\/nl\/huette-mieten\/","title":{"rendered":"Huur hutten"},"content":{"rendered":"<div data-elementor-type=\"wp-page\" data-elementor-id=\"809\" class=\"elementor elementor-809\">\n\t\t\t\t<div class=\"elementor-element elementor-element-e8d687d e-flex e-con-boxed e-con e-parent\" data-id=\"e8d687d\" data-element_type=\"container\">\n\t\t\t\t\t<div class=\"e-con-inner\">\n\t\t\t\t<div class=\"elementor-element elementor-element-b1d38a0 elementor-widget elementor-widget-heading\" data-id=\"b1d38a0\" data-element_type=\"widget\" data-widget_type=\"heading.default\">\n\t\t\t\t<div class=\"elementor-widget-container\">\n\t\t\t\t\t<h2 class=\"elementor-heading-title elementor-size-default\">Hier ist die richtige H\u00fctte f\u00fcr Ihren Urlaub<\/h2>\t\t\t\t<\/div>\n\t\t\t\t<\/div>\n\t\t\t\t<div class=\"elementor-element elementor-element-1bc1d14 elementor-widget elementor-widget-heading\" data-id=\"1bc1d14\" data-element_type=\"widget\" data-widget_type=\"heading.default\">\n\t\t\t\t<div class=\"elementor-widget-container\">\n\t\t\t\t\t<h2 class=\"elementor-heading-title elementor-size-default\">Durchsuchen Sie das gesamte Angebot an Almh\u00fctten, Skih\u00fctten, Chalets und Ferienh\u00e4usern und finden Sie Ihr perfektes Urlaubsziel in \u00d6sterreich<\/h2>\t\t\t\t<\/div>\n\t\t\t\t<\/div>\n\t\t\t\t\t<\/div>\n\t\t\t\t<\/div>\n\t\t<div class=\"elementor-element elementor-element-67d7914 e-flex e-con-boxed e-con e-parent\" data-id=\"67d7914\" data-element_type=\"container\">\n\t\t\t\t\t<div class=\"e-con-inner\">\n\t\t\t\t\t<\/div>\n\t\t\t\t<\/div>\n\t\t\t\t<\/div>","protected":false},"excerpt":{"rendered":"<p>Hier ist die richtige H\u00fctte f\u00fcr Ihren Urlaub Durchsuchen Sie das gesamte Angebot an Almh\u00fctten, Skih\u00fctten, Chalets und Ferienh\u00e4usern und finden Sie Ihr perfektes Urlaubsziel in \u00d6sterreich Erforderliche Felder werden gefolgt von * Anreise * Abreise * Personen \u20141 &#8211; 6 Personen11 &#8211; 16 Personen17 &#8211; 20 Personen20 und mehr Personen7 -10 Personen AMA-SBG Details [&hellip;]<\/p>","protected":false},"author":2,"featured_media":0,"parent":0,"menu_order":0,"comment_status":"closed","ping_status":"closed","template":"template-full-width.php","meta":{"inline_featured_image":false,"footnotes":""},"class_list":["post-809","page","type-page","status-publish","hentry"],"acf":[],"_links":{"self":[{"href":"https:\/\/www.bold-black.109-235-60-67.plesk.page\/nl\/wp-json\/wp\/v2\/pages\/809","targetHints":{"allow":["GET"]}}],"collection":[{"href":"https:\/\/www.bold-black.109-235-60-67.plesk.page\/nl\/wp-json\/wp\/v2\/pages"}],"about":[{"href":"https:\/\/www.bold-black.109-235-60-67.plesk.page\/nl\/wp-json\/wp\/v2\/types\/page"}],"author":[{"embeddable":true,"href":"https:\/\/www.bold-black.109-235-60-67.plesk.page\/nl\/wp-json\/wp\/v2\/users\/2"}],"replies":[{"embeddable":true,"href":"https:\/\/www.bold-black.109-235-60-67.plesk.page\/nl\/wp-json\/wp\/v2\/comments?post=809"}],"version-history":[{"count":36,"href":"https:\/\/www.bold-black.109-235-60-67.plesk.page\/nl\/wp-json\/wp\/v2\/pages\/809\/revisions"}],"predecessor-version":[{"id":7405,"href":"https:\/\/www.bold-black.109-235-60-67.plesk.page\/nl\/wp-json\/wp\/v2\/pages\/809\/revisions\/7405"}],"wp:attachment":[{"href":"https:\/\/www.bold-black.109-235-60-67.plesk.page\/nl\/wp-json\/wp\/v2\/media?parent=809"}],"curies":[{"name":"wp","href":"https:\/\/api.w.org\/{rel}","templated":true}]}}