{"id":906,"date":"2024-04-09T21:46:33","date_gmt":"2024-04-09T21:46:33","guid":{"rendered":"https:\/\/www.huettenpartner.eu\/?page_id=906"},"modified":"2024-04-24T17:23:42","modified_gmt":"2024-04-24T15:23:42","slug":"bezahlung","status":"publish","type":"page","link":"https:\/\/www.bold-black.109-235-60-67.plesk.page\/hu\/service\/bezahlung\/","title":{"rendered":"fizet\u00e9s"},"content":{"rendered":"<div data-elementor-type=\"wp-page\" data-elementor-id=\"906\" class=\"elementor elementor-906\">\n\t\t\t\t<div class=\"elementor-element elementor-element-92712e2 e-flex e-con-boxed e-con e-parent\" data-id=\"92712e2\" data-element_type=\"container\">\n\t\t\t\t\t<div class=\"e-con-inner\">\n\t\t\t\t<div class=\"elementor-element elementor-element-76f1db8 elementor-widget elementor-widget-heading\" data-id=\"76f1db8\" data-element_type=\"widget\" data-widget_type=\"heading.default\">\n\t\t\t\t<div class=\"elementor-widget-container\">\n\t\t\t\t\t<h2 class=\"elementor-heading-title elementor-size-default\">fizet\u00e9s<\/h2>\t\t\t\t<\/div>\n\t\t\t\t<\/div>\n\t\t\t\t<div class=\"elementor-element elementor-element-c80b0f5 elementor-widget elementor-widget-heading\" data-id=\"c80b0f5\" data-element_type=\"widget\" data-widget_type=\"heading.default\">\n\t\t\t\t<div class=\"elementor-widget-container\">\n\t\t\t\t\t<h2 class=\"elementor-heading-title elementor-size-default\">Neben Ihrer individuellen \u00dcberweisung bietet H\u00fcttenpartner folgende bequeme Zahlungsm\u00f6glichkeiten<\/h2>\t\t\t\t<\/div>\n\t\t\t\t<\/div>\n\t\t\t\t<div class=\"elementor-element elementor-element-2bb2ac1 elementor-widget elementor-widget-text-editor\" data-id=\"2bb2ac1\" data-element_type=\"widget\" data-widget_type=\"text-editor.default\">\n\t\t\t\t<div class=\"elementor-widget-container\">\n\t\t\t\t\t\t\t\t\t<table class=\"content-table table-striped\"><tbody><tr><td><strong>Kreditkarte<\/strong><\/td><td><table><tbody><tr><td><p><img fetchpriority=\"high\" decoding=\"async\" class=\"alignnone size-medium wp-image-6822\" src=\"https:\/\/www.huettenpartner.eu\/wp-content\/uploads\/2024\/04\/logo-visa-kl-300x300.jpg\" alt=\"\" width=\"300\" height=\"300\" srcset=\"https:\/\/www.bold-black.109-235-60-67.plesk.page\/wp-content\/uploads\/2024\/04\/logo-visa-kl-300x300.jpg 300w, https:\/\/www.bold-black.109-235-60-67.plesk.page\/wp-content\/uploads\/2024\/04\/logo-visa-kl-1024x1024.jpg 1024w, https:\/\/www.bold-black.109-235-60-67.plesk.page\/wp-content\/uploads\/2024\/04\/logo-visa-kl-150x150.jpg 150w, https:\/\/www.bold-black.109-235-60-67.plesk.page\/wp-content\/uploads\/2024\/04\/logo-visa-kl-768x768.jpg 768w, https:\/\/www.bold-black.109-235-60-67.plesk.page\/wp-content\/uploads\/2024\/04\/logo-visa-kl-1536x1536.jpg 1536w, https:\/\/www.bold-black.109-235-60-67.plesk.page\/wp-content\/uploads\/2024\/04\/logo-visa-kl-12x12.jpg 12w, https:\/\/www.bold-black.109-235-60-67.plesk.page\/wp-content\/uploads\/2024\/04\/logo-visa-kl-405x405.jpg 405w, https:\/\/www.bold-black.109-235-60-67.plesk.page\/wp-content\/uploads\/2024\/04\/logo-visa-kl-100x100.jpg 100w, https:\/\/www.bold-black.109-235-60-67.plesk.page\/wp-content\/uploads\/2024\/04\/logo-visa-kl.jpg 1651w\" sizes=\"(max-width: 300px) 100vw, 300px\" \/><\/p><p>VisaCard<\/p><\/td><\/tr><tr><td><p style=\"text-align: center;\"><img decoding=\"async\" class=\"alignnone size-medium wp-image-6821\" src=\"https:\/\/www.huettenpartner.eu\/wp-content\/uploads\/2024\/04\/logo-mastercard-kl-300x300.jpg\" alt=\"\" width=\"300\" height=\"300\" srcset=\"https:\/\/www.bold-black.109-235-60-67.plesk.page\/wp-content\/uploads\/2024\/04\/logo-mastercard-kl-300x300.jpg 300w, https:\/\/www.bold-black.109-235-60-67.plesk.page\/wp-content\/uploads\/2024\/04\/logo-mastercard-kl-1024x1024.jpg 1024w, https:\/\/www.bold-black.109-235-60-67.plesk.page\/wp-content\/uploads\/2024\/04\/logo-mastercard-kl-150x150.jpg 150w, https:\/\/www.bold-black.109-235-60-67.plesk.page\/wp-content\/uploads\/2024\/04\/logo-mastercard-kl-768x768.jpg 768w, https:\/\/www.bold-black.109-235-60-67.plesk.page\/wp-content\/uploads\/2024\/04\/logo-mastercard-kl-12x12.jpg 12w, https:\/\/www.bold-black.109-235-60-67.plesk.page\/wp-content\/uploads\/2024\/04\/logo-mastercard-kl-405x405.jpg 405w, https:\/\/www.bold-black.109-235-60-67.plesk.page\/wp-content\/uploads\/2024\/04\/logo-mastercard-kl-100x100.jpg 100w, https:\/\/www.bold-black.109-235-60-67.plesk.page\/wp-content\/uploads\/2024\/04\/logo-mastercard-kl.jpg 1500w\" sizes=\"(max-width: 300px) 100vw, 300px\" \/><\/p><p>MasterCard<\/p><\/td><\/tr><\/tbody><\/table><\/td><td>Wir akzeptieren Visa und MasterCard. Ihre Zahlungsdaten werden durch 128-Bit SSL-Verschl\u00fcsselung direkt an das Kreditkarteninstitut \u00fcbermittelt und binnen weniger Sekunden auf ihre G\u00fcltigkeit \u00fcberpr\u00fcft.<\/td><\/tr><tr><td><strong>Maestrokarte<\/strong><\/td><td><p style=\"text-align: center;\"><img decoding=\"async\" class=\"alignnone size-medium wp-image-6823\" src=\"https:\/\/www.huettenpartner.eu\/wp-content\/uploads\/2024\/04\/maestron-300x188.jpg\" alt=\"\" width=\"300\" height=\"188\" srcset=\"https:\/\/www.bold-black.109-235-60-67.plesk.page\/wp-content\/uploads\/2024\/04\/maestron-300x188.jpg 300w, https:\/\/www.bold-black.109-235-60-67.plesk.page\/wp-content\/uploads\/2024\/04\/maestron-768x480.jpg 768w, https:\/\/www.bold-black.109-235-60-67.plesk.page\/wp-content\/uploads\/2024\/04\/maestron-18x12.jpg 18w, https:\/\/www.bold-black.109-235-60-67.plesk.page\/wp-content\/uploads\/2024\/04\/maestron-405x254.jpg 405w, https:\/\/www.bold-black.109-235-60-67.plesk.page\/wp-content\/uploads\/2024\/04\/maestron.jpg 900w\" sizes=\"(max-width: 300px) 100vw, 300px\" \/><\/p><p>Maestro SecureCode<\/p><\/td><td>Wir akzeptieren auch Ihre Maestrokarte (Bankomatkarte) mit SecureCode Verfahren.<br \/>Um mit Ihrer Maestrokarte im Internet zahlen zu k\u00f6nnen, m\u00fcssen Sie Ihre Karte registriert haben. Sie werden nach einem pers\u00f6nlichen Sicherheitscode gefragt, den nur Sie und Ihre Bank kennen.<\/td><\/tr><tr class=\"sofortueberweisung\"><td><p><strong>Online-Banking\u00a0<\/strong><\/p><\/td><td><p><img loading=\"lazy\" decoding=\"async\" class=\"alignnone size-medium wp-image-6820\" src=\"https:\/\/www.huettenpartner.eu\/wp-content\/uploads\/2024\/04\/eps-giropay-logo-color-300x195.jpg\" alt=\"\" width=\"300\" height=\"195\" srcset=\"https:\/\/www.bold-black.109-235-60-67.plesk.page\/wp-content\/uploads\/2024\/04\/eps-giropay-logo-color-300x195.jpg 300w, https:\/\/www.bold-black.109-235-60-67.plesk.page\/wp-content\/uploads\/2024\/04\/eps-giropay-logo-color-768x500.jpg 768w, https:\/\/www.bold-black.109-235-60-67.plesk.page\/wp-content\/uploads\/2024\/04\/eps-giropay-logo-color-18x12.jpg 18w, https:\/\/www.bold-black.109-235-60-67.plesk.page\/wp-content\/uploads\/2024\/04\/eps-giropay-logo-color-405x264.jpg 405w, https:\/\/www.bold-black.109-235-60-67.plesk.page\/wp-content\/uploads\/2024\/04\/eps-giropay-logo-color.jpg 800w\" sizes=\"(max-width: 300px) 100vw, 300px\" \/><\/p><p>EPS \u00dcberweisung<\/p><\/td><td><p>Wir bieten Ihnen die M\u00f6glichkeit, direkt \u00fcber Ihr eigenes Online-Banking zu bezahlen, ohne dass pers\u00f6nliche Daten Ihre eigene Bank verlassen. EPS arbeitet mit neuesten Verschl\u00fcsselungsmethoden.\u00a0<\/p><p>\u00a0<\/p><h3><a title=\"Online Zahlung f\u00fcr Ihren H\u00fcttenurlaub\" href=\"https:\/\/www.huettenpartner.com\/service\/bezahlung\/online-zahlung.html\">&gt;&gt; Hier klicken f\u00fcr Online Zahlungen<\/a><\/h3><\/td><\/tr><\/tbody><\/table>\t\t\t\t\t\t\t\t<\/div>\n\t\t\t\t<\/div>\n\t\t\t\t\t<\/div>\n\t\t\t\t<\/div>\n\t\t\t\t<\/div>","protected":false},"excerpt":{"rendered":"<p>Bezahlung Neben Ihrer individuellen \u00dcberweisung bietet H\u00fcttenpartner folgende bequeme Zahlungsm\u00f6glichkeiten Kreditkarte VisaCard MasterCard Wir akzeptieren Visa und MasterCard. Ihre Zahlungsdaten werden durch 128-Bit SSL-Verschl\u00fcsselung direkt an das Kreditkarteninstitut \u00fcbermittelt und binnen weniger Sekunden auf ihre G\u00fcltigkeit \u00fcberpr\u00fcft. Maestrokarte Maestro SecureCode Wir akzeptieren auch Ihre Maestrokarte (Bankomatkarte) mit SecureCode Verfahren.Um mit Ihrer Maestrokarte im Internet zahlen [&hellip;]<\/p>","protected":false},"author":2,"featured_media":0,"parent":890,"menu_order":0,"comment_status":"closed","ping_status":"closed","template":"","meta":{"inline_featured_image":false,"footnotes":""},"class_list":["post-906","page","type-page","status-publish","hentry"],"acf":[],"_links":{"self":[{"href":"https:\/\/www.bold-black.109-235-60-67.plesk.page\/hu\/wp-json\/wp\/v2\/pages\/906","targetHints":{"allow":["GET"]}}],"collection":[{"href":"https:\/\/www.bold-black.109-235-60-67.plesk.page\/hu\/wp-json\/wp\/v2\/pages"}],"about":[{"href":"https:\/\/www.bold-black.109-235-60-67.plesk.page\/hu\/wp-json\/wp\/v2\/types\/page"}],"author":[{"embeddable":true,"href":"https:\/\/www.bold-black.109-235-60-67.plesk.page\/hu\/wp-json\/wp\/v2\/users\/2"}],"replies":[{"embeddable":true,"href":"https:\/\/www.bold-black.109-235-60-67.plesk.page\/hu\/wp-json\/wp\/v2\/comments?post=906"}],"version-history":[{"count":4,"href":"https:\/\/www.bold-black.109-235-60-67.plesk.page\/hu\/wp-json\/wp\/v2\/pages\/906\/revisions"}],"predecessor-version":[{"id":6845,"href":"https:\/\/www.bold-black.109-235-60-67.plesk.page\/hu\/wp-json\/wp\/v2\/pages\/906\/revisions\/6845"}],"up":[{"embeddable":true,"href":"https:\/\/www.bold-black.109-235-60-67.plesk.page\/hu\/wp-json\/wp\/v2\/pages\/890"}],"wp:attachment":[{"href":"https:\/\/www.bold-black.109-235-60-67.plesk.page\/hu\/wp-json\/wp\/v2\/media?parent=906"}],"curies":[{"name":"wp","href":"https:\/\/api.w.org\/{rel}","templated":true}]}}