{"id":888,"date":"2024-04-09T21:41:06","date_gmt":"2024-04-09T21:41:06","guid":{"rendered":"https:\/\/www.huettenpartner.eu\/?page_id=888"},"modified":"2024-04-24T15:08:21","modified_gmt":"2024-04-24T13:08:21","slug":"schlechtwettertipps","status":"publish","type":"page","link":"https:\/\/www.bold-black.109-235-60-67.plesk.page\/hu\/nuetzliches\/schlechtwettertipps\/","title":{"rendered":"Rossz id\u0151j\u00e1r\u00e1si tippek"},"content":{"rendered":"<div data-elementor-type=\"wp-page\" data-elementor-id=\"888\" class=\"elementor elementor-888\">\n\t\t\t\t<div class=\"elementor-element elementor-element-b18e744 e-flex e-con-boxed e-con e-parent\" data-id=\"b18e744\" data-element_type=\"container\">\n\t\t\t\t\t<div class=\"e-con-inner\">\n\t\t\t\t<div class=\"elementor-element elementor-element-7a056fc elementor-widget elementor-widget-heading\" data-id=\"7a056fc\" data-element_type=\"widget\" data-widget_type=\"heading.default\">\n\t\t\t\t<div class=\"elementor-widget-container\">\n\t\t\t\t\t<h2 class=\"elementor-heading-title elementor-size-default\">Schlechtwetterprogramm f\u00fcr Ihren H\u00fcttenurlaub in den Bergen<\/h2>\t\t\t\t<\/div>\n\t\t\t\t<\/div>\n\t\t\t\t<div class=\"elementor-element elementor-element-22ba3a3 elementor-widget elementor-widget-heading\" data-id=\"22ba3a3\" data-element_type=\"widget\" data-widget_type=\"heading.default\">\n\t\t\t\t<div class=\"elementor-widget-container\">\n\t\t\t\t\t<h2 class=\"elementor-heading-title elementor-size-default\">Tipps f\u00fcr gute Laune trotz schlechten Wetters<\/h2>\t\t\t\t<\/div>\n\t\t\t\t<\/div>\n\t\t\t\t\t<\/div>\n\t\t\t\t<\/div>\n\t\t<div class=\"elementor-element elementor-element-e756713 e-flex e-con-boxed e-con e-parent\" data-id=\"e756713\" data-element_type=\"container\">\n\t\t\t\t\t<div class=\"e-con-inner\">\n\t\t<div class=\"elementor-element elementor-element-234a2e9 e-con-full e-flex e-con e-child\" data-id=\"234a2e9\" data-element_type=\"container\">\n\t\t\t\t<div class=\"elementor-element elementor-element-54dea7a elementor-widget elementor-widget-text-editor\" data-id=\"54dea7a\" data-element_type=\"widget\" data-widget_type=\"text-editor.default\">\n\t\t\t\t<div class=\"elementor-widget-container\">\n\t\t\t\t\t\t\t\t\t<p>Wie \u00fcberall anders gibt es auch bei Ihrem H\u00fcttenurlaub keine Garantie f\u00fcr durchgehend sch\u00f6nes Wetter. Was Sie tun k\u00f6nnen, damit Sie f\u00fcr schlechtere Tage bestens ger\u00fcstet sind, erfahren Sie hier.<\/p>\t\t\t\t\t\t\t\t<\/div>\n\t\t\t\t<\/div>\n\t\t\t\t<div class=\"elementor-element elementor-element-b884313 elementor-widget elementor-widget-heading\" data-id=\"b884313\" data-element_type=\"widget\" data-widget_type=\"heading.default\">\n\t\t\t\t<div class=\"elementor-widget-container\">\n\t\t\t\t\t<h2 class=\"elementor-heading-title elementor-size-default\">Packen Sie die richtige Kleidung ein<\/h2>\t\t\t\t<\/div>\n\t\t\t\t<\/div>\n\t\t\t\t<div class=\"elementor-element elementor-element-00fb83f elementor-widget elementor-widget-text-editor\" data-id=\"00fb83f\" data-element_type=\"widget\" data-widget_type=\"text-editor.default\">\n\t\t\t\t<div class=\"elementor-widget-container\">\n\t\t\t\t\t\t\t\t\t<p>Es gibt kein schlechtes Wetter sondern nur schlechte Kleidung! So abgedroschen dieser Spruch auch klingen mag, er hat \u2013 besonders wenn es sich um Urlaub in der Natur handelt \u2013 einen wahren Kern. Bereiten Sie sich auf schlechtes Wetter vor und packen Sie passende Kleidung f\u00fcr Schlechtwetter-Aktivit\u00e4ten ein. Mit Regenjacke und festem Schuhwerk ausger\u00fcstet l\u00e4sst sich die Natur auch bei etwas Regen genie\u00dfen. Bedenken Sie, dass bei schlechtem Wetter die Temperatur in den Bergen auch im Sommer empfindlich sinken kann und nehmen Sie warme Kleidung mit zur H\u00fctte.<\/p>\t\t\t\t\t\t\t\t<\/div>\n\t\t\t\t<\/div>\n\t\t\t\t<\/div>\n\t\t<div class=\"elementor-element elementor-element-d098cfb e-con-full e-flex e-con e-child\" data-id=\"d098cfb\" data-element_type=\"container\">\n\t\t\t\t<div class=\"elementor-element elementor-element-32033a3 elementor-widget elementor-widget-image\" data-id=\"32033a3\" data-element_type=\"widget\" data-widget_type=\"image.default\">\n\t\t\t\t<div class=\"elementor-widget-container\">\n\t\t\t\t\t\t\t\t\t\t\t\t\t\t\t<img fetchpriority=\"high\" decoding=\"async\" width=\"768\" height=\"512\" src=\"https:\/\/www.bold-black.109-235-60-67.plesk.page\/wp-content\/uploads\/2024\/04\/winter-kind-spass.jpg\" class=\"attachment-large size-large wp-image-6080\" alt=\"\" srcset=\"https:\/\/www.bold-black.109-235-60-67.plesk.page\/wp-content\/uploads\/2024\/04\/winter-kind-spass.jpg 900w, https:\/\/www.bold-black.109-235-60-67.plesk.page\/wp-content\/uploads\/2024\/04\/winter-kind-spass-300x200.jpg 300w, https:\/\/www.bold-black.109-235-60-67.plesk.page\/wp-content\/uploads\/2024\/04\/winter-kind-spass-768x512.jpg 768w, https:\/\/www.bold-black.109-235-60-67.plesk.page\/wp-content\/uploads\/2024\/04\/winter-kind-spass-18x12.jpg 18w, https:\/\/www.bold-black.109-235-60-67.plesk.page\/wp-content\/uploads\/2024\/04\/winter-kind-spass-405x270.jpg 405w\" sizes=\"(max-width: 768px) 100vw, 768px\" \/>\t\t\t\t\t\t\t\t\t\t\t\t\t\t\t<\/div>\n\t\t\t\t<\/div>\n\t\t\t\t<\/div>\n\t\t\t\t\t<\/div>\n\t\t\t\t<\/div>\n\t\t<div class=\"elementor-element elementor-element-419c96a e-flex e-con-boxed e-con e-parent\" data-id=\"419c96a\" data-element_type=\"container\">\n\t\t\t\t\t<div class=\"e-con-inner\">\n\t\t\t\t<div class=\"elementor-element elementor-element-499cd99 elementor-widget elementor-widget-text-editor\" data-id=\"499cd99\" data-element_type=\"widget\" data-widget_type=\"text-editor.default\">\n\t\t\t\t<div class=\"elementor-widget-container\">\n\t\t\t\t\t\t\t\t\t<div class=\"ce_text block\"><p>Von anspruchsvollen Touren ist dennoch abzuraten und achten Sie gut auf sicheren Tritt, bei N\u00e4sse wird der Untergrund schnell rutschig und kann zu Unf\u00e4llen mit erheblichen Verletzungen f\u00fchren.<\/p><\/div><div class=\"ce_text block\"><p><strong>Vorsicht:<\/strong> Am Berg ist immer Vorsicht geboten! Dies gilt insbesondere bei Gewitter. Unternehmen Sie keine Touren wenn ein Gewitter zu erwarten ist und suchen Sie so rasch wie m\u00f6glich Schutz in einer H\u00fctte, falls Sie von einem Unwetter \u00fcberrascht werden! Meiden Sie in diesem Fall alleinstehende B\u00e4ume, exponierte (Kletter-)Steige und Stahlseile und stellen Sie sich nicht unter einen Felsvorsprung.<\/p><\/div>\t\t\t\t\t\t\t\t<\/div>\n\t\t\t\t<\/div>\n\t\t\t\t\t<\/div>\n\t\t\t\t<\/div>\n\t\t<div class=\"elementor-element elementor-element-1a2163d e-flex e-con-boxed e-con e-parent\" data-id=\"1a2163d\" data-element_type=\"container\">\n\t\t\t\t\t<div class=\"e-con-inner\">\n\t\t<div class=\"elementor-element elementor-element-c79844e e-con-full e-flex e-con e-child\" data-id=\"c79844e\" data-element_type=\"container\">\n\t\t\t\t<div class=\"elementor-element elementor-element-fa60321 elementor-widget elementor-widget-heading\" data-id=\"fa60321\" data-element_type=\"widget\" data-widget_type=\"heading.default\">\n\t\t\t\t<div class=\"elementor-widget-container\">\n\t\t\t\t\t<h2 class=\"elementor-heading-title elementor-size-default\">Sorgen Sie selbst f\u00fcr Unterhaltung<\/h2>\t\t\t\t<\/div>\n\t\t\t\t<\/div>\n\t\t\t\t<div class=\"elementor-element elementor-element-573295b elementor-widget elementor-widget-text-editor\" data-id=\"573295b\" data-element_type=\"widget\" data-widget_type=\"text-editor.default\">\n\t\t\t\t<div class=\"elementor-widget-container\">\n\t\t\t\t\t\t\t\t\t<p>Um sich an schlechten Tagen die Zeit in der H\u00fctte zu vertreiben gibt es einige M\u00f6glichkeiten. Der Fernseher geh\u00f6rt in vielen H\u00fctten von H\u00fcttenpartner nicht dazu. Denken Sie deshalb daran, Brettspiele einzupacken, Spielkarten, Puzzles, B\u00fccher und Zeitschriften. Auch gemeinsames Kochen ist ein gutes Schlechtwetterprogramm f\u00fcr Kinder und l\u00e4sst die Zeit wie im Flug vergehen.<\/p>\t\t\t\t\t\t\t\t<\/div>\n\t\t\t\t<\/div>\n\t\t\t\t<div class=\"elementor-element elementor-element-9c613df elementor-widget elementor-widget-heading\" data-id=\"9c613df\" data-element_type=\"widget\" data-widget_type=\"heading.default\">\n\t\t\t\t<div class=\"elementor-widget-container\">\n\t\t\t\t\t<h2 class=\"elementor-heading-title elementor-size-default\">Informationen \u00fcber Indooraktivit\u00e4ten in der Region einholen<\/h2>\t\t\t\t<\/div>\n\t\t\t\t<\/div>\n\t\t\t\t<div class=\"elementor-element elementor-element-f3ea204 elementor-widget elementor-widget-text-editor\" data-id=\"f3ea204\" data-element_type=\"widget\" data-widget_type=\"text-editor.default\">\n\t\t\t\t<div class=\"elementor-widget-container\">\n\t\t\t\t\t\t\t\t\t<p>Informieren Sie sich schon vorab auf der Website des regionalen Toursimusverbandes, was es in Ihrer Umgebung zu tun gibt, wenn das Wetter einmal nicht hundertprozentig mitspielt. Oder Sie erkundigen sich bei der Schl\u00fcssel\u00fcbergabe bei Ihrem Vermieter oder besuchen die \u00f6rtliche Touristeninformation. Oft finden Sie auch in der H\u00fctte umfassendes Material zu Ihrer Urlaubsregion. Hallenb\u00e4der und Thermen, Museen oder Bergwerke sind etwa interessante Ausflugsziele f\u00fcr verregnete Urlaubstage, sowohl im Sommer als auch im Winter.<\/p>\t\t\t\t\t\t\t\t<\/div>\n\t\t\t\t<\/div>\n\t\t\t\t<\/div>\n\t\t<div class=\"elementor-element elementor-element-44ab9de e-con-full e-flex e-con e-child\" data-id=\"44ab9de\" data-element_type=\"container\">\n\t\t\t\t<div class=\"elementor-element elementor-element-d47ea2c elementor-widget elementor-widget-image\" data-id=\"d47ea2c\" data-element_type=\"widget\" data-widget_type=\"image.default\">\n\t\t\t\t<div class=\"elementor-widget-container\">\n\t\t\t\t\t\t\t\t\t\t\t\t\t\t\t<img decoding=\"async\" width=\"768\" height=\"512\" src=\"https:\/\/www.bold-black.109-235-60-67.plesk.page\/wp-content\/uploads\/2024\/04\/familie-spiel-kinder.jpg\" class=\"attachment-large size-large wp-image-6406\" alt=\"\" srcset=\"https:\/\/www.bold-black.109-235-60-67.plesk.page\/wp-content\/uploads\/2024\/04\/familie-spiel-kinder.jpg 900w, https:\/\/www.bold-black.109-235-60-67.plesk.page\/wp-content\/uploads\/2024\/04\/familie-spiel-kinder-300x200.jpg 300w, https:\/\/www.bold-black.109-235-60-67.plesk.page\/wp-content\/uploads\/2024\/04\/familie-spiel-kinder-768x512.jpg 768w, https:\/\/www.bold-black.109-235-60-67.plesk.page\/wp-content\/uploads\/2024\/04\/familie-spiel-kinder-18x12.jpg 18w, https:\/\/www.bold-black.109-235-60-67.plesk.page\/wp-content\/uploads\/2024\/04\/familie-spiel-kinder-405x270.jpg 405w\" sizes=\"(max-width: 768px) 100vw, 768px\" \/>\t\t\t\t\t\t\t\t\t\t\t\t\t\t\t<\/div>\n\t\t\t\t<\/div>\n\t\t\t\t<\/div>\n\t\t\t\t\t<\/div>\n\t\t\t\t<\/div>\n\t\t<div class=\"elementor-element elementor-element-fd9a927 e-flex e-con-boxed e-con e-parent\" data-id=\"fd9a927\" data-element_type=\"container\">\n\t\t\t\t\t<div class=\"e-con-inner\">\n\t\t\t\t<div class=\"elementor-element elementor-element-9850cf0 elementor-widget elementor-widget-heading\" data-id=\"9850cf0\" data-element_type=\"widget\" data-widget_type=\"heading.default\">\n\t\t\t\t<div class=\"elementor-widget-container\">\n\t\t\t\t\t<h2 class=\"elementor-heading-title elementor-size-default\">Planen Sie Ihren H\u00fcttenurlaub in den \u00f6sterreichischen Alpen<\/h2>\t\t\t\t<\/div>\n\t\t\t\t<\/div>\n\t\t\t\t<div class=\"elementor-element elementor-element-99e3983 elementor-widget elementor-widget-text-editor\" data-id=\"99e3983\" data-element_type=\"widget\" data-widget_type=\"text-editor.default\">\n\t\t\t\t<div class=\"elementor-widget-container\">\n\t\t\t\t\t\t\t\t\t<p><a title=\"Hier finden Sie die passende H\u00fctte f\u00fcr Ihren Urlaub\" href=\"https:\/\/www.huettenpartner.com\/huetten-mieten\/huette-finden-urlaub.html\">Schm\u00f6kern Sie im gro\u00dfen Angebot von H\u00fcttenpartner<\/a> und finden Sie Ihre Lieblingsh\u00fctte f\u00fcr Ihren pers\u00f6nlichen Traumurlaub in den Bergen. Sollten Sie noch Fragen haben oder weitere Informationen ben\u00f6tigen, kontaktieren Sie uns jederzeit per <a class=\"ce_em\" title=\"Schreiben Sie uns eine E-Mail\" href=\"mailto:info@huettenpartner.at\">email<\/a>, \u00fcber das <a title=\"Nehmen Sie Kontakt mit uns auf\" href=\"https:\/\/www.huettenpartner.com\/service\/kontakt-fragen-informationen.html\">Anfrageformular<\/a> oder <span class=\"ce_tel\">telefonisch: +43 2243 316 89<\/span>. Wir freuen uns, Ihnen weiterzuhelfen!<\/p>\t\t\t\t\t\t\t\t<\/div>\n\t\t\t\t<\/div>\n\t\t\t\t\t<\/div>\n\t\t\t\t<\/div>\n\t\t\t\t<\/div>","protected":false},"excerpt":{"rendered":"<p>Schlechtwetterprogramm f\u00fcr Ihren H\u00fcttenurlaub in den Bergen Tipps f\u00fcr gute Laune trotz schlechten Wetters Wie \u00fcberall anders gibt es auch bei Ihrem H\u00fcttenurlaub keine Garantie f\u00fcr durchgehend sch\u00f6nes Wetter. Was Sie tun k\u00f6nnen, damit Sie f\u00fcr schlechtere Tage bestens ger\u00fcstet sind, erfahren Sie hier. Packen Sie die richtige Kleidung ein Es gibt kein schlechtes Wetter [&hellip;]<\/p>","protected":false},"author":2,"featured_media":0,"parent":857,"menu_order":0,"comment_status":"closed","ping_status":"closed","template":"","meta":{"inline_featured_image":false,"footnotes":""},"class_list":["post-888","page","type-page","status-publish","hentry"],"acf":[],"_links":{"self":[{"href":"https:\/\/www.bold-black.109-235-60-67.plesk.page\/hu\/wp-json\/wp\/v2\/pages\/888","targetHints":{"allow":["GET"]}}],"collection":[{"href":"https:\/\/www.bold-black.109-235-60-67.plesk.page\/hu\/wp-json\/wp\/v2\/pages"}],"about":[{"href":"https:\/\/www.bold-black.109-235-60-67.plesk.page\/hu\/wp-json\/wp\/v2\/types\/page"}],"author":[{"embeddable":true,"href":"https:\/\/www.bold-black.109-235-60-67.plesk.page\/hu\/wp-json\/wp\/v2\/users\/2"}],"replies":[{"embeddable":true,"href":"https:\/\/www.bold-black.109-235-60-67.plesk.page\/hu\/wp-json\/wp\/v2\/comments?post=888"}],"version-history":[{"count":4,"href":"https:\/\/www.bold-black.109-235-60-67.plesk.page\/hu\/wp-json\/wp\/v2\/pages\/888\/revisions"}],"predecessor-version":[{"id":6409,"href":"https:\/\/www.bold-black.109-235-60-67.plesk.page\/hu\/wp-json\/wp\/v2\/pages\/888\/revisions\/6409"}],"up":[{"embeddable":true,"href":"https:\/\/www.bold-black.109-235-60-67.plesk.page\/hu\/wp-json\/wp\/v2\/pages\/857"}],"wp:attachment":[{"href":"https:\/\/www.bold-black.109-235-60-67.plesk.page\/hu\/wp-json\/wp\/v2\/media?parent=888"}],"curies":[{"name":"wp","href":"https:\/\/api.w.org\/{rel}","templated":true}]}}