{"id":882,"date":"2024-04-09T21:39:36","date_gmt":"2024-04-09T21:39:36","guid":{"rendered":"https:\/\/www.huettenpartner.eu\/?page_id=882"},"modified":"2024-04-24T14:43:28","modified_gmt":"2024-04-24T12:43:28","slug":"umgang-mit-weiderindern-wildtieren","status":"publish","type":"page","link":"https:\/\/www.bold-black.109-235-60-67.plesk.page\/hu\/nuetzliches\/umgang-mit-weiderindern-wildtieren\/","title":{"rendered":"Legel\u0151 szarvasmarh\u00e1kkal \u00e9s vad\u00e1llatokkal val\u00f3 foglalkoz\u00e1s"},"content":{"rendered":"<div data-elementor-type=\"wp-page\" data-elementor-id=\"882\" class=\"elementor elementor-882\">\n\t\t\t\t<div class=\"elementor-element elementor-element-b063154 e-flex e-con-boxed e-con e-parent\" data-id=\"b063154\" data-element_type=\"container\">\n\t\t\t\t\t<div class=\"e-con-inner\">\n\t\t\t\t<div class=\"elementor-element elementor-element-6b9983e elementor-widget elementor-widget-heading\" data-id=\"6b9983e\" data-element_type=\"widget\" data-widget_type=\"heading.default\">\n\t\t\t\t<div class=\"elementor-widget-container\">\n\t\t\t\t\t<h2 class=\"elementor-heading-title elementor-size-default\">Der richtige Umgang mit K\u00fchen und Wildtieren auf dem Berg<\/h2>\t\t\t\t<\/div>\n\t\t\t\t<\/div>\n\t\t\t\t<div class=\"elementor-element elementor-element-ee94f02 elementor-widget elementor-widget-heading\" data-id=\"ee94f02\" data-element_type=\"widget\" data-widget_type=\"heading.default\">\n\t\t\t\t<div class=\"elementor-widget-container\">\n\t\t\t\t\t<h2 class=\"elementor-heading-title elementor-size-default\">Wie Sie gef\u00e4hrliche Situationen vermeiden und Tiere sch\u00fctzen<\/h2>\t\t\t\t<\/div>\n\t\t\t\t<\/div>\n\t\t\t\t<div class=\"elementor-element elementor-element-091d3b3 elementor-widget elementor-widget-text-editor\" data-id=\"091d3b3\" data-element_type=\"widget\" data-widget_type=\"text-editor.default\">\n\t\t\t\t<div class=\"elementor-widget-container\">\n\t\t\t\t\t\t\t\t\t<p>Urlaub auf einer H\u00fctte bedeutet Urlaub in der Natur. Sobald Sie Ihre <a title=\"Urige Bergh\u00fctte oder gro\u00dfe Almh\u00fctte mieten | Alpen \u00d6sterreichs\" href=\"https:\/\/www.huettenpartner.com\/huetten-mieten\/almhuetten-berg-natur.html\">Alpesi kunyh\u00f3<\/a> oder <a title=\"Skih\u00fctte in \u00d6sterreich mieten | Winterurlaub in den Alpen\" href=\"https:\/\/www.huettenpartner.com\/huetten-mieten\/skihuetten-oesterreich-berge.html\">S\u00edh\u00e1z<\/a> verlassen, sind Sie im nat\u00fcrlichen Lebensraum zahlreicher Wildtiere unterwegs und es ist sehr wahrscheinlich, dass Sie Tieren begegnen, die auf der Sommerweide sind. Im Umgang mit beiden Arten gibt es ein paar Regeln, die Sie befolgen sollten, um gef\u00e4hrliche Situationen zu vermeiden und die Tiere zu sch\u00fctzen. Markierte Wege nicht zu verlassen ist nur eine davon.<\/p>\t\t\t\t\t\t\t\t<\/div>\n\t\t\t\t<\/div>\n\t\t\t\t\t<\/div>\n\t\t\t\t<\/div>\n\t\t<div class=\"elementor-element elementor-element-3bb6a2d e-flex e-con-boxed e-con e-parent\" data-id=\"3bb6a2d\" data-element_type=\"container\">\n\t\t\t\t\t<div class=\"e-con-inner\">\n\t\t<div class=\"elementor-element elementor-element-e4b1c62 e-con-full e-flex e-con e-child\" data-id=\"e4b1c62\" data-element_type=\"container\">\n\t\t\t\t<div class=\"elementor-element elementor-element-e7cb12d elementor-widget elementor-widget-image\" data-id=\"e7cb12d\" data-element_type=\"widget\" data-widget_type=\"image.default\">\n\t\t\t\t<div class=\"elementor-widget-container\">\n\t\t\t\t\t\t\t\t\t\t\t\t\t\t\t<img fetchpriority=\"high\" decoding=\"async\" width=\"768\" height=\"576\" src=\"https:\/\/www.bold-black.109-235-60-67.plesk.page\/wp-content\/uploads\/2024\/04\/zeige-schnee-winter-8116ca7f.jpg\" class=\"attachment-large size-large wp-image-6285\" alt=\"\" srcset=\"https:\/\/www.bold-black.109-235-60-67.plesk.page\/wp-content\/uploads\/2024\/04\/zeige-schnee-winter-8116ca7f.jpg 768w, https:\/\/www.bold-black.109-235-60-67.plesk.page\/wp-content\/uploads\/2024\/04\/zeige-schnee-winter-8116ca7f-300x225.jpg 300w, https:\/\/www.bold-black.109-235-60-67.plesk.page\/wp-content\/uploads\/2024\/04\/zeige-schnee-winter-8116ca7f-16x12.jpg 16w, https:\/\/www.bold-black.109-235-60-67.plesk.page\/wp-content\/uploads\/2024\/04\/zeige-schnee-winter-8116ca7f-405x304.jpg 405w\" sizes=\"(max-width: 768px) 100vw, 768px\" \/>\t\t\t\t\t\t\t\t\t\t\t\t\t\t\t<\/div>\n\t\t\t\t<\/div>\n\t\t\t\t<\/div>\n\t\t<div class=\"elementor-element elementor-element-3a6a153 e-con-full e-flex e-con e-child\" data-id=\"3a6a153\" data-element_type=\"container\">\n\t\t\t\t<div class=\"elementor-element elementor-element-d29afb7 elementor-widget elementor-widget-image\" data-id=\"d29afb7\" data-element_type=\"widget\" data-widget_type=\"image.default\">\n\t\t\t\t<div class=\"elementor-widget-container\">\n\t\t\t\t\t\t\t\t\t\t\t\t\t\t\t<img decoding=\"async\" width=\"768\" height=\"576\" src=\"https:\/\/www.bold-black.109-235-60-67.plesk.page\/wp-content\/uploads\/2024\/04\/pferd-wandern-oesterreich-b657f927.jpg\" class=\"attachment-large size-large wp-image-6284\" alt=\"\" srcset=\"https:\/\/www.bold-black.109-235-60-67.plesk.page\/wp-content\/uploads\/2024\/04\/pferd-wandern-oesterreich-b657f927.jpg 768w, https:\/\/www.bold-black.109-235-60-67.plesk.page\/wp-content\/uploads\/2024\/04\/pferd-wandern-oesterreich-b657f927-300x225.jpg 300w, https:\/\/www.bold-black.109-235-60-67.plesk.page\/wp-content\/uploads\/2024\/04\/pferd-wandern-oesterreich-b657f927-16x12.jpg 16w, https:\/\/www.bold-black.109-235-60-67.plesk.page\/wp-content\/uploads\/2024\/04\/pferd-wandern-oesterreich-b657f927-405x304.jpg 405w\" sizes=\"(max-width: 768px) 100vw, 768px\" \/>\t\t\t\t\t\t\t\t\t\t\t\t\t\t\t<\/div>\n\t\t\t\t<\/div>\n\t\t\t\t<\/div>\n\t\t\t\t\t<\/div>\n\t\t\t\t<\/div>\n\t\t<div class=\"elementor-element elementor-element-78cd777 e-flex e-con-boxed e-con e-parent\" data-id=\"78cd777\" data-element_type=\"container\">\n\t\t\t\t\t<div class=\"e-con-inner\">\n\t\t\t\t<div class=\"elementor-element elementor-element-f804255 elementor-widget elementor-widget-heading\" data-id=\"f804255\" data-element_type=\"widget\" data-widget_type=\"heading.default\">\n\t\t\t\t<div class=\"elementor-widget-container\">\n\t\t\t\t\t<h2 class=\"elementor-heading-title elementor-size-default\">Der richtige Umgang mit Weiderindern<\/h2>\t\t\t\t<\/div>\n\t\t\t\t<\/div>\n\t\t\t\t<div class=\"elementor-element elementor-element-52c1561 elementor-widget elementor-widget-text-editor\" data-id=\"52c1561\" data-element_type=\"widget\" data-widget_type=\"text-editor.default\">\n\t\t\t\t<div class=\"elementor-widget-container\">\n\t\t\t\t\t\t\t\t\t<p>Wenn Sie eine bewirtschaftete Alm mit Rindern queren m\u00fcssen, ist es wichtig, sich ruhig zu verhalten. Vermeiden Sie hektische Bewegungen und versuchen Sie von den K\u00fchen gar nicht bemerkt zu werden.<\/p><p>Werden Sie von den Rindern wahrgenommen, weichen diese in der Regel aus. Sie gehen nur zum Angriff \u00fcber, wenn sie sich bedroht oder in die Enge getrieben f\u00fchlen. Gewinnen Sie das Vertrauen der Tiere, indem Sie ruhig auf sie einreden, sich <strong>ruhig, ohne Hektik bewegen<\/strong>, jeglichen <strong>L\u00e4rm vermeiden<\/strong> und ihnen die Hand entgegenstrecken.<\/p>\t\t\t\t\t\t\t\t<\/div>\n\t\t\t\t<\/div>\n\t\t\t\t\t<\/div>\n\t\t\t\t<\/div>\n\t\t<div class=\"elementor-element elementor-element-6942b05 e-flex e-con-boxed e-con e-parent\" data-id=\"6942b05\" data-element_type=\"container\">\n\t\t\t\t\t<div class=\"e-con-inner\">\n\t\t<div class=\"elementor-element elementor-element-34b61df e-con-full e-flex e-con e-child\" data-id=\"34b61df\" data-element_type=\"container\">\n\t\t\t\t<div class=\"elementor-element elementor-element-85fbc53 elementor-widget elementor-widget-text-editor\" data-id=\"85fbc53\" data-element_type=\"widget\" data-widget_type=\"text-editor.default\">\n\t\t\t\t<div class=\"elementor-widget-container\">\n\t\t\t\t\t\t\t\t\t<p>Sollten Sie den Eindruck gewinnen, eine Herde ist unruhig, weichen Sie besser gro\u00dfr\u00e4umig aus, besondere <strong>Vorsicht<\/strong> ist geboten, wenn <strong>Mutterk\u00fche und Jungtiere<\/strong> auf der Weide sind oder gar ein <strong>Stier<\/strong> oder wenn Sie einen <strong>Hund<\/strong> dabei haben, der unbedingt angeleint sein muss! K\u00fche werden ihre K\u00e4lber immer verteidigen, kommen Sie ihnen deshalb <strong>nicht<\/strong> zu nah und streicheln Sie sie nicht.<\/p><p>Gehen Sie an einer Rinderherde immer <strong>seitlich vorbei<\/strong>, am besten oberhalb, aber gehen Sie nie mitten durch die Herde! Versuchen Sie auch im Falle eines Angriffs ruhig zu bleiben und nicht wegzulaufen. Weichen Sie langsam zur\u00fcck und wenden Sie den Blick nicht von den Tieren ab.<\/p><p>Pr\u00e4ventiv k\u00f6nnen Sie beim Queren einer Weide einen Stock mitnehmen. Im Falle eines Angriffs k\u00f6nnen Drohgeb\u00e4rden mit dem Stock und lautes Rufen aggressive Tiere zum Umkehren bewegen. <strong>Hektische, schnelle Bewegungen<\/strong> wie das Wedeln mit den Armen oder mit dem Stock und Schl\u00e4ge sind aber unbedingt zu <strong>vermeiden.<\/strong><\/p>\t\t\t\t\t\t\t\t<\/div>\n\t\t\t\t<\/div>\n\t\t\t\t<\/div>\n\t\t<div class=\"elementor-element elementor-element-cdfd75e e-con-full e-flex e-con e-child\" data-id=\"cdfd75e\" data-element_type=\"container\">\n\t\t\t\t<div class=\"elementor-element elementor-element-5d49c90 elementor-widget elementor-widget-image\" data-id=\"5d49c90\" data-element_type=\"widget\" data-widget_type=\"image.default\">\n\t\t\t\t<div class=\"elementor-widget-container\">\n\t\t\t\t\t\t\t\t\t\t\t\t\t\t\t<img decoding=\"async\" width=\"768\" height=\"512\" src=\"https:\/\/www.bold-black.109-235-60-67.plesk.page\/wp-content\/uploads\/2024\/04\/kuh-schnee-winter.jpg\" class=\"attachment-large size-large wp-image-6283\" alt=\"\" srcset=\"https:\/\/www.bold-black.109-235-60-67.plesk.page\/wp-content\/uploads\/2024\/04\/kuh-schnee-winter.jpg 900w, https:\/\/www.bold-black.109-235-60-67.plesk.page\/wp-content\/uploads\/2024\/04\/kuh-schnee-winter-300x200.jpg 300w, https:\/\/www.bold-black.109-235-60-67.plesk.page\/wp-content\/uploads\/2024\/04\/kuh-schnee-winter-768x512.jpg 768w, https:\/\/www.bold-black.109-235-60-67.plesk.page\/wp-content\/uploads\/2024\/04\/kuh-schnee-winter-18x12.jpg 18w, https:\/\/www.bold-black.109-235-60-67.plesk.page\/wp-content\/uploads\/2024\/04\/kuh-schnee-winter-405x270.jpg 405w\" sizes=\"(max-width: 768px) 100vw, 768px\" \/>\t\t\t\t\t\t\t\t\t\t\t\t\t\t\t<\/div>\n\t\t\t\t<\/div>\n\t\t\t\t<\/div>\n\t\t\t\t\t<\/div>\n\t\t\t\t<\/div>\n\t\t<div class=\"elementor-element elementor-element-2603940 e-flex e-con-boxed e-con e-parent\" data-id=\"2603940\" data-element_type=\"container\">\n\t\t\t\t\t<div class=\"e-con-inner\">\n\t\t\t\t<div class=\"elementor-element elementor-element-80dea94 elementor-widget elementor-widget-heading\" data-id=\"80dea94\" data-element_type=\"widget\" data-widget_type=\"heading.default\">\n\t\t\t\t<div class=\"elementor-widget-container\">\n\t\t\t\t\t<h2 class=\"elementor-heading-title elementor-size-default\">Respekt vor dem Lebensraum der Tiere<\/h2>\t\t\t\t<\/div>\n\t\t\t\t<\/div>\n\t\t\t\t<div class=\"elementor-element elementor-element-e6400e0 elementor-widget elementor-widget-text-editor\" data-id=\"e6400e0\" data-element_type=\"widget\" data-widget_type=\"text-editor.default\">\n\t\t\t\t<div class=\"elementor-widget-container\">\n\t\t\t\t\t\t\t\t\t<p>Respektieren Sie die Natur, den Lebensraum von Wildtieren wie G\u00e4msen, Murmeltieren, Rehen, V\u00f6geln, F\u00fcchsen und vielen anderen. Keines der Tiere in den \u00f6sterreichischen Bergen ist eine Gefahr f\u00fcr Sie, aber Sie k\u00f6nnen zur Gefahr f\u00fcr wildlebende Tiere werden. Sch\u00fctzen Sie die Tiere indem Sie <a title=\"Erfahren Sie mehr \u00fcber nachhaltigen Urlaub \" href=\"https:\/\/www.huettenpartner.com\/huettenaufenthalt\/nachhaltiger-urlaub-natur.html\">keinen M\u00fcll zur\u00fccklassen<\/a>, bleiben Sie auf markierten Wegen und Pisten. Besonders im Winter haben viele Tiere mit den harten Verh\u00e4ltnissen zu k\u00e4mpfen und k\u00f6nnen mit dem Stress, den Ihr Eindringen in ihren Lebensraum verursacht, nicht umgehen. Vermeiden Sie in den Bergen jede Art von L\u00e4rm, um die Wildtiere nicht zu st\u00f6ren.<\/p>\t\t\t\t\t\t\t\t<\/div>\n\t\t\t\t<\/div>\n\t\t\t\t<div class=\"elementor-element elementor-element-9f271a1 elementor-widget elementor-widget-heading\" data-id=\"9f271a1\" data-element_type=\"widget\" data-widget_type=\"heading.default\">\n\t\t\t\t<div class=\"elementor-widget-container\">\n\t\t\t\t\t<h2 class=\"elementor-heading-title elementor-size-default\">H\u00fcttenurlaub \u2013 Urlaub mit der Natur<\/h2>\t\t\t\t<\/div>\n\t\t\t\t<\/div>\n\t\t\t\t<div class=\"elementor-element elementor-element-965aef4 elementor-widget elementor-widget-text-editor\" data-id=\"965aef4\" data-element_type=\"widget\" data-widget_type=\"text-editor.default\">\n\t\t\t\t<div class=\"elementor-widget-container\">\n\t\t\t\t\t\t\t\t\t<p>Ein Urlaub in einer H\u00fctte ist eine wunderbare M\u00f6glichkeit f\u00fcr Urlaub in und mit der Natur. Wenn Sie einige grundlegende Regeln beachten, profitieren alle Seiten von dem Landschaftsparadies der \u00f6sterreichischen Alpen. Informieren Sie sich \u00fcber das <a title=\"Hier finden Sie Ihre passende Urlaubsh\u00fctte\" href=\"https:\/\/www.huettenpartner.com\/huetten-mieten\/huette-finden-urlaub.html\">gro\u00dfe Angebot an H\u00fctten<\/a>,\u00a0das H\u00fcttenpartner f\u00fcr Sie zusammengestellt hat, suchen Sie sich Ihre Traumh\u00fctte f\u00fcr den Winter- oder Sommerurlaub in den Bergen aus und freuen Sie sich auf herrliche Tage in einer einzigartigen Landschaft!<\/p>\t\t\t\t\t\t\t\t<\/div>\n\t\t\t\t<\/div>\n\t\t\t\t\t<\/div>\n\t\t\t\t<\/div>\n\t\t\t\t<\/div>","protected":false},"excerpt":{"rendered":"<p>Der richtige Umgang mit K\u00fchen und Wildtieren auf dem Berg Wie Sie gef\u00e4hrliche Situationen vermeiden und Tiere sch\u00fctzen Urlaub auf einer H\u00fctte bedeutet Urlaub in der Natur. Sobald Sie Ihre Almh\u00fctte oder Skih\u00fctte verlassen, sind Sie im nat\u00fcrlichen Lebensraum zahlreicher Wildtiere unterwegs und es ist sehr wahrscheinlich, dass Sie Tieren begegnen, die auf der Sommerweide [&hellip;]<\/p>","protected":false},"author":2,"featured_media":0,"parent":857,"menu_order":0,"comment_status":"closed","ping_status":"closed","template":"","meta":{"inline_featured_image":false,"footnotes":""},"class_list":["post-882","page","type-page","status-publish","hentry"],"acf":[],"_links":{"self":[{"href":"https:\/\/www.bold-black.109-235-60-67.plesk.page\/hu\/wp-json\/wp\/v2\/pages\/882","targetHints":{"allow":["GET"]}}],"collection":[{"href":"https:\/\/www.bold-black.109-235-60-67.plesk.page\/hu\/wp-json\/wp\/v2\/pages"}],"about":[{"href":"https:\/\/www.bold-black.109-235-60-67.plesk.page\/hu\/wp-json\/wp\/v2\/types\/page"}],"author":[{"embeddable":true,"href":"https:\/\/www.bold-black.109-235-60-67.plesk.page\/hu\/wp-json\/wp\/v2\/users\/2"}],"replies":[{"embeddable":true,"href":"https:\/\/www.bold-black.109-235-60-67.plesk.page\/hu\/wp-json\/wp\/v2\/comments?post=882"}],"version-history":[{"count":4,"href":"https:\/\/www.bold-black.109-235-60-67.plesk.page\/hu\/wp-json\/wp\/v2\/pages\/882\/revisions"}],"predecessor-version":[{"id":6288,"href":"https:\/\/www.bold-black.109-235-60-67.plesk.page\/hu\/wp-json\/wp\/v2\/pages\/882\/revisions\/6288"}],"up":[{"embeddable":true,"href":"https:\/\/www.bold-black.109-235-60-67.plesk.page\/hu\/wp-json\/wp\/v2\/pages\/857"}],"wp:attachment":[{"href":"https:\/\/www.bold-black.109-235-60-67.plesk.page\/hu\/wp-json\/wp\/v2\/media?parent=882"}],"curies":[{"name":"wp","href":"https:\/\/api.w.org\/{rel}","templated":true}]}}