{"id":880,"date":"2024-04-09T21:38:44","date_gmt":"2024-04-09T21:38:44","guid":{"rendered":"https:\/\/www.huettenpartner.eu\/?page_id=880"},"modified":"2024-04-24T14:35:40","modified_gmt":"2024-04-24T12:35:40","slug":"tipps-zum-wandern-und-bergsteigen","status":"publish","type":"page","link":"https:\/\/www.bold-black.109-235-60-67.plesk.page\/hu\/nuetzliches\/tipps-zum-wandern-und-bergsteigen\/","title":{"rendered":"Tippek t\u00far\u00e1z\u00e1shoz \u00e9s hegym\u00e1sz\u00e1shoz"},"content":{"rendered":"<div data-elementor-type=\"wp-page\" data-elementor-id=\"880\" class=\"elementor elementor-880\">\n\t\t\t\t<div class=\"elementor-element elementor-element-385c592 e-flex e-con-boxed e-con e-parent\" data-id=\"385c592\" data-element_type=\"container\">\n\t\t\t\t\t<div class=\"e-con-inner\">\n\t\t\t\t<div class=\"elementor-element elementor-element-28c34ec elementor-widget elementor-widget-heading\" data-id=\"28c34ec\" data-element_type=\"widget\" data-widget_type=\"heading.default\">\n\t\t\t\t<div class=\"elementor-widget-container\">\n\t\t\t\t\t<h2 class=\"elementor-heading-title elementor-size-default\">Wandern und Bergsteigen \u2013 was es zu beachten gilt<\/h2>\t\t\t\t<\/div>\n\t\t\t\t<\/div>\n\t\t\t\t\t<\/div>\n\t\t\t\t<\/div>\n\t\t<div class=\"elementor-element elementor-element-941e378 e-flex e-con-boxed e-con e-parent\" data-id=\"941e378\" data-element_type=\"container\">\n\t\t\t\t\t<div class=\"e-con-inner\">\n\t\t<div class=\"elementor-element elementor-element-6449265 e-con-full e-flex e-con e-child\" data-id=\"6449265\" data-element_type=\"container\">\n\t\t\t\t<div class=\"elementor-element elementor-element-1bb0c51 elementor-widget elementor-widget-heading\" data-id=\"1bb0c51\" data-element_type=\"widget\" data-widget_type=\"heading.default\">\n\t\t\t\t<div class=\"elementor-widget-container\">\n\t\t\t\t\t<h2 class=\"elementor-heading-title elementor-size-default\">Tipps und Ratschl\u00e4ge f\u00fcr Ihre Aktivit\u00e4ten in den Bergen<\/h2>\t\t\t\t<\/div>\n\t\t\t\t<\/div>\n\t\t\t\t<div class=\"elementor-element elementor-element-940201b elementor-widget elementor-widget-text-editor\" data-id=\"940201b\" data-element_type=\"widget\" data-widget_type=\"text-editor.default\">\n\t\t\t\t<div class=\"elementor-widget-container\">\n\t\t\t\t\t\t\t\t\t<p>Urlaub auf einer Bergh\u00fctte kann herrlich sein. Erleben Sie die einzigartige Natur der Alpen in \u00d6sterreich hautnah. Nutzen Sie die zahlreichen M\u00f6glichkeiten f\u00fcr Aktivit\u00e4ten vor Ihrer Haust\u00fcre. Die Bergwelt birgt aber auch Gefahren, wenn man sich allzu sorglos in ihr bewegt. Deshalb gibt Ihr H\u00fcttenpartner Ihnen hier Tipps und Ratschl\u00e4ge f\u00fcr Wanderungen und Bergtouren im alpinen Gel\u00e4nde, damit Sie Ihren Aufenthalt in den Bergen in vollen Z\u00fcgen genie\u00dfen k\u00f6nnen.<\/p><ul><li><a href=\"https:\/\/www.huettenpartner.com\/huettenaufenthalt\/wandern-bergsteigen-tipps.html#vorbereitung-urlaub\">Vorbereitungen vor dem Urlaub<\/a><\/li><li><a title=\"Mehr Informationen \u00fcber die Vorbereitung vor der Bergtour\" href=\"https:\/\/www.huettenpartner.com\/huettenaufenthalt\/wandern-bergsteigen-tipps.html#vorbereitung-bergtour\">Vorbereitung vor der Bergtour<\/a><\/li><li><a title=\"Hier erfahren Sie wie Sie sich richtig verhalten bei einer Bergtour\" href=\"https:\/\/www.huettenpartner.com\/huettenaufenthalt\/wandern-bergsteigen-tipps.html#verhalten-bergtour\">Verhalten w\u00e4hrend der Bergtour<\/a><\/li><li><a title=\"Wie Sie sich richtig Verhalten bei einem Unfall in den Bergen\" href=\"https:\/\/www.huettenpartner.com\/huettenaufenthalt\/wandern-bergsteigen-tipps.html#verhalten-unfall\">Verhalten bei Unf\u00e4llen<\/a><\/li><\/ul>\t\t\t\t\t\t\t\t<\/div>\n\t\t\t\t<\/div>\n\t\t\t\t<\/div>\n\t\t<div class=\"elementor-element elementor-element-0ddb309 e-con-full e-flex e-con e-child\" data-id=\"0ddb309\" data-element_type=\"container\">\n\t\t\t\t<div class=\"elementor-element elementor-element-ae509dd elementor-widget elementor-widget-image\" data-id=\"ae509dd\" data-element_type=\"widget\" data-widget_type=\"image.default\">\n\t\t\t\t<div class=\"elementor-widget-container\">\n\t\t\t\t\t\t\t\t\t\t\t\t\t\t\t<img fetchpriority=\"high\" decoding=\"async\" width=\"768\" height=\"512\" src=\"https:\/\/www.bold-black.109-235-60-67.plesk.page\/wp-content\/uploads\/2024\/04\/winter-gipfel-oesterreich.jpg\" class=\"attachment-large size-large wp-image-6273\" alt=\"\" srcset=\"https:\/\/www.bold-black.109-235-60-67.plesk.page\/wp-content\/uploads\/2024\/04\/winter-gipfel-oesterreich.jpg 900w, https:\/\/www.bold-black.109-235-60-67.plesk.page\/wp-content\/uploads\/2024\/04\/winter-gipfel-oesterreich-300x200.jpg 300w, https:\/\/www.bold-black.109-235-60-67.plesk.page\/wp-content\/uploads\/2024\/04\/winter-gipfel-oesterreich-768x512.jpg 768w, https:\/\/www.bold-black.109-235-60-67.plesk.page\/wp-content\/uploads\/2024\/04\/winter-gipfel-oesterreich-18x12.jpg 18w, https:\/\/www.bold-black.109-235-60-67.plesk.page\/wp-content\/uploads\/2024\/04\/winter-gipfel-oesterreich-405x270.jpg 405w\" sizes=\"(max-width: 768px) 100vw, 768px\" \/>\t\t\t\t\t\t\t\t\t\t\t\t\t\t\t<\/div>\n\t\t\t\t<\/div>\n\t\t\t\t<\/div>\n\t\t\t\t\t<\/div>\n\t\t\t\t<\/div>\n\t\t<div class=\"elementor-element elementor-element-5c8aeb7 e-flex e-con-boxed e-con e-parent\" data-id=\"5c8aeb7\" data-element_type=\"container\">\n\t\t\t\t\t<div class=\"e-con-inner\">\n\t\t\t\t<div class=\"elementor-element elementor-element-cb6fe88 elementor-widget elementor-widget-heading\" data-id=\"cb6fe88\" data-element_type=\"widget\" data-widget_type=\"heading.default\">\n\t\t\t\t<div class=\"elementor-widget-container\">\n\t\t\t\t\t<h2 class=\"elementor-heading-title elementor-size-default\">Vorbereitungen vor dem Urlaub<\/h2>\t\t\t\t<\/div>\n\t\t\t\t<\/div>\n\t\t\t\t<div class=\"elementor-element elementor-element-168a3f7 elementor-widget elementor-widget-text-editor\" data-id=\"168a3f7\" data-element_type=\"widget\" data-widget_type=\"text-editor.default\">\n\t\t\t\t<div class=\"elementor-widget-container\">\n\t\t\t\t\t\t\t\t\t<p>Sobald Sie sich f\u00fcr einen H\u00fcttenurlaub in den Bergen entschieden haben, k\u00f6nnen Sie mit den Vorbereitungen beginnen. In der Rubrik <a title=\"Reisesicherheit im Urlaub in den Bergen\" href=\"https:\/\/www.huettenpartner.com\/huettenaufenthalt\/sicherer-urlaub-reisesicherheit.html\">Biztons\u00e1gos nyaral\u00e1s<\/a> erfahren Sie, was Sie vor der Anreise tun k\u00f6nnen, um allgemeine Gefahren zu vermeiden oder f\u00fcr Notf\u00e4lle ger\u00fcstet zu sein und auf der <a title=\"Checklister f\u00fcr Ihren H\u00fcttenurlaub in den \u00f6sterreichischen Bergen\" href=\"https:\/\/www.huettenpartner.com\/huettenaufenthalt\/packliste-checkliste-einpacken.html\">Csomagol\u00e1si lista<\/a> stehen Dinge, die Sie unbedingt f\u00fcr Ihren H\u00fcttenurlaub einpacken sollten.<\/p><p>Speziell f\u00fcrs Wandern und Bergsteigen m\u00fcssen Sie die <strong>ad\u00e4quate Ausr\u00fcstung<\/strong> im Gep\u00e4ck haben. Hohe, feste Wanderschuhe mit guter Sohle, Regenschutz, warme Kleidung, Sonnenschutz und aktuelle Wanderkarten sollten jedenfalls zu Ihrer Wanderausr\u00fcstung geh\u00f6ren. Eventuell k\u00f6nnen Wanderst\u00f6cke sinnvoll sein. Zum Bergsteigen ben\u00f6tigen Sie unter Umst\u00e4nden eine umfangreichere Schutzausr\u00fcstung, informieren Sie sich vorab \u00fcber Ihre Tour und die Anforderungen.<\/p>\t\t\t\t\t\t\t\t<\/div>\n\t\t\t\t<\/div>\n\t\t\t\t\t<\/div>\n\t\t\t\t<\/div>\n\t\t<div class=\"elementor-element elementor-element-50faba9 e-flex e-con-boxed e-con e-parent\" data-id=\"50faba9\" data-element_type=\"container\">\n\t\t\t\t\t<div class=\"e-con-inner\">\n\t\t<div class=\"elementor-element elementor-element-029c400 e-con-full e-flex e-con e-child\" data-id=\"029c400\" data-element_type=\"container\">\n\t\t\t\t<div class=\"elementor-element elementor-element-c3ca293 elementor-widget elementor-widget-heading\" data-id=\"c3ca293\" data-element_type=\"widget\" data-widget_type=\"heading.default\">\n\t\t\t\t<div class=\"elementor-widget-container\">\n\t\t\t\t\t<h2 class=\"elementor-heading-title elementor-size-default\">Vorbereitung vor der Bergtour<\/h2>\t\t\t\t<\/div>\n\t\t\t\t<\/div>\n\t\t\t\t<div class=\"elementor-element elementor-element-f3b87db elementor-widget elementor-widget-text-editor\" data-id=\"f3b87db\" data-element_type=\"widget\" data-widget_type=\"text-editor.default\">\n\t\t\t\t<div class=\"elementor-widget-container\">\n\t\t\t\t\t\t\t\t\t<ul><li>Planen Sie die Route Ihrer Tour anhand aktueller Karten genau und kalkulieren Sie die Dauer. Erkundigen Sie sich gegebenenfalls bei ortskundigen Personen, Tourismusverb\u00e4nden, H\u00fcttenwirten etc.<\/li><li>\u00dcberlegen Sie gewissenhaft, ob alle Teilnehmer an der Tour den zu erwartenden Herausforderungen gewachsen sind, ob sie genug Kondition und Leistungsf\u00e4higkeit besitzen.<\/li><li>Beachten Sie die aktuelle Wettervorhersage und gehen Sie kein Risiko ein!<\/li><li>Planen Sie die Getr\u00e4nkeversorgung. Nehmen Sie ausreichend Wasser mit auf Ihre Wanderung und informieren Sie sich, wo Sie Ihre Vorr\u00e4te wieder auff\u00fcllen k\u00f6nnen.<\/li><li>Packen Sie Ihr Mobiltelefon ein und achten Sie darauf, dass es gen\u00fcgend Akku hat.<\/li><\/ul>\t\t\t\t\t\t\t\t<\/div>\n\t\t\t\t<\/div>\n\t\t\t\t<\/div>\n\t\t<div class=\"elementor-element elementor-element-6a41f81 e-con-full e-flex e-con e-child\" data-id=\"6a41f81\" data-element_type=\"container\">\n\t\t\t\t<div class=\"elementor-element elementor-element-af53171 elementor-widget elementor-widget-image\" data-id=\"af53171\" data-element_type=\"widget\" data-widget_type=\"image.default\">\n\t\t\t\t<div class=\"elementor-widget-container\">\n\t\t\t\t\t\t\t\t\t\t\t\t\t\t\t<img decoding=\"async\" width=\"768\" height=\"512\" src=\"https:\/\/www.bold-black.109-235-60-67.plesk.page\/wp-content\/uploads\/2024\/04\/familie-wandern-alm.jpg\" class=\"attachment-large size-large wp-image-5900\" alt=\"\" srcset=\"https:\/\/www.bold-black.109-235-60-67.plesk.page\/wp-content\/uploads\/2024\/04\/familie-wandern-alm.jpg 900w, https:\/\/www.bold-black.109-235-60-67.plesk.page\/wp-content\/uploads\/2024\/04\/familie-wandern-alm-300x200.jpg 300w, https:\/\/www.bold-black.109-235-60-67.plesk.page\/wp-content\/uploads\/2024\/04\/familie-wandern-alm-768x512.jpg 768w, https:\/\/www.bold-black.109-235-60-67.plesk.page\/wp-content\/uploads\/2024\/04\/familie-wandern-alm-18x12.jpg 18w, https:\/\/www.bold-black.109-235-60-67.plesk.page\/wp-content\/uploads\/2024\/04\/familie-wandern-alm-405x270.jpg 405w\" sizes=\"(max-width: 768px) 100vw, 768px\" \/>\t\t\t\t\t\t\t\t\t\t\t\t\t\t\t<\/div>\n\t\t\t\t<\/div>\n\t\t\t\t<\/div>\n\t\t\t\t\t<\/div>\n\t\t\t\t<\/div>\n\t\t<div class=\"elementor-element elementor-element-7ca8b64 e-flex e-con-boxed e-con e-parent\" data-id=\"7ca8b64\" data-element_type=\"container\">\n\t\t\t\t\t<div class=\"e-con-inner\">\n\t\t\t\t<div class=\"elementor-element elementor-element-2816608 elementor-widget elementor-widget-heading\" data-id=\"2816608\" data-element_type=\"widget\" data-widget_type=\"heading.default\">\n\t\t\t\t<div class=\"elementor-widget-container\">\n\t\t\t\t\t<h2 class=\"elementor-heading-title elementor-size-default\">Verhalten w\u00e4hrend der Bergtour<\/h2>\t\t\t\t<\/div>\n\t\t\t\t<\/div>\n\t\t\t\t<div class=\"elementor-element elementor-element-61a215f elementor-widget elementor-widget-text-editor\" data-id=\"61a215f\" data-element_type=\"widget\" data-widget_type=\"text-editor.default\">\n\t\t\t\t<div class=\"elementor-widget-container\">\n\t\t\t\t\t\t\t\t\t<ul><li>Trinken Sie w\u00e4hrend der gesamten Bergtour genug.<\/li><li>Achten Sie immer auf den Zustand der Teilnehmer.<\/li><li>Passen Sie sich dem Tempo des langsamsten Bergkameraden an und starten Sie nicht zu schnell in Ihre Tour.<\/li><li>Behalten Sie das Wetter im Auge. Im Gebirge k\u00f6nnen Unwetter sehr schnell aufziehen.<\/li><li>Sollten Sie von einem Gewitter \u00fcberrascht werden, suchen Sie so rasch wie m\u00f6glich Schutz in einer H\u00fctte. Verlassen Sie Klettersteige und exponierte Stellen, halten Sie Abstand von Stahlseilen, alleinstehenden B\u00e4umen und stellen Sie sich nicht unter einen Felsvorsprung. Wenn n\u00f6tig, kauern Sie sich auf den Boden, aber legen Sie sich nicht flach hin.<\/li><li>Achten Sie darauf, die Orientierung nicht zu verlieren und \u00fcber den schnellsten R\u00fcckweg Bescheid zu wissen.<\/li><li>Schonen Sie die Tier- und Pflanzenwelt, <a title=\"Mehr \u00fcber nachhaltigen Urlaub in der Natur\" href=\"https:\/\/www.huettenpartner.com\/huettenaufenthalt\/nachhaltiger-urlaub-natur.html\">nehmen Sie Ihren Abfall wieder mit ins Tal<\/a>\u00a0und verlassen Sie die markierten Wege nicht.<\/li><li><a title=\"Mehr \u00fcber den richtigen Umgang mit Weidetieren\" href=\"https:\/\/www.huettenpartner.com\/huettenaufenthalt\/kuehe-wildtiere-umgang.html\">Seien Sie achtsam wenn Sie (Weide-)Tieren begegnen.<\/a><\/li><li>Treten Sie keine Steine ab, passieren Sie steinschlaggef\u00e4hrdete Stellen einzeln und z\u00fcgig, verweilen Sie dort nicht.<\/li><\/ul><p><strong>Bei Gefahr suchen Sie Schutz oder kehren Sie um! Wenn das Wetter umschl\u00e4gt, Nebel einf\u00e4llt, der Weg zu schwierig oder in schlechtem Zustand ist, ein Wanderkollege zu k\u00e4mpfen hat, kehren Sie um! Umkehren ist kein Zeichen von Schw\u00e4che und keine Schande sondern ein Zeichen der Vernunft!<\/strong><\/p>\t\t\t\t\t\t\t\t<\/div>\n\t\t\t\t<\/div>\n\t\t\t\t<div class=\"elementor-element elementor-element-175546a elementor-widget elementor-widget-heading\" data-id=\"175546a\" data-element_type=\"widget\" data-widget_type=\"heading.default\">\n\t\t\t\t<div class=\"elementor-widget-container\">\n\t\t\t\t\t<h2 class=\"elementor-heading-title elementor-size-default\">Verhalten bei Unf\u00e4llen<\/h2>\t\t\t\t<\/div>\n\t\t\t\t<\/div>\n\t\t\t\t<div class=\"elementor-element elementor-element-f3e3acc elementor-widget elementor-widget-text-editor\" data-id=\"f3e3acc\" data-element_type=\"widget\" data-widget_type=\"text-editor.default\">\n\t\t\t\t<div class=\"elementor-widget-container\">\n\t\t\t\t\t\t\t\t\t<p>Sollte doch einmal ein Unfall passieren und eine Person verletzt sein, holen Sie Hilfe mittels der \u00f6sterreichischen Notrufnummern: <strong>140 \u2013 Bergrettung; 112 \u2013 Euronotruf.<\/strong> Wenn Sie keinen Empfang haben, schalten Sie Ihr Mobiltelefon aus. Schalten Sie es wieder ein und geben Sie statt dem PIN-Code die Notfallnummer 112 ein. Ihr Handy versucht nun \u00fcber alle m\u00f6glichen Netze eine Verbindung aufzubauen.<\/p><p>Lassen Sie eine verletzte Person niemals alleine. Wenn Sie keinen Handy-Empfang haben und keine dritte Person anwesend ist, die Hilfe holen kann, setzen Sie das <strong>alpine Notsignal<\/strong> ab. Das hei\u00dft, Sie geben alle zehn Sekunden ein sichtbares und h\u00f6rbares Zeichen ab, z.B. durch Rufen und mit Licht. Das machen Sie eine Minute lang und dann pausieren Sie eine Minute, dann starten Sie wieder von vorne.<\/p><p>Retter sollten mit dem <strong>Antwortsignal<\/strong> reagieren \u2013 alle zwanzig Sekunden ein Zeichen. Das signalisiert, Hilfe ist am Weg. Stoppen Sie ihr Notsignal nicht, wenn Sie Antwort erhalten, sonst finden die Retter nicht zu Ihnen!<\/p><p>Wenn Sie ein alpines Notsignal bemerken, setzen Sie umgehend Rettungskr\u00e4fte dar\u00fcber in Kenntnis!<\/p>\t\t\t\t\t\t\t\t<\/div>\n\t\t\t\t<\/div>\n\t\t\t\t<div class=\"elementor-element elementor-element-69bdfa1 elementor-widget elementor-widget-heading\" data-id=\"69bdfa1\" data-element_type=\"widget\" data-widget_type=\"heading.default\">\n\t\t\t\t<div class=\"elementor-widget-container\">\n\t\t\t\t\t<h2 class=\"elementor-heading-title elementor-size-default\">Wandern und Bergsteigen im H\u00fcttenurlaub in \u00d6sterreich<\/h2>\t\t\t\t<\/div>\n\t\t\t\t<\/div>\n\t\t\t\t<div class=\"elementor-element elementor-element-5dcabcb elementor-widget elementor-widget-text-editor\" data-id=\"5dcabcb\" data-element_type=\"widget\" data-widget_type=\"text-editor.default\">\n\t\t\t\t<div class=\"elementor-widget-container\">\n\t\t\t\t\t\t\t\t\t<p>Planen Sie Ihren Wanderurlaub in \u00d6sterreichs Bergen. Bei H\u00fcttenpartner finden Sie <a title=\"Hier finden Sie Ihre passende H\u00fctte f\u00fcr Ihren H\u00fcttenurlaub\" href=\"https:\/\/www.huettenpartner.com\/huetten-mieten\/huette-finden-urlaub.html\">zahlreiche Bergh\u00fctten und Ferienh\u00e4user<\/a>, von denen aus Sie Ihre Touren durch die W\u00e4lder und Almen auf die Gipfel der Region starten k\u00f6nnen. F\u00fcr weitere Informationen kontaktieren Sie Ihren H\u00fcttenpartner jederzeit per <a class=\"ce_em\" title=\"Schreiben Sie uns eine E-Mail\" href=\"mailto:info@huettenpartner.at\">email<\/a>\u00a0oder <span class=\"ce_tel\">telefonisch: +43 2243 316 89<\/span> \u2013 wir sind Ihnen gerne behilflich.<\/p>\t\t\t\t\t\t\t\t<\/div>\n\t\t\t\t<\/div>\n\t\t\t\t\t<\/div>\n\t\t\t\t<\/div>\n\t\t\t\t<\/div>","protected":false},"excerpt":{"rendered":"<p>Wandern und Bergsteigen \u2013 was es zu beachten gilt Tipps und Ratschl\u00e4ge f\u00fcr Ihre Aktivit\u00e4ten in den Bergen Urlaub auf einer Bergh\u00fctte kann herrlich sein. Erleben Sie die einzigartige Natur der Alpen in \u00d6sterreich hautnah. Nutzen Sie die zahlreichen M\u00f6glichkeiten f\u00fcr Aktivit\u00e4ten vor Ihrer Haust\u00fcre. Die Bergwelt birgt aber auch Gefahren, wenn man sich allzu [&hellip;]<\/p>","protected":false},"author":2,"featured_media":0,"parent":857,"menu_order":0,"comment_status":"closed","ping_status":"closed","template":"","meta":{"inline_featured_image":false,"footnotes":""},"class_list":["post-880","page","type-page","status-publish","hentry"],"acf":[],"_links":{"self":[{"href":"https:\/\/www.bold-black.109-235-60-67.plesk.page\/hu\/wp-json\/wp\/v2\/pages\/880","targetHints":{"allow":["GET"]}}],"collection":[{"href":"https:\/\/www.bold-black.109-235-60-67.plesk.page\/hu\/wp-json\/wp\/v2\/pages"}],"about":[{"href":"https:\/\/www.bold-black.109-235-60-67.plesk.page\/hu\/wp-json\/wp\/v2\/types\/page"}],"author":[{"embeddable":true,"href":"https:\/\/www.bold-black.109-235-60-67.plesk.page\/hu\/wp-json\/wp\/v2\/users\/2"}],"replies":[{"embeddable":true,"href":"https:\/\/www.bold-black.109-235-60-67.plesk.page\/hu\/wp-json\/wp\/v2\/comments?post=880"}],"version-history":[{"count":4,"href":"https:\/\/www.bold-black.109-235-60-67.plesk.page\/hu\/wp-json\/wp\/v2\/pages\/880\/revisions"}],"predecessor-version":[{"id":6277,"href":"https:\/\/www.bold-black.109-235-60-67.plesk.page\/hu\/wp-json\/wp\/v2\/pages\/880\/revisions\/6277"}],"up":[{"embeddable":true,"href":"https:\/\/www.bold-black.109-235-60-67.plesk.page\/hu\/wp-json\/wp\/v2\/pages\/857"}],"wp:attachment":[{"href":"https:\/\/www.bold-black.109-235-60-67.plesk.page\/hu\/wp-json\/wp\/v2\/media?parent=880"}],"curies":[{"name":"wp","href":"https:\/\/api.w.org\/{rel}","templated":true}]}}