{"id":878,"date":"2024-04-09T21:37:48","date_gmt":"2024-04-09T21:37:48","guid":{"rendered":"https:\/\/www.huettenpartner.eu\/?page_id=878"},"modified":"2024-04-25T22:46:35","modified_gmt":"2024-04-25T20:46:35","slug":"kaiserschmarn","status":"publish","type":"page","link":"https:\/\/www.bold-black.109-235-60-67.plesk.page\/hu\/nuetzliches\/huettenrezepte\/kaiserschmarn\/","title":{"rendered":"Kaiserschmarn"},"content":{"rendered":"<div data-elementor-type=\"wp-page\" data-elementor-id=\"878\" class=\"elementor elementor-878\">\n\t\t\t\t<div class=\"elementor-element elementor-element-e280172 e-flex e-con-boxed e-con e-parent\" data-id=\"e280172\" data-element_type=\"container\">\n\t\t\t\t\t<div class=\"e-con-inner\">\n\t\t\t\t<div class=\"elementor-element elementor-element-1326120 elementor-widget elementor-widget-heading\" data-id=\"1326120\" data-element_type=\"widget\" data-widget_type=\"heading.default\">\n\t\t\t\t<div class=\"elementor-widget-container\">\n\t\t\t\t\t<h2 class=\"elementor-heading-title elementor-size-default\">Kaiserschmarrn<\/h2>\t\t\t\t<\/div>\n\t\t\t\t<\/div>\n\t\t\t\t<div class=\"elementor-element elementor-element-bb5bc12 elementor-widget elementor-widget-heading\" data-id=\"bb5bc12\" data-element_type=\"widget\" data-widget_type=\"heading.default\">\n\t\t\t\t<div class=\"elementor-widget-container\">\n\t\t\t\t\t<h2 class=\"elementor-heading-title elementor-size-default\">Der perfekte Kaiserschmarrn ist luftig, s\u00fc\u00df &amp; schmeckt einfach gut<\/h2>\t\t\t\t<\/div>\n\t\t\t\t<\/div>\n\t\t\t\t<div class=\"elementor-element elementor-element-6925cc2 elementor-widget elementor-widget-text-editor\" data-id=\"6925cc2\" data-element_type=\"widget\" data-widget_type=\"text-editor.default\">\n\t\t\t\t<div class=\"elementor-widget-container\">\n\t\t\t\t\t\t\t\t\t<p><strong>Was im H\u00fcttenurlaub nicht fehlen darf? Kaiserschmarrn. Als \u00d6sterreichischstes aller Gerichte, ist der Kaiserschmarrn ein echtes Muss auf dem K\u00fcchentisch. Luftig, s\u00fc\u00df und vor allem lecker ist er die perfekte Abwechslung in der H\u00fctte &#8211; egal ob im Sommerurlaub oder Winterurlaub.<\/strong><\/p><p>Tipp: Ein selbstgemachter Kaiserschmarrn muss gar nicht perfekt sein, Hauptsache er schmeckt!<\/p>\t\t\t\t\t\t\t\t<\/div>\n\t\t\t\t<\/div>\n\t\t\t\t\t<\/div>\n\t\t\t\t<\/div>\n\t\t<div class=\"elementor-element elementor-element-1846908 e-flex e-con-boxed e-con e-parent\" data-id=\"1846908\" data-element_type=\"container\">\n\t\t\t\t\t<div class=\"e-con-inner\">\n\t\t<div class=\"elementor-element elementor-element-828fa81 e-con-full e-flex e-con e-child\" data-id=\"828fa81\" data-element_type=\"container\">\n\t\t\t\t<div class=\"elementor-element elementor-element-a5c2a4d elementor-widget elementor-widget-heading\" data-id=\"a5c2a4d\" data-element_type=\"widget\" data-widget_type=\"heading.default\">\n\t\t\t\t<div class=\"elementor-widget-container\">\n\t\t\t\t\t<h2 class=\"elementor-heading-title elementor-size-default\">Kaiserschmarrn Rezept<\/h2>\t\t\t\t<\/div>\n\t\t\t\t<\/div>\n\t\t\t\t<div class=\"elementor-element elementor-element-75b4d89 elementor-widget elementor-widget-text-editor\" data-id=\"75b4d89\" data-element_type=\"widget\" data-widget_type=\"text-editor.default\">\n\t\t\t\t<div class=\"elementor-widget-container\">\n\t\t\t\t\t\t\t\t\t<ul><li>125 g Butter<\/li><li>12 Eier<\/li><li>700 g Mehl<\/li><li>1 l Milch<\/li><li>100 g Rosinen<\/li><li>1 Prise Salz<\/li><li>Staubzucker zum Bestreuen<\/li><li>100 g Zucker<\/li><\/ul>\t\t\t\t\t\t\t\t<\/div>\n\t\t\t\t<\/div>\n\t\t\t\t<div class=\"elementor-element elementor-element-4c0d25b elementor-widget elementor-widget-heading\" data-id=\"4c0d25b\" data-element_type=\"widget\" data-widget_type=\"heading.default\">\n\t\t\t\t<div class=\"elementor-widget-container\">\n\t\t\t\t\t<h2 class=\"elementor-heading-title elementor-size-default\">Zubereitung des Kaiserschmarrns<\/h2>\t\t\t\t<\/div>\n\t\t\t\t<\/div>\n\t\t\t\t<div class=\"elementor-element elementor-element-6b36d4a elementor-widget elementor-widget-text-editor\" data-id=\"6b36d4a\" data-element_type=\"widget\" data-widget_type=\"text-editor.default\">\n\t\t\t\t<div class=\"elementor-widget-container\">\n\t\t\t\t\t\t\t\t\t<p>F\u00fcr den Kaiserschmarrn in einer Sch\u00fcssel Mehl, Zucker, Salz und Eidotter mit der Milch zu einem dickfl\u00fcssigen Teig verr\u00fchren. In einer anderen Sch\u00fcssel Eiklar zu steifem Schnee schlagen und danach mit den Rosinen unter den Teig heben. Butter in einer gro\u00dfen Pfanne schmelzen, den Teig eingie\u00dfen und auf beiden Seiten goldbraun backen. Den Teig mit zwei Gabeln in St\u00fccke rei\u00dfen, und so lange in der Pfanne wenden, bis alle St\u00fccke goldbraun sind. Anrichten und mit Staubzucker bestreuen.<\/p><p>Dazu passen Kompott (z.B. Apfelkompott, Zwetschgenr\u00f6ster), Apfelmus und ein Glas Milch.<\/p>\t\t\t\t\t\t\t\t<\/div>\n\t\t\t\t<\/div>\n\t\t\t\t<\/div>\n\t\t<div class=\"elementor-element elementor-element-ab02e83 e-con-full e-flex e-con e-child\" data-id=\"ab02e83\" data-element_type=\"container\">\n\t\t\t\t<div class=\"elementor-element elementor-element-b1282d8 elementor-widget elementor-widget-image\" data-id=\"b1282d8\" data-element_type=\"widget\" data-widget_type=\"image.default\">\n\t\t\t\t<div class=\"elementor-widget-container\">\n\t\t\t\t\t\t\t\t\t\t\t\t\t\t\t<img fetchpriority=\"high\" decoding=\"async\" width=\"768\" height=\"512\" src=\"https:\/\/www.bold-black.109-235-60-67.plesk.page\/wp-content\/uploads\/2024\/04\/oesterreich-kaiserschmarrn-kulinarik.jpg\" class=\"attachment-large size-large wp-image-8295\" alt=\"\" srcset=\"https:\/\/www.bold-black.109-235-60-67.plesk.page\/wp-content\/uploads\/2024\/04\/oesterreich-kaiserschmarrn-kulinarik.jpg 900w, https:\/\/www.bold-black.109-235-60-67.plesk.page\/wp-content\/uploads\/2024\/04\/oesterreich-kaiserschmarrn-kulinarik-300x200.jpg 300w, https:\/\/www.bold-black.109-235-60-67.plesk.page\/wp-content\/uploads\/2024\/04\/oesterreich-kaiserschmarrn-kulinarik-768x512.jpg 768w, https:\/\/www.bold-black.109-235-60-67.plesk.page\/wp-content\/uploads\/2024\/04\/oesterreich-kaiserschmarrn-kulinarik-18x12.jpg 18w, https:\/\/www.bold-black.109-235-60-67.plesk.page\/wp-content\/uploads\/2024\/04\/oesterreich-kaiserschmarrn-kulinarik-405x270.jpg 405w\" sizes=\"(max-width: 768px) 100vw, 768px\" \/>\t\t\t\t\t\t\t\t\t\t\t\t\t\t\t<\/div>\n\t\t\t\t<\/div>\n\t\t\t\t<\/div>\n\t\t\t\t\t<\/div>\n\t\t\t\t<\/div>\n\t\t<div class=\"elementor-element elementor-element-dd0fb51 e-flex e-con-boxed e-con e-parent\" data-id=\"dd0fb51\" data-element_type=\"container\">\n\t\t\t\t\t<div class=\"e-con-inner\">\n\t\t\t\t<div class=\"elementor-element elementor-element-59899cc elementor-widget elementor-widget-heading\" data-id=\"59899cc\" data-element_type=\"widget\" data-widget_type=\"heading.default\">\n\t\t\t\t<div class=\"elementor-widget-container\">\n\t\t\t\t\t<h2 class=\"elementor-heading-title elementor-size-default\">N\u00fctzliche Informationen rund um Ihren H\u00fcttenaufenthalt<\/h2>\t\t\t\t<\/div>\n\t\t\t\t<\/div>\n\t\t\t\t<div class=\"elementor-element elementor-element-3336450 elementor-widget elementor-widget-text-editor\" data-id=\"3336450\" data-element_type=\"widget\" data-widget_type=\"text-editor.default\">\n\t\t\t\t<div class=\"elementor-widget-container\">\n\t\t\t\t\t\t\t\t\t<p>Sie sehen, auch im H\u00fcttenurlaub gibt es viele kulinarische M\u00f6glichkeiten. Bl\u00e4ttern Sie <a title=\"Hier finden Sie die passende H\u00fctte f\u00fcr Ihren Urlaub\" href=\"https:\/\/www.huettenpartner.com\/huetten-mieten\/huette-finden-urlaub.html\">durch das H\u00fcttenangebot von H\u00fcttenpartner<\/a> und entscheiden Sie sich f\u00fcr Ihr liebstes Urlaubsziel in den Bergen. Gut vorbereitet steht Ihrem Traumurlaub mitten in der Natur nichts mehr im Wege, lesen Sie deshalb auch unsere <a title=\"Tipps f\u00fcr Ihre Aktivit\u00e4ten in den Bergen\" href=\"https:\/\/www.huettenpartner.com\/huettenaufenthalt\/wandern-bergsteigen-tipps.html\">Ratschl\u00e4ge zum Wandern und Bergsteigen<\/a>, <a title=\"Hier erfahren Sie den richtigen Umgang mit Weiderrindern und Weidetieren\" href=\"https:\/\/www.huettenpartner.com\/huettenaufenthalt\/kuehe-wildtiere-umgang.html\">zum Umgang mit Weiderindern<\/a>\u00a0und zum <a title=\"Reisersicherheit im Urlaub in den Bergen\" href=\"https:\/\/www.huettenpartner.com\/huettenaufenthalt\/sicherer-urlaub-reisesicherheit.html\">richtigen Verhalten im Notfall<\/a>. Au\u00dferdem haben wir <a title=\"Schlechtwetterprogramm f\u00fcr Ihren H\u00fcttenurlaub in den \u00f6sterreichischen Bergen\" href=\"https:\/\/www.huettenpartner.com\/huettenaufenthalt\/schlechtwettertipps-programm-spiele.html\">Rossz id\u0151j\u00e1r\u00e1si tippek<\/a>\u00a0f\u00fcr Sie und eine kleine\u00a0<a title=\"Checkliste f\u00fcr Ihren H\u00fcttenurlaub in den \u00f6sterreichischen Bergen\" href=\"https:\/\/www.huettenpartner.com\/huettenaufenthalt\/packliste-checkliste-einpacken.html\">Packliste f\u00fcr Ihren H\u00fcttenurlaub<\/a>.<\/p>\t\t\t\t\t\t\t\t<\/div>\n\t\t\t\t<\/div>\n\t\t\t\t\t<\/div>\n\t\t\t\t<\/div>\n\t\t\t\t<\/div>","protected":false},"excerpt":{"rendered":"<p>Kaiserschmarrn Der perfekte Kaiserschmarrn ist luftig, s\u00fc\u00df &#038; schmeckt einfach gut Was im H\u00fcttenurlaub nicht fehlen darf? Kaiserschmarrn. Als \u00d6sterreichischstes aller Gerichte, ist der Kaiserschmarrn ein echtes Muss auf dem K\u00fcchentisch. Luftig, s\u00fc\u00df und vor allem lecker ist er die perfekte Abwechslung in der H\u00fctte &#8211; egal ob im Sommerurlaub oder Winterurlaub. Tipp: Ein selbstgemachter [&hellip;]<\/p>","protected":false},"author":2,"featured_media":0,"parent":869,"menu_order":0,"comment_status":"closed","ping_status":"closed","template":"","meta":{"inline_featured_image":false,"footnotes":""},"class_list":["post-878","page","type-page","status-publish","hentry"],"acf":[],"_links":{"self":[{"href":"https:\/\/www.bold-black.109-235-60-67.plesk.page\/hu\/wp-json\/wp\/v2\/pages\/878","targetHints":{"allow":["GET"]}}],"collection":[{"href":"https:\/\/www.bold-black.109-235-60-67.plesk.page\/hu\/wp-json\/wp\/v2\/pages"}],"about":[{"href":"https:\/\/www.bold-black.109-235-60-67.plesk.page\/hu\/wp-json\/wp\/v2\/types\/page"}],"author":[{"embeddable":true,"href":"https:\/\/www.bold-black.109-235-60-67.plesk.page\/hu\/wp-json\/wp\/v2\/users\/2"}],"replies":[{"embeddable":true,"href":"https:\/\/www.bold-black.109-235-60-67.plesk.page\/hu\/wp-json\/wp\/v2\/comments?post=878"}],"version-history":[{"count":4,"href":"https:\/\/www.bold-black.109-235-60-67.plesk.page\/hu\/wp-json\/wp\/v2\/pages\/878\/revisions"}],"predecessor-version":[{"id":8298,"href":"https:\/\/www.bold-black.109-235-60-67.plesk.page\/hu\/wp-json\/wp\/v2\/pages\/878\/revisions\/8298"}],"up":[{"embeddable":true,"href":"https:\/\/www.bold-black.109-235-60-67.plesk.page\/hu\/wp-json\/wp\/v2\/pages\/869"}],"wp:attachment":[{"href":"https:\/\/www.bold-black.109-235-60-67.plesk.page\/hu\/wp-json\/wp\/v2\/media?parent=878"}],"curies":[{"name":"wp","href":"https:\/\/api.w.org\/{rel}","templated":true}]}}