{"id":869,"date":"2024-04-09T21:35:04","date_gmt":"2024-04-09T21:35:04","guid":{"rendered":"https:\/\/www.huettenpartner.eu\/?page_id=869"},"modified":"2024-04-24T14:03:36","modified_gmt":"2024-04-24T12:03:36","slug":"huettenrezepte","status":"publish","type":"page","link":"https:\/\/www.bold-black.109-235-60-67.plesk.page\/hu\/nuetzliches\/huettenrezepte\/","title":{"rendered":"H\u00e1zik\u00f3 receptek"},"content":{"rendered":"<div data-elementor-type=\"wp-page\" data-elementor-id=\"869\" class=\"elementor elementor-869\">\n\t\t\t\t<div class=\"elementor-element elementor-element-faad419 e-flex e-con-boxed e-con e-parent\" data-id=\"faad419\" data-element_type=\"container\">\n\t\t\t\t\t<div class=\"e-con-inner\">\n\t\t\t\t<div class=\"elementor-element elementor-element-ae5674d elementor-widget elementor-widget-heading\" data-id=\"ae5674d\" data-element_type=\"widget\" data-widget_type=\"heading.default\">\n\t\t\t\t<div class=\"elementor-widget-container\">\n\t\t\t\t\t<h2 class=\"elementor-heading-title elementor-size-default\">H\u00fcttenrezepte \u2013 Was man im H\u00fcttenurlaub kochen kann - einfach, gut &amp; lecker<\/h2>\t\t\t\t<\/div>\n\t\t\t\t<\/div>\n\t\t\t\t<div class=\"elementor-element elementor-element-e4e882a elementor-widget elementor-widget-heading\" data-id=\"e4e882a\" data-element_type=\"widget\" data-widget_type=\"heading.default\">\n\t\t\t\t<div class=\"elementor-widget-container\">\n\t\t\t\t\t<h2 class=\"elementor-heading-title elementor-size-default\">Essen im Urlaub auf einer Selbstversorgerh\u00fctte<\/h2>\t\t\t\t<\/div>\n\t\t\t\t<\/div>\n\t\t\t\t\t<\/div>\n\t\t\t\t<\/div>\n\t\t<div class=\"elementor-element elementor-element-842fd54 e-flex e-con-boxed e-con e-parent\" data-id=\"842fd54\" data-element_type=\"container\">\n\t\t\t\t\t<div class=\"e-con-inner\">\n\t\t<div class=\"elementor-element elementor-element-4e5ecae e-con-full e-flex e-con e-child\" data-id=\"4e5ecae\" data-element_type=\"container\">\n\t\t\t\t<div class=\"elementor-element elementor-element-e38038f elementor-widget elementor-widget-text-editor\" data-id=\"e38038f\" data-element_type=\"widget\" data-widget_type=\"text-editor.default\">\n\t\t\t\t<div class=\"elementor-widget-container\">\n\t\t\t\t\t\t\t\t\t<p>Die meisten H\u00fctten von H\u00fcttenpartner sind mit einer vollwertigen Kochgelegenheit ausgestattet \u2013 Details erfahren Sie in den Beschreibungen der einzelnen H\u00fctten \u2013 dennoch ist es von Vorteil, wenn man sich f\u00fcr den Urlaub in einer Selbstversorgerh\u00fctte gezielt vorbereitet, was das Kochen und Essen betrifft. Schlie\u00dflich m\u00fcssen Sie die Lebensmittel selbst zur H\u00fctte bringen. Die Distanz zum n\u00e4chsten Gesch\u00e4ft kann etwas gr\u00f6\u00dfer sein, deshalb sollten Sie nicht unbedingt auf frische Lebensmittel angewiesen sein und mit gut lagerbaren Zutaten planen. Da Sie Ihren Urlaub nicht haupts\u00e4chlich in der K\u00fcche verbringen wollen, ist es von Vorteil, schon zuhause Speisen vorzubereiten und f\u00fcr Mahlzeiten zu planen, die sich gut aufw\u00e4rmen und ohne Probleme in gro\u00dfen Mengen zubereiten lassen.<\/p>\t\t\t\t\t\t\t\t<\/div>\n\t\t\t\t<\/div>\n\t\t\t\t<\/div>\n\t\t<div class=\"elementor-element elementor-element-dbe584a e-con-full e-flex e-con e-child\" data-id=\"dbe584a\" data-element_type=\"container\">\n\t\t\t\t<div class=\"elementor-element elementor-element-a41c052 elementor-widget elementor-widget-image\" data-id=\"a41c052\" data-element_type=\"widget\" data-widget_type=\"image.default\">\n\t\t\t\t<div class=\"elementor-widget-container\">\n\t\t\t\t\t\t\t\t\t\t\t\t\t\t\t<img fetchpriority=\"high\" decoding=\"async\" width=\"768\" height=\"512\" src=\"https:\/\/www.bold-black.109-235-60-67.plesk.page\/wp-content\/uploads\/2024\/04\/huettenaufenthalt-rezept-linseneintopf.jpg\" class=\"attachment-large size-large wp-image-6223\" alt=\"\" srcset=\"https:\/\/www.bold-black.109-235-60-67.plesk.page\/wp-content\/uploads\/2024\/04\/huettenaufenthalt-rezept-linseneintopf.jpg 900w, https:\/\/www.bold-black.109-235-60-67.plesk.page\/wp-content\/uploads\/2024\/04\/huettenaufenthalt-rezept-linseneintopf-300x200.jpg 300w, https:\/\/www.bold-black.109-235-60-67.plesk.page\/wp-content\/uploads\/2024\/04\/huettenaufenthalt-rezept-linseneintopf-768x512.jpg 768w, https:\/\/www.bold-black.109-235-60-67.plesk.page\/wp-content\/uploads\/2024\/04\/huettenaufenthalt-rezept-linseneintopf-18x12.jpg 18w, https:\/\/www.bold-black.109-235-60-67.plesk.page\/wp-content\/uploads\/2024\/04\/huettenaufenthalt-rezept-linseneintopf-405x270.jpg 405w\" sizes=\"(max-width: 768px) 100vw, 768px\" \/>\t\t\t\t\t\t\t\t\t\t\t\t\t\t\t<\/div>\n\t\t\t\t<\/div>\n\t\t\t\t<\/div>\n\t\t\t\t\t<\/div>\n\t\t\t\t<\/div>\n\t\t<div class=\"elementor-element elementor-element-33ad502 e-flex e-con-boxed e-con e-parent\" data-id=\"33ad502\" data-element_type=\"container\">\n\t\t\t\t\t<div class=\"e-con-inner\">\n\t\t\t\t<div class=\"elementor-element elementor-element-2c2b2c3 elementor-widget elementor-widget-heading\" data-id=\"2c2b2c3\" data-element_type=\"widget\" data-widget_type=\"heading.default\">\n\t\t\t\t<div class=\"elementor-widget-container\">\n\t\t\t\t\t<h2 class=\"elementor-heading-title elementor-size-default\">Tipps und Informationen rund ums Essen und Lebensmittel auf einer Selbstversorgerh\u00fctte<\/h2>\t\t\t\t<\/div>\n\t\t\t\t<\/div>\n\t\t\t\t<div class=\"elementor-element elementor-element-b86906c elementor-widget elementor-widget-text-editor\" data-id=\"b86906c\" data-element_type=\"widget\" data-widget_type=\"text-editor.default\">\n\t\t\t\t<div class=\"elementor-widget-container\">\n\t\t\t\t\t\t\t\t\t<p>In einer Selbstversorgerh\u00fctte l\u00e4sst es sich gut leben. Entspannung, Erholung, Aktivit\u00e4ten und gutes Essen. Aber was muss ich alles mitnehmen? Welche Lebensmittel halten lange und welche Speisen kann ich gut aufw\u00e4rmen? Diese Fragen beantworten wir Ihnen kurz und knapp &#8211; denn unser Ziel ist es, Ihnen den perfekten H\u00fcttenurlaub zu bieten.<\/p><ul><li><a title=\"Auch ungek\u00fchlt gut haltbare Lebensmittel\" href=\"https:\/\/www.huettenpartner.com\/huettenaufenthalt\/huettenrezepte-essen-kochen.html#lebensmittel\">Liste gut haltbarer Lebensmittel<\/a><\/li><li><a title=\"Diese Speisen k\u00f6nnen Sie gut aufw\u00e4rmen auf einer H\u00fctte\" href=\"https:\/\/www.huettenpartner.com\/huettenaufenthalt\/huettenrezepte-essen-kochen.html#speisen\">Gut aufw\u00e4rmbare Speisen<\/a><\/li><\/ul>\t\t\t\t\t\t\t\t<\/div>\n\t\t\t\t<\/div>\n\t\t\t\t<div class=\"elementor-element elementor-element-9bee38c elementor-widget elementor-widget-heading\" data-id=\"9bee38c\" data-element_type=\"widget\" data-widget_type=\"heading.default\">\n\t\t\t\t<div class=\"elementor-widget-container\">\n\t\t\t\t\t<h2 class=\"elementor-heading-title elementor-size-default\">Rezepte f\u00fcr typisch leckere H\u00fcttengerichte<\/h2>\t\t\t\t<\/div>\n\t\t\t\t<\/div>\n\t\t\t\t<div class=\"elementor-element elementor-element-c3e7816 elementor-widget elementor-widget-text-editor\" data-id=\"c3e7816\" data-element_type=\"widget\" data-widget_type=\"text-editor.default\">\n\t\t\t\t<div class=\"elementor-widget-container\">\n\t\t\t\t\t\t\t\t\t<p>Eines der wichtigsten Dinge im H\u00fcttenurlaub sind die Speisen, denn dann kommen meistens alle zusammen. Um Ihnen das Nachdenken und Planen zu erleichtern, haben wir vier Rezepte herausgesucht, die Ihrem H\u00fcttenurlaub das Sahneh\u00e4ubchen aufsetzen:<\/p><ul><li><a title=\"Rezept f\u00fcr Linseneintopf\" href=\"https:\/\/www.huettenpartner.com\/huettenaufenthalt\/huettenrezepte-essen-kochen\/rezept-linseneintopf.html\">lencse p\u00f6rk\u00f6lt<\/a><\/li><li><a title=\"Rezept f\u00fcr Rindsgulasch\" href=\"https:\/\/www.huettenpartner.com\/huettenaufenthalt\/huettenrezepte-essen-kochen\/rezept-rindsgulasch.html\">marhaguly\u00e1s<\/a><\/li><li><a title=\"Rezept f\u00fcr Lasagne\" href=\"https:\/\/www.huettenpartner.com\/huettenaufenthalt\/huettenrezepte-essen-kochen\/rezept-lasagne.html\">lasagne<\/a><\/li><li><a title=\"Rezept f\u00fcr Kaiserschmarrn\" href=\"https:\/\/www.huettenpartner.com\/huettenaufenthalt\/huettenrezepte-essen-kochen\/rezept-kaiserschmarrn.html\">Kaiserschmarrn<\/a><\/li><\/ul>\t\t\t\t\t\t\t\t<\/div>\n\t\t\t\t<\/div>\n\t\t\t\t<div class=\"elementor-element elementor-element-4dab951 elementor-widget elementor-widget-heading\" data-id=\"4dab951\" data-element_type=\"widget\" data-widget_type=\"heading.default\">\n\t\t\t\t<div class=\"elementor-widget-container\">\n\t\t\t\t\t<h2 class=\"elementor-heading-title elementor-size-default\">Lebensmittel, die ungek\u00fchlt gut haltbar sind und sich f\u00fcr H\u00fcttenurlaub eignen<\/h2>\t\t\t\t<\/div>\n\t\t\t\t<\/div>\n\t\t\t\t<div class=\"elementor-element elementor-element-dcefcc4 elementor-widget elementor-widget-text-editor\" data-id=\"dcefcc4\" data-element_type=\"widget\" data-widget_type=\"text-editor.default\">\n\t\t\t\t<div class=\"elementor-widget-container\">\n\t\t\t\t\t\t\t\t\t<ul><li>Eingeweckte Lebensmittel (Einweckgl\u00e4ser, Dosen, etc.)<\/li><li>Dunkles Brot<\/li><li>Mehl<\/li><li>Reis<\/li><li>Nudeln<\/li><li>Linsen<\/li><li>Bohnen<\/li><li>Kartoffeln<\/li><li>Eier<\/li><li>Salz, Suppenw\u00fcrfel<\/li><li>S\u00e4mtliche Gew\u00fcrze<\/li><li>Wurzelgem\u00fcse (Karotten, Sellerie, etc.)<\/li><li>Lauch und Zwiebeln<\/li><li>Viele Obstsorten<\/li><li>Grie\u00df<\/li><li>Hartwurst, Speck<\/li><li>Honig<\/li><\/ul>\t\t\t\t\t\t\t\t<\/div>\n\t\t\t\t<\/div>\n\t\t\t\t\t<\/div>\n\t\t\t\t<\/div>\n\t\t<div class=\"elementor-element elementor-element-07cdefe e-flex e-con-boxed e-con e-parent\" data-id=\"07cdefe\" data-element_type=\"container\">\n\t\t\t\t\t<div class=\"e-con-inner\">\n\t\t<div class=\"elementor-element elementor-element-4d304af e-con-full e-flex e-con e-child\" data-id=\"4d304af\" data-element_type=\"container\">\n\t\t\t\t<div class=\"elementor-element elementor-element-c5d2626 elementor-widget elementor-widget-image\" data-id=\"c5d2626\" data-element_type=\"widget\" data-widget_type=\"image.default\">\n\t\t\t\t<div class=\"elementor-widget-container\">\n\t\t\t\t\t\t\t\t\t\t\t\t\t\t\t<img decoding=\"async\" width=\"768\" height=\"512\" src=\"https:\/\/www.bold-black.109-235-60-67.plesk.page\/wp-content\/uploads\/2024\/04\/huettenurlaub-rezept-gemueseeintopf.jpg\" class=\"attachment-large size-large wp-image-6221\" alt=\"\" srcset=\"https:\/\/www.bold-black.109-235-60-67.plesk.page\/wp-content\/uploads\/2024\/04\/huettenurlaub-rezept-gemueseeintopf.jpg 900w, https:\/\/www.bold-black.109-235-60-67.plesk.page\/wp-content\/uploads\/2024\/04\/huettenurlaub-rezept-gemueseeintopf-300x200.jpg 300w, https:\/\/www.bold-black.109-235-60-67.plesk.page\/wp-content\/uploads\/2024\/04\/huettenurlaub-rezept-gemueseeintopf-768x512.jpg 768w, https:\/\/www.bold-black.109-235-60-67.plesk.page\/wp-content\/uploads\/2024\/04\/huettenurlaub-rezept-gemueseeintopf-18x12.jpg 18w, https:\/\/www.bold-black.109-235-60-67.plesk.page\/wp-content\/uploads\/2024\/04\/huettenurlaub-rezept-gemueseeintopf-405x270.jpg 405w\" sizes=\"(max-width: 768px) 100vw, 768px\" \/>\t\t\t\t\t\t\t\t\t\t\t\t\t\t\t<\/div>\n\t\t\t\t<\/div>\n\t\t\t\t<\/div>\n\t\t<div class=\"elementor-element elementor-element-9a2058e e-con-full e-flex e-con e-child\" data-id=\"9a2058e\" data-element_type=\"container\">\n\t\t\t\t<div class=\"elementor-element elementor-element-7f8d845 elementor-widget elementor-widget-heading\" data-id=\"7f8d845\" data-element_type=\"widget\" data-widget_type=\"heading.default\">\n\t\t\t\t<div class=\"elementor-widget-container\">\n\t\t\t\t\t<h2 class=\"elementor-heading-title elementor-size-default\">Speisen die gut aufzuw\u00e4rmen sind, in gro\u00dfen Mengen zu kochen sind und gut vorzubereiten sind<\/h2>\t\t\t\t<\/div>\n\t\t\t\t<\/div>\n\t\t\t\t<div class=\"elementor-element elementor-element-c46ccc6 elementor-widget elementor-widget-text-editor\" data-id=\"c46ccc6\" data-element_type=\"widget\" data-widget_type=\"text-editor.default\">\n\t\t\t\t<div class=\"elementor-widget-container\">\n\t\t\t\t\t\t\t\t\t<p>F\u00fcr einen H\u00fcttenaufenthalt besonders gut geeignet sind <a title=\"Hier erfahren Sie unser Rezept f\u00fcr einen Linseneintopf\" href=\"https:\/\/www.huettenpartner.com\/huettenaufenthalt\/huettenrezepte-essen-kochen\/rezept-linseneintopf.html\">Eint\u00f6pfe<\/a>\u00a0jeder Art: Von Gem\u00fcseeint\u00f6pfen \u00fcber Linsen- und Bohneneint\u00f6pfe bis hin zu Gulasch. Diese Speisen k\u00f6nnen Sie gut vorkochen, ohne Mehraufwand in gro\u00dfen Mengen zubereiten und man sagt, sie werden mit jedem Mal aufw\u00e4rmen besser.<\/p><p>F\u00fcr ein <a title=\"Hier erfahren Sie unser Rezept f\u00fcr ein Gulasch\" href=\"https:\/\/www.huettenpartner.com\/huettenaufenthalt\/huettenrezepte-essen-kochen\/rezept-rindsgulasch.html\">Gulasch<\/a><strong>\u00a0<\/strong>ben\u00f6tigen Sie ein Ofenrohr und frisches oder gek\u00fchltes Fleisch. Aber ansonsten haben Sie nicht viel M\u00fche damit, auch wenn es f\u00fcr viele Esser reichen muss. Sie schieben ein gro\u00dfes St\u00fcck Fleisch mit Gem\u00fcse wie Kartoffeln oder Karotten f\u00fcr mehrere Stunden in den Backofen und m\u00fcssen sich im Wesentlichen nur noch um die restlichen Beilagen wie etwa Kn\u00f6del k\u00fcmmern und haben ein kr\u00e4ftiges Essen, ideal nach einem fordernden Tag in der Natur. Au\u00dferdem k\u00f6nnen die Reste vom Schweinebraten oder vom Rinderbraten sehr gut kalt gegessen werden, oder auch aufgew\u00e4rmt.<\/p>\t\t\t\t\t\t\t\t<\/div>\n\t\t\t\t<\/div>\n\t\t\t\t<\/div>\n\t\t\t\t\t<\/div>\n\t\t\t\t<\/div>\n\t\t<div class=\"elementor-element elementor-element-960a5ce e-flex e-con-boxed e-con e-parent\" data-id=\"960a5ce\" data-element_type=\"container\">\n\t\t\t\t\t<div class=\"e-con-inner\">\n\t\t\t\t<div class=\"elementor-element elementor-element-000770d elementor-widget elementor-widget-text-editor\" data-id=\"000770d\" data-element_type=\"widget\" data-widget_type=\"text-editor.default\">\n\t\t\t\t<div class=\"elementor-widget-container\">\n\t\t\t\t\t\t\t\t\t<p>Ein Geheimtipp f\u00fcr den Aufenthalt in einer H\u00fctte in den Bergen ist <a title=\"Hier erfahren Sie unser Rezept f\u00fcr eine Lasagne\" href=\"https:\/\/www.huettenpartner.com\/huettenaufenthalt\/huettenrezepte-essen-kochen\/rezept-lasagne.html\">lasagne<\/a>. Die Bolognese-Sauce l\u00e4sst sich in gro\u00dfen Mengen vorkochen. Die Bechamel-Sauce l\u00e4sst sich im Handumdrehen frisch zubereiten und die Nudelbl\u00e4tter sind beinahe ewig haltbar. Lediglich ein Backofen muss vorhanden sein.<\/p><p>Auch ein <a title=\"Hier erfahren Sie unser Rezept f\u00fcr einen Kaiserschmarrn\" href=\"https:\/\/www.huettenpartner.com\/huettenaufenthalt\/huettenrezepte-essen-kochen\/rezept-kaiserschmarrn.html\">Kaiserschmarrn<\/a>\u00a0l\u00e4sst sich rasch mit gut haltbaren Zutaten f\u00fcr eine gro\u00dfe Gruppe zubereiten. Nur die Milch sollte k\u00fchl gelagert werden oder frisch sein, sofern Sie keine Haltbarmilch verwenden wollen. Vielleicht haben Sie auch das Gl\u00fcck, in der N\u00e4he Ihrer H\u00fctte einen Bauern zu finden, bei dem Sie frische Kuhmilch und Eier bekommen k\u00f6nnen.<\/p>\t\t\t\t\t\t\t\t<\/div>\n\t\t\t\t<\/div>\n\t\t\t\t<div class=\"elementor-element elementor-element-8feb274 elementor-widget elementor-widget-heading\" data-id=\"8feb274\" data-element_type=\"widget\" data-widget_type=\"heading.default\">\n\t\t\t\t<div class=\"elementor-widget-container\">\n\t\t\t\t\t<h2 class=\"elementor-heading-title elementor-size-default\">N\u00fctzliche Informationen rund um Ihren H\u00fcttenaufenthalt<\/h2>\t\t\t\t<\/div>\n\t\t\t\t<\/div>\n\t\t\t\t<div class=\"elementor-element elementor-element-da33910 elementor-widget elementor-widget-text-editor\" data-id=\"da33910\" data-element_type=\"widget\" data-widget_type=\"text-editor.default\">\n\t\t\t\t<div class=\"elementor-widget-container\">\n\t\t\t\t\t\t\t\t\t<p>Sie sehen, auch im H\u00fcttenurlaub gibt es viele kulinarische M\u00f6glichkeiten. Bl\u00e4ttern Sie <a title=\"Hier finden Sie die passende H\u00fctte f\u00fcr Ihren Urlaub\" href=\"https:\/\/www.huettenpartner.com\/huetten-mieten\/huette-finden-urlaub.html\">durch das H\u00fcttenangebot von H\u00fcttenpartner<\/a> und entscheiden Sie sich f\u00fcr Ihr liebstes Urlaubsziel in den Bergen. Gut vorbereitet steht Ihrem Traumurlaub mitten in der Natur nichts mehr im Wege, lesen Sie deshalb auch unsere <a title=\"Tipps f\u00fcr Ihre Aktivit\u00e4ten in den Bergen\" href=\"https:\/\/www.huettenpartner.com\/huettenaufenthalt\/wandern-bergsteigen-tipps.html\">Ratschl\u00e4ge zum Wandern und Bergsteigen<\/a>, <a title=\"Hier erfahren Sie den richtigen Umgang mit Weiderrindern und Weidetieren\" href=\"https:\/\/www.huettenpartner.com\/huettenaufenthalt\/kuehe-wildtiere-umgang.html\">zum Umgang mit Weiderindern<\/a>\u00a0und zum <a title=\"Reisersicherheit im Urlaub in den Bergen\" href=\"https:\/\/www.huettenpartner.com\/huettenaufenthalt\/sicherer-urlaub-reisesicherheit.html\">richtigen Verhalten im Notfall<\/a>. Au\u00dferdem haben wir <a title=\"Schlechtwetterprogramm f\u00fcr Ihren H\u00fcttenurlaub in den \u00f6sterreichischen Bergen\" href=\"https:\/\/www.huettenpartner.com\/huettenaufenthalt\/schlechtwettertipps-programm-spiele.html\">Rossz id\u0151j\u00e1r\u00e1si tippek<\/a>\u00a0f\u00fcr Sie und eine kleine\u00a0<a title=\"Checkliste f\u00fcr Ihren H\u00fcttenurlaub in den \u00f6sterreichischen Bergen\" href=\"https:\/\/www.huettenpartner.com\/huettenaufenthalt\/packliste-checkliste-einpacken.html\">Packliste f\u00fcr Ihren H\u00fcttenurlaub<\/a>.<\/p>\t\t\t\t\t\t\t\t<\/div>\n\t\t\t\t<\/div>\n\t\t\t\t\t<\/div>\n\t\t\t\t<\/div>\n\t\t\t\t<\/div>","protected":false},"excerpt":{"rendered":"<p>H\u00fcttenrezepte \u2013 Was man im H\u00fcttenurlaub kochen kann &#8211; einfach, gut &#038; lecker Essen im Urlaub auf einer Selbstversorgerh\u00fctte Die meisten H\u00fctten von H\u00fcttenpartner sind mit einer vollwertigen Kochgelegenheit ausgestattet \u2013 Details erfahren Sie in den Beschreibungen der einzelnen H\u00fctten \u2013 dennoch ist es von Vorteil, wenn man sich f\u00fcr den Urlaub in einer Selbstversorgerh\u00fctte [&hellip;]<\/p>","protected":false},"author":2,"featured_media":0,"parent":857,"menu_order":0,"comment_status":"closed","ping_status":"closed","template":"","meta":{"inline_featured_image":false,"footnotes":""},"class_list":["post-869","page","type-page","status-publish","hentry"],"acf":[],"_links":{"self":[{"href":"https:\/\/www.bold-black.109-235-60-67.plesk.page\/hu\/wp-json\/wp\/v2\/pages\/869","targetHints":{"allow":["GET"]}}],"collection":[{"href":"https:\/\/www.bold-black.109-235-60-67.plesk.page\/hu\/wp-json\/wp\/v2\/pages"}],"about":[{"href":"https:\/\/www.bold-black.109-235-60-67.plesk.page\/hu\/wp-json\/wp\/v2\/types\/page"}],"author":[{"embeddable":true,"href":"https:\/\/www.bold-black.109-235-60-67.plesk.page\/hu\/wp-json\/wp\/v2\/users\/2"}],"replies":[{"embeddable":true,"href":"https:\/\/www.bold-black.109-235-60-67.plesk.page\/hu\/wp-json\/wp\/v2\/comments?post=869"}],"version-history":[{"count":4,"href":"https:\/\/www.bold-black.109-235-60-67.plesk.page\/hu\/wp-json\/wp\/v2\/pages\/869\/revisions"}],"predecessor-version":[{"id":6227,"href":"https:\/\/www.bold-black.109-235-60-67.plesk.page\/hu\/wp-json\/wp\/v2\/pages\/869\/revisions\/6227"}],"up":[{"embeddable":true,"href":"https:\/\/www.bold-black.109-235-60-67.plesk.page\/hu\/wp-json\/wp\/v2\/pages\/857"}],"wp:attachment":[{"href":"https:\/\/www.bold-black.109-235-60-67.plesk.page\/hu\/wp-json\/wp\/v2\/media?parent=869"}],"curies":[{"name":"wp","href":"https:\/\/api.w.org\/{rel}","templated":true}]}}