{"id":855,"date":"2024-04-09T21:30:05","date_gmt":"2024-04-09T21:30:05","guid":{"rendered":"https:\/\/www.huettenpartner.eu\/?page_id=855"},"modified":"2024-04-24T13:26:46","modified_gmt":"2024-04-24T11:26:46","slug":"skitouren-urlaub","status":"publish","type":"page","link":"https:\/\/www.bold-black.109-235-60-67.plesk.page\/hu\/huettenurlaub\/skitouren-urlaub\/","title":{"rendered":"S\u00edt\u00fara nyaral\u00e1s"},"content":{"rendered":"<div data-elementor-type=\"wp-page\" data-elementor-id=\"855\" class=\"elementor elementor-855\">\n\t\t\t\t<div class=\"elementor-element elementor-element-a4a146a e-flex e-con-boxed e-con e-parent\" data-id=\"a4a146a\" data-element_type=\"container\">\n\t\t\t\t\t<div class=\"e-con-inner\">\n\t\t\t\t<div class=\"elementor-element elementor-element-cd6c6b3 elementor-widget elementor-widget-heading\" data-id=\"cd6c6b3\" data-element_type=\"widget\" data-widget_type=\"heading.default\">\n\t\t\t\t<div class=\"elementor-widget-container\">\n\t\t\t\t\t<h2 class=\"elementor-heading-title elementor-size-default\">Vielseitige Skitouren in den Alpen genie\u00dfen<\/h2>\t\t\t\t<\/div>\n\t\t\t\t<\/div>\n\t\t\t\t<div class=\"elementor-element elementor-element-c8d801b elementor-widget elementor-widget-heading\" data-id=\"c8d801b\" data-element_type=\"widget\" data-widget_type=\"heading.default\">\n\t\t\t\t<div class=\"elementor-widget-container\">\n\t\t\t\t\t<h2 class=\"elementor-heading-title elementor-size-default\">Traumhafte Skitouren - ein Paradies f\u00fcr Wintersportler<\/h2>\t\t\t\t<\/div>\n\t\t\t\t<\/div>\n\t\t\t\t<div class=\"elementor-element elementor-element-a017f94 elementor-widget elementor-widget-text-editor\" data-id=\"a017f94\" data-element_type=\"widget\" data-widget_type=\"text-editor.default\">\n\t\t\t\t<div class=\"elementor-widget-container\">\n\t\t\t\t\t\t\t\t\t<p>\u00d6sterreich ist bekannt f\u00fcr seine pr\u00e4chtigen Alpen, die gerade im Winter das Zentrum des Wintersports ist. Die schneesicheren Skigebiete, die vielen Gletscher und der oft traumhafte Sonnenschein sind optimal f\u00fcr jene, die Skitouren gehen oder das Skitouren gehen lernen m\u00f6chten.<\/p>\t\t\t\t\t\t\t\t<\/div>\n\t\t\t\t<\/div>\n\t\t\t\t\t<\/div>\n\t\t\t\t<\/div>\n\t\t<div class=\"elementor-element elementor-element-ba96f43 e-flex e-con-boxed e-con e-parent\" data-id=\"ba96f43\" data-element_type=\"container\">\n\t\t\t\t\t<div class=\"e-con-inner\">\n\t\t<div class=\"elementor-element elementor-element-0523cad e-con-full e-flex e-con e-child\" data-id=\"0523cad\" data-element_type=\"container\">\n\t\t\t\t<div class=\"elementor-element elementor-element-0eb1a04 elementor-widget elementor-widget-heading\" data-id=\"0eb1a04\" data-element_type=\"widget\" data-widget_type=\"heading.default\">\n\t\t\t\t<div class=\"elementor-widget-container\">\n\t\t\t\t\t<h2 class=\"elementor-heading-title elementor-size-default\">Skitouren in den sch\u00f6nsten Wintersportregionen<\/h2>\t\t\t\t<\/div>\n\t\t\t\t<\/div>\n\t\t\t\t<div class=\"elementor-element elementor-element-cba792d elementor-widget elementor-widget-text-editor\" data-id=\"cba792d\" data-element_type=\"widget\" data-widget_type=\"text-editor.default\">\n\t\t\t\t<div class=\"elementor-widget-container\">\n\t\t\t\t\t\t\t\t\t<p>Unendlich viele Pistenkilometer in den Skigebieten, unber\u00fchrte Tiefschneeh\u00e4nge und Jahrhunderte alte Gletscher warten geradezu darauf, von Ihnen gefunden zu werden. Und besonders im Winter ist die Luft ganz klar, was Ihnen einen unvergleichbar guten Weitblick verschafft. Die passende Entspannung und Erholung wartet in den gem\u00fctlichen H\u00fctten auf Sie, die Sie ganz nach Ihnen Bed\u00fcrfnissen ausw\u00e4hlen k\u00f6nnen. Denn was gibt es Sch\u00f6neres, als ein gem\u00fctliches Feuer im Kamin, ein leckeres selbst gekochtes Essen, ein Spieleabend mit der ganzen Familie und idyllisches Schneegest\u00f6ber\u00a0in einer privaten H\u00fctte oder <a title=\"Fah\u00e1zak Schladming | Luxus nyaral\u00e1s k\u00f6zvetlen\u00fcl a lejt\u0151k\u00f6n\" href=\"https:\/\/www.chalets-schladming.com\/chalets-schladming.html\" target=\"_blank\" rel=\"noopener\">Chalet in Schladmin<\/a>g zu genie\u00dfen.<\/p>\t\t\t\t\t\t\t\t<\/div>\n\t\t\t\t<\/div>\n\t\t\t\t<\/div>\n\t\t<div class=\"elementor-element elementor-element-28c49d0 e-con-full e-flex e-con e-child\" data-id=\"28c49d0\" data-element_type=\"container\">\n\t\t\t\t<div class=\"elementor-element elementor-element-e6a0f53 elementor-widget elementor-widget-image\" data-id=\"e6a0f53\" data-element_type=\"widget\" data-widget_type=\"image.default\">\n\t\t\t\t<div class=\"elementor-widget-container\">\n\t\t\t\t\t\t\t\t\t\t\t\t\t\t\t<img fetchpriority=\"high\" decoding=\"async\" width=\"768\" height=\"515\" src=\"https:\/\/www.bold-black.109-235-60-67.plesk.page\/wp-content\/uploads\/2024\/04\/skiurlaub-oesterreich.jpg\" class=\"attachment-large size-large wp-image-6058\" alt=\"\" srcset=\"https:\/\/www.bold-black.109-235-60-67.plesk.page\/wp-content\/uploads\/2024\/04\/skiurlaub-oesterreich.jpg 900w, https:\/\/www.bold-black.109-235-60-67.plesk.page\/wp-content\/uploads\/2024\/04\/skiurlaub-oesterreich-300x201.jpg 300w, https:\/\/www.bold-black.109-235-60-67.plesk.page\/wp-content\/uploads\/2024\/04\/skiurlaub-oesterreich-768x515.jpg 768w, https:\/\/www.bold-black.109-235-60-67.plesk.page\/wp-content\/uploads\/2024\/04\/skiurlaub-oesterreich-18x12.jpg 18w, https:\/\/www.bold-black.109-235-60-67.plesk.page\/wp-content\/uploads\/2024\/04\/skiurlaub-oesterreich-405x271.jpg 405w\" sizes=\"(max-width: 768px) 100vw, 768px\" \/>\t\t\t\t\t\t\t\t\t\t\t\t\t\t\t<\/div>\n\t\t\t\t<\/div>\n\t\t\t\t<\/div>\n\t\t\t\t\t<\/div>\n\t\t\t\t<\/div>\n\t\t<div class=\"elementor-element elementor-element-c818a34 e-flex e-con-boxed e-con e-parent\" data-id=\"c818a34\" data-element_type=\"container\">\n\t\t\t\t\t<div class=\"e-con-inner\">\n\t\t\t\t\t<\/div>\n\t\t\t\t<\/div>\n\t\t\t\t<\/div>","protected":false},"excerpt":{"rendered":"<p>Vielseitige Skitouren in den Alpen genie\u00dfen Traumhafte Skitouren &#8211; ein Paradies f\u00fcr Wintersportler \u00d6sterreich ist bekannt f\u00fcr seine pr\u00e4chtigen Alpen, die gerade im Winter das Zentrum des Wintersports ist. Die schneesicheren Skigebiete, die vielen Gletscher und der oft traumhafte Sonnenschein sind optimal f\u00fcr jene, die Skitouren gehen oder das Skitouren gehen lernen m\u00f6chten. Skitouren in [&hellip;]<\/p>","protected":false},"author":2,"featured_media":0,"parent":827,"menu_order":0,"comment_status":"closed","ping_status":"closed","template":"","meta":{"inline_featured_image":false,"footnotes":""},"class_list":["post-855","page","type-page","status-publish","hentry"],"acf":[],"_links":{"self":[{"href":"https:\/\/www.bold-black.109-235-60-67.plesk.page\/hu\/wp-json\/wp\/v2\/pages\/855","targetHints":{"allow":["GET"]}}],"collection":[{"href":"https:\/\/www.bold-black.109-235-60-67.plesk.page\/hu\/wp-json\/wp\/v2\/pages"}],"about":[{"href":"https:\/\/www.bold-black.109-235-60-67.plesk.page\/hu\/wp-json\/wp\/v2\/types\/page"}],"author":[{"embeddable":true,"href":"https:\/\/www.bold-black.109-235-60-67.plesk.page\/hu\/wp-json\/wp\/v2\/users\/2"}],"replies":[{"embeddable":true,"href":"https:\/\/www.bold-black.109-235-60-67.plesk.page\/hu\/wp-json\/wp\/v2\/comments?post=855"}],"version-history":[{"count":4,"href":"https:\/\/www.bold-black.109-235-60-67.plesk.page\/hu\/wp-json\/wp\/v2\/pages\/855\/revisions"}],"predecessor-version":[{"id":6062,"href":"https:\/\/www.bold-black.109-235-60-67.plesk.page\/hu\/wp-json\/wp\/v2\/pages\/855\/revisions\/6062"}],"up":[{"embeddable":true,"href":"https:\/\/www.bold-black.109-235-60-67.plesk.page\/hu\/wp-json\/wp\/v2\/pages\/827"}],"wp:attachment":[{"href":"https:\/\/www.bold-black.109-235-60-67.plesk.page\/hu\/wp-json\/wp\/v2\/media?parent=855"}],"curies":[{"name":"wp","href":"https:\/\/api.w.org\/{rel}","templated":true}]}}