{"id":853,"date":"2024-04-09T21:29:38","date_gmt":"2024-04-09T21:29:38","guid":{"rendered":"https:\/\/www.huettenpartner.eu\/?page_id=853"},"modified":"2024-04-24T13:19:56","modified_gmt":"2024-04-24T11:19:56","slug":"langlauf-urlaub","status":"publish","type":"page","link":"https:\/\/www.bold-black.109-235-60-67.plesk.page\/hu\/huettenurlaub\/langlauf-urlaub\/","title":{"rendered":"S\u00edfut\u00f3 vak\u00e1ci\u00f3"},"content":{"rendered":"<div data-elementor-type=\"wp-page\" data-elementor-id=\"853\" class=\"elementor elementor-853\">\n\t\t\t\t<div class=\"elementor-element elementor-element-550ea39 e-flex e-con-boxed e-con e-parent\" data-id=\"550ea39\" data-element_type=\"container\">\n\t\t\t\t\t<div class=\"e-con-inner\">\n\t\t\t\t<div class=\"elementor-element elementor-element-7475895 elementor-widget elementor-widget-heading\" data-id=\"7475895\" data-element_type=\"widget\" data-widget_type=\"heading.default\">\n\t\t\t\t<div class=\"elementor-widget-container\">\n\t\t\t\t\t<h2 class=\"elementor-heading-title elementor-size-default\">Langlaufen auf den sch\u00f6nsten Loipen \u00d6sterreichs<\/h2>\t\t\t\t<\/div>\n\t\t\t\t<\/div>\n\t\t\t\t<div class=\"elementor-element elementor-element-32e7f09 elementor-widget elementor-widget-heading\" data-id=\"32e7f09\" data-element_type=\"widget\" data-widget_type=\"heading.default\">\n\t\t\t\t<div class=\"elementor-widget-container\">\n\t\t\t\t\t<h2 class=\"elementor-heading-title elementor-size-default\">Genie\u00dfen Sie einfach eine gute Zeit beim Langlaufen<\/h2>\t\t\t\t<\/div>\n\t\t\t\t<\/div>\n\t\t\t\t<div class=\"elementor-element elementor-element-64e193b elementor-widget elementor-widget-text-editor\" data-id=\"64e193b\" data-element_type=\"widget\" data-widget_type=\"text-editor.default\">\n\t\t\t\t<div class=\"elementor-widget-container\">\n\t\t\t\t\t\t\t\t\t<p>Beim Langlaufen ist man der Natur sehr nahe und genie\u00dft zahlreiche sch\u00f6ne Momente an der frischen Luft. Strahlender Sonnenschein, glitzernder Schnee und perfekt pr\u00e4parierte Loipen laden geradezu zum Langlaufen ein &#8211; Sie m\u00fcssen sich nur entscheiden wo &#8230;<\/p>\t\t\t\t\t\t\t\t<\/div>\n\t\t\t\t<\/div>\n\t\t\t\t\t<\/div>\n\t\t\t\t<\/div>\n\t\t<div class=\"elementor-element elementor-element-f0d4dc1 e-flex e-con-boxed e-con e-parent\" data-id=\"f0d4dc1\" data-element_type=\"container\">\n\t\t\t\t\t<div class=\"e-con-inner\">\n\t\t<div class=\"elementor-element elementor-element-83851e4 e-con-full e-flex e-con e-child\" data-id=\"83851e4\" data-element_type=\"container\">\n\t\t\t\t<div class=\"elementor-element elementor-element-6034b13 elementor-widget elementor-widget-heading\" data-id=\"6034b13\" data-element_type=\"widget\" data-widget_type=\"heading.default\">\n\t\t\t\t<div class=\"elementor-widget-container\">\n\t\t\t\t\t<h2 class=\"elementor-heading-title elementor-size-default\">Herrliche Winterlandschaft beim Ausdauersport<\/h2>\t\t\t\t<\/div>\n\t\t\t\t<\/div>\n\t\t\t\t<div class=\"elementor-element elementor-element-c667b6d elementor-widget elementor-widget-text-editor\" data-id=\"c667b6d\" data-element_type=\"widget\" data-widget_type=\"text-editor.default\">\n\t\t\t\t<div class=\"elementor-widget-container\">\n\t\t\t\t\t\t\t\t\t<p>In den vergangenen Jahren ist Langlaufen immer mehr zu einer der beliebtesten Wintersportarten geworden und das nicht grundlos. Als perfektes Ganzk\u00f6rpertraining, mit Fokus auf die Ausdauer und einem geringen Verletzungsrisiko, ist Langlaufen die perfekte Wintersportart, um Beschwerden im Alter vorzubeugen. Hinzu kommen die zahlreichen wundersch\u00f6nen Loipen und Strecken in den Alpen, die glitzernde Winterlandschaft und die frische Luft. Die passende Erholung erwartet Sie in den gem\u00fctlichen H\u00fctten, mit einem w\u00e4rmenden Kamin, leckerem selbst gekochtem Essen und einem typisch \u00f6sterreichischen Ambiente.<\/p>\t\t\t\t\t\t\t\t<\/div>\n\t\t\t\t<\/div>\n\t\t\t\t<\/div>\n\t\t<div class=\"elementor-element elementor-element-99f3366 e-con-full e-flex e-con e-child\" data-id=\"99f3366\" data-element_type=\"container\">\n\t\t\t\t<div class=\"elementor-element elementor-element-906aac6 elementor-widget elementor-widget-image\" data-id=\"906aac6\" data-element_type=\"widget\" data-widget_type=\"image.default\">\n\t\t\t\t<div class=\"elementor-widget-container\">\n\t\t\t\t\t\t\t\t\t\t\t\t\t\t\t<img fetchpriority=\"high\" decoding=\"async\" width=\"768\" height=\"576\" src=\"https:\/\/www.bold-black.109-235-60-67.plesk.page\/wp-content\/uploads\/2024\/04\/langlauf-winter-oesterreich-59932582.jpg\" class=\"attachment-large size-large wp-image-5719\" alt=\"\" srcset=\"https:\/\/www.bold-black.109-235-60-67.plesk.page\/wp-content\/uploads\/2024\/04\/langlauf-winter-oesterreich-59932582.jpg 768w, https:\/\/www.bold-black.109-235-60-67.plesk.page\/wp-content\/uploads\/2024\/04\/langlauf-winter-oesterreich-59932582-300x225.jpg 300w, https:\/\/www.bold-black.109-235-60-67.plesk.page\/wp-content\/uploads\/2024\/04\/langlauf-winter-oesterreich-59932582-16x12.jpg 16w, https:\/\/www.bold-black.109-235-60-67.plesk.page\/wp-content\/uploads\/2024\/04\/langlauf-winter-oesterreich-59932582-405x304.jpg 405w\" sizes=\"(max-width: 768px) 100vw, 768px\" \/>\t\t\t\t\t\t\t\t\t\t\t\t\t\t\t<\/div>\n\t\t\t\t<\/div>\n\t\t\t\t<\/div>\n\t\t\t\t\t<\/div>\n\t\t\t\t<\/div>\n\t\t<div class=\"elementor-element elementor-element-e4aec55 e-flex e-con-boxed e-con e-parent\" data-id=\"e4aec55\" data-element_type=\"container\">\n\t\t\t\t\t<div class=\"e-con-inner\">\n\t\t\t\t<div class=\"elementor-element elementor-element-4883f98 elementor-widget elementor-widget-heading\" data-id=\"4883f98\" data-element_type=\"widget\" data-widget_type=\"heading.default\">\n\t\t\t\t<div class=\"elementor-widget-container\">\n\t\t\t\t\t<h2 class=\"elementor-heading-title elementor-size-default\">Langlaufen in Ramsau und am Dachstein<\/h2>\t\t\t\t<\/div>\n\t\t\t\t<\/div>\n\t\t\t\t<div class=\"elementor-element elementor-element-f3949fc elementor-widget elementor-widget-text-editor\" data-id=\"f3949fc\" data-element_type=\"widget\" data-widget_type=\"text-editor.default\">\n\t\t\t\t<div class=\"elementor-widget-container\">\n\t\t\t\t\t\t\t\t\t<p>Insgesamt rund\u00a0220 km an Langlaufloipen stehen in Ramsau am Dachstein zur Verf\u00fcgung &#8211; dem Eldorado des\u00a0Nordischen Skisports. Mit der\u00a0Weltmeisterschaft im Jahr 1999 und der l\u00e4ngsten Gletscher-Langlaufloipe der Welt auf knapp 2.700 Meter bietet die Region rund um den Dachstein jedem Langl\u00e4ufer alles, was er oder sie sich w\u00fcnscht.\u00a0<\/p><p>Aber nicht nur die\u00a0Gletscher-Langlaufloipe mach die Region Ramsau am Dachstein zu einem der beliebtesten Langlauf-Regionen in Europa, sondern die gro\u00dfe Auswahl an verschiedenen Loipen in H\u00f6hen zwischen 1.100 m bis 2.700 m. Perfekt also f\u00fcr jedes Niveau. Hier finden Anf\u00e4nge rund Profis, Amateur- und Spitzensportler die besten Voraussetzungen und\u00a0sportlichen Herausforderungen. Und auch den Kleinsten wird im\u00a0Kinderlanglaufpark spielerisch die Freude am Langlaufen vermittelt.<\/p><p><strong>Tipp<\/strong>: Ein ganz besonderes Highlight ist die\u00a0Nachtloipe im Langlaufstadion Ramsau, die bis 21:00 Uhr beleuchtet ist.\u00a0<\/p>\t\t\t\t\t\t\t\t<\/div>\n\t\t\t\t<\/div>\n\t\t\t\t<div class=\"elementor-element elementor-element-7150c20 elementor-widget elementor-widget-heading\" data-id=\"7150c20\" data-element_type=\"widget\" data-widget_type=\"heading.default\">\n\t\t\t\t<div class=\"elementor-widget-container\">\n\t\t\t\t\t<h2 class=\"elementor-heading-title elementor-size-default\">Langlaufen in Schladming &amp; wohnen im privaten Luxus-Chalet<\/h2>\t\t\t\t<\/div>\n\t\t\t\t<\/div>\n\t\t\t\t<div class=\"elementor-element elementor-element-ff96acf elementor-widget elementor-widget-text-editor\" data-id=\"ff96acf\" data-element_type=\"widget\" data-widget_type=\"text-editor.default\">\n\t\t\t\t<div class=\"elementor-widget-container\">\n\t\t\t\t\t\t\t\t\t<p>Wenn die Sonne das Gesicht w\u00e4rmt, die Beine angenehm brennen und die Lunge die frische Winterluft einatmet, dann ist Langlaufzeit in Schladming. Und das Beste an einem Langlauf-Urlaub in Schladming? Hier wohnen Sie ganz zentral in direkter N\u00e4he zu\u00a0drei herrlichen Langlauf-Gebieten und inklusive privatem Wellnessbereich und hauseigenem Indoor-Pool &#8211; in den <a title=\"Langlaufen in und um Schladming \u2013 Naturgenuss pur\" href=\"https:\/\/www.chalets-schladming.com\/winter\/langlaufen-natur-sport.html\" target=\"_blank\" rel=\"noopener\">Luxus Chalets Schladming<\/a>!<\/p>\t\t\t\t\t\t\t\t<\/div>\n\t\t\t\t<\/div>\n\t\t\t\t\t<\/div>\n\t\t\t\t<\/div>\n\t\t<div class=\"elementor-element elementor-element-61fd4b0 e-flex e-con-boxed e-con e-parent\" data-id=\"61fd4b0\" data-element_type=\"container\">\n\t\t\t\t\t<div class=\"e-con-inner\">\n\t\t\t\t\t<\/div>\n\t\t\t\t<\/div>\n\t\t\t\t<\/div>","protected":false},"excerpt":{"rendered":"<p>Langlaufen auf den sch\u00f6nsten Loipen \u00d6sterreichs Genie\u00dfen Sie einfach eine gute Zeit beim Langlaufen Beim Langlaufen ist man der Natur sehr nahe und genie\u00dft zahlreiche sch\u00f6ne Momente an der frischen Luft. Strahlender Sonnenschein, glitzernder Schnee und perfekt pr\u00e4parierte Loipen laden geradezu zum Langlaufen ein &#8211; Sie m\u00fcssen sich nur entscheiden wo &#8230; Herrliche Winterlandschaft beim [&hellip;]<\/p>","protected":false},"author":2,"featured_media":0,"parent":827,"menu_order":0,"comment_status":"closed","ping_status":"closed","template":"","meta":{"inline_featured_image":false,"footnotes":""},"class_list":["post-853","page","type-page","status-publish","hentry"],"acf":[],"_links":{"self":[{"href":"https:\/\/www.bold-black.109-235-60-67.plesk.page\/hu\/wp-json\/wp\/v2\/pages\/853","targetHints":{"allow":["GET"]}}],"collection":[{"href":"https:\/\/www.bold-black.109-235-60-67.plesk.page\/hu\/wp-json\/wp\/v2\/pages"}],"about":[{"href":"https:\/\/www.bold-black.109-235-60-67.plesk.page\/hu\/wp-json\/wp\/v2\/types\/page"}],"author":[{"embeddable":true,"href":"https:\/\/www.bold-black.109-235-60-67.plesk.page\/hu\/wp-json\/wp\/v2\/users\/2"}],"replies":[{"embeddable":true,"href":"https:\/\/www.bold-black.109-235-60-67.plesk.page\/hu\/wp-json\/wp\/v2\/comments?post=853"}],"version-history":[{"count":4,"href":"https:\/\/www.bold-black.109-235-60-67.plesk.page\/hu\/wp-json\/wp\/v2\/pages\/853\/revisions"}],"predecessor-version":[{"id":6033,"href":"https:\/\/www.bold-black.109-235-60-67.plesk.page\/hu\/wp-json\/wp\/v2\/pages\/853\/revisions\/6033"}],"up":[{"embeddable":true,"href":"https:\/\/www.bold-black.109-235-60-67.plesk.page\/hu\/wp-json\/wp\/v2\/pages\/827"}],"wp:attachment":[{"href":"https:\/\/www.bold-black.109-235-60-67.plesk.page\/hu\/wp-json\/wp\/v2\/media?parent=853"}],"curies":[{"name":"wp","href":"https:\/\/api.w.org\/{rel}","templated":true}]}}