{"id":830,"date":"2024-04-09T21:21:51","date_gmt":"2024-04-09T21:21:51","guid":{"rendered":"https:\/\/www.huettenpartner.eu\/?page_id=830"},"modified":"2024-04-24T10:56:08","modified_gmt":"2024-04-24T08:56:08","slug":"urlaub-mit-dem-hund","status":"publish","type":"page","link":"https:\/\/www.bold-black.109-235-60-67.plesk.page\/hu\/huettenurlaub\/urlaub-mit-dem-hund\/","title":{"rendered":"Nyaral\u00e1s a kuty\u00e1val"},"content":{"rendered":"<div data-elementor-type=\"wp-page\" data-elementor-id=\"830\" class=\"elementor elementor-830\">\n\t\t\t\t<div class=\"elementor-element elementor-element-020b276 e-flex e-con-boxed e-con e-parent\" data-id=\"020b276\" data-element_type=\"container\">\n\t\t\t\t\t<div class=\"e-con-inner\">\n\t\t\t\t<div class=\"elementor-element elementor-element-7b1d257 elementor-widget elementor-widget-heading\" data-id=\"7b1d257\" data-element_type=\"widget\" data-widget_type=\"heading.default\">\n\t\t\t\t<div class=\"elementor-widget-container\">\n\t\t\t\t\t<h2 class=\"elementor-heading-title elementor-size-default\">H\u00fcttenurlaub mit Hund in den Bergen \u00d6sterreichs<\/h2>\t\t\t\t<\/div>\n\t\t\t\t<\/div>\n\t\t\t\t<div class=\"elementor-element elementor-element-58d44d2 elementor-widget elementor-widget-heading\" data-id=\"58d44d2\" data-element_type=\"widget\" data-widget_type=\"heading.default\">\n\t\t\t\t<div class=\"elementor-widget-container\">\n\t\t\t\t\t<h2 class=\"elementor-heading-title elementor-size-default\">Natur genie\u00dfen mit Haustieren im Gep\u00e4ck, das ist Urlaub in den Bergen mit Hund<\/h2>\t\t\t\t<\/div>\n\t\t\t\t<\/div>\n\t\t\t\t<div class=\"elementor-element elementor-element-a793d2a elementor-widget elementor-widget-text-editor\" data-id=\"a793d2a\" data-element_type=\"widget\" data-widget_type=\"text-editor.default\">\n\t\t\t\t<div class=\"elementor-widget-container\">\n\t\t\t\t\t\t\t\t\t<p>Ein H\u00fcttenurlaub in \u00d6sterreich ist Urlaub im Einklang mit der Natur. Egal ob auf einer\u00a0<a title=\"Skih\u00fctte in \u00d6sterreich mieten | Winterurlaub in den Alpen\" href=\"https:\/\/www.huettenpartner.com\/huetten-mieten\/skihuetten-oesterreich-berge.html\">Skih\u00fctte im Winter<\/a> oder auf einer\u00a0<a title=\"Urige Bergh\u00fctte oder gro\u00dfe Almh\u00fctte mieten | Alpen \u00d6sterreichs\" href=\"https:\/\/www.huettenpartner.com\/huetten-mieten\/almhuetten-berg-natur.html\">Almh\u00fctte im Sommer<\/a> &#8211; erleben Sie die Landschaft und die Freiheit der Berge hautnah. Selbstverst\u00e4ndlich soll Ihr tierischer Freund diese Auszeit in der Natur ebenfalls genie\u00dfen. H\u00fcttenpartner hat deshalb zahlreiche H\u00fctten im Programm, bei denen Sie Ihr Hund und andere Haustiere wie Katzen, V\u00f6gel, Hasen, Meerschweinchen, Schildkr\u00f6ten, etc. problemlos in den Urlaub begleiten k\u00f6nnen. Um eine passende H\u00fctte f\u00fcr Sie und Ihren tierischen Freund schneller zu finden, k\u00f6nnen Sie bei der\u00a0<a title=\"Suchen Sie Ihre passende H\u00fctte f\u00fcr Ihren Urlaub\" href=\"https:\/\/www.huettenpartner.com\/huetten-mieten\/huette-finden-urlaub.html\">H\u00fcttensuche<\/a>\u00a0nach der M\u00f6glichkeit \u201eHaustiere erlaubt\u201c filtern.<\/p>\t\t\t\t\t\t\t\t<\/div>\n\t\t\t\t<\/div>\n\t\t\t\t\t<\/div>\n\t\t\t\t<\/div>\n\t\t<div class=\"elementor-element elementor-element-5125f5b e-flex e-con-boxed e-con e-parent\" data-id=\"5125f5b\" data-element_type=\"container\">\n\t\t\t\t\t<div class=\"e-con-inner\">\n\t\t<div class=\"elementor-element elementor-element-37548be e-con-full e-flex e-con e-child\" data-id=\"37548be\" data-element_type=\"container\">\n\t\t\t\t<div class=\"elementor-element elementor-element-7848273 elementor-widget elementor-widget-heading\" data-id=\"7848273\" data-element_type=\"widget\" data-widget_type=\"heading.default\">\n\t\t\t\t<div class=\"elementor-widget-container\">\n\t\t\t\t\t<h2 class=\"elementor-heading-title elementor-size-default\">Vorbereitung der Reise nach \u00d6sterreich mit Hund, Katze und Co<\/h2>\t\t\t\t<\/div>\n\t\t\t\t<\/div>\n\t\t\t\t<div class=\"elementor-element elementor-element-c5e26e3 elementor-widget elementor-widget-text-editor\" data-id=\"c5e26e3\" data-element_type=\"widget\" data-widget_type=\"text-editor.default\">\n\t\t\t\t<div class=\"elementor-widget-container\">\n\t\t\t\t\t\t\t\t\t<p>Wenn Sie mit Ihrem Haustier verreisen wollen, kommt es nicht nur auf dir richtige H\u00fctte, sondern auch auf eine rechtzeitige Vorbereitung an. Reisen Sie aus dem Ausland nach \u00d6sterreich ein, m\u00fcssen Sie einen EU-Heimtierausweis mitf\u00fchren.<\/p><p>Ihr Hund muss mit einem Mikrochip gekennzeichnet sein (oder mit einer eindeutig lesbaren T\u00e4towierung, die vor dem 3. Juli 2011 vorgenommen wurde). Zudem braucht Ihr Hund einen bestehenden Impfschutz gegen Tollwut, die mindestens 21 Tage alt ist. Welpen unter 16 Wochen d\u00fcrfen nur mit speziellen Genehmigungen einreisen. Und Sie d\u00fcrfen h\u00f6chstens 5 Hunde mit nach \u00d6sterreich bringen. Genau nachzulesen sind die Bestimmungen auf der <a title=\"Einreisebestimmungen nach \u00d6sterreich f\u00fcr Hunde, Katze &amp; Co\" href=\"https:\/\/www.sozialministerium.at\/Themen\/Gesundheit\/Reiseinformationen\/Reisen-nach-%C3%96sterreich\/Reisen-mit-Hunden,-Katzen-und-Frettchen-innerhalb-der-EU,-des-EWR-und-der-Schweiz.html\" target=\"_blank\" rel=\"noopener\">Website des zust\u00e4ndigen Ministeriums<\/a>.<\/p>\t\t\t\t\t\t\t\t<\/div>\n\t\t\t\t<\/div>\n\t\t\t\t<\/div>\n\t\t<div class=\"elementor-element elementor-element-451533a e-con-full e-flex e-con e-child\" data-id=\"451533a\" data-element_type=\"container\">\n\t\t\t\t<div class=\"elementor-element elementor-element-b1dd8d5 elementor-widget elementor-widget-image\" data-id=\"b1dd8d5\" data-element_type=\"widget\" data-widget_type=\"image.default\">\n\t\t\t\t<div class=\"elementor-widget-container\">\n\t\t\t\t\t\t\t\t\t\t\t\t\t\t\t<img fetchpriority=\"high\" decoding=\"async\" width=\"768\" height=\"512\" src=\"https:\/\/www.bold-black.109-235-60-67.plesk.page\/wp-content\/uploads\/2024\/04\/hund-hecheln-unsplash.jpg\" class=\"attachment-large size-large wp-image-5600\" alt=\"\" srcset=\"https:\/\/www.bold-black.109-235-60-67.plesk.page\/wp-content\/uploads\/2024\/04\/hund-hecheln-unsplash.jpg 900w, https:\/\/www.bold-black.109-235-60-67.plesk.page\/wp-content\/uploads\/2024\/04\/hund-hecheln-unsplash-300x200.jpg 300w, https:\/\/www.bold-black.109-235-60-67.plesk.page\/wp-content\/uploads\/2024\/04\/hund-hecheln-unsplash-768x512.jpg 768w, https:\/\/www.bold-black.109-235-60-67.plesk.page\/wp-content\/uploads\/2024\/04\/hund-hecheln-unsplash-18x12.jpg 18w, https:\/\/www.bold-black.109-235-60-67.plesk.page\/wp-content\/uploads\/2024\/04\/hund-hecheln-unsplash-405x270.jpg 405w\" sizes=\"(max-width: 768px) 100vw, 768px\" \/>\t\t\t\t\t\t\t\t\t\t\t\t\t\t\t<\/div>\n\t\t\t\t<\/div>\n\t\t\t\t<\/div>\n\t\t\t\t\t<\/div>\n\t\t\t\t<\/div>\n\t\t<div class=\"elementor-element elementor-element-efd6a84 e-flex e-con-boxed e-con e-parent\" data-id=\"efd6a84\" data-element_type=\"container\">\n\t\t\t\t\t<div class=\"e-con-inner\">\n\t\t<div class=\"elementor-element elementor-element-43b830d e-con-full e-flex e-con e-child\" data-id=\"43b830d\" data-element_type=\"container\">\n\t\t\t\t<div class=\"elementor-element elementor-element-081b404 elementor-widget elementor-widget-image\" data-id=\"081b404\" data-element_type=\"widget\" data-widget_type=\"image.default\">\n\t\t\t\t<div class=\"elementor-widget-container\">\n\t\t\t\t\t\t\t\t\t\t\t\t\t\t\t<img decoding=\"async\" width=\"768\" height=\"512\" src=\"https:\/\/www.bold-black.109-235-60-67.plesk.page\/wp-content\/uploads\/2024\/04\/schneewanderung-oesterreich-winter.jpg\" class=\"attachment-large size-large wp-image-5599\" alt=\"\" srcset=\"https:\/\/www.bold-black.109-235-60-67.plesk.page\/wp-content\/uploads\/2024\/04\/schneewanderung-oesterreich-winter.jpg 900w, https:\/\/www.bold-black.109-235-60-67.plesk.page\/wp-content\/uploads\/2024\/04\/schneewanderung-oesterreich-winter-300x200.jpg 300w, https:\/\/www.bold-black.109-235-60-67.plesk.page\/wp-content\/uploads\/2024\/04\/schneewanderung-oesterreich-winter-768x512.jpg 768w, https:\/\/www.bold-black.109-235-60-67.plesk.page\/wp-content\/uploads\/2024\/04\/schneewanderung-oesterreich-winter-18x12.jpg 18w, https:\/\/www.bold-black.109-235-60-67.plesk.page\/wp-content\/uploads\/2024\/04\/schneewanderung-oesterreich-winter-405x270.jpg 405w\" sizes=\"(max-width: 768px) 100vw, 768px\" \/>\t\t\t\t\t\t\t\t\t\t\t\t\t\t\t<\/div>\n\t\t\t\t<\/div>\n\t\t\t\t<\/div>\n\t\t<div class=\"elementor-element elementor-element-711a030 e-con-full e-flex e-con e-child\" data-id=\"711a030\" data-element_type=\"container\">\n\t\t\t\t<div class=\"elementor-element elementor-element-e2cdd45 elementor-widget elementor-widget-heading\" data-id=\"e2cdd45\" data-element_type=\"widget\" data-widget_type=\"heading.default\">\n\t\t\t\t<div class=\"elementor-widget-container\">\n\t\t\t\t\t<h2 class=\"elementor-heading-title elementor-size-default\">Tipps zur Anreise mit Hund &amp; anderen Tieren zu Ihrem H\u00fcttenurlaub<\/h2>\t\t\t\t<\/div>\n\t\t\t\t<\/div>\n\t\t\t\t<div class=\"elementor-element elementor-element-ec6b15a elementor-widget elementor-widget-text-editor\" data-id=\"ec6b15a\" data-element_type=\"widget\" data-widget_type=\"text-editor.default\">\n\t\t\t\t<div class=\"elementor-widget-container\">\n\t\t\t\t\t\t\t\t\t<p>In vielen F\u00e4llen werden Sie zum Urlaub in einer H\u00fctte von H\u00fcttenpartner mit dem PKW anreisen. Informieren Sie sich \u00fcber die Dauer der Anreise, planen Sie genug Pausen f\u00fcr Hund und Katze ein, packen Sie genug Wasser f\u00fcr die Fahrt ein und versichern Sie sich, dass Ihr Hund einer langen Autofahrt zu Ihrer H\u00fctte gewachsen ist.<\/p><p>Die Zufahrt zu den H\u00fctten erfolgt oft \u00fcber kurvige Bergstra\u00dfen. Nehmen Sie besondere R\u00fccksicht auf Ihren vierbeinigen Reisegenossen. Fahren Sie dabei langsam, ruhig und vorsichtig, um zu verhindern, dass Ihrem Haustier im Auto schlecht wird. Sorgen Sie daf\u00fcr, dass Ihr Hund oder Ihre Katze im Auto fachgerecht untergebracht und gesichert ist.<\/p>\t\t\t\t\t\t\t\t<\/div>\n\t\t\t\t<\/div>\n\t\t\t\t<\/div>\n\t\t\t\t\t<\/div>\n\t\t\t\t<\/div>\n\t\t<div class=\"elementor-element elementor-element-392a56b e-flex e-con-boxed e-con e-parent\" data-id=\"392a56b\" data-element_type=\"container\">\n\t\t\t\t\t<div class=\"e-con-inner\">\n\t\t\t\t<div class=\"elementor-element elementor-element-2c864da elementor-widget elementor-widget-heading\" data-id=\"2c864da\" data-element_type=\"widget\" data-widget_type=\"heading.default\">\n\t\t\t\t<div class=\"elementor-widget-container\">\n\t\t\t\t\t<h2 class=\"elementor-heading-title elementor-size-default\">Mit dem eigenen Hund auf der H\u00fctte: Leinenpflicht &amp; Selbstversorgung<\/h2>\t\t\t\t<\/div>\n\t\t\t\t<\/div>\n\t\t\t\t<div class=\"elementor-element elementor-element-78bb8f2 elementor-widget elementor-widget-text-editor\" data-id=\"78bb8f2\" data-element_type=\"widget\" data-widget_type=\"text-editor.default\">\n\t\t\t\t<div class=\"elementor-widget-container\">\n\t\t\t\t\t\t\t\t\t<p>F\u00fcr den H\u00fcttenaufenthalt mit Hund ben\u00f6tigen Sie unbedingt eine Leine. Lassen Sie Ihren Hund und alle anderen Tiere nur in gut gesicherten Bereichen frei laufen.<\/p><p><strong>Bitte beachten Sie:<\/strong> Zum Schutz Ihres Hundes wie auch der ans\u00e4ssigen <a title=\"richtiger Umgang mit Wild- und Weidetieren\" href=\"https:\/\/www.huettenpartner.com\/huettenaufenthalt\/kuehe-wildtiere-umgang.html\">Wild- und Weidetiere<\/a>\u00a0m\u00fcssen Sie Ihren Hund stets an der Leine f\u00fchren. Bedenken Sie, dass Sie Ihren Urlaub in einer Selbstversorgerh\u00fctte verbringen: Nehmen Sie daher ausreichend Nahrung f\u00fcr Ihr Haustier mit und eine Decke, einen Hundekorb, einen K\u00e4fig, oder was das Tier sonst noch braucht.<\/p>\t\t\t\t\t\t\t\t<\/div>\n\t\t\t\t<\/div>\n\t\t\t\t\t<\/div>\n\t\t\t\t<\/div>\n\t\t<div class=\"elementor-element elementor-element-4e9f270 e-flex e-con-boxed e-con e-parent\" data-id=\"4e9f270\" data-element_type=\"container\">\n\t\t\t\t\t<div class=\"e-con-inner\">\n\t\t<div class=\"elementor-element elementor-element-d18eb67 e-con-full e-flex e-con e-child\" data-id=\"d18eb67\" data-element_type=\"container\">\n\t\t\t\t<div class=\"elementor-element elementor-element-70fdacd elementor-widget elementor-widget-heading\" data-id=\"70fdacd\" data-element_type=\"widget\" data-widget_type=\"heading.default\">\n\t\t\t\t<div class=\"elementor-widget-container\">\n\t\t\t\t\t<h2 class=\"elementor-heading-title elementor-size-default\">Tipps zum genussvollen Wandern mit Hund in den Bergen<\/h2>\t\t\t\t<\/div>\n\t\t\t\t<\/div>\n\t\t\t\t<div class=\"elementor-element elementor-element-75a24e6 elementor-widget elementor-widget-text-editor\" data-id=\"75a24e6\" data-element_type=\"widget\" data-widget_type=\"text-editor.default\">\n\t\t\t\t<div class=\"elementor-widget-container\">\n\t\t\t\t\t\t\t\t\t<p>Wenn Sie im Urlaub gemeinsam mit Ihrem Hund durch die herrliche Landschaft \u00d6sterreichs streifen wollen, sollten Sie ebenfalls einiges bedenken. Auch beim Wandern gilt, niemals ohne Leine und gro\u00dfe Vorsicht bei Weidetieren! Sie wissen nicht, wie die K\u00fche, Schafe oder Pferde auf Ihren Hund reagieren und umgekehrt &#8211; wenn es m\u00f6glich ist, weichen Sie ihnen gro\u00dfr\u00e4umig aus!<\/p><p>Planen Sie eine Bergwanderung gemeinsam mit Ihrem Hund, dann informieren Sie sich, ob die gew\u00e4hlte Tour keine un\u00fcberwindbaren Hindernisse wie Leitern oder Felsenstiegen enth\u00e4lt. Nehmen Sie ausreichend Proviant f\u00fcr Ihren Hund mit und \u00fcberlegen Sie sich, ob Ihr Hund den Herausforderungen einer Bergtour wirklich gewachsen ist.<\/p>\t\t\t\t\t\t\t\t<\/div>\n\t\t\t\t<\/div>\n\t\t\t\t<\/div>\n\t\t<div class=\"elementor-element elementor-element-0882a90 e-con-full e-flex e-con e-child\" data-id=\"0882a90\" data-element_type=\"container\">\n\t\t\t\t<div class=\"elementor-element elementor-element-b96b191 elementor-widget elementor-widget-image\" data-id=\"b96b191\" data-element_type=\"widget\" data-widget_type=\"image.default\">\n\t\t\t\t<div class=\"elementor-widget-container\">\n\t\t\t\t\t\t\t\t\t\t\t\t\t\t\t<img decoding=\"async\" width=\"768\" height=\"512\" src=\"https:\/\/www.bold-black.109-235-60-67.plesk.page\/wp-content\/uploads\/2024\/04\/wandern-hund-unsplash.jpg\" class=\"attachment-large size-large wp-image-5598\" alt=\"\" srcset=\"https:\/\/www.bold-black.109-235-60-67.plesk.page\/wp-content\/uploads\/2024\/04\/wandern-hund-unsplash.jpg 900w, https:\/\/www.bold-black.109-235-60-67.plesk.page\/wp-content\/uploads\/2024\/04\/wandern-hund-unsplash-300x200.jpg 300w, https:\/\/www.bold-black.109-235-60-67.plesk.page\/wp-content\/uploads\/2024\/04\/wandern-hund-unsplash-768x512.jpg 768w, https:\/\/www.bold-black.109-235-60-67.plesk.page\/wp-content\/uploads\/2024\/04\/wandern-hund-unsplash-18x12.jpg 18w, https:\/\/www.bold-black.109-235-60-67.plesk.page\/wp-content\/uploads\/2024\/04\/wandern-hund-unsplash-405x270.jpg 405w\" sizes=\"(max-width: 768px) 100vw, 768px\" \/>\t\t\t\t\t\t\t\t\t\t\t\t\t\t\t<\/div>\n\t\t\t\t<\/div>\n\t\t\t\t<\/div>\n\t\t\t\t\t<\/div>\n\t\t\t\t<\/div>\n\t\t<div class=\"elementor-element elementor-element-09f337b e-flex e-con-boxed e-con e-parent\" data-id=\"09f337b\" data-element_type=\"container\">\n\t\t\t\t\t<div class=\"e-con-inner\">\n\t\t\t\t<div class=\"elementor-element elementor-element-da360ce elementor-widget elementor-widget-heading\" data-id=\"da360ce\" data-element_type=\"widget\" data-widget_type=\"heading.default\">\n\t\t\t\t<div class=\"elementor-widget-container\">\n\t\t\t\t\t<h2 class=\"elementor-heading-title elementor-size-default\">H\u00fcttenurlaub mit Hund: Ein perfekter Familienurlaub in \u00d6sterreich<\/h2>\t\t\t\t<\/div>\n\t\t\t\t<\/div>\n\t\t\t\t<div class=\"elementor-element elementor-element-2f2cfad elementor-widget elementor-widget-text-editor\" data-id=\"2f2cfad\" data-element_type=\"widget\" data-widget_type=\"text-editor.default\">\n\t\t\t\t<div class=\"elementor-widget-container\">\n\t\t\t\t\t\t\t\t\t<p>Gerade bei Familien mit Kindern muss der beste Freund des Menschen \u2013 der eigene Hund &#8211; im gemeinsamen Familienurlaub in den Bergen unbedingt mit an Bord sein! Gemeinsam mit Lassi &amp; Co. streifen Ihre Kinder durch herrlich bl\u00fchende Almwiesen oder tollen in glitzernden Schneelandschaften herum \u2013 das ist Ihr gelungener <a title=\"H\u00fcttenurlaub mit Kindern\" href=\"https:\/\/www.huettenpartner.com\/huettenurlaub\/familienurlaub-kinder-ferien.html\">Familienurlaub auf der H\u00fctte<\/a> und in der einzigartigen Natur der \u00f6sterreichischen Alpen.<\/p><p>Vorbereitung ist f\u00fcr einen Urlaub mit Haustier in jedem Fall notwendig, damit sich Mensch und Tier am Ende an einen gelungenen Urlaub auf der H\u00fctte, Almh\u00fctte oder anderen Selbstversorgerh\u00fctte, wie den <a title=\"Fah\u00e1zak Schladming | Luxus nyaral\u00e1s k\u00f6zvetlen\u00fcl a lejt\u0151k\u00f6n\" href=\"https:\/\/www.chalets-schladming.com\/chalets-schladming.html\" target=\"_blank\" rel=\"noopener\">Fah\u00e1zak<\/a> und eine wundersch\u00f6ne Zeit in den Bergen erinnern k\u00f6nnen.<\/p><p>Haben Sie noch Fragen zu Ihrem Urlaub mit Haustier oder ben\u00f6tigen Sie weitere Infos?\u00a0<a class=\"ce_em\" title=\"Email-Kontakt H\u00fcttenpartner\" href=\"mailto:info@huettenpartner.at\">Kontaktieren Sie H\u00fcttenpartner<\/a>, Ihren Experten f\u00fcr H\u00fcttenurlaub in \u00d6sterreich. Wir helfen Ihnen gerne mit Ihrem perfekten Urlaub in den Bergen mit Haustier- oder <a title=\"H\u00fctte mieten\" href=\"https:\/\/www.huettenpartner.com\/huetten-mieten\/huette-finden-urlaub.html\">jetzt gleich eine H\u00fctte mieten<\/a> f\u00fcr Ihren unvergesslichen Urlaub mit Hund.<\/p>\t\t\t\t\t\t\t\t<\/div>\n\t\t\t\t<\/div>\n\t\t\t\t\t<\/div>\n\t\t\t\t<\/div>\n\t\t<div class=\"elementor-element elementor-element-81febff e-flex e-con-boxed e-con e-parent\" data-id=\"81febff\" data-element_type=\"container\">\n\t\t\t\t\t<div class=\"e-con-inner\">\n\t\t\t\t\t<\/div>\n\t\t\t\t<\/div>\n\t\t\t\t<\/div>","protected":false},"excerpt":{"rendered":"<p>H\u00fcttenurlaub mit Hund in den Bergen \u00d6sterreichs Natur genie\u00dfen mit Haustieren im Gep\u00e4ck, das ist Urlaub in den Bergen mit Hund Ein H\u00fcttenurlaub in \u00d6sterreich ist Urlaub im Einklang mit der Natur. Egal ob auf einer\u00a0Skih\u00fctte im Winter oder auf einer\u00a0Almh\u00fctte im Sommer &#8211; erleben Sie die Landschaft und die Freiheit der Berge hautnah. Selbstverst\u00e4ndlich [&hellip;]<\/p>","protected":false},"author":2,"featured_media":0,"parent":827,"menu_order":0,"comment_status":"closed","ping_status":"closed","template":"","meta":{"inline_featured_image":false,"footnotes":""},"class_list":["post-830","page","type-page","status-publish","hentry"],"acf":[],"_links":{"self":[{"href":"https:\/\/www.bold-black.109-235-60-67.plesk.page\/hu\/wp-json\/wp\/v2\/pages\/830","targetHints":{"allow":["GET"]}}],"collection":[{"href":"https:\/\/www.bold-black.109-235-60-67.plesk.page\/hu\/wp-json\/wp\/v2\/pages"}],"about":[{"href":"https:\/\/www.bold-black.109-235-60-67.plesk.page\/hu\/wp-json\/wp\/v2\/types\/page"}],"author":[{"embeddable":true,"href":"https:\/\/www.bold-black.109-235-60-67.plesk.page\/hu\/wp-json\/wp\/v2\/users\/2"}],"replies":[{"embeddable":true,"href":"https:\/\/www.bold-black.109-235-60-67.plesk.page\/hu\/wp-json\/wp\/v2\/comments?post=830"}],"version-history":[{"count":4,"href":"https:\/\/www.bold-black.109-235-60-67.plesk.page\/hu\/wp-json\/wp\/v2\/pages\/830\/revisions"}],"predecessor-version":[{"id":5621,"href":"https:\/\/www.bold-black.109-235-60-67.plesk.page\/hu\/wp-json\/wp\/v2\/pages\/830\/revisions\/5621"}],"up":[{"embeddable":true,"href":"https:\/\/www.bold-black.109-235-60-67.plesk.page\/hu\/wp-json\/wp\/v2\/pages\/827"}],"wp:attachment":[{"href":"https:\/\/www.bold-black.109-235-60-67.plesk.page\/hu\/wp-json\/wp\/v2\/media?parent=830"}],"curies":[{"name":"wp","href":"https:\/\/api.w.org\/{rel}","templated":true}]}}