{"id":823,"date":"2024-04-09T21:15:37","date_gmt":"2024-04-09T21:15:37","guid":{"rendered":"https:\/\/www.huettenpartner.eu\/?page_id=823"},"modified":"2024-04-24T10:03:45","modified_gmt":"2024-04-24T08:03:45","slug":"last-minute-angebote","status":"publish","type":"page","link":"https:\/\/www.bold-black.109-235-60-67.plesk.page\/hu\/huettenurlaub\/last-minute-angebote\/","title":{"rendered":"last minute aj\u00e1nlatok"},"content":{"rendered":"<div data-elementor-type=\"wp-page\" data-elementor-id=\"823\" class=\"elementor elementor-823\">\n\t\t\t\t<div class=\"elementor-element elementor-element-91d6ca9 e-flex e-con-boxed e-con e-parent\" data-id=\"91d6ca9\" data-element_type=\"container\">\n\t\t\t\t\t<div class=\"e-con-inner\">\n\t\t\t\t<div class=\"elementor-element elementor-element-81d5b07 elementor-widget elementor-widget-heading\" data-id=\"81d5b07\" data-element_type=\"widget\" data-widget_type=\"heading.default\">\n\t\t\t\t<div class=\"elementor-widget-container\">\n\t\t\t\t\t<h2 class=\"elementor-heading-title elementor-size-default\">Last Minute Angebote bei H\u00fcttenpartner<\/h2>\t\t\t\t<\/div>\n\t\t\t\t<\/div>\n\t\t\t\t<div class=\"elementor-element elementor-element-73a612a elementor-widget elementor-widget-heading\" data-id=\"73a612a\" data-element_type=\"widget\" data-widget_type=\"heading.default\">\n\t\t\t\t<div class=\"elementor-widget-container\">\n\t\t\t\t\t<h2 class=\"elementor-heading-title elementor-size-default\">Last Minute Urlaub buchen auf einer H\u00fctte in den Alpen<\/h2>\t\t\t\t<\/div>\n\t\t\t\t<\/div>\n\t\t\t\t<div class=\"elementor-element elementor-element-79f481f elementor-widget elementor-widget-heading\" data-id=\"79f481f\" data-element_type=\"widget\" data-widget_type=\"heading.default\">\n\t\t\t\t<div class=\"elementor-widget-container\">\n\t\t\t\t\t<h2 class=\"elementor-heading-title elementor-size-default\">Das Wetter ist zu Hause schlecht oder Sie haben spontan Urlaub bekommen? Dann nichts wie ab in die Berge! Informieren Sie sich hier \u00fcber die zahlreichen Last Minute Angebote f\u00fcr Ihren H\u00fcttenurlaub in \u00d6sterreich und entdecken Sie die urigen, top ausgestatteten und optimal gelegenen H\u00fctten. Egal worauf Sie Lust haben oder was Sie planen - mit den H\u00fctten von H\u00fcttenpartner wird Ihr Last Minute Urlaub ein voller Erfolg.<\/h2>\t\t\t\t<\/div>\n\t\t\t\t<\/div>\n\t\t\t\t\t<\/div>\n\t\t\t\t<\/div>\n\t\t<div class=\"elementor-element elementor-element-4e35f56 e-flex e-con-boxed e-con e-parent\" data-id=\"4e35f56\" data-element_type=\"container\">\n\t\t\t\t\t<div class=\"e-con-inner\">\n\t\t<div class=\"elementor-element elementor-element-d4e7e7a e-con-full e-flex e-con e-child\" data-id=\"d4e7e7a\" data-element_type=\"container\">\n\t\t\t\t<div class=\"elementor-element elementor-element-1fd52ff elementor-widget elementor-widget-heading\" data-id=\"1fd52ff\" data-element_type=\"widget\" data-widget_type=\"heading.default\">\n\t\t\t\t<div class=\"elementor-widget-container\">\n\t\t\t\t\t<h2 class=\"elementor-heading-title elementor-size-default\">Top Angebote f\u00fcr den spontanen Urlaub in \u00d6sterreich<\/h2>\t\t\t\t<\/div>\n\t\t\t\t<\/div>\n\t\t\t\t<div class=\"elementor-element elementor-element-2c5a1dd elementor-widget elementor-widget-text-editor\" data-id=\"2c5a1dd\" data-element_type=\"widget\" data-widget_type=\"text-editor.default\">\n\t\t\t\t<div class=\"elementor-widget-container\">\n\t\t\t\t\t\t\t\t\t<p>Wir bei H\u00fcttenpartner wissen, dass unsere G\u00e4ste sehr vielf\u00e4ltig sind. Umso mehr freut es und Ihnen eine gro\u00dfe Auswahl an\u00a0unterschiedlichen H\u00fctten, an\u00a0unterschiedlichen Orten und mit\u00a0unterschiedlicher Ausstattung bieten zu k\u00f6nnen. Egal ob Sie sich auf traumhafte Stunden beim Skifahren freuen, auf traumhafte Gipfelerlebnisse beim Wandern oder Skitouren gehen, oder auf actionreiche Abfahrten beim Mountainbiken, bei H\u00fcttenpartner haben Sie die Wahl &#8211; auch bei einem Urlaub Last Minute.<\/p>\t\t\t\t\t\t\t\t<\/div>\n\t\t\t\t<\/div>\n\t\t\t\t<\/div>\n\t\t<div class=\"elementor-element elementor-element-d07e9f9 e-con-full e-flex e-con e-child\" data-id=\"d07e9f9\" data-element_type=\"container\">\n\t\t\t\t<div class=\"elementor-element elementor-element-019bb90 elementor-widget elementor-widget-image\" data-id=\"019bb90\" data-element_type=\"widget\" data-widget_type=\"image.default\">\n\t\t\t\t<div class=\"elementor-widget-container\">\n\t\t\t\t\t\t\t\t\t\t\t\t\t\t\t<img fetchpriority=\"high\" decoding=\"async\" width=\"768\" height=\"511\" src=\"https:\/\/www.bold-black.109-235-60-67.plesk.page\/wp-content\/uploads\/2024\/04\/brunnen-huettenurlaub-oesterreich.jpg\" class=\"attachment-large size-large wp-image-5458\" alt=\"\" srcset=\"https:\/\/www.bold-black.109-235-60-67.plesk.page\/wp-content\/uploads\/2024\/04\/brunnen-huettenurlaub-oesterreich.jpg 900w, https:\/\/www.bold-black.109-235-60-67.plesk.page\/wp-content\/uploads\/2024\/04\/brunnen-huettenurlaub-oesterreich-300x200.jpg 300w, https:\/\/www.bold-black.109-235-60-67.plesk.page\/wp-content\/uploads\/2024\/04\/brunnen-huettenurlaub-oesterreich-768x511.jpg 768w, https:\/\/www.bold-black.109-235-60-67.plesk.page\/wp-content\/uploads\/2024\/04\/brunnen-huettenurlaub-oesterreich-18x12.jpg 18w, https:\/\/www.bold-black.109-235-60-67.plesk.page\/wp-content\/uploads\/2024\/04\/brunnen-huettenurlaub-oesterreich-405x270.jpg 405w\" sizes=\"(max-width: 768px) 100vw, 768px\" \/>\t\t\t\t\t\t\t\t\t\t\t\t\t\t\t<\/div>\n\t\t\t\t<\/div>\n\t\t\t\t<\/div>\n\t\t\t\t\t<\/div>\n\t\t\t\t<\/div>\n\t\t\t\t<\/div>","protected":false},"excerpt":{"rendered":"<p>Last Minute Angebote bei H\u00fcttenpartner Last Minute Urlaub buchen auf einer H\u00fctte in den Alpen Das Wetter ist zu Hause schlecht oder Sie haben spontan Urlaub bekommen? Dann nichts wie ab in die Berge! Informieren Sie sich hier \u00fcber die zahlreichen Last Minute Angebote f\u00fcr Ihren H\u00fcttenurlaub in \u00d6sterreich und entdecken Sie die urigen, top [&hellip;]<\/p>","protected":false},"author":2,"featured_media":0,"parent":827,"menu_order":0,"comment_status":"closed","ping_status":"closed","template":"","meta":{"inline_featured_image":false,"footnotes":""},"class_list":["post-823","page","type-page","status-publish","hentry"],"acf":[],"_links":{"self":[{"href":"https:\/\/www.bold-black.109-235-60-67.plesk.page\/hu\/wp-json\/wp\/v2\/pages\/823","targetHints":{"allow":["GET"]}}],"collection":[{"href":"https:\/\/www.bold-black.109-235-60-67.plesk.page\/hu\/wp-json\/wp\/v2\/pages"}],"about":[{"href":"https:\/\/www.bold-black.109-235-60-67.plesk.page\/hu\/wp-json\/wp\/v2\/types\/page"}],"author":[{"embeddable":true,"href":"https:\/\/www.bold-black.109-235-60-67.plesk.page\/hu\/wp-json\/wp\/v2\/users\/2"}],"replies":[{"embeddable":true,"href":"https:\/\/www.bold-black.109-235-60-67.plesk.page\/hu\/wp-json\/wp\/v2\/comments?post=823"}],"version-history":[{"count":4,"href":"https:\/\/www.bold-black.109-235-60-67.plesk.page\/hu\/wp-json\/wp\/v2\/pages\/823\/revisions"}],"predecessor-version":[{"id":5461,"href":"https:\/\/www.bold-black.109-235-60-67.plesk.page\/hu\/wp-json\/wp\/v2\/pages\/823\/revisions\/5461"}],"up":[{"embeddable":true,"href":"https:\/\/www.bold-black.109-235-60-67.plesk.page\/hu\/wp-json\/wp\/v2\/pages\/827"}],"wp:attachment":[{"href":"https:\/\/www.bold-black.109-235-60-67.plesk.page\/hu\/wp-json\/wp\/v2\/media?parent=823"}],"curies":[{"name":"wp","href":"https:\/\/api.w.org\/{rel}","templated":true}]}}