{"id":818,"date":"2024-04-09T21:11:32","date_gmt":"2024-04-09T21:11:32","guid":{"rendered":"https:\/\/www.huettenpartner.eu\/?page_id=818"},"modified":"2024-04-24T09:48:20","modified_gmt":"2024-04-24T07:48:20","slug":"chalets-und-ferienhaeuser","status":"publish","type":"page","link":"https:\/\/www.bold-black.109-235-60-67.plesk.page\/hu\/huette-mieten\/chalets-und-ferienhaeuser\/","title":{"rendered":"Fah\u00e1zak \u00e9s nyaral\u00f3k"},"content":{"rendered":"<div data-elementor-type=\"wp-page\" data-elementor-id=\"818\" class=\"elementor elementor-818\">\n\t\t\t\t<div class=\"elementor-element elementor-element-440b73a e-flex e-con-boxed e-con e-parent\" data-id=\"440b73a\" data-element_type=\"container\">\n\t\t\t\t\t<div class=\"e-con-inner\">\n\t\t\t\t<div class=\"elementor-element elementor-element-b0c05f5 elementor-widget elementor-widget-heading\" data-id=\"b0c05f5\" data-element_type=\"widget\" data-widget_type=\"heading.default\">\n\t\t\t\t<div class=\"elementor-widget-container\">\n\t\t\t\t\t<h2 class=\"elementor-heading-title elementor-size-default\">Chalets und Ferienh\u00e4user in \u00d6sterreich mieten<\/h2>\t\t\t\t<\/div>\n\t\t\t\t<\/div>\n\t\t\t\t<div class=\"elementor-element elementor-element-42c64dc elementor-widget elementor-widget-heading\" data-id=\"42c64dc\" data-element_type=\"widget\" data-widget_type=\"heading.default\">\n\t\t\t\t<div class=\"elementor-widget-container\">\n\t\t\t\t\t<h2 class=\"elementor-heading-title elementor-size-default\">Chalets in \u00d6sterreich vereinen H\u00fcttenurlaub mit Komfort in den Alpen<\/h2>\t\t\t\t<\/div>\n\t\t\t\t<\/div>\n\t\t\t\t<div class=\"elementor-element elementor-element-bbfe88f elementor-widget elementor-widget-text-editor\" data-id=\"bbfe88f\" data-element_type=\"widget\" data-widget_type=\"text-editor.default\">\n\t\t\t\t<div class=\"elementor-widget-container\">\n\t\t\t\t\t\t\t\t\t<p>Sie wollen in Ihrem Urlaub nicht nur die Natur hautnah genie\u00dfen sondern auch einen gewissen Komfort? Sie suchen keine einfache Waldh\u00fctte f\u00fcr zwei mit kaltem Wasser vor der T\u00fcre und ohne Strom, sondern erwarten auch im Bergurlaub etwas Luxus? Dann sind Sie bei H\u00fcttenpartner genau richtig. Bei uns finden Sie neben der einfachen Bergh\u00fctte auch <a title=\"Fah\u00e1zak Schladming | Luxus nyaral\u00e1s k\u00f6zvetlen\u00fcl a lejt\u0151k\u00f6n\" href=\"https:\/\/www.chalets-schladming.com\/chalets-schladming.html\" target=\"_blank\" rel=\"noopener\">luxuri\u00f6se Chalets<\/a> in den Bergen und gro\u00dfe Ferienh\u00e4user f\u00fcr bis zu\u00a024 Personen. Nutzten Sie jetzt die Gelegenheit um ein Chalet in \u00d6sterreich zu mieten.\u00a0<\/p>\t\t\t\t\t\t\t\t<\/div>\n\t\t\t\t<\/div>\n\t\t\t\t\t<\/div>\n\t\t\t\t<\/div>\n\t\t<div class=\"elementor-element elementor-element-0a80acc e-flex e-con-boxed e-con e-parent\" data-id=\"0a80acc\" data-element_type=\"container\">\n\t\t\t\t\t<div class=\"e-con-inner\">\n\t\t<div class=\"elementor-element elementor-element-94470e4 e-con-full e-flex e-con e-child\" data-id=\"94470e4\" data-element_type=\"container\">\n\t\t\t\t<div class=\"elementor-element elementor-element-a6c6a3f elementor-widget elementor-widget-image\" data-id=\"a6c6a3f\" data-element_type=\"widget\" data-widget_type=\"image.default\">\n\t\t\t\t<div class=\"elementor-widget-container\">\n\t\t\t\t\t\t\t\t\t\t\t\t\t\t\t<img fetchpriority=\"high\" decoding=\"async\" width=\"768\" height=\"576\" src=\"https:\/\/www.bold-black.109-235-60-67.plesk.page\/wp-content\/uploads\/2024\/04\/9Hansjoerg-9-64cba2a9.jpg\" class=\"attachment-large size-large wp-image-5407\" alt=\"\" srcset=\"https:\/\/www.bold-black.109-235-60-67.plesk.page\/wp-content\/uploads\/2024\/04\/9Hansjoerg-9-64cba2a9.jpg 768w, https:\/\/www.bold-black.109-235-60-67.plesk.page\/wp-content\/uploads\/2024\/04\/9Hansjoerg-9-64cba2a9-300x225.jpg 300w, https:\/\/www.bold-black.109-235-60-67.plesk.page\/wp-content\/uploads\/2024\/04\/9Hansjoerg-9-64cba2a9-16x12.jpg 16w, https:\/\/www.bold-black.109-235-60-67.plesk.page\/wp-content\/uploads\/2024\/04\/9Hansjoerg-9-64cba2a9-405x304.jpg 405w\" sizes=\"(max-width: 768px) 100vw, 768px\" \/>\t\t\t\t\t\t\t\t\t\t\t\t\t\t\t<\/div>\n\t\t\t\t<\/div>\n\t\t\t\t<\/div>\n\t\t<div class=\"elementor-element elementor-element-d4de256 e-con-full e-flex e-con e-child\" data-id=\"d4de256\" data-element_type=\"container\">\n\t\t\t\t<div class=\"elementor-element elementor-element-48817d9 elementor-widget elementor-widget-image\" data-id=\"48817d9\" data-element_type=\"widget\" data-widget_type=\"image.default\">\n\t\t\t\t<div class=\"elementor-widget-container\">\n\t\t\t\t\t\t\t\t\t\t\t\t\t\t\t<img decoding=\"async\" width=\"768\" height=\"576\" src=\"https:\/\/www.bold-black.109-235-60-67.plesk.page\/wp-content\/uploads\/2024\/04\/sitzecke-feuer-kamin1-712613aa.jpg\" class=\"attachment-large size-large wp-image-5408\" alt=\"\" srcset=\"https:\/\/www.bold-black.109-235-60-67.plesk.page\/wp-content\/uploads\/2024\/04\/sitzecke-feuer-kamin1-712613aa.jpg 768w, https:\/\/www.bold-black.109-235-60-67.plesk.page\/wp-content\/uploads\/2024\/04\/sitzecke-feuer-kamin1-712613aa-300x225.jpg 300w, https:\/\/www.bold-black.109-235-60-67.plesk.page\/wp-content\/uploads\/2024\/04\/sitzecke-feuer-kamin1-712613aa-16x12.jpg 16w, https:\/\/www.bold-black.109-235-60-67.plesk.page\/wp-content\/uploads\/2024\/04\/sitzecke-feuer-kamin1-712613aa-405x304.jpg 405w\" sizes=\"(max-width: 768px) 100vw, 768px\" \/>\t\t\t\t\t\t\t\t\t\t\t\t\t\t\t<\/div>\n\t\t\t\t<\/div>\n\t\t\t\t<\/div>\n\t\t\t\t\t<\/div>\n\t\t\t\t<\/div>\n\t\t<div class=\"elementor-element elementor-element-a1428c9 e-flex e-con-boxed e-con e-parent\" data-id=\"a1428c9\" data-element_type=\"container\">\n\t\t\t\t\t<div class=\"e-con-inner\">\n\t\t\t\t<div class=\"elementor-element elementor-element-0502b13 elementor-widget elementor-widget-heading\" data-id=\"0502b13\" data-element_type=\"widget\" data-widget_type=\"heading.default\">\n\t\t\t\t<div class=\"elementor-widget-container\">\n\t\t\t\t\t<h2 class=\"elementor-heading-title elementor-size-default\">Luxuri\u00f6se Chalets mit eigenem Pool und Sauna<\/h2>\t\t\t\t<\/div>\n\t\t\t\t<\/div>\n\t\t\t\t<div class=\"elementor-element elementor-element-8d5e3a0 elementor-widget elementor-widget-text-editor\" data-id=\"8d5e3a0\" data-element_type=\"widget\" data-widget_type=\"text-editor.default\">\n\t\t\t\t<div class=\"elementor-widget-container\">\n\t\t\t\t\t\t\t\t\t<p>Ein Chalet in \u00d6sterreich erf\u00fcllt jeden Anspruch an Komfort und macht Ihren H\u00fcttenurlaub zum Wohlf\u00fchl-Luxusurlaub. Ausgestattet mit Schlafzimmern mit Doppelbetten, SAT-TV, Badezimmern und Wellnessbereichen \u00fcberzeugt jedes Chalet in \u00d6sterreich. Wenn Sie nach einem herrlichen Tag in der Natur den eigenen Schwimmteich genie\u00dfen oder sich in der Sauna, dem Dampfbad oder der Infrarotkabine von Ihrem Chalet erholen, f\u00e4llt es schwer noch von einem H\u00fcttenurlaub zu sprechen. Die Chalets sind zudem einfach mit dem PKW zu erreichen und liegen dennoch inmitten der Berge. Winter Chalets, Ski Chalets und Chalets f\u00fcr den Sommerurlaub in ganz \u00d6sterreich finden Sie bei Ihrem H\u00fcttenpartner.<\/p>\t\t\t\t\t\t\t\t<\/div>\n\t\t\t\t<\/div>\n\t\t\t\t<div class=\"elementor-element elementor-element-6b3620e elementor-widget elementor-widget-heading\" data-id=\"6b3620e\" data-element_type=\"widget\" data-widget_type=\"heading.default\">\n\t\t\t\t<div class=\"elementor-widget-container\">\n\t\t\t\t\t<h2 class=\"elementor-heading-title elementor-size-default\">Gro\u00dfe Ferienh\u00e4user<\/h2>\t\t\t\t<\/div>\n\t\t\t\t<\/div>\n\t\t\t\t<div class=\"elementor-element elementor-element-5526883 elementor-widget elementor-widget-text-editor\" data-id=\"5526883\" data-element_type=\"widget\" data-widget_type=\"text-editor.default\">\n\t\t\t\t<div class=\"elementor-widget-container\">\n\t\t\t\t\t\t\t\t\t<p>Ein Ferienhaus ist perfekt f\u00fcr Ihren <a title=\"H\u00fcttenurlaub mit Freunden\" href=\"https:\/\/www.huettenpartner.com\/huettenurlaub\/gruppenurlaub-gruppenreisen-berge.html\">Gruppenurlaub in \u00d6sterreich<\/a>. Mehrere Zimmer, gro\u00dfe Stuben, K\u00fcchen und Gemeinschaftsr\u00e4ume bieten locker Platz f\u00fcr bis zu 20 oder mehr Personen. Egal ob f\u00fcr den sommerlichen Wanderurlaub oder den Skiurlaub in der verschneiten Natur, Ferienh\u00e4user und Chalets in \u00d6sterreich von H\u00fcttenpartner sind die ideale Unterkunft, wenn Sie mit gr\u00f6\u00dferen Gruppen verreisen wollen oder Ihnen die \u00fcbliche Ausstattung von Bergh\u00fctten zu &#8222;urig&#8220; ist.<\/p>\t\t\t\t\t\t\t\t<\/div>\n\t\t\t\t<\/div>\n\t\t\t\t<div class=\"elementor-element elementor-element-cc30bb3 elementor-widget elementor-widget-heading\" data-id=\"cc30bb3\" data-element_type=\"widget\" data-widget_type=\"heading.default\">\n\t\t\t\t<div class=\"elementor-widget-container\">\n\t\t\t\t\t<h2 class=\"elementor-heading-title elementor-size-default\">4 neue Luxus-Chalets in Schladming\n<\/h2>\t\t\t\t<\/div>\n\t\t\t\t<\/div>\n\t\t\t\t<div class=\"elementor-element elementor-element-17139b8 elementor-widget elementor-widget-text-editor\" data-id=\"17139b8\" data-element_type=\"widget\" data-widget_type=\"text-editor.default\">\n\t\t\t\t<div class=\"elementor-widget-container\">\n\t\t\t\t\t\t\t\t\t<p>Urlaub im Luxus Chalet in \u00d6sterreich:\u00a0Modern wohnen auf 3 Etagen mit 6 Schlafzimmer, eigenen B\u00e4dern, gro\u00dfer Stube mit Kaminofen und Sonnenterrasse. Entspannung bietet der gro\u00dfe Wellnessbereich mit Sauna, Fitnessbereich und mit eigenem Indoor Pool!<\/p><p><a title=\"Mehr erfahren \u00fcber die neuen Luxus Chalets in Schladming\" href=\"https:\/\/www.chalets-schladming.com\/\" target=\"_blank\" rel=\"noopener\">Chalets Schladming &#8211; Urlaub direkt an der Piste mit eigenem Indoor-Pool<\/a><\/p>\t\t\t\t\t\t\t\t<\/div>\n\t\t\t\t<\/div>\n\t\t\t\t\t<\/div>\n\t\t\t\t<\/div>\n\t\t<div class=\"elementor-element elementor-element-7e2c799 e-flex e-con-boxed e-con e-parent\" data-id=\"7e2c799\" data-element_type=\"container\">\n\t\t\t\t\t<div class=\"e-con-inner\">\n\t\t\t\t\t<\/div>\n\t\t\t\t<\/div>\n\t\t\t\t<\/div>","protected":false},"excerpt":{"rendered":"<p>Chalets und Ferienh\u00e4user in \u00d6sterreich mieten Chalets in \u00d6sterreich vereinen H\u00fcttenurlaub mit Komfort in den Alpen Sie wollen in Ihrem Urlaub nicht nur die Natur hautnah genie\u00dfen sondern auch einen gewissen Komfort? Sie suchen keine einfache Waldh\u00fctte f\u00fcr zwei mit kaltem Wasser vor der T\u00fcre und ohne Strom, sondern erwarten auch im Bergurlaub etwas Luxus? [&hellip;]<\/p>","protected":false},"author":2,"featured_media":0,"parent":809,"menu_order":0,"comment_status":"closed","ping_status":"closed","template":"","meta":{"inline_featured_image":false,"footnotes":""},"class_list":["post-818","page","type-page","status-publish","hentry"],"acf":[],"_links":{"self":[{"href":"https:\/\/www.bold-black.109-235-60-67.plesk.page\/hu\/wp-json\/wp\/v2\/pages\/818","targetHints":{"allow":["GET"]}}],"collection":[{"href":"https:\/\/www.bold-black.109-235-60-67.plesk.page\/hu\/wp-json\/wp\/v2\/pages"}],"about":[{"href":"https:\/\/www.bold-black.109-235-60-67.plesk.page\/hu\/wp-json\/wp\/v2\/types\/page"}],"author":[{"embeddable":true,"href":"https:\/\/www.bold-black.109-235-60-67.plesk.page\/hu\/wp-json\/wp\/v2\/users\/2"}],"replies":[{"embeddable":true,"href":"https:\/\/www.bold-black.109-235-60-67.plesk.page\/hu\/wp-json\/wp\/v2\/comments?post=818"}],"version-history":[{"count":5,"href":"https:\/\/www.bold-black.109-235-60-67.plesk.page\/hu\/wp-json\/wp\/v2\/pages\/818\/revisions"}],"predecessor-version":[{"id":5413,"href":"https:\/\/www.bold-black.109-235-60-67.plesk.page\/hu\/wp-json\/wp\/v2\/pages\/818\/revisions\/5413"}],"up":[{"embeddable":true,"href":"https:\/\/www.bold-black.109-235-60-67.plesk.page\/hu\/wp-json\/wp\/v2\/pages\/809"}],"wp:attachment":[{"href":"https:\/\/www.bold-black.109-235-60-67.plesk.page\/hu\/wp-json\/wp\/v2\/media?parent=818"}],"curies":[{"name":"wp","href":"https:\/\/api.w.org\/{rel}","templated":true}]}}