{"id":924,"date":"2024-04-09T22:01:33","date_gmt":"2024-04-09T22:01:33","guid":{"rendered":"https:\/\/www.huettenpartner.eu\/?page_id=924"},"modified":"2024-04-25T22:35:27","modified_gmt":"2024-04-25T20:35:27","slug":"affiliate-programm","status":"publish","type":"page","link":"https:\/\/www.bold-black.109-235-60-67.plesk.page\/en\/huetten-vermieten\/affiliate-programm\/","title":{"rendered":"Affiliate Program"},"content":{"rendered":"<div data-elementor-type=\"wp-page\" data-elementor-id=\"924\" class=\"elementor elementor-924\">\n\t\t\t\t<div class=\"elementor-element elementor-element-5ec7cab e-flex e-con-boxed e-con e-parent\" data-id=\"5ec7cab\" data-element_type=\"container\">\n\t\t\t\t\t<div class=\"e-con-inner\">\n\t\t\t\t<div class=\"elementor-element elementor-element-87ba48e elementor-widget elementor-widget-heading\" data-id=\"87ba48e\" data-element_type=\"widget\" data-widget_type=\"heading.default\">\n\t\t\t\t<div class=\"elementor-widget-container\">\n\t\t\t\t\t<h2 class=\"elementor-heading-title elementor-size-default\">H\u00fcttenpartner: Affiliate-Programm<\/h2>\t\t\t\t<\/div>\n\t\t\t\t<\/div>\n\t\t\t\t<div class=\"elementor-element elementor-element-2ef9a1c elementor-widget elementor-widget-heading\" data-id=\"2ef9a1c\" data-element_type=\"widget\" data-widget_type=\"heading.default\">\n\t\t\t\t<div class=\"elementor-widget-container\">\n\t\t\t\t\t<h2 class=\"elementor-heading-title elementor-size-default\">Werden Sie Partner von H\u00fcttenpartner<\/h2>\t\t\t\t<\/div>\n\t\t\t\t<\/div>\n\t\t\t\t<div class=\"elementor-element elementor-element-5bfced9 elementor-widget elementor-widget-text-editor\" data-id=\"5bfced9\" data-element_type=\"widget\" data-widget_type=\"text-editor.default\">\n\t\t\t\t<div class=\"elementor-widget-container\">\n\t\t\t\t\t\t\t\t\t<p>Die Nachfrage nach H\u00fctten und Chalets ist sehr hoch, profitieren Sie von der Erfahrung von H\u00fcttenpartner und von unserem laufend steigenden Angebot! Profitieren auch Sie vom Erfolg von H\u00fcttenpartner.<\/p>\t\t\t\t\t\t\t\t<\/div>\n\t\t\t\t<\/div>\n\t\t\t\t<div class=\"elementor-element elementor-element-c4da18a elementor-widget elementor-widget-heading\" data-id=\"c4da18a\" data-element_type=\"widget\" data-widget_type=\"heading.default\">\n\t\t\t\t<div class=\"elementor-widget-container\">\n\t\t\t\t\t<h2 class=\"elementor-heading-title elementor-size-default\">Partnerprogramm<\/h2>\t\t\t\t<\/div>\n\t\t\t\t<\/div>\n\t\t\t\t<div class=\"elementor-element elementor-element-4ead00f elementor-widget elementor-widget-text-editor\" data-id=\"4ead00f\" data-element_type=\"widget\" data-widget_type=\"text-editor.default\">\n\t\t\t\t<div class=\"elementor-widget-container\">\n\t\t\t\t\t\t\t\t\t<p>Bieten Sie Ihren Kunden Online-Zugriff auf die rund 300 sch\u00f6nsten <a title=\"Rent a ski hut in Austria | Winter holiday in the Alps\" href=\"https:\/\/www.huettenpartner.com\/huetten-mieten\/skihuetten-oesterreich-berge.html\">Ski huts<\/a>, <a title=\"Rent a rustic mountain hut or large alpine hut | Austrian Alps\" href=\"https:\/\/www.huettenpartner.com\/huetten-mieten\/almhuetten-berg-natur.html\">Alpine huts<\/a> and <a title=\"Rent chalets &amp; holiday homes in Austria | Cabin holidays\" href=\"https:\/\/www.huettenpartner.com\/huetten-mieten\/chalet-ferienhaus-berg.html\">Chalets<\/a> in \u00d6sterreich!<\/p><p>Ihr Kunde kommt \u00fcber einen Link auf Ihrer Website zu unserer H\u00fcttensuche. Durch das neutrale Design bzw. die Integration unserer H\u00fcttensuche in Ihre Website hat Ihr Kunde dabei jederzeit den Eindruck, auf Ihren Seiten zu bleiben. F\u00fcr jede Buchung, die \u00fcber Ihren Link kommt, erhalten Sie eine Provision. H\u00fcttenpartner \u00fcbernimmt die komplette Abwicklung f\u00fcr Sie: von der Buchungsbest\u00e4tigung bis zur quartalsweisen Provisionszahlung.<\/p>\t\t\t\t\t\t\t\t<\/div>\n\t\t\t\t<\/div>\n\t\t\t\t<div class=\"elementor-element elementor-element-b2189ba elementor-widget elementor-widget-heading\" data-id=\"b2189ba\" data-element_type=\"widget\" data-widget_type=\"heading.default\">\n\t\t\t\t<div class=\"elementor-widget-container\">\n\t\t\t\t\t<h2 class=\"elementor-heading-title elementor-size-default\">Vorteile einer Partnerschaft f\u00fcr Sie<\/h2>\t\t\t\t<\/div>\n\t\t\t\t<\/div>\n\t\t\t\t<div class=\"elementor-element elementor-element-436e577 elementor-widget elementor-widget-text-editor\" data-id=\"436e577\" data-element_type=\"widget\" data-widget_type=\"text-editor.default\">\n\t\t\t\t<div class=\"elementor-widget-container\">\n\t\t\t\t\t\t\t\t\t<ul><li>Ein h\u00f6chst attraktives &#8222;Urlaubsprodukt&#8220; erweitert Ihr Angebotsspektrum.<\/li><li>H\u00fcttenpartner ist f\u00fcr den kompletten Reservierungsvorgang verantwortlich.<\/li><li>Alle Buchungen sind jederzeit f\u00fcr Sie einsehbar.<\/li><li>Provisionen ohne Aufwand, Kosten und Risiko f\u00fcr Sie.<\/li><\/ul>\t\t\t\t\t\t\t\t<\/div>\n\t\t\t\t<\/div>\n\t\t\t\t<div class=\"elementor-element elementor-element-10f0333 elementor-widget elementor-widget-heading\" data-id=\"10f0333\" data-element_type=\"widget\" data-widget_type=\"heading.default\">\n\t\t\t\t<div class=\"elementor-widget-container\">\n\t\t\t\t\t<h2 class=\"elementor-heading-title elementor-size-default\">Vorteile einer Partnerschaft f\u00fcr Ihre Kunden<\/h2>\t\t\t\t<\/div>\n\t\t\t\t<\/div>\n\t\t\t\t<div class=\"elementor-element elementor-element-b674727 elementor-widget elementor-widget-text-editor\" data-id=\"b674727\" data-element_type=\"widget\" data-widget_type=\"text-editor.default\">\n\t\t\t\t<div class=\"elementor-widget-container\">\n\t\t\t\t\t\t\t\t\t<ul><li>Einfach benutzbares Online-Buchungssystem, das 24 Stunden am Tag, 7 Tage die Woche zur Verf\u00fcgung steht.<\/li><li>Gro\u00dfe Anzahl an Last-Minute-Angeboten und attraktiven Saison-Angeboten.<\/li><li>Vielf\u00e4ltiges Angebot an H\u00fctten, Chalets und Ferienh\u00e4usern f\u00fcr jeden Urlaubstyp.<\/li><li>Perfekter spezialisierter Kundenservice und Beratung.<\/li><\/ul>\t\t\t\t\t\t\t\t<\/div>\n\t\t\t\t<\/div>\n\t\t\t\t<div class=\"elementor-element elementor-element-7350b15 elementor-widget elementor-widget-heading\" data-id=\"7350b15\" data-element_type=\"widget\" data-widget_type=\"heading.default\">\n\t\t\t\t<div class=\"elementor-widget-container\">\n\t\t\t\t\t<h2 class=\"elementor-heading-title elementor-size-default\">Partner werden<\/h2>\t\t\t\t<\/div>\n\t\t\t\t<\/div>\n\t\t\t\t<div class=\"elementor-element elementor-element-270bc57 elementor-widget elementor-widget-text-editor\" data-id=\"270bc57\" data-element_type=\"widget\" data-widget_type=\"text-editor.default\">\n\t\t\t\t<div class=\"elementor-widget-container\">\n\t\t\t\t\t\t\t\t\t<p>Werden Sie Partner von H\u00fcttenpartner, machen Sie sich ein Bild \u00fcber <a title=\"Hier finden Sie unser Angebot an H\u00fctten\" href=\"https:\/\/www.huettenpartner.com\/huetten-mieten\/huette-finden-urlaub.html\">unser Angebot<\/a>, f\u00fcllen Sie das Formular aus und melden Sie sich f\u00fcr das Affiliate-Programm an.\u00a0Bei Fragen und f\u00fcr n\u00e4here Informationen kontaktieren Sie uns jederzeit auch pers\u00f6nlich unter der Telefonnummer: <span class=\"ce_tel\">+43 2243 316 89<\/span>.<\/p>\t\t\t\t\t\t\t\t<\/div>\n\t\t\t\t<\/div>\n\t\t\t\t<div class=\"elementor-element elementor-element-52e7630 elementor-widget elementor-widget-heading\" data-id=\"52e7630\" data-element_type=\"widget\" data-widget_type=\"heading.default\">\n\t\t\t\t<div class=\"elementor-widget-container\">\n\t\t\t\t\t<h2 class=\"elementor-heading-title elementor-size-default\">Kontaktformular - Anfrage f\u00fcr Partner<\/h2>\t\t\t\t<\/div>\n\t\t\t\t<\/div>\n\t\t\t\t<div class=\"elementor-element elementor-element-5a7e279 elementor-widget elementor-widget-text-editor\" data-id=\"5a7e279\" data-element_type=\"widget\" data-widget_type=\"text-editor.default\">\n\t\t\t\t<div class=\"elementor-widget-container\">\n\t\t\t\t\t\t\t\t\t<p>Mit einem * markierte Felder sind Pflichtfelder.<\/p>\t\t\t\t\t\t\t\t<\/div>\n\t\t\t\t<\/div>\n\t\t\t\t<div class=\"elementor-element elementor-element-87221f2 elementor-widget elementor-widget-shortcode\" data-id=\"87221f2\" data-element_type=\"widget\" data-widget_type=\"shortcode.default\">\n\t\t\t\t<div class=\"elementor-widget-container\">\n\t\t\t\t\t\t\t<div class=\"elementor-shortcode\">[contact-form-7 id=\"c4c1cd7\" title=\"Affiliate\"]<\/div>\n\t\t\t\t\t\t<\/div>\n\t\t\t\t<\/div>\n\t\t\t\t\t<\/div>\n\t\t\t\t<\/div>\n\t\t\t\t<\/div>","protected":false},"excerpt":{"rendered":"<p>H\u00fcttenpartner: Affiliate-Programm Werden Sie Partner von H\u00fcttenpartner Die Nachfrage nach H\u00fctten und Chalets ist sehr hoch, profitieren Sie von der Erfahrung von H\u00fcttenpartner und von unserem laufend steigenden Angebot! Profitieren auch Sie vom Erfolg von H\u00fcttenpartner. Partnerprogramm Bieten Sie Ihren Kunden Online-Zugriff auf die rund 300 sch\u00f6nsten Skih\u00fctten, Almh\u00fctten und Chalets in \u00d6sterreich! Ihr Kunde [&hellip;]<\/p>","protected":false},"author":2,"featured_media":0,"parent":914,"menu_order":0,"comment_status":"closed","ping_status":"closed","template":"","meta":{"inline_featured_image":false,"footnotes":""},"class_list":["post-924","page","type-page","status-publish","hentry"],"acf":[],"_links":{"self":[{"href":"https:\/\/www.bold-black.109-235-60-67.plesk.page\/en\/wp-json\/wp\/v2\/pages\/924","targetHints":{"allow":["GET"]}}],"collection":[{"href":"https:\/\/www.bold-black.109-235-60-67.plesk.page\/en\/wp-json\/wp\/v2\/pages"}],"about":[{"href":"https:\/\/www.bold-black.109-235-60-67.plesk.page\/en\/wp-json\/wp\/v2\/types\/page"}],"author":[{"embeddable":true,"href":"https:\/\/www.bold-black.109-235-60-67.plesk.page\/en\/wp-json\/wp\/v2\/users\/2"}],"replies":[{"embeddable":true,"href":"https:\/\/www.bold-black.109-235-60-67.plesk.page\/en\/wp-json\/wp\/v2\/comments?post=924"}],"version-history":[{"count":7,"href":"https:\/\/www.bold-black.109-235-60-67.plesk.page\/en\/wp-json\/wp\/v2\/pages\/924\/revisions"}],"predecessor-version":[{"id":8294,"href":"https:\/\/www.bold-black.109-235-60-67.plesk.page\/en\/wp-json\/wp\/v2\/pages\/924\/revisions\/8294"}],"up":[{"embeddable":true,"href":"https:\/\/www.bold-black.109-235-60-67.plesk.page\/en\/wp-json\/wp\/v2\/pages\/914"}],"wp:attachment":[{"href":"https:\/\/www.bold-black.109-235-60-67.plesk.page\/en\/wp-json\/wp\/v2\/media?parent=924"}],"curies":[{"name":"wp","href":"https:\/\/api.w.org\/{rel}","templated":true}]}}