{"id":922,"date":"2024-04-09T22:00:51","date_gmt":"2024-04-09T22:00:51","guid":{"rendered":"https:\/\/www.huettenpartner.eu\/?page_id=922"},"modified":"2024-04-25T22:24:14","modified_gmt":"2024-04-25T20:24:14","slug":"reisebuero","status":"publish","type":"page","link":"https:\/\/www.bold-black.109-235-60-67.plesk.page\/en\/huetten-vermieten\/reisebuero\/","title":{"rendered":"Travel agency"},"content":{"rendered":"<div data-elementor-type=\"wp-page\" data-elementor-id=\"922\" class=\"elementor elementor-922\">\n\t\t\t\t<div class=\"elementor-element elementor-element-7e3ff75 e-flex e-con-boxed e-con e-parent\" data-id=\"7e3ff75\" data-element_type=\"container\">\n\t\t\t\t\t<div class=\"e-con-inner\">\n\t\t\t\t<div class=\"elementor-element elementor-element-369a9d3 elementor-widget elementor-widget-heading\" data-id=\"369a9d3\" data-element_type=\"widget\" data-widget_type=\"heading.default\">\n\t\t\t\t<div class=\"elementor-widget-container\">\n\t\t\t\t\t<h2 class=\"elementor-heading-title elementor-size-default\">Informationen f\u00fcr Reiseb\u00fcros<\/h2>\t\t\t\t<\/div>\n\t\t\t\t<\/div>\n\t\t\t\t<div class=\"elementor-element elementor-element-7dfdf5b elementor-widget elementor-widget-heading\" data-id=\"7dfdf5b\" data-element_type=\"widget\" data-widget_type=\"heading.default\">\n\t\t\t\t<div class=\"elementor-widget-container\">\n\t\t\t\t\t<h2 class=\"elementor-heading-title elementor-size-default\">Bieten Sie Ihren Kunden etwas Besonderes und erweitern Sie Ihr Angebot!<\/h2>\t\t\t\t<\/div>\n\t\t\t\t<\/div>\n\t\t\t\t<div class=\"elementor-element elementor-element-895ceb8 elementor-widget elementor-widget-text-editor\" data-id=\"895ceb8\" data-element_type=\"widget\" data-widget_type=\"text-editor.default\">\n\t\t\t\t<div class=\"elementor-widget-container\">\n\t\t\t\t\t\t\t\t\t<p>Sie sind ein Reiseb\u00fcro und wollen Ihren Kunden den Zugang zu knapp 300 Bergh\u00fctten in den \u00f6sterreichischen Alpen erm\u00f6glichen? Informieren Sie sich bei H\u00fcttenpartner online \u00fcber die sch\u00f6nsten <a title=\"Rent a rustic mountain hut or large alpine hut | Austrian Alps\" href=\"https:\/\/www.huettenpartner.com\/huetten-mieten\/almhuetten-berg-natur.html\">Alpine huts<\/a>, <a title=\"Rent a ski hut in Austria | Winter holiday in the Alps\" href=\"https:\/\/www.huettenpartner.com\/huetten-mieten\/skihuetten-oesterreich-berge.html\">Ski huts<\/a>, <a title=\"Rent chalets &amp; holiday homes in Austria | Cabin holidays\" href=\"https:\/\/www.huettenpartner.com\/huetten-mieten\/chalet-ferienhaus-berg.html\">Chalets and holiday homes<\/a> in \u00d6sterreich und \u00fcberzeugen Sie Ihre Kunden. H\u00fcttenpartner bedankt sich mit besonderen Konditionen.<\/p>\t\t\t\t\t\t\t\t<\/div>\n\t\t\t\t<\/div>\n\t\t\t\t<div class=\"elementor-element elementor-element-add3eaf elementor-widget elementor-widget-heading\" data-id=\"add3eaf\" data-element_type=\"widget\" data-widget_type=\"heading.default\">\n\t\t\t\t<div class=\"elementor-widget-container\">\n\t\t\t\t\t<h2 class=\"elementor-heading-title elementor-size-default\">H\u00fctten getestet und f\u00fcr gut befunden<\/h2>\t\t\t\t<\/div>\n\t\t\t\t<\/div>\n\t\t\t\t<div class=\"elementor-element elementor-element-6b0542d elementor-widget elementor-widget-text-editor\" data-id=\"6b0542d\" data-element_type=\"widget\" data-widget_type=\"text-editor.default\">\n\t\t\t\t<div class=\"elementor-widget-container\">\n\t\t\t\t\t\t\t\t\t<p>Wir haben alle H\u00fctten in unserem Angebot pers\u00f6nlich besichtigt und beschrieben und auch Ihre Kunden werden den professionellen H\u00fcttenpartner-Service sch\u00e4tzen!<\/p>\t\t\t\t\t\t\t\t<\/div>\n\t\t\t\t<\/div>\n\t\t\t\t<div class=\"elementor-element elementor-element-6113015 elementor-widget elementor-widget-heading\" data-id=\"6113015\" data-element_type=\"widget\" data-widget_type=\"heading.default\">\n\t\t\t\t<div class=\"elementor-widget-container\">\n\t\t\t\t\t<h2 class=\"elementor-heading-title elementor-size-default\">Buchungsablauf und Preise f\u00fcr Reiseb\u00fcros<\/h2>\t\t\t\t<\/div>\n\t\t\t\t<\/div>\n\t\t\t\t<div class=\"elementor-element elementor-element-2e5649a elementor-widget elementor-widget-text-editor\" data-id=\"2e5649a\" data-element_type=\"widget\" data-widget_type=\"text-editor.default\">\n\t\t\t\t<div class=\"elementor-widget-container\">\n\t\t\t\t\t\t\t\t\t<p><a title=\"Hier k\u00f6nnen Sie eine Buchungsanfrage stellen\" href=\"https:\/\/www.huettenpartner.com\/service\/buchungsformular-urlaub.html\">Fragen Sie an<\/a>, ob das gew\u00fcnschte Objekt frei ist, danach senden Sie uns ein <a class=\"ce_em\" title=\"Senden Sie uns eine E-Mail\" href=\"mailto:info@huettenpartner.at\">e-mail<\/a> mit Angabe der wesentlichen Buchungskriterien.<\/p><p>Als Reiseb\u00fcro erhalten Sie Provision auf den angebotenen Preis und bezahlen keine Buchungsgeb\u00fchr.<\/p><p>Die Provision wird schon in der Best\u00e4tigung automatisch ber\u00fccksichtigt. Ihre Rechnung erhalten Sie etwa 8 Wochen vor Anreise der Kunden und nach Bezahlung automatisch den Voucher mit den Anreiseinformationen f\u00fcr Ihre Kunden.<\/p><p>Wir freuen uns \u00fcber jede Buchung eines Reiseb\u00fcros! Wenn Sie noch Fragen haben oder zus\u00e4tzliche Informationen w\u00fcnschen, senden Sie uns einfach ein E-Mail: info@huettenpartner.at oder rufen Sie uns an:<span class=\"ce_tel\"> +43 2243 316 89<\/span>!<\/p><p>Informieren Sie sich auch \u00fcber unser <a title=\"Mehr \u00fcber das Affiliate Programm von H\u00fcttenpartner\" href=\"https:\/\/www.huettenpartner.com\/vermieten\/affiliate-programm-partner.html\">Affiliate Program<\/a>.<\/p>\t\t\t\t\t\t\t\t<\/div>\n\t\t\t\t<\/div>\n\t\t\t\t\t<\/div>\n\t\t\t\t<\/div>\n\t\t\t\t<\/div>","protected":false},"excerpt":{"rendered":"<p>Informationen f\u00fcr Reiseb\u00fcros Bieten Sie Ihren Kunden etwas Besonderes und erweitern Sie Ihr Angebot! Sie sind ein Reiseb\u00fcro und wollen Ihren Kunden den Zugang zu knapp 300 Bergh\u00fctten in den \u00f6sterreichischen Alpen erm\u00f6glichen? Informieren Sie sich bei H\u00fcttenpartner online \u00fcber die sch\u00f6nsten Almh\u00fctten, Skih\u00fctten, Chalets und Ferienh\u00e4user in \u00d6sterreich und \u00fcberzeugen Sie Ihre Kunden. H\u00fcttenpartner [&hellip;]<\/p>","protected":false},"author":2,"featured_media":0,"parent":914,"menu_order":0,"comment_status":"closed","ping_status":"closed","template":"","meta":{"inline_featured_image":false,"footnotes":""},"class_list":["post-922","page","type-page","status-publish","hentry"],"acf":[],"_links":{"self":[{"href":"https:\/\/www.bold-black.109-235-60-67.plesk.page\/en\/wp-json\/wp\/v2\/pages\/922","targetHints":{"allow":["GET"]}}],"collection":[{"href":"https:\/\/www.bold-black.109-235-60-67.plesk.page\/en\/wp-json\/wp\/v2\/pages"}],"about":[{"href":"https:\/\/www.bold-black.109-235-60-67.plesk.page\/en\/wp-json\/wp\/v2\/types\/page"}],"author":[{"embeddable":true,"href":"https:\/\/www.bold-black.109-235-60-67.plesk.page\/en\/wp-json\/wp\/v2\/users\/2"}],"replies":[{"embeddable":true,"href":"https:\/\/www.bold-black.109-235-60-67.plesk.page\/en\/wp-json\/wp\/v2\/comments?post=922"}],"version-history":[{"count":7,"href":"https:\/\/www.bold-black.109-235-60-67.plesk.page\/en\/wp-json\/wp\/v2\/pages\/922\/revisions"}],"predecessor-version":[{"id":8286,"href":"https:\/\/www.bold-black.109-235-60-67.plesk.page\/en\/wp-json\/wp\/v2\/pages\/922\/revisions\/8286"}],"up":[{"embeddable":true,"href":"https:\/\/www.bold-black.109-235-60-67.plesk.page\/en\/wp-json\/wp\/v2\/pages\/914"}],"wp:attachment":[{"href":"https:\/\/www.bold-black.109-235-60-67.plesk.page\/en\/wp-json\/wp\/v2\/media?parent=922"}],"curies":[{"name":"wp","href":"https:\/\/api.w.org\/{rel}","templated":true}]}}