{"id":914,"date":"2024-04-09T21:57:36","date_gmt":"2024-04-09T21:57:36","guid":{"rendered":"https:\/\/www.huettenpartner.eu\/?page_id=914"},"modified":"2024-04-25T18:11:58","modified_gmt":"2024-04-25T16:11:58","slug":"huetten-vermieten","status":"publish","type":"page","link":"https:\/\/www.bold-black.109-235-60-67.plesk.page\/en\/huetten-vermieten\/","title":{"rendered":"Rent cabins"},"content":{"rendered":"<div data-elementor-type=\"wp-page\" data-elementor-id=\"914\" class=\"elementor elementor-914\">\n\t\t\t\t<div class=\"elementor-element elementor-element-b1107ce e-flex e-con-boxed e-con e-parent\" data-id=\"b1107ce\" data-element_type=\"container\">\n\t\t\t\t\t<div class=\"e-con-inner\">\n\t\t\t\t<div class=\"elementor-element elementor-element-6b7719e elementor-widget elementor-widget-heading\" data-id=\"6b7719e\" data-element_type=\"widget\" data-widget_type=\"heading.default\">\n\t\t\t\t<div class=\"elementor-widget-container\">\n\t\t\t\t\t<h2 class=\"elementor-heading-title elementor-size-default\">H\u00fcttenpartner \u2013 Informationen zum Unternehmen<\/h2>\t\t\t\t<\/div>\n\t\t\t\t<\/div>\n\t\t\t\t<div class=\"elementor-element elementor-element-dfa752a elementor-widget elementor-widget-heading\" data-id=\"dfa752a\" data-element_type=\"widget\" data-widget_type=\"heading.default\">\n\t\t\t\t<div class=\"elementor-widget-container\">\n\t\t\t\t\t<h2 class=\"elementor-heading-title elementor-size-default\">Der gr\u00f6\u00dfte Reiseveranstalter f\u00fcr H\u00fcttenurlaub in \u00d6sterreich<\/h2>\t\t\t\t<\/div>\n\t\t\t\t<\/div>\n\t\t\t\t<div class=\"elementor-element elementor-element-6e32cbe elementor-widget elementor-widget-heading\" data-id=\"6e32cbe\" data-element_type=\"widget\" data-widget_type=\"heading.default\">\n\t\t\t\t<div class=\"elementor-widget-container\">\n\t\t\t\t\t<h2 class=\"elementor-heading-title elementor-size-default\">Die Entwicklung von H\u00fcttenpartner<\/h2>\t\t\t\t<\/div>\n\t\t\t\t<\/div>\n\t\t\t\t<div class=\"elementor-element elementor-element-3d2dfaa elementor-widget elementor-widget-text-editor\" data-id=\"3d2dfaa\" data-element_type=\"widget\" data-widget_type=\"text-editor.default\">\n\t\t\t\t<div class=\"elementor-widget-container\">\n\t\t\t\t\t\t\t\t\t<p>Unser Familienunternehmen wurde 1990 gegr\u00fcndet und spezialisiert sich seit 1996 auf die Vermietung von <a title=\"Mehr Informationen \u00fcber Skih\u00fctten in \u00d6sterreich\" href=\"https:\/\/www.huettenpartner.com\/huetten-mieten\/skihuetten-oesterreich-berge.html\">Ski huts<\/a>, <a title=\"Mehr Informationen \u00fcber Bergh\u00fctten in \u00d6sterreich\" href=\"https:\/\/www.huettenpartner.com\/huetten-mieten\/almhuetten-berg-natur.html\">Alpine huts<\/a>, <a title=\"Mehr Informationen \u00fcber Ferienh\u00e4user und Chalets in \u00d6sterreich\" href=\"https:\/\/www.huettenpartner.com\/huetten-mieten\/chalet-ferienhaus-berg.html\">Ferienh\u00e4usern und Chalets<\/a> in \u00d6sterreich. Sowohl Kunden als auch Vermieter sch\u00e4tzen unsere langj\u00e4hrige Erfahrung und Beratung in der Vermittlung als auch im Neubau oder bei der Renovierung von Objekten. So ist unser Produkt st\u00e4ndig gewachsen und mittlerweile bieten wir an die 300 H\u00fctten, Chalets und Ferienh\u00e4user an. F\u00fcr jeden Geschmack ist etwas dabei! Unser Angebot reicht von der rustikalen, urigen H\u00fctte f\u00fcr 2 Personen in Alleinlage bis zu hochwertigen XXL-Chalets f\u00fcr mehr als 20\u00a0Personen mit Wellnessbereich mitten im Skigebiet.<\/p><p>Seit 2004 errichten wir auch selbst H\u00fctten in <a title=\"Hier finden Sie unsere H\u00fcttend\u00f6rfer in \u00d6sterreich\" href=\"https:\/\/www.huettenpartner.com\/huetten-mieten\/huettendoerfer-urlaub-oesterreich.html\">H\u00fcttend\u00f6rfern<\/a>.\u00a0 Im Jahr 2012 haben wir , im Zuge der Ski-Weltmeisterschaft in Schladming, das <a title=\"mehr Information zum H\u00fcttendorf\" href=\"https:\/\/www.huettenpartner.com\/huetten-mieten\/huettendoerfer-urlaub-oesterreich.html\">H\u00fcttendorf Schladming<\/a> erbaut. Mit Skiopening 2021 wurde das H\u00fcttendorf mit vier Top-Luxuschalets mit eigenem Pool erweitert. Dies ist wirklich ein einzigartiges Projekt und\u00a0konnte Dank gro\u00dfartiger, einheimischer Firmen erfolgreich\u00a0abgeschlossen werden.\u00a0 P\u00fcnktlich zum Skiopening der Saison 2023 wurden am Galsterberg im <a href=\"https:\/\/www.huettendorf-dachsteinblick.com\/\">H\u00fcttendorf Dachsteinblick <\/a>7 Luxuschalets mit Outdoor Pool errichtet! Ski-in schwimm-out erwartet hier unsere G\u00e4ste. Mittlerweile ist H\u00fcttenpartner der gr\u00f6\u00dfte Reiseveranstalter f\u00fcr H\u00fcttenurlaub in \u00d6sterreich.<\/p>\t\t\t\t\t\t\t\t<\/div>\n\t\t\t\t<\/div>\n\t\t\t\t<div class=\"elementor-element elementor-element-5e2c9af elementor-widget elementor-widget-heading\" data-id=\"5e2c9af\" data-element_type=\"widget\" data-widget_type=\"heading.default\">\n\t\t\t\t<div class=\"elementor-widget-container\">\n\t\t\t\t\t<h2 class=\"elementor-heading-title elementor-size-default\">Pers\u00f6nlicher Einsatz f\u00fcr h\u00f6chste Kundenzufriedenheit<\/h2>\t\t\t\t<\/div>\n\t\t\t\t<\/div>\n\t\t\t\t<div class=\"elementor-element elementor-element-d4fed47 elementor-widget elementor-widget-text-editor\" data-id=\"d4fed47\" data-element_type=\"widget\" data-widget_type=\"text-editor.default\">\n\t\t\t\t<div class=\"elementor-widget-container\">\n\t\t\t\t\t\t\t\t\t<p>F\u00fcr H\u00fctten und Ferienh\u00e4user gibt es keine Kategorien, deshalb ist es wichtig alle Objekte pers\u00f6nlich zu besichtigen, zu bewerten und selbst zu beschreiben. Nur so k\u00f6nnen wir ein einheitliches und objektives Programm mit h\u00f6chster Kundenzufriedenheit bereitstellen. Nur wir haben mit allen Eigent\u00fcmern Exklusivvertr\u00e4ge und so k\u00f6nnen wir die sofortige Verf\u00fcgbarkeit des Objektes zum besten Preis garantieren!<\/p><p>Unser Motto seit \u00fcber 20 Jahren:<\/p><p><strong>Weg vom Stress des Alltags \u2013 die Seele baumeln lassen \u2013 eintauchen in die Natur der Berge! Wenn Sie erholt vom Urlaub kommen, dann haben wir unser Ziel erreicht!<\/strong><\/p><p>Profitieren Sie als Gast und als H\u00fcttenbesitzer von unserer langj\u00e4hrigen Erfahrung im Bereich H\u00fcttenurlaub in \u00d6sterreich. <a title=\"Passende H\u00fctte finden\" href=\"https:\/\/www.huettenpartner.com\/huetten-mieten\/huette-finden-urlaub.html\">St\u00f6bern\u00a0Sie durch unser Angebot<\/a>\u00a0und wenn Sie Ihre H\u00fctte vermieten wollen, f\u00fcllen Sie das <a title=\"Hier k\u00f6nnen Sie Ihre H\u00fctte vermieten\" href=\"https:\/\/www.huettenpartner.com\/anfrageformular-fuer-vermieter.html\">Inquiry form for landlords<\/a>\u00a0aus.<\/p><p>Bei Fragen und f\u00fcr genauere Informationen rufen Sie uns an: <span class=\"ce_tel\">+43 2243 316 89<\/span>, wir freuen uns auf Sie!<\/p><p>Your hut partner<\/p>\t\t\t\t\t\t\t\t<\/div>\n\t\t\t\t<\/div>\n\t\t\t\t\t<\/div>\n\t\t\t\t<\/div>\n\t\t\t\t<\/div>","protected":false},"excerpt":{"rendered":"<p>H\u00fcttenpartner \u2013 Informationen zum Unternehmen Der gr\u00f6\u00dfte Reiseveranstalter f\u00fcr H\u00fcttenurlaub in \u00d6sterreich Die Entwicklung von H\u00fcttenpartner Unser Familienunternehmen wurde 1990 gegr\u00fcndet und spezialisiert sich seit 1996 auf die Vermietung von Skih\u00fctten, Almh\u00fctten, Ferienh\u00e4usern und Chalets in \u00d6sterreich. Sowohl Kunden als auch Vermieter sch\u00e4tzen unsere langj\u00e4hrige Erfahrung und Beratung in der Vermittlung als auch im Neubau [&hellip;]<\/p>","protected":false},"author":2,"featured_media":0,"parent":0,"menu_order":0,"comment_status":"closed","ping_status":"closed","template":"","meta":{"inline_featured_image":false,"footnotes":""},"class_list":["post-914","page","type-page","status-publish","hentry"],"acf":[],"_links":{"self":[{"href":"https:\/\/www.bold-black.109-235-60-67.plesk.page\/en\/wp-json\/wp\/v2\/pages\/914","targetHints":{"allow":["GET"]}}],"collection":[{"href":"https:\/\/www.bold-black.109-235-60-67.plesk.page\/en\/wp-json\/wp\/v2\/pages"}],"about":[{"href":"https:\/\/www.bold-black.109-235-60-67.plesk.page\/en\/wp-json\/wp\/v2\/types\/page"}],"author":[{"embeddable":true,"href":"https:\/\/www.bold-black.109-235-60-67.plesk.page\/en\/wp-json\/wp\/v2\/users\/2"}],"replies":[{"embeddable":true,"href":"https:\/\/www.bold-black.109-235-60-67.plesk.page\/en\/wp-json\/wp\/v2\/comments?post=914"}],"version-history":[{"count":4,"href":"https:\/\/www.bold-black.109-235-60-67.plesk.page\/en\/wp-json\/wp\/v2\/pages\/914\/revisions"}],"predecessor-version":[{"id":8233,"href":"https:\/\/www.bold-black.109-235-60-67.plesk.page\/en\/wp-json\/wp\/v2\/pages\/914\/revisions\/8233"}],"wp:attachment":[{"href":"https:\/\/www.bold-black.109-235-60-67.plesk.page\/en\/wp-json\/wp\/v2\/media?parent=914"}],"curies":[{"name":"wp","href":"https:\/\/api.w.org\/{rel}","templated":true}]}}