{"id":910,"date":"2024-04-09T21:56:18","date_gmt":"2024-04-09T21:56:18","guid":{"rendered":"https:\/\/www.huettenpartner.eu\/?page_id=910"},"modified":"2024-04-24T17:52:40","modified_gmt":"2024-04-24T15:52:40","slug":"newsletter","status":"publish","type":"page","link":"https:\/\/www.bold-black.109-235-60-67.plesk.page\/en\/service\/newsletter\/","title":{"rendered":"Newsletter"},"content":{"rendered":"<div data-elementor-type=\"wp-page\" data-elementor-id=\"910\" class=\"elementor elementor-910\">\n\t\t\t\t<div class=\"elementor-element elementor-element-974601c e-flex e-con-boxed e-con e-parent\" data-id=\"974601c\" data-element_type=\"container\">\n\t\t\t\t\t<div class=\"e-con-inner\">\n\t\t\t\t<div class=\"elementor-element elementor-element-70e61fb elementor-widget elementor-widget-heading\" data-id=\"70e61fb\" data-element_type=\"widget\" data-widget_type=\"heading.default\">\n\t\t\t\t<div class=\"elementor-widget-container\">\n\t\t\t\t\t<h2 class=\"elementor-heading-title elementor-size-default\">Melden Sie sich hier zum H\u00fcttenpartner-Newsletter an<\/h2>\t\t\t\t<\/div>\n\t\t\t\t<\/div>\n\t\t\t\t<div class=\"elementor-element elementor-element-005e276 elementor-widget elementor-widget-heading\" data-id=\"005e276\" data-element_type=\"widget\" data-widget_type=\"heading.default\">\n\t\t\t\t<div class=\"elementor-widget-container\">\n\t\t\t\t\t<h2 class=\"elementor-heading-title elementor-size-default\">Lassen Sie sich inspirieren<\/h2>\t\t\t\t<\/div>\n\t\t\t\t<\/div>\n\t\t\t\t<div class=\"elementor-element elementor-element-37fb8b2 elementor-widget elementor-widget-text-editor\" data-id=\"37fb8b2\" data-element_type=\"widget\" data-widget_type=\"text-editor.default\">\n\t\t\t\t<div class=\"elementor-widget-container\">\n\t\t\t\t\t\t\t\t\t<p>Lassen Sie sich vom Newsletter und von den <a title=\"H\u00fcttensuche H\u00fcttenpartner\" href=\"https:\/\/www.huettenpartner.com\/huetten-mieten\/huette-finden-urlaub.html\">zahlreichen H\u00fctten<\/a> inspirieren und freuen Sie sich auf Urlaub mit der Natur in den \u00f6sterreichischen Bergen. Sollten Fragen auftauchen, kontaktieren Sie uns einfach <span class=\"ce_tel\">telefonisch: +43 2243 316 89<\/span>.<\/p>\t\t\t\t\t\t\t\t<\/div>\n\t\t\t\t<\/div>\n\t\t\t\t\t<\/div>\n\t\t\t\t<\/div>\n\t\t\t\t<\/div>","protected":false},"excerpt":{"rendered":"<p>Melden Sie sich hier zum H\u00fcttenpartner-Newsletter an Lassen Sie sich inspirieren Lassen Sie sich vom Newsletter und von den zahlreichen H\u00fctten inspirieren und freuen Sie sich auf Urlaub mit der Natur in den \u00f6sterreichischen Bergen. Sollten Fragen auftauchen, kontaktieren Sie uns einfach telefonisch: +43 2243 316 89.<\/p>","protected":false},"author":2,"featured_media":0,"parent":890,"menu_order":0,"comment_status":"closed","ping_status":"closed","template":"","meta":{"inline_featured_image":false,"footnotes":""},"class_list":["post-910","page","type-page","status-publish","hentry"],"acf":[],"_links":{"self":[{"href":"https:\/\/www.bold-black.109-235-60-67.plesk.page\/en\/wp-json\/wp\/v2\/pages\/910","targetHints":{"allow":["GET"]}}],"collection":[{"href":"https:\/\/www.bold-black.109-235-60-67.plesk.page\/en\/wp-json\/wp\/v2\/pages"}],"about":[{"href":"https:\/\/www.bold-black.109-235-60-67.plesk.page\/en\/wp-json\/wp\/v2\/types\/page"}],"author":[{"embeddable":true,"href":"https:\/\/www.bold-black.109-235-60-67.plesk.page\/en\/wp-json\/wp\/v2\/users\/2"}],"replies":[{"embeddable":true,"href":"https:\/\/www.bold-black.109-235-60-67.plesk.page\/en\/wp-json\/wp\/v2\/comments?post=910"}],"version-history":[{"count":4,"href":"https:\/\/www.bold-black.109-235-60-67.plesk.page\/en\/wp-json\/wp\/v2\/pages\/910\/revisions"}],"predecessor-version":[{"id":6933,"href":"https:\/\/www.bold-black.109-235-60-67.plesk.page\/en\/wp-json\/wp\/v2\/pages\/910\/revisions\/6933"}],"up":[{"embeddable":true,"href":"https:\/\/www.bold-black.109-235-60-67.plesk.page\/en\/wp-json\/wp\/v2\/pages\/890"}],"wp:attachment":[{"href":"https:\/\/www.bold-black.109-235-60-67.plesk.page\/en\/wp-json\/wp\/v2\/media?parent=910"}],"curies":[{"name":"wp","href":"https:\/\/api.w.org\/{rel}","templated":true}]}}