{"id":893,"date":"2024-04-09T21:42:14","date_gmt":"2024-04-09T21:42:14","guid":{"rendered":"https:\/\/www.huettenpartner.eu\/?page_id=893"},"modified":"2024-04-24T15:46:25","modified_gmt":"2024-04-24T13:46:25","slug":"allgemeines","status":"publish","type":"page","link":"https:\/\/www.bold-black.109-235-60-67.plesk.page\/en\/service\/allgemeines\/","title":{"rendered":"General"},"content":{"rendered":"<div data-elementor-type=\"wp-page\" data-elementor-id=\"893\" class=\"elementor elementor-893\">\n\t\t\t\t<div class=\"elementor-element elementor-element-1e5d838 e-flex e-con-boxed e-con e-parent\" data-id=\"1e5d838\" data-element_type=\"container\">\n\t\t\t\t\t<div class=\"e-con-inner\">\n\t\t\t\t<div class=\"elementor-element elementor-element-d287fc2 elementor-widget elementor-widget-heading\" data-id=\"d287fc2\" data-element_type=\"widget\" data-widget_type=\"heading.default\">\n\t\t\t\t<div class=\"elementor-widget-container\">\n\t\t\t\t\t<h2 class=\"elementor-heading-title elementor-size-default\">Allgemeine Informationen zu Ihrem Urlaub mit H\u00fcttenpartner<\/h2>\t\t\t\t<\/div>\n\t\t\t\t<\/div>\n\t\t\t\t<div class=\"elementor-element elementor-element-4d74866 elementor-widget elementor-widget-text-editor\" data-id=\"4d74866\" data-element_type=\"widget\" data-widget_type=\"text-editor.default\">\n\t\t\t\t<div class=\"elementor-widget-container\">\n\t\t\t\t\t\t\t\t\t<p>Allgemeine Informationen zu Ihrer Urlaubsbuchung bei H\u00fcttenpartner, zu unseren H\u00fctten und f\u00fcr Ihren H\u00fcttenurlaub.<\/p><ul><li><a title=\"Infos zur Buchung\" href=\"https:\/\/www.huettenpartner.com\/service\/allgemeines-infos-zeichenerklaerung.html#buchung\">Buchung<\/a><\/li><li><a title=\"Preise H\u00fcttenpartner\" href=\"https:\/\/www.huettenpartner.com\/service\/allgemeines-infos-zeichenerklaerung.html#preise\">prices<\/a><\/li><li><a title=\"Infos zur Bezahlung H\u00fcttenpartner\" href=\"https:\/\/www.huettenpartner.com\/service\/bezahlung.html\">pay<\/a><\/li><li><a title=\"Stornopaket H\u00fcttenpartner\" href=\"https:\/\/www.huettenpartner.com\/service\/allgemeines-infos-zeichenerklaerung.html#storno\">Storno<\/a><\/li><li><a title=\"Ausstattung H\u00fctten\" href=\"https:\/\/www.huettenpartner.com\/service\/allgemeines-infos-zeichenerklaerung.html#ausstattung\">Furnishing<\/a><\/li><li><a title=\"Infos zur An- und Abreise\" href=\"https:\/\/www.huettenpartner.com\/service\/allgemeines-infos-zeichenerklaerung.html#anreise\">An- und Abreise<\/a><\/li><li><a title=\"Packliste H\u00fcttenurlaub\" href=\"https:\/\/www.huettenpartner.com\/service\/allgemeines-infos-zeichenerklaerung.html#packliste\">Checkliste zum Einpacken<\/a><\/li><\/ul>\t\t\t\t\t\t\t\t<\/div>\n\t\t\t\t<\/div>\n\t\t\t\t<div class=\"elementor-element elementor-element-faebac3 elementor-widget elementor-widget-heading\" data-id=\"faebac3\" data-element_type=\"widget\" data-widget_type=\"heading.default\">\n\t\t\t\t<div class=\"elementor-widget-container\">\n\t\t\t\t\t<h2 class=\"elementor-heading-title elementor-size-default\">Buchung<\/h2>\t\t\t\t<\/div>\n\t\t\t\t<\/div>\n\t\t\t\t<div class=\"elementor-element elementor-element-f3d2af6 elementor-widget elementor-widget-text-editor\" data-id=\"f3d2af6\" data-element_type=\"widget\" data-widget_type=\"text-editor.default\">\n\t\t\t\t<div class=\"elementor-widget-container\">\n\t\t\t\t\t\t\t\t\t<p>Bei Buchung leisten Sie bitte eine Anzahlung von 20 % zuz\u00fcglich der Buchungsgeb\u00fchr von \u20ac 25,-. Nach \u00dcberweisung des Restbetrages (4 Wochen vor Mietbeginn) erhalten Sie mit Ihrem Voucher Adresse und Telefonnummer des Schl\u00fcsselhalters, den Anreiseweg und ev. Zusatzinformationen. \u00dcber Silvester m\u00fcssen H\u00fctten und H\u00e4user oft 8 bis 14 Tage gebucht werden und w\u00e4hrend der Wintersaison meist mindestens 1 ganze Woche (Samstag \u2013 Samstag). Alle H\u00fctten mit k\u00fcrzer Mietdauer finden Sie in der Ruprik &#8222;Kurz mal weg&#8220;!\u00a0<\/p>\t\t\t\t\t\t\t\t<\/div>\n\t\t\t\t<\/div>\n\t\t\t\t<div class=\"elementor-element elementor-element-e62895c elementor-widget elementor-widget-heading\" data-id=\"e62895c\" data-element_type=\"widget\" data-widget_type=\"heading.default\">\n\t\t\t\t<div class=\"elementor-widget-container\">\n\t\t\t\t\t<h2 class=\"elementor-heading-title elementor-size-default\">prices<\/h2>\t\t\t\t<\/div>\n\t\t\t\t<\/div>\n\t\t\t\t<div class=\"elementor-element elementor-element-b44f23c elementor-widget elementor-widget-text-editor\" data-id=\"b44f23c\" data-element_type=\"widget\" data-widget_type=\"text-editor.default\">\n\t\t\t\t<div class=\"elementor-widget-container\">\n\t\t\t\t\t\t\t\t\t<p>Die Preise sind Bruttopreise, inkl. Steuern und verstehen sich als Pauschalpreise f\u00fcr das gesamte Mietobjekt f\u00fcr 1 Woche bis zur angegebenen Personenzahl. Bei Unterbelegung kann kein Abschlag gew\u00e4hrt werden. Die Wohneinheiten d\u00fcrfen h\u00f6chstens bis zu der im Katalog genannten Personenzahl belegt werden, au\u00dfer es erfolgt eine schriftliche Genehmigung f\u00fcr zus\u00e4tzliche Personen. Auch Kinder gelten als Person. Sonstige Nebenkosten, die vor Ort zu bezahlen sind, lesen Sie bitte im Text bei den einzelnen Objekten nach \u2013 siehe dazu auch <a title=\"Zu unseren AGB\" href=\"https:\/\/www.huettenpartner.com\/service\/agb.html\">unsere Gesch\u00e4ftsbedingungen<\/a>.<\/p>\t\t\t\t\t\t\t\t<\/div>\n\t\t\t\t<\/div>\n\t\t\t\t<div class=\"elementor-element elementor-element-5ac9c2a elementor-widget elementor-widget-heading\" data-id=\"5ac9c2a\" data-element_type=\"widget\" data-widget_type=\"heading.default\">\n\t\t\t\t<div class=\"elementor-widget-container\">\n\t\t\t\t\t<h2 class=\"elementor-heading-title elementor-size-default\">Storno<\/h2>\t\t\t\t<\/div>\n\t\t\t\t<\/div>\n\t\t\t\t<div class=\"elementor-element elementor-element-0eba677 elementor-widget elementor-widget-text-editor\" data-id=\"0eba677\" data-element_type=\"widget\" data-widget_type=\"text-editor.default\">\n\t\t\t\t<div class=\"elementor-widget-container\">\n\t\t\t\t\t\t\t\t\t<p>Da es bei den H\u00fctten, Chalets und Ferienh\u00e4usern sehr schwer ist, kurzfristig einen Ersatzmieter zu finden, haben Sie bitte Verst\u00e4ndnis f\u00fcr die h\u00f6heren Stornokosten. Unsere Stornobedingungen finden Sie bei den AGBs. Wir empfehlen dringend den Abschluss einer Stornoversicherung bzw. eines <a title=\"Stornopaket H\u00fcttenpartner\" href=\"https:\/\/www.huettenpartner.com\/service\/storno-paket.html\">Annullierungsvertrages<\/a> bei Buchung! Wir sind Ihnen dabei gerne behilflich.\u00a0<\/p>\t\t\t\t\t\t\t\t<\/div>\n\t\t\t\t<\/div>\n\t\t\t\t<div class=\"elementor-element elementor-element-1539232 elementor-widget elementor-widget-heading\" data-id=\"1539232\" data-element_type=\"widget\" data-widget_type=\"heading.default\">\n\t\t\t\t<div class=\"elementor-widget-container\">\n\t\t\t\t\t<h2 class=\"elementor-heading-title elementor-size-default\">Furnishing<\/h2>\t\t\t\t<\/div>\n\t\t\t\t<\/div>\n\t\t\t\t<div class=\"elementor-element elementor-element-d239e98 elementor-widget elementor-widget-text-editor\" data-id=\"d239e98\" data-element_type=\"widget\" data-widget_type=\"text-editor.default\">\n\t\t\t\t<div class=\"elementor-widget-container\">\n\t\t\t\t\t\t\t\t\t<p>In unserem Angebot finden Sie H\u00fctten und Ferienh\u00e4user zum Selbstversorgen. Alle K\u00fcchen sind mit gen\u00fcgend Geschirr ausgestattet. Bettzeug (Decken und Kissen) ist vorhanden (au\u00dfer extra angegeben). Die \u00dcberz\u00fcge (Bettw\u00e4sche) und Handt\u00fccher k\u00f6nnen Sie selbst mitbringen oder meist gegen Geb\u00fchr mieten (ca. \u20ac 7,- bis \u20ac 10,-\/Set).<\/p>\t\t\t\t\t\t\t\t<\/div>\n\t\t\t\t<\/div>\n\t\t\t\t<div class=\"elementor-element elementor-element-7a1eae6 elementor-widget elementor-widget-heading\" data-id=\"7a1eae6\" data-element_type=\"widget\" data-widget_type=\"heading.default\">\n\t\t\t\t<div class=\"elementor-widget-container\">\n\t\t\t\t\t<h2 class=\"elementor-heading-title elementor-size-default\">An- und Abreise<\/h2>\t\t\t\t<\/div>\n\t\t\t\t<\/div>\n\t\t\t\t<div class=\"elementor-element elementor-element-63ded2d elementor-widget elementor-widget-text-editor\" data-id=\"63ded2d\" data-element_type=\"widget\" data-widget_type=\"text-editor.default\">\n\t\t\t\t<div class=\"elementor-widget-container\">\n\t\t\t\t\t\t\t\t\t<p>Am Anreisetag k\u00f6nnen Sie Ihre H\u00fctte um ca. 15 Uhr beziehen, am Abreisetag sollte die H\u00fctte bis ca. 9 Uhr ger\u00e4umt sein. Informieren Sie sich rechtzeitig \u00fcber Ihren Anreiseweg und \u00fcber die <a title=\"Infos \u00fcber die Vignettenpflicht in \u00d6sterreich\" href=\"https:\/\/www.huettenpartner.com\/service\/vignette-oesterreich-autobahn.html\">Vignettenpflicht in \u00d6sterreich<\/a>.<\/p>\t\t\t\t\t\t\t\t<\/div>\n\t\t\t\t<\/div>\n\t\t\t\t<div class=\"elementor-element elementor-element-a5fe0e6 elementor-widget elementor-widget-heading\" data-id=\"a5fe0e6\" data-element_type=\"widget\" data-widget_type=\"heading.default\">\n\t\t\t\t<div class=\"elementor-widget-container\">\n\t\t\t\t\t<h2 class=\"elementor-heading-title elementor-size-default\">Checkliste zum Einpacken<\/h2>\t\t\t\t<\/div>\n\t\t\t\t<\/div>\n\t\t\t\t<div class=\"elementor-element elementor-element-a9c7079 elementor-widget elementor-widget-text-editor\" data-id=\"a9c7079\" data-element_type=\"widget\" data-widget_type=\"text-editor.default\">\n\t\t\t\t<div class=\"elementor-widget-container\">\n\t\t\t\t\t\t\t\t\t<p><a title=\"Packliste f\u00fcr Ihren H\u00fcttenurlaub\" href=\"https:\/\/www.huettenpartner.com\/huettenaufenthalt\/packliste-checkliste-einpacken.html\">Hier finden Sie einige kleine Anregungen<\/a> f\u00fcr Ihre Reise. Je nach Ausstattung \/ Lage der H\u00fctte kann die Notwendigkeit variieren.<\/p>\t\t\t\t\t\t\t\t<\/div>\n\t\t\t\t<\/div>\n\t\t\t\t<div class=\"elementor-element elementor-element-4fb8ca5 elementor-widget elementor-widget-heading\" data-id=\"4fb8ca5\" data-element_type=\"widget\" data-widget_type=\"heading.default\">\n\t\t\t\t<div class=\"elementor-widget-container\">\n\t\t\t\t\t<h2 class=\"elementor-heading-title elementor-size-default\">Kontaktieren Sie uns<\/h2>\t\t\t\t<\/div>\n\t\t\t\t<\/div>\n\t\t\t\t<div class=\"elementor-element elementor-element-7c97da4 elementor-widget elementor-widget-text-editor\" data-id=\"7c97da4\" data-element_type=\"widget\" data-widget_type=\"text-editor.default\">\n\t\t\t\t<div class=\"elementor-widget-container\">\n\t\t\t\t\t\t\t\t\t<p>Bei Fragen und f\u00fcr weitere Informationen <a title=\"Kontaktformular H\u00fcttenpartner\" href=\"https:\/\/www.huettenpartner.com\/service\/kontakt-fragen-informationen.html\">kontaktieren Sie uns jederzeit<\/a>. Das H\u00fcttenpartner-Team w\u00fcnscht Ihnen einen gelungenen Urlaub in den \u00f6sterreichischen Bergen!<\/p><p>Wollen Sie Urlaub schenken? Informieren Sie sich \u00fcber die <a title=\"Gutschein verschenken\" href=\"https:\/\/www.huettenpartner.com\/gutschein.html\">H\u00fcttenpartner-Gutscheine!<\/a><\/p>\t\t\t\t\t\t\t\t<\/div>\n\t\t\t\t<\/div>\n\t\t\t\t\t<\/div>\n\t\t\t\t<\/div>\n\t\t\t\t<\/div>","protected":false},"excerpt":{"rendered":"<p>Allgemeine Informationen zu Ihrem Urlaub mit H\u00fcttenpartner Allgemeine Informationen zu Ihrer Urlaubsbuchung bei H\u00fcttenpartner, zu unseren H\u00fctten und f\u00fcr Ihren H\u00fcttenurlaub. Buchung Preise Bezahlung Storno Ausstattung An- und Abreise Checkliste zum Einpacken Buchung Bei Buchung leisten Sie bitte eine Anzahlung von 20 % zuz\u00fcglich der Buchungsgeb\u00fchr von \u20ac 25,-. Nach \u00dcberweisung des Restbetrages (4 Wochen [&hellip;]<\/p>","protected":false},"author":2,"featured_media":0,"parent":890,"menu_order":0,"comment_status":"closed","ping_status":"closed","template":"","meta":{"inline_featured_image":false,"footnotes":""},"class_list":["post-893","page","type-page","status-publish","hentry"],"acf":[],"_links":{"self":[{"href":"https:\/\/www.bold-black.109-235-60-67.plesk.page\/en\/wp-json\/wp\/v2\/pages\/893","targetHints":{"allow":["GET"]}}],"collection":[{"href":"https:\/\/www.bold-black.109-235-60-67.plesk.page\/en\/wp-json\/wp\/v2\/pages"}],"about":[{"href":"https:\/\/www.bold-black.109-235-60-67.plesk.page\/en\/wp-json\/wp\/v2\/types\/page"}],"author":[{"embeddable":true,"href":"https:\/\/www.bold-black.109-235-60-67.plesk.page\/en\/wp-json\/wp\/v2\/users\/2"}],"replies":[{"embeddable":true,"href":"https:\/\/www.bold-black.109-235-60-67.plesk.page\/en\/wp-json\/wp\/v2\/comments?post=893"}],"version-history":[{"count":4,"href":"https:\/\/www.bold-black.109-235-60-67.plesk.page\/en\/wp-json\/wp\/v2\/pages\/893\/revisions"}],"predecessor-version":[{"id":6530,"href":"https:\/\/www.bold-black.109-235-60-67.plesk.page\/en\/wp-json\/wp\/v2\/pages\/893\/revisions\/6530"}],"up":[{"embeddable":true,"href":"https:\/\/www.bold-black.109-235-60-67.plesk.page\/en\/wp-json\/wp\/v2\/pages\/890"}],"wp:attachment":[{"href":"https:\/\/www.bold-black.109-235-60-67.plesk.page\/en\/wp-json\/wp\/v2\/media?parent=893"}],"curies":[{"name":"wp","href":"https:\/\/api.w.org\/{rel}","templated":true}]}}