{"id":886,"date":"2024-04-09T21:40:30","date_gmt":"2024-04-09T21:40:30","guid":{"rendered":"https:\/\/www.huettenpartner.eu\/?page_id=886"},"modified":"2024-04-24T14:59:47","modified_gmt":"2024-04-24T12:59:47","slug":"nachhaltiger-urlaub","status":"publish","type":"page","link":"https:\/\/www.bold-black.109-235-60-67.plesk.page\/en\/nuetzliches\/nachhaltiger-urlaub\/","title":{"rendered":"Sustainable vacation"},"content":{"rendered":"<div data-elementor-type=\"wp-page\" data-elementor-id=\"886\" class=\"elementor elementor-886\">\n\t\t\t\t<div class=\"elementor-element elementor-element-84844c1 e-flex e-con-boxed e-con e-parent\" data-id=\"84844c1\" data-element_type=\"container\">\n\t\t\t\t\t<div class=\"e-con-inner\">\n\t\t\t\t<div class=\"elementor-element elementor-element-9550763 elementor-widget elementor-widget-heading\" data-id=\"9550763\" data-element_type=\"widget\" data-widget_type=\"heading.default\">\n\t\t\t\t<div class=\"elementor-widget-container\">\n\t\t\t\t\t<h2 class=\"elementor-heading-title elementor-size-default\">Urlaub in einer einzigartigen Landschaft \u2013 handeln Sie nachhaltig<\/h2>\t\t\t\t<\/div>\n\t\t\t\t<\/div>\n\t\t\t\t<div class=\"elementor-element elementor-element-be91ecc elementor-widget elementor-widget-heading\" data-id=\"be91ecc\" data-element_type=\"widget\" data-widget_type=\"heading.default\">\n\t\t\t\t<div class=\"elementor-widget-container\">\n\t\t\t\t\t<h2 class=\"elementor-heading-title elementor-size-default\">Helfen Sie die Natur f\u00fcr n\u00e4chste Generationen zu bewahren<\/h2>\t\t\t\t<\/div>\n\t\t\t\t<\/div>\n\t\t\t\t<div class=\"elementor-element elementor-element-aa42cf1 elementor-widget elementor-widget-text-editor\" data-id=\"aa42cf1\" data-element_type=\"widget\" data-widget_type=\"text-editor.default\">\n\t\t\t\t<div class=\"elementor-widget-container\">\n\t\t\t\t\t\t\t\t\t<p>Sie interessieren sich f\u00fcr einen H\u00fcttenurlaub, f\u00fcr einen Urlaub in der einmaligen Berglandschaft der \u00f6sterreichischen Alpen? Helfen Sie uns, gemeinsam dieses sensible Naturparadies f\u00fcr zuk\u00fcnftige Generationen zu bewahren und nehmen Sie in Ihrem Urlaub in \u00d6sterreich besondere R\u00fccksicht auf die erhaltenswerte Natur. Das Bewusstsein f\u00fcr Umweltschutz ist in den letzten Jahren stark gestiegen, die Notwendigkeit, aktiv f\u00fcr den Erhalt der wertvollen Natur einzutreten wird anerkannt. Deshalb bitten wir Sie, besonders auch in Ihrem Urlaub in der Natur, einige grundlegende Verhaltensweisen beizubehalten: Schonen Sie Rohstoffe, Strom und Energie, vermeiden Sie M\u00fcll und entsorgen Sie den unvermeidbaren M\u00fcll richtig, gehen Sie behutsam mit der Landschaft um!<\/p>\t\t\t\t\t\t\t\t<\/div>\n\t\t\t\t<\/div>\n\t\t\t\t\t<\/div>\n\t\t\t\t<\/div>\n\t\t<div class=\"elementor-element elementor-element-529f242 e-flex e-con-boxed e-con e-parent\" data-id=\"529f242\" data-element_type=\"container\">\n\t\t\t\t\t<div class=\"e-con-inner\">\n\t\t<div class=\"elementor-element elementor-element-504b6d4 e-con-full e-flex e-con e-child\" data-id=\"504b6d4\" data-element_type=\"container\">\n\t\t\t\t<div class=\"elementor-element elementor-element-26177eb elementor-widget elementor-widget-image\" data-id=\"26177eb\" data-element_type=\"widget\" data-widget_type=\"image.default\">\n\t\t\t\t<div class=\"elementor-widget-container\">\n\t\t\t\t\t\t\t\t\t\t\t\t\t\t\t<img fetchpriority=\"high\" decoding=\"async\" width=\"768\" height=\"576\" src=\"https:\/\/www.bold-black.109-235-60-67.plesk.page\/wp-content\/uploads\/2024\/04\/wasser-quelle-natur-f95c8103.jpg\" class=\"attachment-large size-large wp-image-6349\" alt=\"\" srcset=\"https:\/\/www.bold-black.109-235-60-67.plesk.page\/wp-content\/uploads\/2024\/04\/wasser-quelle-natur-f95c8103.jpg 768w, https:\/\/www.bold-black.109-235-60-67.plesk.page\/wp-content\/uploads\/2024\/04\/wasser-quelle-natur-f95c8103-300x225.jpg 300w, https:\/\/www.bold-black.109-235-60-67.plesk.page\/wp-content\/uploads\/2024\/04\/wasser-quelle-natur-f95c8103-16x12.jpg 16w, https:\/\/www.bold-black.109-235-60-67.plesk.page\/wp-content\/uploads\/2024\/04\/wasser-quelle-natur-f95c8103-405x304.jpg 405w\" sizes=\"(max-width: 768px) 100vw, 768px\" \/>\t\t\t\t\t\t\t\t\t\t\t\t\t\t\t<\/div>\n\t\t\t\t<\/div>\n\t\t\t\t<\/div>\n\t\t<div class=\"elementor-element elementor-element-50c0cc3 e-con-full e-flex e-con e-child\" data-id=\"50c0cc3\" data-element_type=\"container\">\n\t\t\t\t<div class=\"elementor-element elementor-element-9840b2d elementor-widget elementor-widget-image\" data-id=\"9840b2d\" data-element_type=\"widget\" data-widget_type=\"image.default\">\n\t\t\t\t<div class=\"elementor-widget-container\">\n\t\t\t\t\t\t\t\t\t\t\t\t\t\t\t<img decoding=\"async\" width=\"768\" height=\"576\" src=\"https:\/\/www.bold-black.109-235-60-67.plesk.page\/wp-content\/uploads\/2024\/04\/winter-landschaft-bach-ea9ab809.jpg\" class=\"attachment-large size-large wp-image-6348\" alt=\"\" srcset=\"https:\/\/www.bold-black.109-235-60-67.plesk.page\/wp-content\/uploads\/2024\/04\/winter-landschaft-bach-ea9ab809.jpg 768w, https:\/\/www.bold-black.109-235-60-67.plesk.page\/wp-content\/uploads\/2024\/04\/winter-landschaft-bach-ea9ab809-300x225.jpg 300w, https:\/\/www.bold-black.109-235-60-67.plesk.page\/wp-content\/uploads\/2024\/04\/winter-landschaft-bach-ea9ab809-16x12.jpg 16w, https:\/\/www.bold-black.109-235-60-67.plesk.page\/wp-content\/uploads\/2024\/04\/winter-landschaft-bach-ea9ab809-405x304.jpg 405w\" sizes=\"(max-width: 768px) 100vw, 768px\" \/>\t\t\t\t\t\t\t\t\t\t\t\t\t\t\t<\/div>\n\t\t\t\t<\/div>\n\t\t\t\t<\/div>\n\t\t\t\t\t<\/div>\n\t\t\t\t<\/div>\n\t\t<div class=\"elementor-element elementor-element-23a9170 e-flex e-con-boxed e-con e-parent\" data-id=\"23a9170\" data-element_type=\"container\">\n\t\t\t\t\t<div class=\"e-con-inner\">\n\t\t\t\t<div class=\"elementor-element elementor-element-9989d0a elementor-widget elementor-widget-heading\" data-id=\"9989d0a\" data-element_type=\"widget\" data-widget_type=\"heading.default\">\n\t\t\t\t<div class=\"elementor-widget-container\">\n\t\t\t\t\t<h2 class=\"elementor-heading-title elementor-size-default\">Vermeiden Sie M\u00fcll<\/h2>\t\t\t\t<\/div>\n\t\t\t\t<\/div>\n\t\t\t\t<div class=\"elementor-element elementor-element-11256bc elementor-widget elementor-widget-text-editor\" data-id=\"11256bc\" data-element_type=\"widget\" data-widget_type=\"text-editor.default\">\n\t\t\t\t<div class=\"elementor-widget-container\">\n\t\t\t\t\t\t\t\t\t<p>Vermeiden Sie M\u00fcll so gut es geht. Achten Sie schon beim Einkaufen darauf, keinen unn\u00f6tigen Verpackungsm\u00fcll zu erwerben \u2013 besonders Kunststoffverpackungen belasten die Umwelt. Verwenden Sie nach M\u00f6glichkeit Mehrweg-Verpackungen die Sie selbst mehrmals wiederverwenden k\u00f6nnen oder die sinnvoll recycelt werden, wie etwa Glas.<\/p>\t\t\t\t\t\t\t\t<\/div>\n\t\t\t\t<\/div>\n\t\t\t\t<div class=\"elementor-element elementor-element-cac55f4 elementor-widget elementor-widget-heading\" data-id=\"cac55f4\" data-element_type=\"widget\" data-widget_type=\"heading.default\">\n\t\t\t\t<div class=\"elementor-widget-container\">\n\t\t\t\t\t<h2 class=\"elementor-heading-title elementor-size-default\">Entsorgen Sie M\u00fcll richtig<\/h2>\t\t\t\t<\/div>\n\t\t\t\t<\/div>\n\t\t\t\t<div class=\"elementor-element elementor-element-76fc5a4 elementor-widget elementor-widget-text-editor\" data-id=\"76fc5a4\" data-element_type=\"widget\" data-widget_type=\"text-editor.default\">\n\t\t\t\t<div class=\"elementor-widget-container\">\n\t\t\t\t\t\t\t\t\t<p>Wichtig ist, den unvermeidbaren M\u00fcll richtig zu entsorgen, um die Umweltbelastung m\u00f6glichst gering zu halten. Lassen Sie keinesfalls den M\u00fcll einfach in der Natur zur\u00fcck! Packen Sie den M\u00fcll ein und bringen Sie ihn von Ihren Ausfl\u00fcgen wieder mit zur\u00fcck zur H\u00fctte. Au\u00dferdem ist es wichtig, den M\u00fcll korrekt zu trennen. In \u00d6sterreich werden \u00fcblicherweise Glas, Papier, Plastik, Alu \/ Metall, Biom\u00fcll und Restm\u00fcll getrennt voneinander entsorgt \u2013 Sonderm\u00fcll wie Elektroschrott, Sperrm\u00fcll, Batterien oder Medikamente sowieso. Was genau getrennt werden muss, ist von Gemeinde zu Gemeinde verschieden, Ihr H\u00fctten-Vermieter informiert Sie gerne dar\u00fcber! Oft k\u00f6nnen Sie auch Geld sparen, wenn Sie Dinge wie Flaschen und Dosen selbst in den daf\u00fcr vorgesehenen Containern im Tal entsorgen und nicht in der H\u00fctte zur\u00fccklassen, in oft kostenpflichtigen Restm\u00fclls\u00e4cken.<\/p>\t\t\t\t\t\t\t\t<\/div>\n\t\t\t\t<\/div>\n\t\t\t\t<div class=\"elementor-element elementor-element-be01629 elementor-widget elementor-widget-heading\" data-id=\"be01629\" data-element_type=\"widget\" data-widget_type=\"heading.default\">\n\t\t\t\t<div class=\"elementor-widget-container\">\n\t\t\t\t\t<h2 class=\"elementor-heading-title elementor-size-default\">Energie sinnvoll nutzen<\/h2>\t\t\t\t<\/div>\n\t\t\t\t<\/div>\n\t\t\t\t<div class=\"elementor-element elementor-element-50cf97f elementor-widget elementor-widget-text-editor\" data-id=\"50cf97f\" data-element_type=\"widget\" data-widget_type=\"text-editor.default\">\n\t\t\t\t<div class=\"elementor-widget-container\">\n\t\t\t\t\t\t\t\t\t<p>Nutzen Sie die Energie in Ihrem H\u00fcttenurlaub sinnvoll und verschwenden Sie sie nicht. Heizen Sie beispielsweise nicht beim Fenster hinaus, das hei\u00dft: Wenn Sie l\u00fcften, machen Sie f\u00fcr kurze Zeit die Fenster ganz auf anstatt die Fenster den ganzen Tag gekippt zu haben, w\u00e4hrend Sie die R\u00e4ume heizen. Und stecken Sie Elektroger\u00e4te aus, wenn Sie sie nicht brauchen, nur so ist gesichert, dass sie nicht sinnlos Strom verbrauchen.<\/p>\t\t\t\t\t\t\t\t<\/div>\n\t\t\t\t<\/div>\n\t\t\t\t<div class=\"elementor-element elementor-element-93b2e9e elementor-widget elementor-widget-heading\" data-id=\"93b2e9e\" data-element_type=\"widget\" data-widget_type=\"heading.default\">\n\t\t\t\t<div class=\"elementor-widget-container\">\n\t\t\t\t\t<h2 class=\"elementor-heading-title elementor-size-default\">R\u00fccksichtsvoller Umgang mit der Natur<\/h2>\t\t\t\t<\/div>\n\t\t\t\t<\/div>\n\t\t\t\t<div class=\"elementor-element elementor-element-aae654b elementor-widget elementor-widget-text-editor\" data-id=\"aae654b\" data-element_type=\"widget\" data-widget_type=\"text-editor.default\">\n\t\t\t\t<div class=\"elementor-widget-container\">\n\t\t\t\t\t\t\t\t\t<p>Nehmen Sie bei Ihren Touren durch die Bergwelt R\u00fccksicht auf die Natur. Bleiben Sie auf markierten Pisten, Rad- und Wanderwegen, beachten Sie die ausgeschilderten Naturschutzzonen. Verhalten Sie sich im Wald und auf dem Berg ruhig, nehmen Sie R\u00fccksicht auf den Lebensraum von Wildtieren und beachten Sie Brutzeiten. Und pfl\u00fccken Sie Pflanzen nicht willk\u00fcrlich ab!<\/p>\t\t\t\t\t\t\t\t<\/div>\n\t\t\t\t<\/div>\n\t\t\t\t<div class=\"elementor-element elementor-element-8c6b88d elementor-widget elementor-widget-heading\" data-id=\"8c6b88d\" data-element_type=\"widget\" data-widget_type=\"heading.default\">\n\t\t\t\t<div class=\"elementor-widget-container\">\n\t\t\t\t\t<h2 class=\"elementor-heading-title elementor-size-default\">H\u00fcttenurlaub im Naturparadies<\/h2>\t\t\t\t<\/div>\n\t\t\t\t<\/div>\n\t\t\t\t<div class=\"elementor-element elementor-element-32e8c4e elementor-widget elementor-widget-text-editor\" data-id=\"32e8c4e\" data-element_type=\"widget\" data-widget_type=\"text-editor.default\">\n\t\t\t\t<div class=\"elementor-widget-container\">\n\t\t\t\t\t\t\t\t\t<p>Wollen Sie das Naturparadies Alpen hautnah erleben? Dann ist ein H\u00fcttenurlaub mit H\u00fcttenpartner genau die richtige Wahl. Entscheiden Sie sich f\u00fcr eine der knapp <a title=\"Hier finden Sie die passende H\u00fctte f\u00fcr Ihren Urlaub\" href=\"https:\/\/www.huettenpartner.com\/huetten-mieten\/huette-finden-urlaub.html\">300 H\u00fctten in \u00d6sterreich<\/a>\u00a0oder eine der <a title=\"Chalets Schladming | Luxury holidays right on the slopes\" href=\"https:\/\/www.chalets-schladming.com\/chalets-schladming.html\" target=\"_blank\" rel=\"noopener\">4\u00a0Luxus-Chalets in Schladming<\/a>, die auf unserer Website zur Auswahl stehen, und freuen Sie sich auf traumhafte Wintertage mitten im Skigebiet oder einzigartigen Sommerurlaub in den Bergen!<\/p><p>Wenn Sie noch mehr wissen wollen, kontaktieren Sie Ihren H\u00fcttenpartner jederzeit <a class=\"ce_em\" title=\"Schreiben Sie uns eine E-Mail\" href=\"mailto:info@huettenpartner.at\">per E-Mail<\/a> oder <span class=\"ce_tel\">telefonisch: +43 2243 316 89 <\/span>oder melden Sie sich zu unserem Newsletter an, um stets auf dem Laufenden zu bleiben.<\/p>\t\t\t\t\t\t\t\t<\/div>\n\t\t\t\t<\/div>\n\t\t\t\t\t<\/div>\n\t\t\t\t<\/div>\n\t\t\t\t<\/div>","protected":false},"excerpt":{"rendered":"<p>Urlaub in einer einzigartigen Landschaft \u2013 handeln Sie nachhaltig Helfen Sie die Natur f\u00fcr n\u00e4chste Generationen zu bewahren Sie interessieren sich f\u00fcr einen H\u00fcttenurlaub, f\u00fcr einen Urlaub in der einmaligen Berglandschaft der \u00f6sterreichischen Alpen? Helfen Sie uns, gemeinsam dieses sensible Naturparadies f\u00fcr zuk\u00fcnftige Generationen zu bewahren und nehmen Sie in Ihrem Urlaub in \u00d6sterreich besondere [&hellip;]<\/p>","protected":false},"author":2,"featured_media":0,"parent":857,"menu_order":0,"comment_status":"closed","ping_status":"closed","template":"","meta":{"inline_featured_image":false,"footnotes":""},"class_list":["post-886","page","type-page","status-publish","hentry"],"acf":[],"_links":{"self":[{"href":"https:\/\/www.bold-black.109-235-60-67.plesk.page\/en\/wp-json\/wp\/v2\/pages\/886","targetHints":{"allow":["GET"]}}],"collection":[{"href":"https:\/\/www.bold-black.109-235-60-67.plesk.page\/en\/wp-json\/wp\/v2\/pages"}],"about":[{"href":"https:\/\/www.bold-black.109-235-60-67.plesk.page\/en\/wp-json\/wp\/v2\/types\/page"}],"author":[{"embeddable":true,"href":"https:\/\/www.bold-black.109-235-60-67.plesk.page\/en\/wp-json\/wp\/v2\/users\/2"}],"replies":[{"embeddable":true,"href":"https:\/\/www.bold-black.109-235-60-67.plesk.page\/en\/wp-json\/wp\/v2\/comments?post=886"}],"version-history":[{"count":4,"href":"https:\/\/www.bold-black.109-235-60-67.plesk.page\/en\/wp-json\/wp\/v2\/pages\/886\/revisions"}],"predecessor-version":[{"id":6353,"href":"https:\/\/www.bold-black.109-235-60-67.plesk.page\/en\/wp-json\/wp\/v2\/pages\/886\/revisions\/6353"}],"up":[{"embeddable":true,"href":"https:\/\/www.bold-black.109-235-60-67.plesk.page\/en\/wp-json\/wp\/v2\/pages\/857"}],"wp:attachment":[{"href":"https:\/\/www.bold-black.109-235-60-67.plesk.page\/en\/wp-json\/wp\/v2\/media?parent=886"}],"curies":[{"name":"wp","href":"https:\/\/api.w.org\/{rel}","templated":true}]}}