{"id":884,"date":"2024-04-09T21:40:03","date_gmt":"2024-04-09T21:40:03","guid":{"rendered":"https:\/\/www.huettenpartner.eu\/?page_id=884"},"modified":"2024-04-24T14:50:26","modified_gmt":"2024-04-24T12:50:26","slug":"sicherer-urlaub","status":"publish","type":"page","link":"https:\/\/www.bold-black.109-235-60-67.plesk.page\/en\/nuetzliches\/sicherer-urlaub\/","title":{"rendered":"Safe holiday"},"content":{"rendered":"<div data-elementor-type=\"wp-page\" data-elementor-id=\"884\" class=\"elementor elementor-884\">\n\t\t\t\t<div class=\"elementor-element elementor-element-360ec2f e-flex e-con-boxed e-con e-parent\" data-id=\"360ec2f\" data-element_type=\"container\">\n\t\t\t\t\t<div class=\"e-con-inner\">\n\t\t\t\t<div class=\"elementor-element elementor-element-6a95a15 elementor-widget elementor-widget-heading\" data-id=\"6a95a15\" data-element_type=\"widget\" data-widget_type=\"heading.default\">\n\t\t\t\t<div class=\"elementor-widget-container\">\n\t\t\t\t\t<h2 class=\"elementor-heading-title elementor-size-default\">Reisesicherheit \u2013 sicherer Urlaub in den Bergen<\/h2>\t\t\t\t<\/div>\n\t\t\t\t<\/div>\n\t\t\t\t<div class=\"elementor-element elementor-element-1814a11 elementor-widget elementor-widget-heading\" data-id=\"1814a11\" data-element_type=\"widget\" data-widget_type=\"heading.default\">\n\t\t\t\t<div class=\"elementor-widget-container\">\n\t\t\t\t\t<h2 class=\"elementor-heading-title elementor-size-default\">Wie Sie Unf\u00e4lle vermeiden und gesund aus Ihrem Urlaub zur\u00fcckkehren<\/h2>\t\t\t\t<\/div>\n\t\t\t\t<\/div>\n\t\t\t\t<div class=\"elementor-element elementor-element-a7e4e43 elementor-widget elementor-widget-text-editor\" data-id=\"a7e4e43\" data-element_type=\"widget\" data-widget_type=\"text-editor.default\">\n\t\t\t\t<div class=\"elementor-widget-container\">\n\t\t\t\t\t\t\t\t\t<p>Erfahren Sie, wie Sie sich richtig auf Ihren H\u00fcttenurlaub mit H\u00fcttenpartner vorbereiten, um Gefahren und Unf\u00e4lle m\u00f6glichst zu vermeiden. Au\u00dferdem bekommen Sie hier Ratschl\u00e4ge, wie Sie sich auf Notf\u00e4lle vorbereiten, um m\u00f6glichst wohlbehalten aus Ihrem Urlaub in den Bergen zur\u00fcckzukehren.<\/p>\t\t\t\t\t\t\t\t<\/div>\n\t\t\t\t<\/div>\n\t\t\t\t\t<\/div>\n\t\t\t\t<\/div>\n\t\t<div class=\"elementor-element elementor-element-27b7b62 e-flex e-con-boxed e-con e-parent\" data-id=\"27b7b62\" data-element_type=\"container\">\n\t\t\t\t\t<div class=\"e-con-inner\">\n\t\t<div class=\"elementor-element elementor-element-610b265 e-con-full e-flex e-con e-child\" data-id=\"610b265\" data-element_type=\"container\">\n\t\t\t\t<div class=\"elementor-element elementor-element-834570b elementor-widget elementor-widget-heading\" data-id=\"834570b\" data-element_type=\"widget\" data-widget_type=\"heading.default\">\n\t\t\t\t<div class=\"elementor-widget-container\">\n\t\t\t\t\t<h2 class=\"elementor-heading-title elementor-size-default\">Pr\u00e4vention \u2013 Vorbereitung vor dem Urlaub<\/h2>\t\t\t\t<\/div>\n\t\t\t\t<\/div>\n\t\t\t\t<div class=\"elementor-element elementor-element-fc78932 elementor-widget elementor-widget-text-editor\" data-id=\"fc78932\" data-element_type=\"widget\" data-widget_type=\"text-editor.default\">\n\t\t\t\t<div class=\"elementor-widget-container\">\n\t\t\t\t\t\t\t\t\t<p>Wenn Sie sich f\u00fcr einen H\u00fcttenurlaub entschieden haben, gibt es einige Dinge, die Sie schon zuhause tun k\u00f6nnen, um im Urlaub Gefahren zu vermeiden oder f\u00fcr Unf\u00e4lle ger\u00fcstet zu sein:<\/p><ul><li>\u00dcberpr\u00fcfen Sie Ihren <strong>Impfschutz<\/strong>. Wenn Sie im Sommer in der Natur unterwegs sind, macht es Sinn, gegen Zecken geimpft zu sein und sommers wie winters ist ein Impfschutz gegen Tetanus zu empfehlen.<\/li><li>Nehmen Sie eine <strong>Reiseapotheke<\/strong> mit in den H\u00fcttenurlaub. Sie sollte Verbandszeug, ein Mittel zur Desinfektion, Sportsalbe, Sonnen- und Insektenschutz beinhalten.<\/li><li>Informieren Sie sich \u00fcber die empfohlene <strong>Schutzausr\u00fcstung<\/strong> f\u00fcr Ihre geplanten Aktivit\u00e4ten.<\/li><li><strong>Speichern Sie die wichtigsten Notrufnummern<\/strong> in Ihrem Mobiltelefon. Oft finden Sie die wichtigsten Nummern auch in Ihrer H\u00fctte, ansonsten informieren Sie sich bei Ihrem Vermieter. Erkundigen Sie sich auch, wo das n\u00e4chste Krankenhaus ist.<\/li><\/ul>\t\t\t\t\t\t\t\t<\/div>\n\t\t\t\t<\/div>\n\t\t\t\t<\/div>\n\t\t<div class=\"elementor-element elementor-element-4ef20da e-con-full e-flex e-con e-child\" data-id=\"4ef20da\" data-element_type=\"container\">\n\t\t\t\t<div class=\"elementor-element elementor-element-c68e181 elementor-widget elementor-widget-image\" data-id=\"c68e181\" data-element_type=\"widget\" data-widget_type=\"image.default\">\n\t\t\t\t<div class=\"elementor-widget-container\">\n\t\t\t\t\t\t\t\t\t\t\t\t\t\t\t<img fetchpriority=\"high\" decoding=\"async\" width=\"768\" height=\"512\" src=\"https:\/\/www.bold-black.109-235-60-67.plesk.page\/wp-content\/uploads\/2024\/04\/koffer-reisen-gepaeck.jpg\" class=\"attachment-large size-large wp-image-6324\" alt=\"\" srcset=\"https:\/\/www.bold-black.109-235-60-67.plesk.page\/wp-content\/uploads\/2024\/04\/koffer-reisen-gepaeck.jpg 900w, https:\/\/www.bold-black.109-235-60-67.plesk.page\/wp-content\/uploads\/2024\/04\/koffer-reisen-gepaeck-300x200.jpg 300w, https:\/\/www.bold-black.109-235-60-67.plesk.page\/wp-content\/uploads\/2024\/04\/koffer-reisen-gepaeck-768x512.jpg 768w, https:\/\/www.bold-black.109-235-60-67.plesk.page\/wp-content\/uploads\/2024\/04\/koffer-reisen-gepaeck-18x12.jpg 18w, https:\/\/www.bold-black.109-235-60-67.plesk.page\/wp-content\/uploads\/2024\/04\/koffer-reisen-gepaeck-405x270.jpg 405w\" sizes=\"(max-width: 768px) 100vw, 768px\" \/>\t\t\t\t\t\t\t\t\t\t\t\t\t\t\t<\/div>\n\t\t\t\t<\/div>\n\t\t\t\t<\/div>\n\t\t\t\t\t<\/div>\n\t\t\t\t<\/div>\n\t\t<div class=\"elementor-element elementor-element-1456c20 e-flex e-con-boxed e-con e-parent\" data-id=\"1456c20\" data-element_type=\"container\">\n\t\t\t\t\t<div class=\"e-con-inner\">\n\t\t\t\t<div class=\"elementor-element elementor-element-9fdddab elementor-widget elementor-widget-heading\" data-id=\"9fdddab\" data-element_type=\"widget\" data-widget_type=\"heading.default\">\n\t\t\t\t<div class=\"elementor-widget-container\">\n\t\t\t\t\t<h2 class=\"elementor-heading-title elementor-size-default\">Notrufnummern in \u00d6sterreich:<\/h2>\t\t\t\t<\/div>\n\t\t\t\t<\/div>\n\t\t\t\t<div class=\"elementor-element elementor-element-21f13f7 elementor-widget elementor-widget-text-editor\" data-id=\"21f13f7\" data-element_type=\"widget\" data-widget_type=\"text-editor.default\">\n\t\t\t\t<div class=\"elementor-widget-container\">\n\t\t\t\t\t\t\t\t\t<ul><li><strong>112<\/strong> &#8211; Die n\u00e4chste Polizeidienststelle europaweit<\/li><li><strong>140\u00a0<\/strong>&#8211;\u00a0\u00d6sterreichischer\u00a0Bergrettungsdienst<\/li><li><strong>144<\/strong> \u2013 Rettungsdienst<\/li><li><strong>133<\/strong> \u2013 Polizei<\/li><li><strong>122<\/strong> \u2013 Feuerwehr<\/li><li><strong>120<\/strong> \u2013 \u00d6AMTC-Pannenhilfe und Abschleppdienst<\/li><\/ul>\t\t\t\t\t\t\t\t<\/div>\n\t\t\t\t<\/div>\n\t\t\t\t<div class=\"elementor-element elementor-element-f460907 elementor-widget elementor-widget-heading\" data-id=\"f460907\" data-element_type=\"widget\" data-widget_type=\"heading.default\">\n\t\t\t\t<div class=\"elementor-widget-container\">\n\t\t\t\t\t<h2 class=\"elementor-heading-title elementor-size-default\">Sicherheit in der H\u00fctte<\/h2>\t\t\t\t<\/div>\n\t\t\t\t<\/div>\n\t\t\t\t<div class=\"elementor-element elementor-element-ce0cd88 elementor-widget elementor-widget-text-editor\" data-id=\"ce0cd88\" data-element_type=\"widget\" data-widget_type=\"text-editor.default\">\n\t\t\t\t<div class=\"elementor-widget-container\">\n\t\t\t\t\t\t\t\t\t<p>Viele der H\u00fctten von H\u00fcttenpartner haben einen Holzofen, lassen Sie sich beim Beziehen der H\u00fctte die Funktionsweise des Ofens von Ihrem Vermieter erkl\u00e4ren. Viele \u00d6fen haben Besonderheiten und Eigenheiten, die man beachten muss, um sie sicher zu betreiben.<\/p><p>Besondere Vorsicht ist beim Umgang mit offenem Feuer geboten. Lassen Sie Kerzen niemals unbeaufsichtigt brennen, versichern Sie sich vor dem Zubettgehen, dass wirklich alle Kerzen gel\u00f6scht sind und lassen Sie auch im Schlafzimmer keine Kerzen \u00fcber Nacht brennen. Denken Sie daran, eine Taschenlampe einzupacken, um den Weg ins Bett zu finden oder f\u00fcr den Fall, dass Sie in der Nacht aufstehen m\u00fcssen.<\/p>\t\t\t\t\t\t\t\t<\/div>\n\t\t\t\t<\/div>\n\t\t\t\t<div class=\"elementor-element elementor-element-df3cee3 elementor-widget elementor-widget-heading\" data-id=\"df3cee3\" data-element_type=\"widget\" data-widget_type=\"heading.default\">\n\t\t\t\t<div class=\"elementor-widget-container\">\n\t\t\t\t\t<h2 class=\"elementor-heading-title elementor-size-default\">Sicherheit in der Natur<\/h2>\t\t\t\t<\/div>\n\t\t\t\t<\/div>\n\t\t\t\t<div class=\"elementor-element elementor-element-22787e1 elementor-widget elementor-widget-text-editor\" data-id=\"22787e1\" data-element_type=\"widget\" data-widget_type=\"text-editor.default\">\n\t\t\t\t<div class=\"elementor-widget-container\">\n\t\t\t\t\t\t\t\t\t<p>Was Sie <a title=\"Tipps f\u00fcr Aktivit\u00e4ten in den Bergen\" href=\"https:\/\/www.huettenpartner.com\/huettenaufenthalt\/wandern-bergsteigen-tipps.html\">when hiking and mountaineering<\/a> sollten, haben wir auf einer eigenen Seite f\u00fcr Sie zusammengefasst, ebenso, wie Sie <a title=\"Hier erfahren Sie mehr \u00fcber den richtigen Umgang mit Weidetieren\" href=\"https:\/\/www.huettenpartner.com\/huettenaufenthalt\/kuehe-wildtiere-umgang.html\">gef\u00e4hrliche Situationen mit Tieren vermeiden<\/a>. Besondere Vorsicht gilt in den Bergen immer bei Gewittergefahr!<\/p><p>In der Natur ist <strong>offenes Feuer verboten<\/strong>, bei trockener Wetterlage ist auch das Rauchen im Wald verboten und immer ist darauf zu achten, Zigarettenkippen nicht achtlos wegzuwerfen! Die meisten H\u00fctten von H\u00fcttenpartner besitzen einen Grillplatz in unmittelbarer N\u00e4he zur H\u00fctte, dort k\u00f6nnen Sie bei entsprechender Vorsicht jederzeit Feuer machen.<\/p><p>Im Winter d\u00fcrfen Sie das gesicherte Gel\u00e4nde nicht verlassen, um die <strong>Lawinengefahr<\/strong> so gering wie m\u00f6glich zu halten. Bei falschem Verhalten laufen Sie nicht nur Gefahr, Opfer einer Lawine zu werden, Sie k\u00f6nnen auch leicht eine Lawine oder ein Schneebrett ausl\u00f6sen \u2013 mit nicht absehbaren Konsequenzen f\u00fcr Dritte.<\/p>\t\t\t\t\t\t\t\t<\/div>\n\t\t\t\t<\/div>\n\t\t\t\t<div class=\"elementor-element elementor-element-5a72160 elementor-widget elementor-widget-heading\" data-id=\"5a72160\" data-element_type=\"widget\" data-widget_type=\"heading.default\">\n\t\t\t\t<div class=\"elementor-widget-container\">\n\t\t\t\t\t<h2 class=\"elementor-heading-title elementor-size-default\">Wohlbehalten in den Bergen<\/h2>\t\t\t\t<\/div>\n\t\t\t\t<\/div>\n\t\t\t\t<div class=\"elementor-element elementor-element-8cc4cc6 elementor-widget elementor-widget-text-editor\" data-id=\"8cc4cc6\" data-element_type=\"widget\" data-widget_type=\"text-editor.default\">\n\t\t\t\t<div class=\"elementor-widget-container\">\n\t\t\t\t\t\t\t\t\t<p>Wenn Sie sich an die Sicherheitshinweise halten, steht einem wohlbehaltenen H\u00fcttenurlaub nichts im Wege. <a title=\"Hier finden Sie die passende H\u00fctte f\u00fcr Ihren Urlaub\" href=\"https:\/\/www.huettenpartner.com\/huetten-mieten\/huette-finden-urlaub.html\">Suchen Sie sich Ihre Lieblingsh\u00fctte aus<\/a> und freuen Sie sich auf herrliche Tage in der Natur!<\/p>\t\t\t\t\t\t\t\t<\/div>\n\t\t\t\t<\/div>\n\t\t\t\t\t<\/div>\n\t\t\t\t<\/div>\n\t\t\t\t<\/div>","protected":false},"excerpt":{"rendered":"<p>Reisesicherheit \u2013 sicherer Urlaub in den Bergen Wie Sie Unf\u00e4lle vermeiden und gesund aus Ihrem Urlaub zur\u00fcckkehren Erfahren Sie, wie Sie sich richtig auf Ihren H\u00fcttenurlaub mit H\u00fcttenpartner vorbereiten, um Gefahren und Unf\u00e4lle m\u00f6glichst zu vermeiden. Au\u00dferdem bekommen Sie hier Ratschl\u00e4ge, wie Sie sich auf Notf\u00e4lle vorbereiten, um m\u00f6glichst wohlbehalten aus Ihrem Urlaub in den [&hellip;]<\/p>","protected":false},"author":2,"featured_media":0,"parent":857,"menu_order":0,"comment_status":"closed","ping_status":"closed","template":"","meta":{"inline_featured_image":false,"footnotes":""},"class_list":["post-884","page","type-page","status-publish","hentry"],"acf":[],"_links":{"self":[{"href":"https:\/\/www.bold-black.109-235-60-67.plesk.page\/en\/wp-json\/wp\/v2\/pages\/884","targetHints":{"allow":["GET"]}}],"collection":[{"href":"https:\/\/www.bold-black.109-235-60-67.plesk.page\/en\/wp-json\/wp\/v2\/pages"}],"about":[{"href":"https:\/\/www.bold-black.109-235-60-67.plesk.page\/en\/wp-json\/wp\/v2\/types\/page"}],"author":[{"embeddable":true,"href":"https:\/\/www.bold-black.109-235-60-67.plesk.page\/en\/wp-json\/wp\/v2\/users\/2"}],"replies":[{"embeddable":true,"href":"https:\/\/www.bold-black.109-235-60-67.plesk.page\/en\/wp-json\/wp\/v2\/comments?post=884"}],"version-history":[{"count":4,"href":"https:\/\/www.bold-black.109-235-60-67.plesk.page\/en\/wp-json\/wp\/v2\/pages\/884\/revisions"}],"predecessor-version":[{"id":6327,"href":"https:\/\/www.bold-black.109-235-60-67.plesk.page\/en\/wp-json\/wp\/v2\/pages\/884\/revisions\/6327"}],"up":[{"embeddable":true,"href":"https:\/\/www.bold-black.109-235-60-67.plesk.page\/en\/wp-json\/wp\/v2\/pages\/857"}],"wp:attachment":[{"href":"https:\/\/www.bold-black.109-235-60-67.plesk.page\/en\/wp-json\/wp\/v2\/media?parent=884"}],"curies":[{"name":"wp","href":"https:\/\/api.w.org\/{rel}","templated":true}]}}