{"id":874,"date":"2024-04-09T21:36:46","date_gmt":"2024-04-09T21:36:46","guid":{"rendered":"https:\/\/www.huettenpartner.eu\/?page_id=874"},"modified":"2024-04-24T14:12:05","modified_gmt":"2024-04-24T12:12:05","slug":"rindsgulasch","status":"publish","type":"page","link":"https:\/\/www.bold-black.109-235-60-67.plesk.page\/en\/nuetzliches\/huettenrezepte\/rindsgulasch\/","title":{"rendered":"beef goulash"},"content":{"rendered":"<div data-elementor-type=\"wp-page\" data-elementor-id=\"874\" class=\"elementor elementor-874\">\n\t\t\t\t<div class=\"elementor-element elementor-element-b0de2b7 e-flex e-con-boxed e-con e-parent\" data-id=\"b0de2b7\" data-element_type=\"container\">\n\t\t\t\t\t<div class=\"e-con-inner\">\n\t\t\t\t<div class=\"elementor-element elementor-element-aa87e5d elementor-widget elementor-widget-heading\" data-id=\"aa87e5d\" data-element_type=\"widget\" data-widget_type=\"heading.default\">\n\t\t\t\t<div class=\"elementor-widget-container\">\n\t\t\t\t\t<h2 class=\"elementor-heading-title elementor-size-default\">beef goulash<\/h2>\t\t\t\t<\/div>\n\t\t\t\t<\/div>\n\t\t\t\t<div class=\"elementor-element elementor-element-1d3da69 elementor-widget elementor-widget-heading\" data-id=\"1d3da69\" data-element_type=\"widget\" data-widget_type=\"heading.default\">\n\t\t\t\t<div class=\"elementor-widget-container\">\n\t\t\t\t\t<h2 class=\"elementor-heading-title elementor-size-default\">Bei einem herzhaften Rindergulasch l\u00e4uft alles das Wasser im Munde zusammen<\/h2>\t\t\t\t<\/div>\n\t\t\t\t<\/div>\n\t\t\t\t<div class=\"elementor-element elementor-element-4ab9676 elementor-widget elementor-widget-text-editor\" data-id=\"4ab9676\" data-element_type=\"widget\" data-widget_type=\"text-editor.default\">\n\t\t\t\t<div class=\"elementor-widget-container\">\n\t\t\t\t\t\t\t\t\t<p><strong>Manchmal gibt es einfach nichts Besseres als die gute alte \u00f6sterreichische Traditions-K\u00fcche &#8211; ganz wie bei Oma zu Hause. Und was gibt es dabei besseres als ein herzhaftes Rindsgulasch?\u00a0Rindergulasch eignet sich hervorragend, um die ganze Familie satt und zufrieden zu machen und es kann ganz bequem in gro\u00dfen Mengen vorgekocht werden.<\/strong><\/p><p>Tipp: Das Rindergulasch schmeckt\u00a0nach dem Aufw\u00e4rmen mindestens genauso gut, wie frisch zubereitet!<\/p>\t\t\t\t\t\t\t\t<\/div>\n\t\t\t\t<\/div>\n\t\t\t\t\t<\/div>\n\t\t\t\t<\/div>\n\t\t<div class=\"elementor-element elementor-element-4066fee e-flex e-con-boxed e-con e-parent\" data-id=\"4066fee\" data-element_type=\"container\">\n\t\t\t\t\t<div class=\"e-con-inner\">\n\t\t<div class=\"elementor-element elementor-element-2cf2cc9 e-con-full e-flex e-con e-child\" data-id=\"2cf2cc9\" data-element_type=\"container\">\n\t\t\t\t<div class=\"elementor-element elementor-element-206978b elementor-widget elementor-widget-heading\" data-id=\"206978b\" data-element_type=\"widget\" data-widget_type=\"heading.default\">\n\t\t\t\t<div class=\"elementor-widget-container\">\n\t\t\t\t\t<h2 class=\"elementor-heading-title elementor-size-default\">Rindsgulasch Rezept<\/h2>\t\t\t\t<\/div>\n\t\t\t\t<\/div>\n\t\t\t\t<div class=\"elementor-element elementor-element-fbf760c elementor-widget elementor-widget-text-editor\" data-id=\"fbf760c\" data-element_type=\"widget\" data-widget_type=\"text-editor.default\">\n\t\t\t\t<div class=\"elementor-widget-container\">\n\t\t\t\t\t\t\t\t\t<ul><li>1 kg Zwiebeln<\/li><li>2 kg Gulaschfleisch (z.B. Wade \u2013 w\u00fcrfelig geschnitten)<\/li><li>200 g Schmalz<\/li><li>2 EL Tomatenmark<\/li><li>3 EL Paprikapulver edels\u00fc\u00df<\/li><li>2 Liter Suppe (notfalls auch Wasser)<\/li><li>Salz<\/li><li>Pfeffer<\/li><li>K\u00fcmmel<\/li><li>Majoran<\/li><li>Lorbeerblatt<\/li><li>4 Knoblauchzehen<\/li><li>Chilischote<\/li><li>etwas Mehl (evtl. zum Binden)<\/li><\/ul>\t\t\t\t\t\t\t\t<\/div>\n\t\t\t\t<\/div>\n\t\t\t\t<\/div>\n\t\t<div class=\"elementor-element elementor-element-7d798d0 e-con-full e-flex e-con e-child\" data-id=\"7d798d0\" data-element_type=\"container\">\n\t\t\t\t<div class=\"elementor-element elementor-element-3ab4a11 elementor-widget elementor-widget-image\" data-id=\"3ab4a11\" data-element_type=\"widget\" data-widget_type=\"image.default\">\n\t\t\t\t<div class=\"elementor-widget-container\">\n\t\t\t\t\t\t\t\t\t\t\t\t\t\t\t<img fetchpriority=\"high\" decoding=\"async\" width=\"768\" height=\"512\" src=\"https:\/\/www.bold-black.109-235-60-67.plesk.page\/wp-content\/uploads\/2024\/04\/huettenrezepte-urlaub-rindsgulasch.jpg\" class=\"attachment-large size-large wp-image-6244\" alt=\"\" srcset=\"https:\/\/www.bold-black.109-235-60-67.plesk.page\/wp-content\/uploads\/2024\/04\/huettenrezepte-urlaub-rindsgulasch.jpg 900w, https:\/\/www.bold-black.109-235-60-67.plesk.page\/wp-content\/uploads\/2024\/04\/huettenrezepte-urlaub-rindsgulasch-300x200.jpg 300w, https:\/\/www.bold-black.109-235-60-67.plesk.page\/wp-content\/uploads\/2024\/04\/huettenrezepte-urlaub-rindsgulasch-768x512.jpg 768w, https:\/\/www.bold-black.109-235-60-67.plesk.page\/wp-content\/uploads\/2024\/04\/huettenrezepte-urlaub-rindsgulasch-18x12.jpg 18w, https:\/\/www.bold-black.109-235-60-67.plesk.page\/wp-content\/uploads\/2024\/04\/huettenrezepte-urlaub-rindsgulasch-405x270.jpg 405w\" sizes=\"(max-width: 768px) 100vw, 768px\" \/>\t\t\t\t\t\t\t\t\t\t\t\t\t\t\t<\/div>\n\t\t\t\t<\/div>\n\t\t\t\t<\/div>\n\t\t\t\t\t<\/div>\n\t\t\t\t<\/div>\n\t\t<div class=\"elementor-element elementor-element-eef910c e-flex e-con-boxed e-con e-parent\" data-id=\"eef910c\" data-element_type=\"container\">\n\t\t\t\t\t<div class=\"e-con-inner\">\n\t\t\t\t<div class=\"elementor-element elementor-element-69606b6 elementor-widget elementor-widget-heading\" data-id=\"69606b6\" data-element_type=\"widget\" data-widget_type=\"heading.default\">\n\t\t\t\t<div class=\"elementor-widget-container\">\n\t\t\t\t\t<h2 class=\"elementor-heading-title elementor-size-default\">Zubereitung des Rindsgulasch<\/h2>\t\t\t\t<\/div>\n\t\t\t\t<\/div>\n\t\t\t\t<div class=\"elementor-element elementor-element-a2f9ae0 elementor-widget elementor-widget-text-editor\" data-id=\"a2f9ae0\" data-element_type=\"widget\" data-widget_type=\"text-editor.default\">\n\t\t\t\t<div class=\"elementor-widget-container\">\n\t\t\t\t\t\t\t\t\t<p>R\u00f6sten Sie die feingeschnittenen Zwiebel in einem gro\u00dfen Topf in reichlich Schmalz bei mittlerer Hitze goldgelb an. Etwas Tomatenmark einr\u00fchren, Hitze verringern und Paprikapulver zugeben. Nach 1 bis 2 Minuten mit Suppe oder Wasser aufgie\u00dfen, Hitze wieder erh\u00f6hen und mit Salz, Pfeffer, K\u00fcmmel, Majoran, Lorbeerblatt, kleingeschnittenem Knoblauch und Chili vorsichtig w\u00fcrzen. Etwa 30 Minuten nicht zugedeckt kochen lassen. Dann Hitze reduzieren.<\/p><p>Gulaschfleisch salzen und ohne Anbraten beigeben. 3 bis 3,5 Stunden auf kleiner Flamme zugedeckt langsam k\u00f6cheln lassen. Bei Bedarf mit kaltem Wasser aufgie\u00dfen. Am Ende, wenn gew\u00fcnscht, mit etwas in Wasser verr\u00fchrtem Mehl eindicken.<\/p><p>Dazu passen hervorragend Salzkartoffeln, Sp\u00e4tzle, Kn\u00f6del oder einfach Brot, sowohl Schwarzbrot als auch Wei\u00dfbrot.<\/p>\t\t\t\t\t\t\t\t<\/div>\n\t\t\t\t<\/div>\n\t\t\t\t<div class=\"elementor-element elementor-element-fb3e8bd elementor-widget elementor-widget-heading\" data-id=\"fb3e8bd\" data-element_type=\"widget\" data-widget_type=\"heading.default\">\n\t\t\t\t<div class=\"elementor-widget-container\">\n\t\t\t\t\t<h2 class=\"elementor-heading-title elementor-size-default\">N\u00fctzliche Informationen rund um Ihren H\u00fcttenaufenthalt<\/h2>\t\t\t\t<\/div>\n\t\t\t\t<\/div>\n\t\t\t\t<div class=\"elementor-element elementor-element-879315d elementor-widget elementor-widget-text-editor\" data-id=\"879315d\" data-element_type=\"widget\" data-widget_type=\"text-editor.default\">\n\t\t\t\t<div class=\"elementor-widget-container\">\n\t\t\t\t\t\t\t\t\t<p>Sie sehen, auch im H\u00fcttenurlaub gibt es viele kulinarische M\u00f6glichkeiten. Bl\u00e4ttern Sie <a title=\"Hier finden Sie die passende H\u00fctte f\u00fcr Ihren Urlaub\" href=\"https:\/\/www.huettenpartner.com\/huetten-mieten\/huette-finden-urlaub.html\">durch das H\u00fcttenangebot von H\u00fcttenpartner<\/a> und entscheiden Sie sich f\u00fcr Ihr liebstes Urlaubsziel in den Bergen. Gut vorbereitet steht Ihrem Traumurlaub mitten in der Natur nichts mehr im Wege, lesen Sie deshalb auch unsere <a title=\"Tipps f\u00fcr Ihre Aktivit\u00e4ten in den Bergen\" href=\"https:\/\/www.huettenpartner.com\/huettenaufenthalt\/wandern-bergsteigen-tipps.html\">Ratschl\u00e4ge zum Wandern und Bergsteigen<\/a>, <a title=\"Hier erfahren Sie den richtigen Umgang mit Weiderrindern und Weidetieren\" href=\"https:\/\/www.huettenpartner.com\/huettenaufenthalt\/kuehe-wildtiere-umgang.html\">zum Umgang mit Weiderindern<\/a>\u00a0und zum <a title=\"Reisersicherheit im Urlaub in den Bergen\" href=\"https:\/\/www.huettenpartner.com\/huettenaufenthalt\/sicherer-urlaub-reisesicherheit.html\">richtigen Verhalten im Notfall<\/a>. Au\u00dferdem haben wir <a title=\"Schlechtwetterprogramm f\u00fcr Ihren H\u00fcttenurlaub in den \u00f6sterreichischen Bergen\" href=\"https:\/\/www.huettenpartner.com\/huettenaufenthalt\/schlechtwettertipps-programm-spiele.html\">Bad weather tips<\/a>\u00a0f\u00fcr Sie und eine kleine\u00a0<a title=\"Checkliste f\u00fcr Ihren H\u00fcttenurlaub in den \u00f6sterreichischen Bergen\" href=\"https:\/\/www.huettenpartner.com\/huettenaufenthalt\/packliste-checkliste-einpacken.html\">Packliste f\u00fcr Ihren H\u00fcttenurlaub<\/a>.<\/p>\t\t\t\t\t\t\t\t<\/div>\n\t\t\t\t<\/div>\n\t\t\t\t\t<\/div>\n\t\t\t\t<\/div>\n\t\t\t\t<\/div>","protected":false},"excerpt":{"rendered":"<p>Rindsgulasch Bei einem herzhaften Rindergulasch l\u00e4uft alles das Wasser im Munde zusammen Manchmal gibt es einfach nichts Besseres als die gute alte \u00f6sterreichische Traditions-K\u00fcche &#8211; ganz wie bei Oma zu Hause. Und was gibt es dabei besseres als ein herzhaftes Rindsgulasch?\u00a0Rindergulasch eignet sich hervorragend, um die ganze Familie satt und zufrieden zu machen und es [&hellip;]<\/p>","protected":false},"author":2,"featured_media":0,"parent":869,"menu_order":0,"comment_status":"closed","ping_status":"closed","template":"","meta":{"inline_featured_image":false,"footnotes":""},"class_list":["post-874","page","type-page","status-publish","hentry"],"acf":[],"_links":{"self":[{"href":"https:\/\/www.bold-black.109-235-60-67.plesk.page\/en\/wp-json\/wp\/v2\/pages\/874","targetHints":{"allow":["GET"]}}],"collection":[{"href":"https:\/\/www.bold-black.109-235-60-67.plesk.page\/en\/wp-json\/wp\/v2\/pages"}],"about":[{"href":"https:\/\/www.bold-black.109-235-60-67.plesk.page\/en\/wp-json\/wp\/v2\/types\/page"}],"author":[{"embeddable":true,"href":"https:\/\/www.bold-black.109-235-60-67.plesk.page\/en\/wp-json\/wp\/v2\/users\/2"}],"replies":[{"embeddable":true,"href":"https:\/\/www.bold-black.109-235-60-67.plesk.page\/en\/wp-json\/wp\/v2\/comments?post=874"}],"version-history":[{"count":4,"href":"https:\/\/www.bold-black.109-235-60-67.plesk.page\/en\/wp-json\/wp\/v2\/pages\/874\/revisions"}],"predecessor-version":[{"id":6248,"href":"https:\/\/www.bold-black.109-235-60-67.plesk.page\/en\/wp-json\/wp\/v2\/pages\/874\/revisions\/6248"}],"up":[{"embeddable":true,"href":"https:\/\/www.bold-black.109-235-60-67.plesk.page\/en\/wp-json\/wp\/v2\/pages\/869"}],"wp:attachment":[{"href":"https:\/\/www.bold-black.109-235-60-67.plesk.page\/en\/wp-json\/wp\/v2\/media?parent=874"}],"curies":[{"name":"wp","href":"https:\/\/api.w.org\/{rel}","templated":true}]}}