{"id":844,"date":"2024-04-09T21:27:25","date_gmt":"2024-04-09T21:27:25","guid":{"rendered":"https:\/\/www.huettenpartner.eu\/?page_id=844"},"modified":"2024-04-24T12:27:33","modified_gmt":"2024-04-24T10:27:33","slug":"angelurlaub","status":"publish","type":"page","link":"https:\/\/www.bold-black.109-235-60-67.plesk.page\/en\/huettenurlaub\/angelurlaub\/","title":{"rendered":"Fishing holiday"},"content":{"rendered":"<div data-elementor-type=\"wp-page\" data-elementor-id=\"844\" class=\"elementor elementor-844\">\n\t\t\t\t<div class=\"elementor-element elementor-element-b8c4aa9 e-flex e-con-boxed e-con e-parent\" data-id=\"b8c4aa9\" data-element_type=\"container\">\n\t\t\t\t\t<div class=\"e-con-inner\">\n\t\t\t\t<div class=\"elementor-element elementor-element-fc76881 elementor-widget elementor-widget-heading\" data-id=\"fc76881\" data-element_type=\"widget\" data-widget_type=\"heading.default\">\n\t\t\t\t<div class=\"elementor-widget-container\">\n\t\t\t\t\t<h2 class=\"elementor-heading-title elementor-size-default\">Angeln in den Alpen<\/h2>\t\t\t\t<\/div>\n\t\t\t\t<\/div>\n\t\t\t\t<div class=\"elementor-element elementor-element-8aa8834 elementor-widget elementor-widget-heading\" data-id=\"8aa8834\" data-element_type=\"widget\" data-widget_type=\"heading.default\">\n\t\t\t\t<div class=\"elementor-widget-container\">\n\t\t\t\t\t<h2 class=\"elementor-heading-title elementor-size-default\">Entspannter H\u00fcttenurlaub beim Angeln am privaten Angelteich<\/h2>\t\t\t\t<\/div>\n\t\t\t\t<\/div>\n\t\t\t\t<div class=\"elementor-element elementor-element-d14e903 elementor-widget elementor-widget-text-editor\" data-id=\"d14e903\" data-element_type=\"widget\" data-widget_type=\"text-editor.default\">\n\t\t\t\t<div class=\"elementor-widget-container\">\n\t\t\t\t\t\t\t\t\t<p>Sie sind ein Fan vom Angeln und Fischen? Sie genie\u00dfe gerne die Ruhe? Und Sie m\u00f6chten Ihren Urlaub ganz bequem in einer privaten H\u00fctte oder einem <a title=\"Chalets Schladming | Luxury holidays right on the slopes\" href=\"https:\/\/www.chalets-schladming.com\/chalets-schladming.html\" target=\"_blank\" rel=\"noopener\">privaten Chalet<\/a> in den Alpen verbringen? Dann sind Sie hier genau richtig!<\/p>\t\t\t\t\t\t\t\t<\/div>\n\t\t\t\t<\/div>\n\t\t\t\t\t<\/div>\n\t\t\t\t<\/div>\n\t\t<div class=\"elementor-element elementor-element-2aa7023 e-flex e-con-boxed e-con e-parent\" data-id=\"2aa7023\" data-element_type=\"container\">\n\t\t\t\t\t<div class=\"e-con-inner\">\n\t\t<div class=\"elementor-element elementor-element-51a7c41 e-con-full e-flex e-con e-child\" data-id=\"51a7c41\" data-element_type=\"container\">\n\t\t\t\t<div class=\"elementor-element elementor-element-b1d19bb elementor-widget elementor-widget-heading\" data-id=\"b1d19bb\" data-element_type=\"widget\" data-widget_type=\"heading.default\">\n\t\t\t\t<div class=\"elementor-widget-container\">\n\t\t\t\t\t<h2 class=\"elementor-heading-title elementor-size-default\">Petri Heil im H\u00fcttenurlaub<\/h2>\t\t\t\t<\/div>\n\t\t\t\t<\/div>\n\t\t\t\t<div class=\"elementor-element elementor-element-8117574 elementor-widget elementor-widget-text-editor\" data-id=\"8117574\" data-element_type=\"widget\" data-widget_type=\"text-editor.default\">\n\t\t\t\t<div class=\"elementor-widget-container\">\n\t\t\t\t\t\t\t\t\t<p>Fangfrischer Fisch aus nat\u00fcrlichen Gew\u00e4ssern ist eine der Spezialit\u00e4ten der Alpenregionen \u00d6sterreichs und auch das Angeln selbst wird zu einem immer beliebteren Hobby. Umso\u00a0besser bietet sich Ihnen ein H\u00fcttenurlaub in den Alpen an, denn hier k\u00f6nnen Sie t\u00e4glich und bei einem traumhaften Bergpanorama fischen oder angeln. Von Stausee, \u00fcber Fischteich bis hin zu Angelteich &#8211; je nach Belieben suchen Sie sich am besten selbst Ihre Lieblingsh\u00fctte f\u00fcr Ihren H\u00fcttenurlaub aus und wir w\u00fcnschen Ihnen Petri Heil beim Angeln.<\/p>\t\t\t\t\t\t\t\t<\/div>\n\t\t\t\t<\/div>\n\t\t\t\t<\/div>\n\t\t<div class=\"elementor-element elementor-element-4562340 e-con-full e-flex e-con e-child\" data-id=\"4562340\" data-element_type=\"container\">\n\t\t\t\t<div class=\"elementor-element elementor-element-ed14710 elementor-widget elementor-widget-image\" data-id=\"ed14710\" data-element_type=\"widget\" data-widget_type=\"image.default\">\n\t\t\t\t<div class=\"elementor-widget-container\">\n\t\t\t\t\t\t\t\t\t\t\t\t\t\t\t<img fetchpriority=\"high\" decoding=\"async\" width=\"768\" height=\"512\" src=\"https:\/\/www.bold-black.109-235-60-67.plesk.page\/wp-content\/uploads\/2024\/04\/fisch-angel-hakn-copyright-unsplash-wes-walker.jpg\" class=\"attachment-large size-large wp-image-5948\" alt=\"\" srcset=\"https:\/\/www.bold-black.109-235-60-67.plesk.page\/wp-content\/uploads\/2024\/04\/fisch-angel-hakn-copyright-unsplash-wes-walker.jpg 900w, https:\/\/www.bold-black.109-235-60-67.plesk.page\/wp-content\/uploads\/2024\/04\/fisch-angel-hakn-copyright-unsplash-wes-walker-300x200.jpg 300w, https:\/\/www.bold-black.109-235-60-67.plesk.page\/wp-content\/uploads\/2024\/04\/fisch-angel-hakn-copyright-unsplash-wes-walker-768x512.jpg 768w, https:\/\/www.bold-black.109-235-60-67.plesk.page\/wp-content\/uploads\/2024\/04\/fisch-angel-hakn-copyright-unsplash-wes-walker-18x12.jpg 18w, https:\/\/www.bold-black.109-235-60-67.plesk.page\/wp-content\/uploads\/2024\/04\/fisch-angel-hakn-copyright-unsplash-wes-walker-405x270.jpg 405w\" sizes=\"(max-width: 768px) 100vw, 768px\" \/>\t\t\t\t\t\t\t\t\t\t\t\t\t\t\t<\/div>\n\t\t\t\t<\/div>\n\t\t\t\t<\/div>\n\t\t\t\t\t<\/div>\n\t\t\t\t<\/div>\n\t\t<div class=\"elementor-element elementor-element-ee14845 e-flex e-con-boxed e-con e-parent\" data-id=\"ee14845\" data-element_type=\"container\">\n\t\t\t\t\t<div class=\"e-con-inner\">\n\t\t\t\t<div class=\"elementor-element elementor-element-a291669 elementor-widget elementor-widget-spacer\" data-id=\"a291669\" data-element_type=\"widget\" data-widget_type=\"spacer.default\">\n\t\t\t\t<div class=\"elementor-widget-container\">\n\t\t\t\t\t\t\t<div class=\"elementor-spacer\">\n\t\t\t<div class=\"elementor-spacer-inner\"><\/div>\n\t\t<\/div>\n\t\t\t\t\t\t<\/div>\n\t\t\t\t<\/div>\n\t\t\t\t\t<\/div>\n\t\t\t\t<\/div>\n\t\t\t\t<\/div>","protected":false},"excerpt":{"rendered":"<p>Angeln in den Alpen Entspannter H\u00fcttenurlaub beim Angeln am privaten Angelteich Sie sind ein Fan vom Angeln und Fischen? Sie genie\u00dfe gerne die Ruhe? Und Sie m\u00f6chten Ihren Urlaub ganz bequem in einer privaten H\u00fctte oder einem privaten Chalet in den Alpen verbringen? Dann sind Sie hier genau richtig! Petri Heil im H\u00fcttenurlaub Fangfrischer Fisch [&hellip;]<\/p>","protected":false},"author":2,"featured_media":0,"parent":827,"menu_order":0,"comment_status":"closed","ping_status":"closed","template":"","meta":{"inline_featured_image":false,"footnotes":""},"class_list":["post-844","page","type-page","status-publish","hentry"],"acf":[],"_links":{"self":[{"href":"https:\/\/www.bold-black.109-235-60-67.plesk.page\/en\/wp-json\/wp\/v2\/pages\/844","targetHints":{"allow":["GET"]}}],"collection":[{"href":"https:\/\/www.bold-black.109-235-60-67.plesk.page\/en\/wp-json\/wp\/v2\/pages"}],"about":[{"href":"https:\/\/www.bold-black.109-235-60-67.plesk.page\/en\/wp-json\/wp\/v2\/types\/page"}],"author":[{"embeddable":true,"href":"https:\/\/www.bold-black.109-235-60-67.plesk.page\/en\/wp-json\/wp\/v2\/users\/2"}],"replies":[{"embeddable":true,"href":"https:\/\/www.bold-black.109-235-60-67.plesk.page\/en\/wp-json\/wp\/v2\/comments?post=844"}],"version-history":[{"count":4,"href":"https:\/\/www.bold-black.109-235-60-67.plesk.page\/en\/wp-json\/wp\/v2\/pages\/844\/revisions"}],"predecessor-version":[{"id":5951,"href":"https:\/\/www.bold-black.109-235-60-67.plesk.page\/en\/wp-json\/wp\/v2\/pages\/844\/revisions\/5951"}],"up":[{"embeddable":true,"href":"https:\/\/www.bold-black.109-235-60-67.plesk.page\/en\/wp-json\/wp\/v2\/pages\/827"}],"wp:attachment":[{"href":"https:\/\/www.bold-black.109-235-60-67.plesk.page\/en\/wp-json\/wp\/v2\/media?parent=844"}],"curies":[{"name":"wp","href":"https:\/\/api.w.org\/{rel}","templated":true}]}}