{"id":836,"date":"2024-04-09T21:24:04","date_gmt":"2024-04-09T21:24:04","guid":{"rendered":"https:\/\/www.huettenpartner.eu\/?page_id=836"},"modified":"2024-04-24T11:20:35","modified_gmt":"2024-04-24T09:20:35","slug":"gruppenurlaub","status":"publish","type":"page","link":"https:\/\/www.bold-black.109-235-60-67.plesk.page\/en\/huettenurlaub\/gruppenurlaub\/","title":{"rendered":"Group vacation"},"content":{"rendered":"<div data-elementor-type=\"wp-page\" data-elementor-id=\"836\" class=\"elementor elementor-836\">\n\t\t\t\t<div class=\"elementor-element elementor-element-0301a55 e-flex e-con-boxed e-con e-parent\" data-id=\"0301a55\" data-element_type=\"container\">\n\t\t\t\t\t<div class=\"e-con-inner\">\n\t\t\t\t<div class=\"elementor-element elementor-element-5e5aa53 elementor-widget elementor-widget-heading\" data-id=\"5e5aa53\" data-element_type=\"widget\" data-widget_type=\"heading.default\">\n\t\t\t\t<div class=\"elementor-widget-container\">\n\t\t\t\t\t<h2 class=\"elementor-heading-title elementor-size-default\">H\u00fctten f\u00fcr Gruppen \u2013 Fahren Sie mit Freunden in die Berge<\/h2>\t\t\t\t<\/div>\n\t\t\t\t<\/div>\n\t\t\t\t<div class=\"elementor-element elementor-element-7ebb6ff elementor-widget elementor-widget-heading\" data-id=\"7ebb6ff\" data-element_type=\"widget\" data-widget_type=\"heading.default\">\n\t\t\t\t<div class=\"elementor-widget-container\">\n\t\t\t\t\t<h2 class=\"elementor-heading-title elementor-size-default\">H\u00fcttengaudi in gem\u00fctlicher Runde erleben<\/h2>\t\t\t\t<\/div>\n\t\t\t\t<\/div>\n\t\t\t\t<div class=\"elementor-element elementor-element-6317fd1 elementor-widget elementor-widget-text-editor\" data-id=\"6317fd1\" data-element_type=\"widget\" data-widget_type=\"text-editor.default\">\n\t\t\t\t<div class=\"elementor-widget-container\">\n\t\t\t\t\t\t\t\t\t<p>Skifahren und Rodeln im Winter oder eine spontane Schneeballschlacht; Wandern, Bergsteigen, Klettern und Baden im Sommer \u2013 jedes Naturerlebnis macht gemeinsam mehr Spa\u00df. Und die H\u00fcttenabende sowieso! Ein Aufenthalt auf einer H\u00fctte in den Bergen mit einer gr\u00f6\u00dferen Gruppe von Freunden oder Bekannten wird zum unvergesslichen Erlebnis f\u00fcr alle Beteiligten. Gr\u00f6\u00dfere H\u00fctten oder <a title=\"Gruppenurlaub in der Steiermark | Gruppenchalet\" href=\"https:\/\/www.chalets-schladming.com\/gruppenurlaub-chalet-schladming.html\" target=\"_blank\" rel=\"noopener\">Chalets<\/a> mit Platz f\u00fcr Reisen mit Freunden oder mit Vereinskolleginnen und -kollegen gibt es viele im Angebot von H\u00fcttenpartner.<\/p>\t\t\t\t\t\t\t\t<\/div>\n\t\t\t\t<\/div>\n\t\t\t\t\t<\/div>\n\t\t\t\t<\/div>\n\t\t<div class=\"elementor-element elementor-element-2d6dd2a e-flex e-con-boxed e-con e-parent\" data-id=\"2d6dd2a\" data-element_type=\"container\">\n\t\t\t\t\t<div class=\"e-con-inner\">\n\t\t<div class=\"elementor-element elementor-element-51bd65b e-con-full e-flex e-con e-child\" data-id=\"51bd65b\" data-element_type=\"container\">\n\t\t\t\t<div class=\"elementor-element elementor-element-b12b155 elementor-widget elementor-widget-heading\" data-id=\"b12b155\" data-element_type=\"widget\" data-widget_type=\"heading.default\">\n\t\t\t\t<div class=\"elementor-widget-container\">\n\t\t\t\t\t<h2 class=\"elementor-heading-title elementor-size-default\">Gruppenreise mit einen Hauch von Ferienlager<\/h2>\t\t\t\t<\/div>\n\t\t\t\t<\/div>\n\t\t\t\t<div class=\"elementor-element elementor-element-22262c1 elementor-widget elementor-widget-text-editor\" data-id=\"22262c1\" data-element_type=\"widget\" data-widget_type=\"text-editor.default\">\n\t\t\t\t<div class=\"elementor-widget-container\">\n\t\t\t\t\t\t\t\t\t<p>Erinnern Sie sich noch an die Ferienlager in Ihrer Jugend, die Aufregung, die spannenden Abenteuer und die Unmengen Spa\u00df? Der mehrt\u00e4gige Urlaub mit einer Gruppe in einem Selbstversorgerhaus in den \u00f6sterreichischen Bergen l\u00e4sst einiges davon in ganz neuer Form wieder aufleben. Gemeinsames Kochen und gemeinsame Mahlzeiten, gemeinsame H\u00fcttenabende in gel\u00f6ster Stimmung mit Spielen, Geschichten und dem ein oder anderen Bier. Gemeinsame Tagesaktivit\u00e4ten vor der T\u00fcre Ihrer <a title=\"Rent a rustic mountain hut or large alpine hut | Austrian Alps\" href=\"https:\/\/www.huettenpartner.com\/huetten-mieten\/almhuetten-berg-natur.html\">Almh\u00fctte im Sommer<\/a> oder Ihrer <a title=\"Rent a ski hut in Austria | Winter holiday in the Alps\" href=\"https:\/\/www.huettenpartner.com\/huetten-mieten\/skihuetten-oesterreich-berge.html\">Skih\u00fctte im Winter<\/a> machen Personen jeden Alters Spa\u00df. Aber der Aufenthalt mitten in der Natur bietet auch jedem Urlauber die Freiheit, seine ganz eigenen Wege zu gehen und sich dem Trubel zu entziehen.<\/p>\t\t\t\t\t\t\t\t<\/div>\n\t\t\t\t<\/div>\n\t\t\t\t<\/div>\n\t\t<div class=\"elementor-element elementor-element-8d224e5 e-con-full e-flex e-con e-child\" data-id=\"8d224e5\" data-element_type=\"container\">\n\t\t\t\t<div class=\"elementor-element elementor-element-617d128 elementor-widget elementor-widget-image\" data-id=\"617d128\" data-element_type=\"widget\" data-widget_type=\"image.default\">\n\t\t\t\t<div class=\"elementor-widget-container\">\n\t\t\t\t\t\t\t\t\t\t\t\t\t\t\t<img fetchpriority=\"high\" decoding=\"async\" width=\"768\" height=\"511\" src=\"https:\/\/www.bold-black.109-235-60-67.plesk.page\/wp-content\/uploads\/2024\/04\/huettenurlaub-holz-hacken.jpg\" class=\"attachment-large size-large wp-image-5680\" alt=\"\" srcset=\"https:\/\/www.bold-black.109-235-60-67.plesk.page\/wp-content\/uploads\/2024\/04\/huettenurlaub-holz-hacken.jpg 900w, https:\/\/www.bold-black.109-235-60-67.plesk.page\/wp-content\/uploads\/2024\/04\/huettenurlaub-holz-hacken-300x200.jpg 300w, https:\/\/www.bold-black.109-235-60-67.plesk.page\/wp-content\/uploads\/2024\/04\/huettenurlaub-holz-hacken-768x511.jpg 768w, https:\/\/www.bold-black.109-235-60-67.plesk.page\/wp-content\/uploads\/2024\/04\/huettenurlaub-holz-hacken-18x12.jpg 18w, https:\/\/www.bold-black.109-235-60-67.plesk.page\/wp-content\/uploads\/2024\/04\/huettenurlaub-holz-hacken-405x270.jpg 405w\" sizes=\"(max-width: 768px) 100vw, 768px\" \/>\t\t\t\t\t\t\t\t\t\t\t\t\t\t\t<\/div>\n\t\t\t\t<\/div>\n\t\t\t\t<\/div>\n\t\t\t\t\t<\/div>\n\t\t\t\t<\/div>\n\t\t<div class=\"elementor-element elementor-element-1d96b17 e-flex e-con-boxed e-con e-parent\" data-id=\"1d96b17\" data-element_type=\"container\">\n\t\t\t\t\t<div class=\"e-con-inner\">\n\t\t\t\t<div class=\"elementor-element elementor-element-fbee34d elementor-widget elementor-widget-heading\" data-id=\"fbee34d\" data-element_type=\"widget\" data-widget_type=\"heading.default\">\n\t\t\t\t<div class=\"elementor-widget-container\">\n\t\t\t\t\t<h2 class=\"elementor-heading-title elementor-size-default\">Gruppen von Familien mit Kindern<\/h2>\t\t\t\t<\/div>\n\t\t\t\t<\/div>\n\t\t\t\t<div class=\"elementor-element elementor-element-a703106 elementor-widget elementor-widget-text-editor\" data-id=\"a703106\" data-element_type=\"widget\" data-widget_type=\"text-editor.default\">\n\t\t\t\t<div class=\"elementor-widget-container\">\n\t\t\t\t\t\t\t\t\t<p>Besonders f\u00fcr den gemeinsamen <a title=\"Familienurlaub auf einer Bergh\u00fctte mit Kindern in der Natur\" href=\"https:\/\/www.huettenpartner.com\/huettenurlaub\/familienurlaub-kinder-ferien.html\">Urlaub mehrerer Familien mit Kindern<\/a> sind Selbstversorgerh\u00fctten ideal. W\u00e4hrend die Kinder gemeinsam toben, ohne Nachbarn zu st\u00f6ren, k\u00f6nnen die Eltern ihre Freizeit in angenehmer Gesellschaft genie\u00dfen. Und auch das Abendessen mit vielen Kindern ist in den eigenen vier W\u00e4nden f\u00fcr alle entspannter als in einem Hotelrestaurant.<\/p>\t\t\t\t\t\t\t\t<\/div>\n\t\t\t\t<\/div>\n\t\t\t\t\t<\/div>\n\t\t\t\t<\/div>\n\t\t<div class=\"elementor-element elementor-element-d1c3d38 e-flex e-con-boxed e-con e-parent\" data-id=\"d1c3d38\" data-element_type=\"container\">\n\t\t\t\t\t<div class=\"e-con-inner\">\n\t\t\t\t\t<\/div>\n\t\t\t\t<\/div>\n\t\t\t\t<\/div>","protected":false},"excerpt":{"rendered":"<p>H\u00fctten f\u00fcr Gruppen \u2013 Fahren Sie mit Freunden in die Berge H\u00fcttengaudi in gem\u00fctlicher Runde erleben Skifahren und Rodeln im Winter oder eine spontane Schneeballschlacht; Wandern, Bergsteigen, Klettern und Baden im Sommer \u2013 jedes Naturerlebnis macht gemeinsam mehr Spa\u00df. Und die H\u00fcttenabende sowieso! Ein Aufenthalt auf einer H\u00fctte in den Bergen mit einer gr\u00f6\u00dferen Gruppe [&hellip;]<\/p>","protected":false},"author":2,"featured_media":0,"parent":827,"menu_order":0,"comment_status":"closed","ping_status":"closed","template":"","meta":{"inline_featured_image":false,"footnotes":""},"class_list":["post-836","page","type-page","status-publish","hentry"],"acf":[],"_links":{"self":[{"href":"https:\/\/www.bold-black.109-235-60-67.plesk.page\/en\/wp-json\/wp\/v2\/pages\/836","targetHints":{"allow":["GET"]}}],"collection":[{"href":"https:\/\/www.bold-black.109-235-60-67.plesk.page\/en\/wp-json\/wp\/v2\/pages"}],"about":[{"href":"https:\/\/www.bold-black.109-235-60-67.plesk.page\/en\/wp-json\/wp\/v2\/types\/page"}],"author":[{"embeddable":true,"href":"https:\/\/www.bold-black.109-235-60-67.plesk.page\/en\/wp-json\/wp\/v2\/users\/2"}],"replies":[{"embeddable":true,"href":"https:\/\/www.bold-black.109-235-60-67.plesk.page\/en\/wp-json\/wp\/v2\/comments?post=836"}],"version-history":[{"count":4,"href":"https:\/\/www.bold-black.109-235-60-67.plesk.page\/en\/wp-json\/wp\/v2\/pages\/836\/revisions"}],"predecessor-version":[{"id":5696,"href":"https:\/\/www.bold-black.109-235-60-67.plesk.page\/en\/wp-json\/wp\/v2\/pages\/836\/revisions\/5696"}],"up":[{"embeddable":true,"href":"https:\/\/www.bold-black.109-235-60-67.plesk.page\/en\/wp-json\/wp\/v2\/pages\/827"}],"wp:attachment":[{"href":"https:\/\/www.bold-black.109-235-60-67.plesk.page\/en\/wp-json\/wp\/v2\/media?parent=836"}],"curies":[{"name":"wp","href":"https:\/\/api.w.org\/{rel}","templated":true}]}}