{"id":832,"date":"2024-04-09T21:22:38","date_gmt":"2024-04-09T21:22:38","guid":{"rendered":"https:\/\/www.huettenpartner.eu\/?page_id=832"},"modified":"2024-04-24T11:02:38","modified_gmt":"2024-04-24T09:02:38","slug":"romantikurlaub","status":"publish","type":"page","link":"https:\/\/www.bold-black.109-235-60-67.plesk.page\/en\/huettenurlaub\/romantikurlaub\/","title":{"rendered":"Romantic vacation"},"content":{"rendered":"<div data-elementor-type=\"wp-page\" data-elementor-id=\"832\" class=\"elementor elementor-832\">\n\t\t\t\t<div class=\"elementor-element elementor-element-00e84be e-flex e-con-boxed e-con e-parent\" data-id=\"00e84be\" data-element_type=\"container\">\n\t\t\t\t\t<div class=\"e-con-inner\">\n\t\t\t\t<div class=\"elementor-element elementor-element-e6fb275 elementor-widget elementor-widget-heading\" data-id=\"e6fb275\" data-element_type=\"widget\" data-widget_type=\"heading.default\">\n\t\t\t\t<div class=\"elementor-widget-container\">\n\t\t\t\t\t<h2 class=\"elementor-heading-title elementor-size-default\">Romantikurlaub f\u00fcr Verliebte in den \u00f6sterreichischen Bergen<\/h2>\t\t\t\t<\/div>\n\t\t\t\t<\/div>\n\t\t\t\t<div class=\"elementor-element elementor-element-4e5fa6a elementor-widget elementor-widget-heading\" data-id=\"4e5fa6a\" data-element_type=\"widget\" data-widget_type=\"heading.default\">\n\t\t\t\t<div class=\"elementor-widget-container\">\n\t\t\t\t\t<h2 class=\"elementor-heading-title elementor-size-default\">Zu zweit auf einer einsamen Almh\u00fctte \u2013 was gibt es Sch\u00f6neres?<\/h2>\t\t\t\t<\/div>\n\t\t\t\t<\/div>\n\t\t\t\t<div class=\"elementor-element elementor-element-7e714dd elementor-widget elementor-widget-text-editor\" data-id=\"7e714dd\" data-element_type=\"widget\" data-widget_type=\"text-editor.default\">\n\t\t\t\t<div class=\"elementor-widget-container\">\n\t\t\t\t\t\t\t\t\t<p>Eine einsame H\u00fctte oder ein <a title=\"Romantischer Urlaub in privatem Chalet | Urlaub zu Zweit\" href=\"https:\/\/www.chalets-schladming.com\/romantik-urlaub-schladming.html\" target=\"_blank\" rel=\"noopener\">Chalet<\/a> im Wald oder in den Bergen auf der Alm, ein verliebtes Paar, jede Menge Ruhe, Zeit und Zweisamkeit \u2013 die Vorstellung erscheint beinahe schon kitschig. H\u00fcttenpartner ist Ihnen dabei behilflich, diesen wundersch\u00f6nen Plan in die Tat umzusetzen. Lesen Sie im Folgenden \u00fcber Aktivit\u00e4ten im gemeinsamen Urlaub in den \u00f6sterreichischen Bergen, \u00fcber die Planung Ihres H\u00fcttenaufenthalts in \u00d6sterreich auch als Hochzeitsreise und die M\u00f6glichkeit einen Sonnenaufgang zu verschenken.<\/p>\t\t\t\t\t\t\t\t<\/div>\n\t\t\t\t<\/div>\n\t\t\t\t<div class=\"elementor-element elementor-element-f44e53c elementor-widget elementor-widget-heading\" data-id=\"f44e53c\" data-element_type=\"widget\" data-widget_type=\"heading.default\">\n\t\t\t\t<div class=\"elementor-widget-container\">\n\t\t\t\t\t<h2 class=\"elementor-heading-title elementor-size-default\">Romantischer H\u00fcttenurlaub zu zweit in \u00d6sterreich<\/h2>\t\t\t\t<\/div>\n\t\t\t\t<\/div>\n\t\t\t\t<div class=\"elementor-element elementor-element-cca5148 elementor-widget elementor-widget-text-editor\" data-id=\"cca5148\" data-element_type=\"widget\" data-widget_type=\"text-editor.default\">\n\t\t\t\t<div class=\"elementor-widget-container\">\n\t\t\t\t\t\t\t\t\t<p>Zu zweit die Freiheit der Natur in den Bergen genie\u00dfen ist sowohl im <a title=\"romantischer Sommerurlaub in den Bergen\" href=\"https:\/\/www.huettenpartner.com\/huettenurlaub\/sommerurlaub-berge-natur.html\">Summer<\/a> als auch im <a title=\"Winteridylle &amp; Skigenuss im H\u00fcttenurlaub\" href=\"https:\/\/www.huettenpartner.com\/huettenurlaub\/winterurlaub-skifahren-schnee.html\">Winter<\/a> ein ganz spezielles und romantisces Erlebnis zugleich. Die Zeit scheint stehen zu bleiben in der Ruhe und Stille der alpinen Natur \u00d6sterreichs. Die idyllischen \u00f6sterreichischen Alpen bieten die ideale romantische Auszeit zu zweit.<\/p><p>Laue Sommerabende vor dem <a title=\"Luxuri\u00f6ser Urlaub in den \u00f6sterreichischen Alpen\" href=\"https:\/\/www.chalets-schladming.com\/chalets-schladming.html\" target=\"_blank\" rel=\"noopener\">Chalet<\/a>, v\u00f6llig ungest\u00f6rt \u2013 bis auf die Blicke der K\u00fche. Gemeinsame Wanderungen durch tiefe W\u00e4lder, \u00fcber weite Almwiesen, vorbei an k\u00fchlen Gebirgsb\u00e4chen und malerischen Bergseen auf schroffe Gipfel. Gemeinsames Gipfelgl\u00fcck, traumhafte Ausblicke \u00fcber die Berge und die Natur. Gemeinsame Skitage, aufregende Rodelpartien und heimelige H\u00fcttenabende mit der wohligen W\u00e4rme des prasselnden Feuers im offenen Kamin oder im Holzofen.<\/p>\t\t\t\t\t\t\t\t<\/div>\n\t\t\t\t<\/div>\n\t\t\t\t\t<\/div>\n\t\t\t\t<\/div>\n\t\t<div class=\"elementor-element elementor-element-e3b1f7b e-flex e-con-boxed e-con e-parent\" data-id=\"e3b1f7b\" data-element_type=\"container\">\n\t\t\t\t\t<div class=\"e-con-inner\">\n\t\t<div class=\"elementor-element elementor-element-d65d286 e-con-full e-flex e-con e-child\" data-id=\"d65d286\" data-element_type=\"container\">\n\t\t\t\t<div class=\"elementor-element elementor-element-68c9d67 elementor-widget elementor-widget-image\" data-id=\"68c9d67\" data-element_type=\"widget\" data-widget_type=\"image.default\">\n\t\t\t\t<div class=\"elementor-widget-container\">\n\t\t\t\t\t\t\t\t\t\t\t\t\t\t\t<img fetchpriority=\"high\" decoding=\"async\" width=\"768\" height=\"576\" src=\"https:\/\/www.bold-black.109-235-60-67.plesk.page\/wp-content\/uploads\/2024\/04\/oesterreich-winterurlaub-romantik-fd4d75bb.jpg\" class=\"attachment-large size-large wp-image-5624\" alt=\"\" srcset=\"https:\/\/www.bold-black.109-235-60-67.plesk.page\/wp-content\/uploads\/2024\/04\/oesterreich-winterurlaub-romantik-fd4d75bb.jpg 768w, https:\/\/www.bold-black.109-235-60-67.plesk.page\/wp-content\/uploads\/2024\/04\/oesterreich-winterurlaub-romantik-fd4d75bb-300x225.jpg 300w, https:\/\/www.bold-black.109-235-60-67.plesk.page\/wp-content\/uploads\/2024\/04\/oesterreich-winterurlaub-romantik-fd4d75bb-16x12.jpg 16w, https:\/\/www.bold-black.109-235-60-67.plesk.page\/wp-content\/uploads\/2024\/04\/oesterreich-winterurlaub-romantik-fd4d75bb-405x304.jpg 405w\" sizes=\"(max-width: 768px) 100vw, 768px\" \/>\t\t\t\t\t\t\t\t\t\t\t\t\t\t\t<\/div>\n\t\t\t\t<\/div>\n\t\t\t\t<\/div>\n\t\t<div class=\"elementor-element elementor-element-cc5b2dd e-con-full e-flex e-con e-child\" data-id=\"cc5b2dd\" data-element_type=\"container\">\n\t\t\t\t<div class=\"elementor-element elementor-element-cfb217b elementor-widget elementor-widget-image\" data-id=\"cfb217b\" data-element_type=\"widget\" data-widget_type=\"image.default\">\n\t\t\t\t<div class=\"elementor-widget-container\">\n\t\t\t\t\t\t\t\t\t\t\t\t\t\t\t<img decoding=\"async\" width=\"768\" height=\"576\" src=\"https:\/\/www.bold-black.109-235-60-67.plesk.page\/wp-content\/uploads\/2024\/04\/winter-rodeln-freunde-f0ca4113.jpg\" class=\"attachment-large size-large wp-image-5622\" alt=\"\" srcset=\"https:\/\/www.bold-black.109-235-60-67.plesk.page\/wp-content\/uploads\/2024\/04\/winter-rodeln-freunde-f0ca4113.jpg 768w, https:\/\/www.bold-black.109-235-60-67.plesk.page\/wp-content\/uploads\/2024\/04\/winter-rodeln-freunde-f0ca4113-300x225.jpg 300w, https:\/\/www.bold-black.109-235-60-67.plesk.page\/wp-content\/uploads\/2024\/04\/winter-rodeln-freunde-f0ca4113-16x12.jpg 16w, https:\/\/www.bold-black.109-235-60-67.plesk.page\/wp-content\/uploads\/2024\/04\/winter-rodeln-freunde-f0ca4113-405x304.jpg 405w\" sizes=\"(max-width: 768px) 100vw, 768px\" \/>\t\t\t\t\t\t\t\t\t\t\t\t\t\t\t<\/div>\n\t\t\t\t<\/div>\n\t\t\t\t<\/div>\n\t\t\t\t\t<\/div>\n\t\t\t\t<\/div>\n\t\t<div class=\"elementor-element elementor-element-9b2492e e-flex e-con-boxed e-con e-parent\" data-id=\"9b2492e\" data-element_type=\"container\">\n\t\t\t\t\t<div class=\"e-con-inner\">\n\t\t\t\t<div class=\"elementor-element elementor-element-3bda417 elementor-widget elementor-widget-heading\" data-id=\"3bda417\" data-element_type=\"widget\" data-widget_type=\"heading.default\">\n\t\t\t\t<div class=\"elementor-widget-container\">\n\t\t\t\t\t<h2 class=\"elementor-heading-title elementor-size-default\">Planen Sie Ihren H\u00fcttenurlaub f\u00fcr Verliebte oder Ihre Hochzeitsreise in den Bergen<\/h2>\t\t\t\t<\/div>\n\t\t\t\t<\/div>\n\t\t\t\t<div class=\"elementor-element elementor-element-7f7eb59 elementor-widget elementor-widget-text-editor\" data-id=\"7f7eb59\" data-element_type=\"widget\" data-widget_type=\"text-editor.default\">\n\t\t\t\t<div class=\"elementor-widget-container\">\n\t\t\t\t\t\t\t\t\t<p>F\u00fcr perfekte Flitterwochen zu zweit braucht es keinen Flug auf die Malediven. Bl\u00e4ttern Sie durch das gro\u00dfe Angebot an <a title=\"Urlaub in den Bergen \u2013 Finden Sie die perfekte H\u00fctte\" href=\"https:\/\/www.huettenpartner.com\/huetten-mieten\/huette-finden-urlaub.html\">H\u00fctten von H\u00fcttenpartner<\/a> und planen Sie Ihren romantischen Aufenthalt in einer einsamen Bergh\u00fctte in \u00d6sterreichs Bergen. Die romantischen Bergh\u00fctten in \u00d6sterreich sind nat\u00fcrlich f\u00fcr Ihren Komfort und Ihre Privatsph\u00e4re gebaut und bieten damit beste Voraussetzung f\u00fcr einen romantischen\u00a0Urlaub zu zweit.<\/p>\t\t\t\t\t\t\t\t<\/div>\n\t\t\t\t<\/div>\n\t\t\t\t\t<\/div>\n\t\t\t\t<\/div>\n\t\t<div class=\"elementor-element elementor-element-b4d8209 e-flex e-con-boxed e-con e-parent\" data-id=\"b4d8209\" data-element_type=\"container\">\n\t\t\t\t\t<div class=\"e-con-inner\">\n\t\t\t\t\t<\/div>\n\t\t\t\t<\/div>\n\t\t\t\t<\/div>","protected":false},"excerpt":{"rendered":"<p>Romantikurlaub f\u00fcr Verliebte in den \u00f6sterreichischen Bergen Zu zweit auf einer einsamen Almh\u00fctte \u2013 was gibt es Sch\u00f6neres? Eine einsame H\u00fctte oder ein Chalet im Wald oder in den Bergen auf der Alm, ein verliebtes Paar, jede Menge Ruhe, Zeit und Zweisamkeit \u2013 die Vorstellung erscheint beinahe schon kitschig. H\u00fcttenpartner ist Ihnen dabei behilflich, diesen [&hellip;]<\/p>","protected":false},"author":2,"featured_media":0,"parent":827,"menu_order":0,"comment_status":"closed","ping_status":"closed","template":"","meta":{"inline_featured_image":false,"footnotes":""},"class_list":["post-832","page","type-page","status-publish","hentry"],"acf":[],"_links":{"self":[{"href":"https:\/\/www.bold-black.109-235-60-67.plesk.page\/en\/wp-json\/wp\/v2\/pages\/832","targetHints":{"allow":["GET"]}}],"collection":[{"href":"https:\/\/www.bold-black.109-235-60-67.plesk.page\/en\/wp-json\/wp\/v2\/pages"}],"about":[{"href":"https:\/\/www.bold-black.109-235-60-67.plesk.page\/en\/wp-json\/wp\/v2\/types\/page"}],"author":[{"embeddable":true,"href":"https:\/\/www.bold-black.109-235-60-67.plesk.page\/en\/wp-json\/wp\/v2\/users\/2"}],"replies":[{"embeddable":true,"href":"https:\/\/www.bold-black.109-235-60-67.plesk.page\/en\/wp-json\/wp\/v2\/comments?post=832"}],"version-history":[{"count":4,"href":"https:\/\/www.bold-black.109-235-60-67.plesk.page\/en\/wp-json\/wp\/v2\/pages\/832\/revisions"}],"predecessor-version":[{"id":5631,"href":"https:\/\/www.bold-black.109-235-60-67.plesk.page\/en\/wp-json\/wp\/v2\/pages\/832\/revisions\/5631"}],"up":[{"embeddable":true,"href":"https:\/\/www.bold-black.109-235-60-67.plesk.page\/en\/wp-json\/wp\/v2\/pages\/827"}],"wp:attachment":[{"href":"https:\/\/www.bold-black.109-235-60-67.plesk.page\/en\/wp-json\/wp\/v2\/media?parent=832"}],"curies":[{"name":"wp","href":"https:\/\/api.w.org\/{rel}","templated":true}]}}