{"id":816,"date":"2024-04-09T21:10:26","date_gmt":"2024-04-09T21:10:26","guid":{"rendered":"https:\/\/www.huettenpartner.eu\/?page_id=816"},"modified":"2024-04-23T22:00:46","modified_gmt":"2024-04-23T20:00:46","slug":"huetten-mit-pool","status":"publish","type":"page","link":"https:\/\/www.bold-black.109-235-60-67.plesk.page\/en\/huette-mieten\/huetten-mit-pool\/","title":{"rendered":"Cabins with pool"},"content":{"rendered":"<div data-elementor-type=\"wp-page\" data-elementor-id=\"816\" class=\"elementor elementor-816\">\n\t\t\t\t<div class=\"elementor-element elementor-element-42272e7 e-flex e-con-boxed e-con e-parent\" data-id=\"42272e7\" data-element_type=\"container\">\n\t\t\t\t\t<div class=\"e-con-inner\">\n\t\t\t\t<div class=\"elementor-element elementor-element-5ab6049 elementor-widget elementor-widget-heading\" data-id=\"5ab6049\" data-element_type=\"widget\" data-widget_type=\"heading.default\">\n\t\t\t\t<div class=\"elementor-widget-container\">\n\t\t\t\t\t<h2 class=\"elementor-heading-title elementor-size-default\">Rent a cabin with pool in Austria \u2013 Relaxation in the Alps<\/h2>\t\t\t\t<\/div>\n\t\t\t\t<\/div>\n\t\t\t\t<div class=\"elementor-element elementor-element-f211946 elementor-widget elementor-widget-heading\" data-id=\"f211946\" data-element_type=\"widget\" data-widget_type=\"heading.default\">\n\t\t\t\t<div class=\"elementor-widget-container\">\n\t\t\t\t\t<h2 class=\"elementor-heading-title elementor-size-default\">Chalets &amp; H\u00fctten mit eigenem In- oder Outdoorpool<\/h2>\t\t\t\t<\/div>\n\t\t\t\t<\/div>\n\t\t\t\t<div class=\"elementor-element elementor-element-3aaed7c elementor-widget elementor-widget-text-editor\" data-id=\"3aaed7c\" data-element_type=\"widget\" data-widget_type=\"text-editor.default\">\n\t\t\t\t<div class=\"elementor-widget-container\">\n\t\t\t\t\t\t\t\t\t<p><strong>A cabin holiday with a private indoor or outdoor pool in the Austrian Alps promises pure relaxation in the midst of nature in both summer and winter. Lovers, families and nature lovers enjoy their well-earned time out in the various private chalets or alpine huts, surrounded by magnificent mountain peaks and countless activities in the fresh air and far away from civilization.<\/strong><\/p><p>For even more relaxation and freedom during your holiday in the mountains, we recommend the many alpine huts and chalets with their own <strong>Wellness area, swimming pond, private indoor pool, private whirlpool<\/strong> or heated <strong>Hotpot<\/strong>.<\/p>\t\t\t\t\t\t\t\t<\/div>\n\t\t\t\t<\/div>\n\t\t\t\t\t<\/div>\n\t\t\t\t<\/div>\n\t\t<div class=\"elementor-element elementor-element-46e6a74 e-flex e-con-boxed e-con e-parent\" data-id=\"46e6a74\" data-element_type=\"container\">\n\t\t\t\t\t<div class=\"e-con-inner\">\n\t\t<div class=\"elementor-element elementor-element-54b4c4e e-con-full e-flex e-con e-child\" data-id=\"54b4c4e\" data-element_type=\"container\">\n\t\t\t\t<div class=\"elementor-element elementor-element-5236439 elementor-widget elementor-widget-image\" data-id=\"5236439\" data-element_type=\"widget\" data-widget_type=\"image.default\">\n\t\t\t\t<div class=\"elementor-widget-container\">\n\t\t\t\t\t\t\t\t\t\t\t\t\t\t\t<img fetchpriority=\"high\" decoding=\"async\" width=\"768\" height=\"576\" src=\"https:\/\/www.bold-black.109-235-60-67.plesk.page\/wp-content\/uploads\/2024\/04\/Pool_Aussichtsn-stm-77-67e80c1e.jpg\" class=\"attachment-large size-large wp-image-5255\" alt=\"\" srcset=\"https:\/\/www.bold-black.109-235-60-67.plesk.page\/wp-content\/uploads\/2024\/04\/Pool_Aussichtsn-stm-77-67e80c1e.jpg 768w, https:\/\/www.bold-black.109-235-60-67.plesk.page\/wp-content\/uploads\/2024\/04\/Pool_Aussichtsn-stm-77-67e80c1e-300x225.jpg 300w, https:\/\/www.bold-black.109-235-60-67.plesk.page\/wp-content\/uploads\/2024\/04\/Pool_Aussichtsn-stm-77-67e80c1e-16x12.jpg 16w, https:\/\/www.bold-black.109-235-60-67.plesk.page\/wp-content\/uploads\/2024\/04\/Pool_Aussichtsn-stm-77-67e80c1e-405x304.jpg 405w\" sizes=\"(max-width: 768px) 100vw, 768px\" \/>\t\t\t\t\t\t\t\t\t\t\t\t\t\t\t<\/div>\n\t\t\t\t<\/div>\n\t\t\t\t<\/div>\n\t\t<div class=\"elementor-element elementor-element-6a9e1d0 e-con-full e-flex e-con e-child\" data-id=\"6a9e1d0\" data-element_type=\"container\">\n\t\t\t\t<div class=\"elementor-element elementor-element-75866fb elementor-widget elementor-widget-image\" data-id=\"75866fb\" data-element_type=\"widget\" data-widget_type=\"image.default\">\n\t\t\t\t<div class=\"elementor-widget-container\">\n\t\t\t\t\t\t\t\t\t\t\t\t\t\t\t<img decoding=\"async\" width=\"768\" height=\"576\" src=\"https:\/\/www.bold-black.109-235-60-67.plesk.page\/wp-content\/uploads\/2024\/04\/ski-stm-70-0bfdefde.jpg\" class=\"attachment-large size-large wp-image-5256\" alt=\"\" srcset=\"https:\/\/www.bold-black.109-235-60-67.plesk.page\/wp-content\/uploads\/2024\/04\/ski-stm-70-0bfdefde.jpg 768w, https:\/\/www.bold-black.109-235-60-67.plesk.page\/wp-content\/uploads\/2024\/04\/ski-stm-70-0bfdefde-300x225.jpg 300w, https:\/\/www.bold-black.109-235-60-67.plesk.page\/wp-content\/uploads\/2024\/04\/ski-stm-70-0bfdefde-16x12.jpg 16w, https:\/\/www.bold-black.109-235-60-67.plesk.page\/wp-content\/uploads\/2024\/04\/ski-stm-70-0bfdefde-405x304.jpg 405w\" sizes=\"(max-width: 768px) 100vw, 768px\" \/>\t\t\t\t\t\t\t\t\t\t\t\t\t\t\t<\/div>\n\t\t\t\t<\/div>\n\t\t\t\t<\/div>\n\t\t\t\t\t<\/div>\n\t\t\t\t<\/div>\n\t\t<div class=\"elementor-element elementor-element-848e863 e-flex e-con-boxed e-con e-parent\" data-id=\"848e863\" data-element_type=\"container\">\n\t\t\t\t\t<div class=\"e-con-inner\">\n\t\t\t\t<div class=\"elementor-element elementor-element-a5575c4 elementor-widget elementor-widget-heading\" data-id=\"a5575c4\" data-element_type=\"widget\" data-widget_type=\"heading.default\">\n\t\t\t\t<div class=\"elementor-widget-container\">\n\t\t\t\t\t<h2 class=\"elementor-heading-title elementor-size-default\">Warm up in the private pool, whirlpool or hotpot <\/h2>\t\t\t\t<\/div>\n\t\t\t\t<\/div>\n\t\t\t\t<div class=\"elementor-element elementor-element-130b7c1 elementor-widget elementor-widget-text-editor\" data-id=\"130b7c1\" data-element_type=\"widget\" data-widget_type=\"text-editor.default\">\n\t\t\t\t<div class=\"elementor-widget-container\">\n\t\t\t\t\t\t\t\t\t<p>In the heated <strong>Whirlpool or hotpot<\/strong> regenerate your <a title=\"Cross-country skiing in Austria\" href=\"https:\/\/www.huettenpartner.com\/contao\/preview.php?page=1664\">Cross-country skiing<\/a>, <a title=\"Winter holidays in Austria\" href=\"https:\/\/www.huettenpartner.com\/contao\/preview.php?page=1664\">To ski<\/a>, tobogganing or winter hiking and all this with a view of the majestic mountains. What could be better than relaxing after an active <strong>winter holiday day<\/strong> in your own <strong>Indoor pool<\/strong> in the <strong>private cabin<\/strong> or just relax in the chalet?<\/p>\t\t\t\t\t\t\t\t<\/div>\n\t\t\t\t<\/div>\n\t\t\t\t<div class=\"elementor-element elementor-element-e52b31f elementor-widget elementor-widget-heading\" data-id=\"e52b31f\" data-element_type=\"widget\" data-widget_type=\"heading.default\">\n\t\t\t\t<div class=\"elementor-widget-container\">\n\t\t\t\t\t<h2 class=\"elementor-heading-title elementor-size-default\">Cool off in your own swimming pond<\/h2>\t\t\t\t<\/div>\n\t\t\t\t<\/div>\n\t\t\t\t<div class=\"elementor-element elementor-element-b136908 elementor-widget elementor-widget-text-editor\" data-id=\"b136908\" data-element_type=\"widget\" data-widget_type=\"text-editor.default\">\n\t\t\t\t<div class=\"elementor-widget-container\">\n\t\t\t\t\t\t\t\t\t<p>In many of our alpine huts you can enjoy the luxury of <a title=\"Summer holidays in Austria\" href=\"https:\/\/www.huettenpartner.com\/contao\/preview.php?page=1664\">Summer<\/a>\u00a0in the clear <strong>Swimming pond<\/strong> your private alpine hut. Children especially love to cool off in the <strong>natural waters<\/strong> to splash around extensively. Even hot <strong>hiked or cycled<\/strong> Feet recover best when jumping into the <strong>sparkling natural bathing pond<\/strong> surrounded by colorful alpine meadows and majestic mountain ranges.\u00a0<\/p>\t\t\t\t\t\t\t\t<\/div>\n\t\t\t\t<\/div>\n\t\t\t\t\t<\/div>\n\t\t\t\t<\/div>\n\t\t<div class=\"elementor-element elementor-element-29f95e1 e-flex e-con-boxed e-con e-parent\" data-id=\"29f95e1\" data-element_type=\"container\">\n\t\t\t\t\t<div class=\"e-con-inner\">\n\t\t\t\t\t<\/div>\n\t\t\t\t<\/div>\n\t\t\t\t<\/div>","protected":false},"excerpt":{"rendered":"<p>H\u00fctte mit Pool in \u00d6sterreich mieten \u2013 Entspannung in den Alpen Chalets &#038; H\u00fctten mit eigenem In- oder Outdoorpool Ein H\u00fcttenurlaub mit privatem In- oder Outdoorpool in \u00d6sterreichs Alpen verspricht im Sommer wie auch im Winter pure Entspannung inmitten der Natur. Verliebte, Familien und Naturfreunde genie\u00dfen in den diversen privaten Chalets oder Almh\u00fctten Ihre verdiente [&hellip;]<\/p>","protected":false},"author":2,"featured_media":0,"parent":809,"menu_order":0,"comment_status":"closed","ping_status":"closed","template":"","meta":{"inline_featured_image":false,"footnotes":""},"class_list":["post-816","page","type-page","status-publish","hentry"],"acf":[],"_links":{"self":[{"href":"https:\/\/www.bold-black.109-235-60-67.plesk.page\/en\/wp-json\/wp\/v2\/pages\/816","targetHints":{"allow":["GET"]}}],"collection":[{"href":"https:\/\/www.bold-black.109-235-60-67.plesk.page\/en\/wp-json\/wp\/v2\/pages"}],"about":[{"href":"https:\/\/www.bold-black.109-235-60-67.plesk.page\/en\/wp-json\/wp\/v2\/types\/page"}],"author":[{"embeddable":true,"href":"https:\/\/www.bold-black.109-235-60-67.plesk.page\/en\/wp-json\/wp\/v2\/users\/2"}],"replies":[{"embeddable":true,"href":"https:\/\/www.bold-black.109-235-60-67.plesk.page\/en\/wp-json\/wp\/v2\/comments?post=816"}],"version-history":[{"count":8,"href":"https:\/\/www.bold-black.109-235-60-67.plesk.page\/en\/wp-json\/wp\/v2\/pages\/816\/revisions"}],"predecessor-version":[{"id":5265,"href":"https:\/\/www.bold-black.109-235-60-67.plesk.page\/en\/wp-json\/wp\/v2\/pages\/816\/revisions\/5265"}],"up":[{"embeddable":true,"href":"https:\/\/www.bold-black.109-235-60-67.plesk.page\/en\/wp-json\/wp\/v2\/pages\/809"}],"wp:attachment":[{"href":"https:\/\/www.bold-black.109-235-60-67.plesk.page\/en\/wp-json\/wp\/v2\/media?parent=816"}],"curies":[{"name":"wp","href":"https:\/\/api.w.org\/{rel}","templated":true}]}}