{"id":917,"date":"2024-04-09T21:58:32","date_gmt":"2024-04-09T21:58:32","guid":{"rendered":"https:\/\/www.huettenpartner.eu\/?page_id=917"},"modified":"2024-04-25T18:17:15","modified_gmt":"2024-04-25T16:17:15","slug":"huetten-und-hausbesitzer","status":"publish","type":"page","link":"https:\/\/www.bold-black.109-235-60-67.plesk.page\/cs\/huetten-vermieten\/huetten-und-hausbesitzer\/","title":{"rendered":"Chaty a majitel\u00e9 dom\u016f"},"content":{"rendered":"<div data-elementor-type=\"wp-page\" data-elementor-id=\"917\" class=\"elementor elementor-917\">\n\t\t\t\t<div class=\"elementor-element elementor-element-10495d1 e-flex e-con-boxed e-con e-parent\" data-id=\"10495d1\" data-element_type=\"container\">\n\t\t\t\t\t<div class=\"e-con-inner\">\n\t\t\t\t<div class=\"elementor-element elementor-element-b4b6d70 elementor-widget elementor-widget-heading\" data-id=\"b4b6d70\" data-element_type=\"widget\" data-widget_type=\"heading.default\">\n\t\t\t\t<div class=\"elementor-widget-container\">\n\t\t\t\t\t<h2 class=\"elementor-heading-title elementor-size-default\">Informationen f\u00fcr H\u00fctten- und Hausbesitzer<\/h2>\t\t\t\t<\/div>\n\t\t\t\t<\/div>\n\t\t\t\t<div class=\"elementor-element elementor-element-614db1b elementor-widget elementor-widget-heading\" data-id=\"614db1b\" data-element_type=\"widget\" data-widget_type=\"heading.default\">\n\t\t\t\t<div class=\"elementor-widget-container\">\n\t\t\t\t\t<h2 class=\"elementor-heading-title elementor-size-default\">Partnerschaft mit H\u00fcttenpartner f\u00fcr Hausbesitzer<\/h2>\t\t\t\t<\/div>\n\t\t\t\t<\/div>\n\t\t\t\t<div class=\"elementor-element elementor-element-9e02fb7 elementor-widget elementor-widget-text-editor\" data-id=\"9e02fb7\" data-element_type=\"widget\" data-widget_type=\"text-editor.default\">\n\t\t\t\t<div class=\"elementor-widget-container\">\n\t\t\t\t\t\t\t\t\t<p>Sie besitzen eine H\u00fctte oder ein Haus, das Sie regelm\u00e4\u00dfig an Urlauber vermieten wollen? Eine Zusammenarbeit mit H\u00fcttenpartner bringt Ihnen zahlreiche Vorteile.<\/p>\t\t\t\t\t\t\t\t<\/div>\n\t\t\t\t<\/div>\n\t\t\t\t<div class=\"elementor-element elementor-element-3598a6f elementor-widget elementor-widget-heading\" data-id=\"3598a6f\" data-element_type=\"widget\" data-widget_type=\"heading.default\">\n\t\t\t\t<div class=\"elementor-widget-container\">\n\t\t\t\t\t<h2 class=\"elementor-heading-title elementor-size-default\">Profitieren Sie von unserer langj\u00e4hrigen Erfahrung<\/h2>\t\t\t\t<\/div>\n\t\t\t\t<\/div>\n\t\t\t\t<div class=\"elementor-element elementor-element-f25099e elementor-widget elementor-widget-text-editor\" data-id=\"f25099e\" data-element_type=\"widget\" data-widget_type=\"text-editor.default\">\n\t\t\t\t<div class=\"elementor-widget-container\">\n\t\t\t\t\t\t\t\t\t<p>Bereits seit 1996 vermieten wir erfolgreich Almh\u00fctten, Ferienh\u00e4user und Chalets auf Selbstversorgerbasis in allen neun Bundesl\u00e4ndern \u00d6sterreichs. Mittlerweile sind wir der gr\u00f6\u00dfte Reiseveranstalter f\u00fcr H\u00fcttenurlaub im Land.<\/p>\t\t\t\t\t\t\t\t<\/div>\n\t\t\t\t<\/div>\n\t\t\t\t<div class=\"elementor-element elementor-element-180cf0b elementor-widget elementor-widget-heading\" data-id=\"180cf0b\" data-element_type=\"widget\" data-widget_type=\"heading.default\">\n\t\t\t\t<div class=\"elementor-widget-container\">\n\t\t\t\t\t<h2 class=\"elementor-heading-title elementor-size-default\">Ihre Vorteile als Vermieter bei H\u00fcttenpartner<\/h2>\t\t\t\t<\/div>\n\t\t\t\t<\/div>\n\t\t\t\t<div class=\"elementor-element elementor-element-bd8e66b elementor-widget elementor-widget-text-editor\" data-id=\"bd8e66b\" data-element_type=\"widget\" data-widget_type=\"text-editor.default\">\n\t\t\t\t<div class=\"elementor-widget-container\">\n\t\t\t\t\t\t\t\t\t<ul><li>Laufende pers\u00f6nliche Betreuung durch unsere qualifizierten Mitarbeiter<\/li><li>Wir \u00fcbernehmen die gesamte Werbung und Vermietungskorrespondenz<\/li><li>Immer gr\u00f6\u00dfer werdende Zahl an langj\u00e4hrigen, zufriedenen Vertragspartnern und Stammkunden<\/li><li>Hohe Auslastung auch in der schwachen Urlaubszeit, im Sommer und in den Nebensaisonen<\/li><li>Vorwiegend wochenweise Vermietung<\/li><li>F\u00fcr die Reservierungen ist ein 24-Stundenservice per Internet eingerichtet<\/li><li>Wir tragen das Inkassorisiko zu 100 %<\/li><li>Bei kurzfristigen Stornos erhalten Sie trotzdem ihren kompletten Mietpreis<\/li><li>P\u00fcnktliche Abrechnung und \u00dcberweisung Ihrer Buchungen<\/li><\/ul>\t\t\t\t\t\t\t\t<\/div>\n\t\t\t\t<\/div>\n\t\t\t\t<div class=\"elementor-element elementor-element-9dd4e80 elementor-widget elementor-widget-heading\" data-id=\"9dd4e80\" data-element_type=\"widget\" data-widget_type=\"heading.default\">\n\t\t\t\t<div class=\"elementor-widget-container\">\n\t\t\t\t\t<h2 class=\"elementor-heading-title elementor-size-default\">Service f\u00fcr H\u00fcttenpartner-Vertragspartner:<\/h2>\t\t\t\t<\/div>\n\t\t\t\t<\/div>\n\t\t\t\t<div class=\"elementor-element elementor-element-f8c221d elementor-widget elementor-widget-text-editor\" data-id=\"f8c221d\" data-element_type=\"widget\" data-widget_type=\"text-editor.default\">\n\t\t\t\t<div class=\"elementor-widget-container\">\n\t\t\t\t\t\t\t\t\t<p>H\u00fcttenpartner ber\u00e4t Sie im Zuge eines Exklusivvertrages gerne und kompetent: beginnend von der Planung \u00fcber die Entwicklung bis zum Bau von H\u00fctten und auch ganzen H\u00fcttend\u00f6rfern oder auch einfach beim Umbau eines bestehenden Objektes. Aber das H\u00fcttenpartner-Service umfasst noch viel mehr. Informieren Sie sich hier \u00fcber das <a title=\"Kontaktujte H\u00fcttenpartner\" href=\"https:\/\/www.huettenpartner.com\/service\/kontakt-fragen-informationen.html\">komplette Service-Angebot<\/a>.<\/p><p>Sie sind an einer Partnerschaft mit dem gr\u00f6\u00dften Reiseanbieter f\u00fcr H\u00fcttenurlaub in \u00d6sterreich interessiert? F\u00fcllen Sie unser <a title=\"Mehr Infos \u00fcber die Vermietung der eigenen H\u00fctte\" href=\"https:\/\/www.huettenpartner.com\/anfrageformular-fuer-vermieter.html\">Popt\u00e1vkov\u00fd formul\u00e1\u0159 pro pronaj\u00edmatele<\/a> aus und wir setzen uns umgehend mit Ihnen in Verbindung, oder kontaktieren Sie uns telefonisch unter der Nummer: <span class=\"ce_tel\">+43 2243 316 89.<\/span><\/p><p>Das H\u00fcttenpartner-Team freut sich auf eine erfolgreiche Zusammenarbeit!<\/p>\t\t\t\t\t\t\t\t<\/div>\n\t\t\t\t<\/div>\n\t\t\t\t\t<\/div>\n\t\t\t\t<\/div>\n\t\t\t\t<\/div>","protected":false},"excerpt":{"rendered":"<p>Informationen f\u00fcr H\u00fctten- und Hausbesitzer Partnerschaft mit H\u00fcttenpartner f\u00fcr Hausbesitzer Sie besitzen eine H\u00fctte oder ein Haus, das Sie regelm\u00e4\u00dfig an Urlauber vermieten wollen? Eine Zusammenarbeit mit H\u00fcttenpartner bringt Ihnen zahlreiche Vorteile. Profitieren Sie von unserer langj\u00e4hrigen Erfahrung Bereits seit 1996 vermieten wir erfolgreich Almh\u00fctten, Ferienh\u00e4user und Chalets auf Selbstversorgerbasis in allen neun Bundesl\u00e4ndern \u00d6sterreichs. [&hellip;]<\/p>","protected":false},"author":2,"featured_media":0,"parent":914,"menu_order":0,"comment_status":"closed","ping_status":"closed","template":"","meta":{"inline_featured_image":false,"footnotes":""},"class_list":["post-917","page","type-page","status-publish","hentry"],"acf":[],"_links":{"self":[{"href":"https:\/\/www.bold-black.109-235-60-67.plesk.page\/cs\/wp-json\/wp\/v2\/pages\/917","targetHints":{"allow":["GET"]}}],"collection":[{"href":"https:\/\/www.bold-black.109-235-60-67.plesk.page\/cs\/wp-json\/wp\/v2\/pages"}],"about":[{"href":"https:\/\/www.bold-black.109-235-60-67.plesk.page\/cs\/wp-json\/wp\/v2\/types\/page"}],"author":[{"embeddable":true,"href":"https:\/\/www.bold-black.109-235-60-67.plesk.page\/cs\/wp-json\/wp\/v2\/users\/2"}],"replies":[{"embeddable":true,"href":"https:\/\/www.bold-black.109-235-60-67.plesk.page\/cs\/wp-json\/wp\/v2\/comments?post=917"}],"version-history":[{"count":4,"href":"https:\/\/www.bold-black.109-235-60-67.plesk.page\/cs\/wp-json\/wp\/v2\/pages\/917\/revisions"}],"predecessor-version":[{"id":8238,"href":"https:\/\/www.bold-black.109-235-60-67.plesk.page\/cs\/wp-json\/wp\/v2\/pages\/917\/revisions\/8238"}],"up":[{"embeddable":true,"href":"https:\/\/www.bold-black.109-235-60-67.plesk.page\/cs\/wp-json\/wp\/v2\/pages\/914"}],"wp:attachment":[{"href":"https:\/\/www.bold-black.109-235-60-67.plesk.page\/cs\/wp-json\/wp\/v2\/media?parent=917"}],"curies":[{"name":"wp","href":"https:\/\/api.w.org\/{rel}","templated":true}]}}