{"id":895,"date":"2024-04-09T21:42:33","date_gmt":"2024-04-09T21:42:33","guid":{"rendered":"https:\/\/www.huettenpartner.eu\/?page_id=895"},"modified":"2024-04-24T16:16:45","modified_gmt":"2024-04-24T14:16:45","slug":"vignette","status":"publish","type":"page","link":"https:\/\/www.bold-black.109-235-60-67.plesk.page\/cs\/service\/vignette\/","title":{"rendered":"vin\u011bta"},"content":{"rendered":"<div data-elementor-type=\"wp-page\" data-elementor-id=\"895\" class=\"elementor elementor-895\">\n\t\t\t\t<div class=\"elementor-element elementor-element-e541321 e-flex e-con-boxed e-con e-parent\" data-id=\"e541321\" data-element_type=\"container\">\n\t\t\t\t\t<div class=\"e-con-inner\">\n\t\t\t\t<div class=\"elementor-element elementor-element-7df5c25 elementor-widget elementor-widget-heading\" data-id=\"7df5c25\" data-element_type=\"widget\" data-widget_type=\"heading.default\">\n\t\t\t\t<div class=\"elementor-widget-container\">\n\t\t\t\t\t<h2 class=\"elementor-heading-title elementor-size-default\">Vignettenpflicht auf \u00d6sterreichs Autobahnen und Schnellstra\u00dfen<\/h2>\t\t\t\t<\/div>\n\t\t\t\t<\/div>\n\t\t\t\t<div class=\"elementor-element elementor-element-00e9d4a elementor-widget elementor-widget-heading\" data-id=\"00e9d4a\" data-element_type=\"widget\" data-widget_type=\"heading.default\">\n\t\t\t\t<div class=\"elementor-widget-container\">\n\t\t\t\t\t<h2 class=\"elementor-heading-title elementor-size-default\">Bestellen Sie die passende Vignette f\u00fcr die Autobahnen \u00d6sterreichs bei Ihrer Buchung<\/h2>\t\t\t\t<\/div>\n\t\t\t\t<\/div>\n\t\t\t\t<div class=\"elementor-element elementor-element-7c5cd94 elementor-widget elementor-widget-text-editor\" data-id=\"7c5cd94\" data-element_type=\"widget\" data-widget_type=\"text-editor.default\">\n\t\t\t\t<div class=\"elementor-widget-container\">\n\t\t\t\t\t\t\t\t\t<p>Die meisten H\u00fctten von H\u00fcttenpartner erreichen Sie am besten mit dem privaten PKW, bedenken Sie dabei, dass Sie in \u00d6sterreich eine Vignette ben\u00f6tigen. Diese bekommen Sie an zahlreichen Verkaufsstellen in \u00d6sterreich, an Autobahntankstellen vor der \u00f6sterreichischen Grenze oder Sie bestellen sie gleich bei Ihrer Buchung auf H\u00fcttenpartner zu sich nachhause. Bitte beachten Sie, da\u00df Kraftfahrzeuge mit drei R\u00e4dern als einspurige Kraftfahrzeuge gelten.\u00a0<\/p>\t\t\t\t\t\t\t\t<\/div>\n\t\t\t\t<\/div>\n\t\t\t\t\t<\/div>\n\t\t\t\t<\/div>\n\t\t<div class=\"elementor-element elementor-element-9c980e7 e-flex e-con-boxed e-con e-parent\" data-id=\"9c980e7\" data-element_type=\"container\">\n\t\t\t\t\t<div class=\"e-con-inner\">\n\t\t\t\t<div class=\"elementor-element elementor-element-528da35 elementor-widget elementor-widget-text-editor\" data-id=\"528da35\" data-element_type=\"widget\" data-widget_type=\"text-editor.default\">\n\t\t\t\t<div class=\"elementor-widget-container\">\n\t\t\t\t\t\t\t\t\t<table class=\"content-table table-striped\"><tbody><tr><td style=\"text-align: center;\" colspan=\"4\"><strong>Vignette Verkaufspreisliste ab 01.12.2023<\/strong><\/td><\/tr><tr><td style=\"text-align: center;\"><strong>G\u00fcltigkeit<\/strong><\/td><td style=\"text-align: center;\"><strong>A <\/strong>Einspurige Kfz<\/td><td style=\"text-align: center;\"><strong>B <\/strong>Pkw und Kfz einschl. 3,5 t h\u00f6chst zul\u00e4ssiges Gesamtgewicht (hzGG) Wohnmobile<\/td><\/tr><tr><td style=\"text-align: center;\"><strong>Jahresvignette<\/strong><br \/>1. Dez. Vorjahr bis 31. Januar des Folgejahres<\/td><td style=\"text-align: center;\">38,50 Euro<\/td><td style=\"text-align: center;\">96,40\u00a0Euro<\/td><\/tr><tr><td style=\"text-align: center;\"><strong>2-Monats-Vignette<\/strong><br \/>2 Monate ab dem Tag der Ausstellung<\/td><td style=\"text-align: center;\">11,50 Euro<\/td><td style=\"text-align: center;\">28,90 Euro<\/td><\/tr><tr><td style=\"text-align: center;\"><strong>10-Tages-Vignette<\/strong><br \/>0:00 Uhr des gelochten Tages bis 24:00 Uhr des 9. Folgetages<\/td><td style=\"text-align: center;\">4,60 Euro<\/td><td style=\"text-align: center;\">11,50 Euro<\/td><\/tr><\/tbody><\/table><p style=\"text-align: center;\"><strong>Alle Vignetten-Preise verstehen sich inkl. 20% Ust.<\/strong><\/p>\t\t\t\t\t\t\t\t<\/div>\n\t\t\t\t<\/div>\n\t\t\t\t\t<\/div>\n\t\t\t\t<\/div>\n\t\t<div class=\"elementor-element elementor-element-aa58503 e-flex e-con-boxed e-con e-parent\" data-id=\"aa58503\" data-element_type=\"container\">\n\t\t\t\t\t<div class=\"e-con-inner\">\n\t\t\t\t<div class=\"elementor-element elementor-element-12876a9 elementor-widget elementor-widget-heading\" data-id=\"12876a9\" data-element_type=\"widget\" data-widget_type=\"heading.default\">\n\t\t\t\t<div class=\"elementor-widget-container\">\n\t\t\t\t\t<h2 class=\"elementor-heading-title elementor-size-default\">Beispiele f\u00fcr Ihren Urlaub\n<\/h2>\t\t\t\t<\/div>\n\t\t\t\t<\/div>\n\t\t\t\t<div class=\"elementor-element elementor-element-3f38c62 elementor-widget elementor-widget-text-editor\" data-id=\"3f38c62\" data-element_type=\"widget\" data-widget_type=\"text-editor.default\">\n\t\t\t\t<div class=\"elementor-widget-container\">\n\t\t\t\t\t\t\t\t\t<ul><li>Wenn Sie einen <strong>einw\u00f6chigen Urlaub<\/strong> buchen, dann ben\u00f6tigen Sie pro PKW <strong>eine 10-Tages Vignette.<\/strong><\/li><li>Wenn Sie <strong>14 Tage<\/strong> in den Urlaub fahren, ben\u00f6tigen Sie pro PKW <strong>zweimal eine 10-Tages Vignette<\/strong>.<\/li><li>Wenn Sie <strong>3 Wochen<\/strong> in den Urlaub fahren, dann nehmen Sie eine <strong>2-Monatsvignette<\/strong>.<\/li><\/ul>\t\t\t\t\t\t\t\t<\/div>\n\t\t\t\t<\/div>\n\t\t\t\t<div class=\"elementor-element elementor-element-ab5400a elementor-widget elementor-widget-heading\" data-id=\"ab5400a\" data-element_type=\"widget\" data-widget_type=\"heading.default\">\n\t\t\t\t<div class=\"elementor-widget-container\">\n\t\t\t\t\t<h2 class=\"elementor-heading-title elementor-size-default\">\u00dcbersicht \u00fcber die vignettenpflichtigen Stra\u00dfen in \u00d6sterreich<\/h2>\t\t\t\t<\/div>\n\t\t\t\t<\/div>\n\t\t\t\t<div class=\"elementor-element elementor-element-fba9974 elementor-widget elementor-widget-text-editor\" data-id=\"fba9974\" data-element_type=\"widget\" data-widget_type=\"text-editor.default\">\n\t\t\t\t<div class=\"elementor-widget-container\">\n\t\t\t\t\t\t\t\t\t<p>Bei Kraftfahrzeugen bis einschlie\u00dflich 3,5 t h\u00f6chst zul\u00e4ssige Gesamtmasse herrscht auf den orange eingezeichneten Autobahnen und Schnellstra\u00dfen Mautpflicht.<\/p>\t\t\t\t\t\t\t\t<\/div>\n\t\t\t\t<\/div>\n\t\t\t\t<div class=\"elementor-element elementor-element-cb7264c elementor-widget elementor-widget-image\" data-id=\"cb7264c\" data-element_type=\"widget\" data-widget_type=\"image.default\">\n\t\t\t\t<div class=\"elementor-widget-container\">\n\t\t\t\t\t\t\t\t\t\t\t\t\t\t\t<img fetchpriority=\"high\" decoding=\"async\" width=\"768\" height=\"381\" src=\"https:\/\/www.bold-black.109-235-60-67.plesk.page\/wp-content\/uploads\/2024\/04\/landkarte-vignette-oesterreich.jpg\" class=\"attachment-large size-large wp-image-6617\" alt=\"\" srcset=\"https:\/\/www.bold-black.109-235-60-67.plesk.page\/wp-content\/uploads\/2024\/04\/landkarte-vignette-oesterreich.jpg 900w, https:\/\/www.bold-black.109-235-60-67.plesk.page\/wp-content\/uploads\/2024\/04\/landkarte-vignette-oesterreich-300x149.jpg 300w, https:\/\/www.bold-black.109-235-60-67.plesk.page\/wp-content\/uploads\/2024\/04\/landkarte-vignette-oesterreich-768x381.jpg 768w, https:\/\/www.bold-black.109-235-60-67.plesk.page\/wp-content\/uploads\/2024\/04\/landkarte-vignette-oesterreich-18x9.jpg 18w, https:\/\/www.bold-black.109-235-60-67.plesk.page\/wp-content\/uploads\/2024\/04\/landkarte-vignette-oesterreich-405x201.jpg 405w\" sizes=\"(max-width: 768px) 100vw, 768px\" \/>\t\t\t\t\t\t\t\t\t\t\t\t\t\t\t<\/div>\n\t\t\t\t<\/div>\n\t\t\t\t<div class=\"elementor-element elementor-element-b6584a8 elementor-widget elementor-widget-heading\" data-id=\"b6584a8\" data-element_type=\"widget\" data-widget_type=\"heading.default\">\n\t\t\t\t<div class=\"elementor-widget-container\">\n\t\t\t\t\t<h2 class=\"elementor-heading-title elementor-size-default\">Mit den Autobahnen \u00d6sterreichs und der passenden Vignette gut vorbereitet in den H\u00fcttenurlaub in \u00d6sterreich<\/h2>\t\t\t\t<\/div>\n\t\t\t\t<\/div>\n\t\t\t\t<div class=\"elementor-element elementor-element-332ac15 elementor-widget elementor-widget-text-editor\" data-id=\"332ac15\" data-element_type=\"widget\" data-widget_type=\"text-editor.default\">\n\t\t\t\t<div class=\"elementor-widget-container\">\n\t\t\t\t\t\t\t\t\t<p>Informieren Sie sich \u00fcber das <a title=\"H\u00fcttensuche f\u00fcr Ihren Urlaub in den Bergen\" href=\"https:\/\/www.huettenpartner.com\/huetten-mieten\/huette-finden-urlaub.html\">gro\u00dfe Angebot an H\u00fctten, H\u00e4usern und Chalets<\/a> von H\u00fcttenpartner und treffen Sie Ihre Wahl. Wenn Sie entschieden haben, wohin es im Urlaub geht und wie lange Sie bleiben, bestellen Sie bei der Buchung auch gleich die passende \u00f6sterreichische Vignette f\u00fcr Ihr Fahrzeug und Ihrem Urlaub steht nichts mehr im Wege. Beachten Sie bitte, dass das Risiko des Versands Ihres ist, auf ausdr\u00fccklichen Wunsch k\u00f6nnen wir die Sendung gerne auch &#8222;einschreiben&#8220;. Bei Fragen wenden Sie sich jederzeit <span class=\"ce_tel\">telefonisch: +43 2243 316 89<\/span> oder <a title=\"Kontaktformular H\u00fcttenpartner\" href=\"https:\/\/www.huettenpartner.com\/service\/kontakt-fragen-informationen.html\">schriftlich<\/a>\u00a0an uns.<\/p><p>\u00dcbrigens, mit dem <a title=\"Stornopaket H\u00fcttenpartner\" href=\"https:\/\/www.huettenpartner.com\/service\/storno-paket.html\">H\u00fcttenpartner-Stornopaket<\/a> sind Sie auf der sicheren Seite.<\/p>\t\t\t\t\t\t\t\t<\/div>\n\t\t\t\t<\/div>\n\t\t\t\t\t<\/div>\n\t\t\t\t<\/div>\n\t\t\t\t<\/div>","protected":false},"excerpt":{"rendered":"<p>Vignettenpflicht auf \u00d6sterreichs Autobahnen und Schnellstra\u00dfen Bestellen Sie die passende Vignette f\u00fcr die Autobahnen \u00d6sterreichs bei Ihrer Buchung Die meisten H\u00fctten von H\u00fcttenpartner erreichen Sie am besten mit dem privaten PKW, bedenken Sie dabei, dass Sie in \u00d6sterreich eine Vignette ben\u00f6tigen. Diese bekommen Sie an zahlreichen Verkaufsstellen in \u00d6sterreich, an Autobahntankstellen vor der \u00f6sterreichischen Grenze [&hellip;]<\/p>","protected":false},"author":2,"featured_media":0,"parent":890,"menu_order":0,"comment_status":"closed","ping_status":"closed","template":"","meta":{"inline_featured_image":false,"footnotes":""},"class_list":["post-895","page","type-page","status-publish","hentry"],"acf":[],"_links":{"self":[{"href":"https:\/\/www.bold-black.109-235-60-67.plesk.page\/cs\/wp-json\/wp\/v2\/pages\/895","targetHints":{"allow":["GET"]}}],"collection":[{"href":"https:\/\/www.bold-black.109-235-60-67.plesk.page\/cs\/wp-json\/wp\/v2\/pages"}],"about":[{"href":"https:\/\/www.bold-black.109-235-60-67.plesk.page\/cs\/wp-json\/wp\/v2\/types\/page"}],"author":[{"embeddable":true,"href":"https:\/\/www.bold-black.109-235-60-67.plesk.page\/cs\/wp-json\/wp\/v2\/users\/2"}],"replies":[{"embeddable":true,"href":"https:\/\/www.bold-black.109-235-60-67.plesk.page\/cs\/wp-json\/wp\/v2\/comments?post=895"}],"version-history":[{"count":4,"href":"https:\/\/www.bold-black.109-235-60-67.plesk.page\/cs\/wp-json\/wp\/v2\/pages\/895\/revisions"}],"predecessor-version":[{"id":6620,"href":"https:\/\/www.bold-black.109-235-60-67.plesk.page\/cs\/wp-json\/wp\/v2\/pages\/895\/revisions\/6620"}],"up":[{"embeddable":true,"href":"https:\/\/www.bold-black.109-235-60-67.plesk.page\/cs\/wp-json\/wp\/v2\/pages\/890"}],"wp:attachment":[{"href":"https:\/\/www.bold-black.109-235-60-67.plesk.page\/cs\/wp-json\/wp\/v2\/media?parent=895"}],"curies":[{"name":"wp","href":"https:\/\/api.w.org\/{rel}","templated":true}]}}